{"id":103988,"date":"2026-05-04T11:29:19","date_gmt":"2026-05-04T14:29:19","guid":{"rendered":"https:\/\/www.hediyepazar.com\/?product=hoco-dv1-1080p-arac-dvr-surus-kaydedici-kamera-5775"},"modified":"2026-05-04T11:29:19","modified_gmt":"2026-05-04T14:29:19","slug":"hoco-dv1-1080p-arac-dvr-surus-kaydedici-kamera-5775","status":"publish","type":"product","link":"https:\/\/www.hediyepazar.com\/?product=hoco-dv1-1080p-arac-dvr-surus-kaydedici-kamera-5775","title":{"rendered":"HOCO DV1 1080P Ara\u00e7 DVR S\u00fcr\u00fc\u015f Kaydedici Kamera-(5775)"},"content":{"rendered":"<p><strong>HOCO DV1 1080P Ara&ccedil; DVR S&uuml;r&uuml;&#351; Kaydedici Kamera<br \/><\/strong><img decoding=\"async\" data-cke-saved-src=\"https:\/\/cdn.myikas.com\/images\/4b0890c4-46f7-49c5-9b0d-d8f3dae632d6\/d20c4c99-f0c8-4061-a8ca-59d90bd3f28b\/image_1950.webp\" src=\"https:\/\/hepsicdn.com.tr\/static\/product_detail\/hbnet194d4429_4982311.webp\"><img decoding=\"async\" data-cke-saved-src=\"https:\/\/cdn.myikas.com\/images\/4b0890c4-46f7-49c5-9b0d-d8f3dae632d6\/69b852a5-47c3-448c-a82d-c2e22918dc09\/image_1950.webp\" src=\"https:\/\/hepsicdn.com.tr\/static\/product_detail\/hbnet194d4429_4982312.webp\"><img decoding=\"async\"  src=\"https:\/\/hepsicdn.com.tr\/static\/product_detail\/hbnet194d4429_4982313.webp\"><img decoding=\"async\"  src=\"https:\/\/hepsicdn.com.tr\/static\/product_detail\/hbnet194d4429_4982314.webp\"><img decoding=\"async\"  src=\"https:\/\/hepsicdn.com.tr\/static\/product_detail\/hbnet194d4429_4982315.webp\"><img decoding=\"async\"  src=\"https:\/\/hepsicdn.com.tr\/static\/product_detail\/hbnet194d4429_4982316.webp\">&#8203;<strong>HOCO DV1 1080P Ara&ccedil; DVR S&uuml;r&uuml;&#351; Kaydedici Kamera<\/strong><\/p>\n<div>Saniyede 30 karelik 1080P video &ccedil;&ouml;z&uuml;n&uuml;rl&uuml;&#287;&uuml;, ayd&#305;nlatma ko&#351;ullar&#305;ndan ba&#287;&#305;ms&#305;z olarak m&uuml;kemmel g&ouml;r&uuml;nt&uuml; kalitesini garanti eder.<\/div>\n<div>ekran 80&#215;160 piksel &ccedil;&ouml;z&uuml;n&uuml;rl&uuml;&#287;e sahip 0,96 in&ccedil;&nbsp;TFT&nbsp;ekran<\/div>\n<div>ani bir elektrik kesintisi durumunda veri kayb&#305; riskini ortadan kald&#305;ran 3,5F\/5,5V kapasiteli yerle&#351;ik bir Farad kapasit&ouml;r&uuml;yle donat&#305;lm&#305;&#351;t&#305;r.<\/div>\n<div>128 GB&#8217;a kadar kapasiteye sahip Class10 haf&#305;za kartlar&#305;n&#305; destekler<\/div>\n<div>&nbsp;G&uuml;&ccedil;, bir USB&nbsp;-C 5V\/1,5A konekt&ouml;r&uuml; arac&#305;l&#305;&#287;&#305;yla sa&#287;lan&#305;r<\/div>\n<div>\n<p>ekran:&nbsp;0,96 in&ccedil;&nbsp;TFT&nbsp;, &ccedil;&ouml;z&uuml;n&uuml;rl&uuml;k 80&times;160<\/p>\n<p>Video &ccedil;&ouml;z&uuml;n&uuml;rl&uuml;&#287;&uuml;:&nbsp;30 fps&#8217;de 1080P<\/p>\n<p>G&uuml;&ccedil; kayna&#287;&#305;:&nbsp;USB&nbsp;-C 5V\/1,5A ( 3,5 m&nbsp;USB&nbsp;-A &ndash;&nbsp;USB&nbsp;-C kablosu dahil )<\/p>\n<p>Geni&#351; g&ouml;r&uuml;nt&uuml;leme a&ccedil;&#305;s&#305;:&nbsp;140 derece A+<\/p>\n<p>Wi-Fi:&nbsp;evet<\/p>\n<p>Desteklenen haf&#305;za kartlar&#305;:&nbsp;128 GB&#8217;a kadar Class10 TF kartlar&#305; (dahil de&#287;ildir)<\/p>\n<p>Boyut:&nbsp;100,6 &times; 30 &times; 31,6 mm<\/p>\n<p>A&#287;&#305;rl&#305;k:&nbsp;59,9 gr<\/p>\n<p>22 dil deste&#287;i:&nbsp;&Ccedil;ince, &#304;ngilizce, Rus&ccedil;a, Arap&ccedil;a, Vietnamca, Danca, Tayca, Leh&ccedil;e, Fars&ccedil;a, &#304;spanyolca, Malayca, Yunanca, Frans&#305;zca, &#304;talyanca, Almanca, Portekizce, T&uuml;rk&ccedil;e, Latince, Rumence, &#304;branice, Birmanya, Ukraynaca<\/p>\n<\/div>\n","protected":false},"excerpt":{"rendered":"<p>HOCO DV1 1080P Ara&ccedil; DVR S&uuml;r&uuml;&#351; Kaydedici Kamera&#8203;HOCO DV1 1080P Ara&ccedil; DVR S&uuml;r&uuml;&#351; Kaydedici Kamera Saniyede 30 karelik 1080P video &ccedil;&ouml;z&uuml;n&uuml;rl&uuml;&#287;&uuml;, ayd&#305;nlatma ko&#351;ullar&#305;ndan ba&#287;&#305;ms&#305;z olarak m&uuml;kemmel g&ouml;r&uuml;nt&uuml; kalitesini garanti eder. ekran 80&#215;160 piksel &ccedil;&ouml;z&uuml;n&uuml;rl&uuml;&#287;e sahip 0,96 in&ccedil;&nbsp;TFT&nbsp;ekran ani bir elektrik kesintisi durumunda veri kayb&#305; riskini ortadan kald&#305;ran 3,5F\/5,5V kapasiteli yerle&#351;ik bir Farad kapasit&ouml;r&uuml;yle donat&#305;lm&#305;&#351;t&#305;r. 128&#8230;<\/p>\n","protected":false},"featured_media":103987,"comment_status":"open","ping_status":"closed","template":"","meta":{"_kad_post_transparent":"","_kad_post_title":"","_kad_post_layout":"","_kad_post_sidebar_id":"","_kad_post_content_style":"","_kad_post_vertical_padding":"","_kad_post_feature":"","_kad_post_feature_position":"","_kad_post_header":false,"_kad_post_footer":false,"_kad_post_classname":""},"product_brand":[],"product_cat":[14532],"product_tag":[],"class_list":{"0":"post-103988","1":"product","2":"type-product","3":"status-publish","4":"has-post-thumbnail","6":"product_cat-oto-aksesuarlari-cep-telefonu-elektronik-oto-aksesuarlari","8":"first","9":"instock","10":"purchasable","11":"product-type-simple","12":"entry","13":"content-bg","14":"loop-entry"},"_links":{"self":[{"href":"https:\/\/www.hediyepazar.com\/index.php?rest_route=\/wp\/v2\/product\/103988","targetHints":{"allow":["GET"]}}],"collection":[{"href":"https:\/\/www.hediyepazar.com\/index.php?rest_route=\/wp\/v2\/product"}],"about":[{"href":"https:\/\/www.hediyepazar.com\/index.php?rest_route=\/wp\/v2\/types\/product"}],"replies":[{"embeddable":true,"href":"https:\/\/www.hediyepazar.com\/index.php?rest_route=%2Fwp%2Fv2%2Fcomments&post=103988"}],"wp:featuredmedia":[{"embeddable":true,"href":"https:\/\/www.hediyepazar.com\/index.php?rest_route=\/wp\/v2\/media\/103987"}],"wp:attachment":[{"href":"https:\/\/www.hediyepazar.com\/index.php?rest_route=%2Fwp%2Fv2%2Fmedia&parent=103988"}],"wp:term":[{"taxonomy":"product_brand","embeddable":true,"href":"https:\/\/www.hediyepazar.com\/index.php?rest_route=%2Fwp%2Fv2%2Fproduct_brand&post=103988"},{"taxonomy":"product_cat","embeddable":true,"href":"https:\/\/www.hediyepazar.com\/index.php?rest_route=%2Fwp%2Fv2%2Fproduct_cat&post=103988"},{"taxonomy":"product_tag","embeddable":true,"href":"https:\/\/www.hediyepazar.com\/index.php?rest_route=%2Fwp%2Fv2%2Fproduct_tag&post=103988"}],"curies":[{"name":"wp","href":"https:\/\/api.w.org\/{rel}","templated":true}]}}