{"id":104012,"date":"2026-05-04T11:34:08","date_gmt":"2026-05-04T14:34:08","guid":{"rendered":"https:\/\/www.hediyepazar.com\/?product=hoco-light-series-tpu-iphone-15-plus-seffaf-kilif-5775"},"modified":"2026-05-04T11:34:08","modified_gmt":"2026-05-04T14:34:08","slug":"hoco-light-series-tpu-iphone-15-plus-seffaf-kilif-5775","status":"publish","type":"product","link":"https:\/\/www.hediyepazar.com\/?product=hoco-light-series-tpu-iphone-15-plus-seffaf-kilif-5775","title":{"rendered":"HOCO Light Series TPU iPhone 15 Plus \u015eeffaf K\u0131l\u0131f-(5775)"},"content":{"rendered":"<p>HOCO Light Series TPU iPhone 15 Plus &#350;effaf K&#305;l&#305;f<img decoding=\"async\" data-cke-saved-src=\"https:\/\/cdn.myikas.com\/images\/4b0890c4-46f7-49c5-9b0d-d8f3dae632d6\/986d4899-cb51-4da3-9957-107072f75f3a\/image_1950.webp\" src=\"https:\/\/hepsicdn.com.tr\/static\/product_detail\/hbnet79c22ecc_4983911.webp\"><img decoding=\"async\" data-cke-saved-src=\"https:\/\/cdn.myikas.com\/images\/4b0890c4-46f7-49c5-9b0d-d8f3dae632d6\/0cc9740e-cee9-46fe-a064-6cc071137360\/image_1950.webp\" src=\"https:\/\/hepsicdn.com.tr\/static\/product_detail\/hbnet79c22ecc_4983912.webp\"><img decoding=\"async\" data-cke-saved-src=\"https:\/\/cdn.myikas.com\/images\/4b0890c4-46f7-49c5-9b0d-d8f3dae632d6\/c9ba5523-2ee5-4133-9097-79261d30f2f2\/image_1950.webp\" src=\"https:\/\/hepsicdn.com.tr\/static\/product_detail\/hbnet79c22ecc_4983913.webp\"><img decoding=\"async\" data-cke-saved-src=\"https:\/\/cdn.myikas.com\/images\/4b0890c4-46f7-49c5-9b0d-d8f3dae632d6\/aca8dd98-823d-42db-99e1-f96ba7b70f68\/image_1950.webp\" src=\"https:\/\/hepsicdn.com.tr\/static\/product_detail\/hbnet79c22ecc_4983914.webp\"><span style=\"text-align: -webkit-center;\">HOCO Light Series TPU iPhone 15 Plus &#350;effaf K&#305;l&#305;f<\/span><br \/>Y&uuml;ksesk safl&#305;kta TPU MalzemeSu izlerini &ouml;nlemek i&ccedil;in dahili optik doku&nbsp;Kal&#305;nl&#305;k: 1.1mmA&#351;&#305;nmay&#305; ve y&#305;pranmaya dayan&#305;kl&#305; malzemeK&#305;l&#305;f&#305; &ccedil;&#305;karmadan t&uuml;m ba&#287;lant&#305; ve eri&#351;im noktalar&#305;na kolay eri&#351;im<\/p>\n","protected":false},"excerpt":{"rendered":"<p>HOCO Light Series TPU iPhone 15 Plus &#350;effaf K&#305;l&#305;fHOCO Light Series TPU iPhone 15 Plus &#350;effaf K&#305;l&#305;fY&uuml;ksesk safl&#305;kta TPU MalzemeSu izlerini &ouml;nlemek i&ccedil;in dahili optik doku&nbsp;Kal&#305;nl&#305;k: 1.1mmA&#351;&#305;nmay&#305; ve y&#305;pranmaya dayan&#305;kl&#305; malzemeK&#305;l&#305;f&#305; &ccedil;&#305;karmadan t&uuml;m ba&#287;lant&#305; ve eri&#351;im noktalar&#305;na kolay eri&#351;im<\/p>\n","protected":false},"featured_media":104011,"comment_status":"open","ping_status":"closed","template":"","meta":{"_kad_post_transparent":"","_kad_post_title":"","_kad_post_layout":"","_kad_post_sidebar_id":"","_kad_post_content_style":"","_kad_post_vertical_padding":"","_kad_post_feature":"","_kad_post_feature_position":"","_kad_post_header":false,"_kad_post_footer":false,"_kad_post_classname":""},"product_brand":[],"product_cat":[14520],"product_tag":[],"class_list":{"0":"post-104012","1":"product","2":"type-product","3":"status-publish","4":"has-post-thumbnail","6":"product_cat-telefon-kilifi-cep-telefonu-aksesuarlari-cep-telefonu-elektronik-telefon-kilifi","8":"first","9":"instock","10":"purchasable","11":"product-type-simple","12":"entry","13":"content-bg","14":"loop-entry"},"_links":{"self":[{"href":"https:\/\/www.hediyepazar.com\/index.php?rest_route=\/wp\/v2\/product\/104012","targetHints":{"allow":["GET"]}}],"collection":[{"href":"https:\/\/www.hediyepazar.com\/index.php?rest_route=\/wp\/v2\/product"}],"about":[{"href":"https:\/\/www.hediyepazar.com\/index.php?rest_route=\/wp\/v2\/types\/product"}],"replies":[{"embeddable":true,"href":"https:\/\/www.hediyepazar.com\/index.php?rest_route=%2Fwp%2Fv2%2Fcomments&post=104012"}],"wp:featuredmedia":[{"embeddable":true,"href":"https:\/\/www.hediyepazar.com\/index.php?rest_route=\/wp\/v2\/media\/104011"}],"wp:attachment":[{"href":"https:\/\/www.hediyepazar.com\/index.php?rest_route=%2Fwp%2Fv2%2Fmedia&parent=104012"}],"wp:term":[{"taxonomy":"product_brand","embeddable":true,"href":"https:\/\/www.hediyepazar.com\/index.php?rest_route=%2Fwp%2Fv2%2Fproduct_brand&post=104012"},{"taxonomy":"product_cat","embeddable":true,"href":"https:\/\/www.hediyepazar.com\/index.php?rest_route=%2Fwp%2Fv2%2Fproduct_cat&post=104012"},{"taxonomy":"product_tag","embeddable":true,"href":"https:\/\/www.hediyepazar.com\/index.php?rest_route=%2Fwp%2Fv2%2Fproduct_tag&post=104012"}],"curies":[{"name":"wp","href":"https:\/\/api.w.org\/{rel}","templated":true}]}}