{"id":104156,"date":"2026-05-04T11:51:18","date_gmt":"2026-05-04T14:51:18","guid":{"rendered":"https:\/\/www.hediyepazar.com\/?product=baseus-iphone-15-lucent-serisi-ultra-ince-transparan-kilif-5775"},"modified":"2026-05-04T11:51:18","modified_gmt":"2026-05-04T14:51:18","slug":"baseus-iphone-15-lucent-serisi-ultra-ince-transparan-kilif-5775","status":"publish","type":"product","link":"https:\/\/www.hediyepazar.com\/?product=baseus-iphone-15-lucent-serisi-ultra-ince-transparan-kilif-5775","title":{"rendered":"Baseus iPhone 15 Lucent Serisi Ultra \u0130nce Transparan K\u0131l\u0131f-(5775)"},"content":{"rendered":"<p><strong>Baseus iPhone 15 Lucent Serisi Ultra &#304;nce Transparan K&#305;l&#305;f<\/strong><br \/><strong><\/strong><img decoding=\"async\" data-cke-saved-src=\"https:\/\/cdn.myikas.com\/images\/4b0890c4-46f7-49c5-9b0d-d8f3dae632d6\/49c9845b-0f86-41f8-81e2-aa88eea701fa\/image_1950.webp\" src=\"https:\/\/hepsicdn.com.tr\/static\/product_detail\/hbnetd5cdb273_4992411.webp\"><strong><\/strong><br \/><img decoding=\"async\" data-cke-saved-src=\"https:\/\/cdn.myikas.com\/images\/4b0890c4-46f7-49c5-9b0d-d8f3dae632d6\/f4508d93-ee80-4ae2-8dcb-1a7595843b60\/image_1950.webp\" src=\"https:\/\/hepsicdn.com.tr\/static\/product_detail\/hbnetd5cdb273_4992412.webp\"><br \/><img decoding=\"async\" data-cke-saved-src=\"https:\/\/cdn.myikas.com\/images\/4b0890c4-46f7-49c5-9b0d-d8f3dae632d6\/12d8e5b1-e7ce-49f8-ab92-3fda3099f5f7\/image_1950.webp\" src=\"https:\/\/hepsicdn.com.tr\/static\/product_detail\/hbnetd5cdb273_4992413.webp\"><br \/><img decoding=\"async\" data-cke-saved-src=\"https:\/\/cdn.myikas.com\/images\/4b0890c4-46f7-49c5-9b0d-d8f3dae632d6\/c6a34e07-53e7-4fcf-bb42-a35f16e718cf\/image_1950.webp\" src=\"https:\/\/hepsicdn.com.tr\/static\/product_detail\/hbnetd5cdb273_4992414.webp\"><br \/><img decoding=\"async\" data-cke-saved-src=\"https:\/\/cdn.myikas.com\/images\/4b0890c4-46f7-49c5-9b0d-d8f3dae632d6\/937c33db-cfbd-457d-a726-2d91482ed33e\/image_1950.webp\" src=\"https:\/\/hepsicdn.com.tr\/static\/product_detail\/hbnetd5cdb273_4992415.webp\"><br \/><img decoding=\"async\" data-cke-saved-src=\"https:\/\/cdn.myikas.com\/images\/4b0890c4-46f7-49c5-9b0d-d8f3dae632d6\/e1d54f5e-42a7-4398-b7a3-6e7a425004ed\/image_1950.webp\" src=\"https:\/\/hepsicdn.com.tr\/static\/product_detail\/hbnetd5cdb273_4992416.webp\"><br \/><img decoding=\"async\" data-cke-saved-src=\"https:\/\/cdn.myikas.com\/images\/4b0890c4-46f7-49c5-9b0d-d8f3dae632d6\/1683b6a6-1036-4a35-a4ca-e6ac6ed1e0f8\/image_1950.webp\" src=\"https:\/\/hepsicdn.com.tr\/static\/product_detail\/hbnetd5cdb273_4992417.webp\"><br \/><strong>Baseus iPhone 15 Lucent Serisi Ultra &#304;nce Transparan K&#305;l&#305;f<\/strong><\/p>\n<div>1. Ultra ince &#351;effaf malzeme, sararmaya kar&#351;&#305; dayan&#305;kl&#305;d&#305;r.<br \/>2. Ekran&#305;n ve kamera merce&#287;inin etraf&#305;ndaki y&uuml;kseltilmi&#351; kenar, &ccedil;izilmelere kar&#351;&#305; korumaya yard&#305;mc&#305; olur.<br \/>3. Cihaz&#305;n&#305;z&#305; normal &ccedil;izilmelere, kire, y&#305;rt&#305;lmalara ve a&#351;&#305;nmaya kar&#351;&#305; tamamen koruyun.<br \/>4. T&uuml;m d&uuml;&#287;melerin ve ba&#287;lant&#305; noktalar&#305;n&#305;n kullan&#305;m&#305; kolayd&#305;r.<br \/>5. Cep telefonunuza tam olarak uyacak &#351;ekilde tasarlanm&#305;&#351;t&#305;r.<\/div>\n<div><\/div>\n<div>\n<table border=\"0\" cellpadding=\"0\" cellspacing=\"0\" style=\"width:168px;\" width=\"168\">\n<tbody>\n<tr height=\"33\">\n<td height=\"33\" style=\"height:33px;width:168px;\">P60157204203-00<\/td>\n<\/tr>\n<\/tbody>\n<\/table>\n<\/div>\n","protected":false},"excerpt":{"rendered":"<p>Baseus iPhone 15 Lucent Serisi Ultra &#304;nce Transparan K&#305;l&#305;fBaseus iPhone 15 Lucent Serisi Ultra &#304;nce Transparan K&#305;l&#305;f 1. Ultra ince &#351;effaf malzeme, sararmaya kar&#351;&#305; dayan&#305;kl&#305;d&#305;r.2. Ekran&#305;n ve kamera merce&#287;inin etraf&#305;ndaki y&uuml;kseltilmi&#351; kenar, &ccedil;izilmelere kar&#351;&#305; korumaya yard&#305;mc&#305; olur.3. Cihaz&#305;n&#305;z&#305; normal &ccedil;izilmelere, kire, y&#305;rt&#305;lmalara ve a&#351;&#305;nmaya kar&#351;&#305; tamamen koruyun.4. T&uuml;m d&uuml;&#287;melerin ve ba&#287;lant&#305; noktalar&#305;n&#305;n kullan&#305;m&#305; kolayd&#305;r.5. Cep&#8230;<\/p>\n","protected":false},"featured_media":104155,"comment_status":"open","ping_status":"closed","template":"","meta":{"_kad_post_transparent":"","_kad_post_title":"","_kad_post_layout":"","_kad_post_sidebar_id":"","_kad_post_content_style":"","_kad_post_vertical_padding":"","_kad_post_feature":"","_kad_post_feature_position":"","_kad_post_header":false,"_kad_post_footer":false,"_kad_post_classname":""},"product_brand":[],"product_cat":[14520],"product_tag":[],"class_list":{"0":"post-104156","1":"product","2":"type-product","3":"status-publish","4":"has-post-thumbnail","6":"product_cat-telefon-kilifi-cep-telefonu-aksesuarlari-cep-telefonu-elektronik-telefon-kilifi","8":"first","9":"instock","10":"purchasable","11":"product-type-simple","12":"entry","13":"content-bg","14":"loop-entry"},"_links":{"self":[{"href":"https:\/\/www.hediyepazar.com\/index.php?rest_route=\/wp\/v2\/product\/104156","targetHints":{"allow":["GET"]}}],"collection":[{"href":"https:\/\/www.hediyepazar.com\/index.php?rest_route=\/wp\/v2\/product"}],"about":[{"href":"https:\/\/www.hediyepazar.com\/index.php?rest_route=\/wp\/v2\/types\/product"}],"replies":[{"embeddable":true,"href":"https:\/\/www.hediyepazar.com\/index.php?rest_route=%2Fwp%2Fv2%2Fcomments&post=104156"}],"wp:featuredmedia":[{"embeddable":true,"href":"https:\/\/www.hediyepazar.com\/index.php?rest_route=\/wp\/v2\/media\/104155"}],"wp:attachment":[{"href":"https:\/\/www.hediyepazar.com\/index.php?rest_route=%2Fwp%2Fv2%2Fmedia&parent=104156"}],"wp:term":[{"taxonomy":"product_brand","embeddable":true,"href":"https:\/\/www.hediyepazar.com\/index.php?rest_route=%2Fwp%2Fv2%2Fproduct_brand&post=104156"},{"taxonomy":"product_cat","embeddable":true,"href":"https:\/\/www.hediyepazar.com\/index.php?rest_route=%2Fwp%2Fv2%2Fproduct_cat&post=104156"},{"taxonomy":"product_tag","embeddable":true,"href":"https:\/\/www.hediyepazar.com\/index.php?rest_route=%2Fwp%2Fv2%2Fproduct_tag&post=104156"}],"curies":[{"name":"wp","href":"https:\/\/api.w.org\/{rel}","templated":true}]}}