{"id":104342,"date":"2026-05-04T12:13:02","date_gmt":"2026-05-04T15:13:02","guid":{"rendered":"https:\/\/www.hediyepazar.com\/?product=memo-dl08-yari-iletken-telefon-sogutma-fani-radyator-sogutucu-5775"},"modified":"2026-05-04T12:13:02","modified_gmt":"2026-05-04T15:13:02","slug":"memo-dl08-yari-iletken-telefon-sogutma-fani-radyator-sogutucu-5775","status":"publish","type":"product","link":"https:\/\/www.hediyepazar.com\/?product=memo-dl08-yari-iletken-telefon-sogutma-fani-radyator-sogutucu-5775","title":{"rendered":"MEMO DL08 Yar\u0131 \u0130letken Telefon So\u011futma Fan\u0131 Radyat\u00f6r So\u011futucu-(5775)"},"content":{"rendered":"<p><strong>MEMO DL08 Yar&#305; &#304;letken Telefon So&#287;utma Fan&#305; Radyat&ouml;r So&#287;utucu<\/strong><br \/><img decoding=\"async\" data-cke-saved-src=\"https:\/\/cdn.myikas.com\/images\/4b0890c4-46f7-49c5-9b0d-d8f3dae632d6\/468fe458-7e04-42f4-a242-e0766bdc9bc6\/image_1950.webp\" src=\"https:\/\/hepsicdn.com.tr\/static\/product_detail\/hbnet49c4e46d_5007211.webp\"><br \/><img decoding=\"async\" data-cke-saved-src=\"https:\/\/cdn.myikas.com\/images\/4b0890c4-46f7-49c5-9b0d-d8f3dae632d6\/6794945c-3ed5-4178-bc49-cfa6be5f627e\/image_1950.webp\" src=\"https:\/\/hepsicdn.com.tr\/static\/product_detail\/hbnet49c4e46d_5007212.webp\"><br \/><img decoding=\"async\" data-cke-saved-src=\"https:\/\/cdn.myikas.com\/images\/4b0890c4-46f7-49c5-9b0d-d8f3dae632d6\/af5f742b-bbcb-4c46-88c0-862994a8a058\/image_1950.webp\" src=\"https:\/\/hepsicdn.com.tr\/static\/product_detail\/hbnet49c4e46d_5007213.webp\"><br \/><img decoding=\"async\" data-cke-saved-src=\"https:\/\/cdn.myikas.com\/images\/4b0890c4-46f7-49c5-9b0d-d8f3dae632d6\/3e0cca4e-ef08-4633-8186-b843533fad9e\/image_1950.webp\" src=\"https:\/\/hepsicdn.com.tr\/static\/product_detail\/hbnet49c4e46d_5007214.webp\"><br \/><img decoding=\"async\" data-cke-saved-src=\"https:\/\/cdn.myikas.com\/images\/4b0890c4-46f7-49c5-9b0d-d8f3dae632d6\/58dee84d-1810-4de2-9387-05f175c4afb4\/image_1950.webp\" src=\"https:\/\/hepsicdn.com.tr\/static\/product_detail\/hbnet49c4e46d_5007215.webp\"><br \/><img decoding=\"async\" data-cke-saved-src=\"https:\/\/cdn.myikas.com\/images\/4b0890c4-46f7-49c5-9b0d-d8f3dae632d6\/3ef1ccbe-c150-4084-8be3-917fcc1eb76e\/image_1950.webp\" src=\"https:\/\/hepsicdn.com.tr\/static\/product_detail\/hbnet49c4e46d_5007216.webp\"><br \/><img decoding=\"async\" data-cke-saved-src=\"https:\/\/cdn.myikas.com\/images\/4b0890c4-46f7-49c5-9b0d-d8f3dae632d6\/b016c8bb-c2d1-43a1-b2c3-2425fe085926\/image_1950.webp\" src=\"https:\/\/hepsicdn.com.tr\/static\/product_detail\/hbnet49c4e46d_5007217.webp\"><br \/><img decoding=\"async\" data-cke-saved-src=\"https:\/\/cdn.myikas.com\/images\/4b0890c4-46f7-49c5-9b0d-d8f3dae632d6\/018637ae-94aa-4ed9-87d1-0168581fdd30\/image_1950.webp\" src=\"https:\/\/hepsicdn.com.tr\/static\/product_detail\/hbnet49c4e46d_5007218.webp\">&#8203;<br \/><strong style=\"text-align: -webkit-center;\">MEMO DL08 Yar&#305; &#304;letken Telefon So&#287;utma Fan&#305; Radyat&ouml;r So&#287;utucu<\/strong><br \/>Yar&#305; iletken Geni&#351; So&#287;utma Y&uuml;zeyine sahiptir.<br \/>Oyun oynarken telefon kullan&#305;m&#305;n&#305;z&#305; etkilemez.Dengeli &#305;s&#305; da&#287;&#305;l&#305;m&#305; sa&#287;larken ayn&#305; zamanda oyundaki performans&#305;n&#305;z&#305; ciddi oranda art&#305;r&#305;r.Geni&#351; so&#287;utma y&uuml;zeyine sahiptir.<\/p>\n<p>Yo&#287;u&#351;may&#305; etkili bir &#351;ekilde &ouml;nleyerek cep telefonu s&#305;cakl&#305;&#287;&#305;n&#305; 15-30 derece aral&#305;&#287;&#305;nda tutar.<br \/>Cep telefonunuzun standart &#305;s&#305; d&uuml;zeyini otomatik olarak alg&#305;lay&#305;p bu d&uuml;zey aral&#305;&#287;&#305;nda &ccedil;al&#305;&#351;mas&#305;n&#305; sa&#287;lar.<br \/>RGB &#305;&#351;&#305;k deste&#287;i oyun atmosferine daha kolay adapte olman&#305;z&#305; sa&#287;lar.<br \/>Mini ve hafif tasar&#305;ma sahiptir.<\/p>\n<p>Paket i&ccedil;eri&#287;i:&nbsp;<br \/>1&nbsp; Adet Cep Telefonu So&#287;utucu Radyat&ouml;r<br \/>1 Adet g&uuml;&ccedil; kablosu<\/p>\n","protected":false},"excerpt":{"rendered":"<p>MEMO DL08 Yar&#305; &#304;letken Telefon So&#287;utma Fan&#305; Radyat&ouml;r So&#287;utucu&#8203;MEMO DL08 Yar&#305; &#304;letken Telefon So&#287;utma Fan&#305; Radyat&ouml;r So&#287;utucuYar&#305; iletken Geni&#351; So&#287;utma Y&uuml;zeyine sahiptir.Oyun oynarken telefon kullan&#305;m&#305;n&#305;z&#305; etkilemez.Dengeli &#305;s&#305; da&#287;&#305;l&#305;m&#305; sa&#287;larken ayn&#305; zamanda oyundaki performans&#305;n&#305;z&#305; ciddi oranda art&#305;r&#305;r.Geni&#351; so&#287;utma y&uuml;zeyine sahiptir. Yo&#287;u&#351;may&#305; etkili bir &#351;ekilde &ouml;nleyerek cep telefonu s&#305;cakl&#305;&#287;&#305;n&#305; 15-30 derece aral&#305;&#287;&#305;nda tutar.Cep telefonunuzun standart &#305;s&#305; d&uuml;zeyini&#8230;<\/p>\n","protected":false},"featured_media":104341,"comment_status":"open","ping_status":"closed","template":"","meta":{"_kad_post_transparent":"","_kad_post_title":"","_kad_post_layout":"","_kad_post_sidebar_id":"","_kad_post_content_style":"","_kad_post_vertical_padding":"","_kad_post_feature":"","_kad_post_feature_position":"","_kad_post_header":false,"_kad_post_footer":false,"_kad_post_classname":""},"product_brand":[],"product_cat":[14491],"product_tag":[],"class_list":{"0":"post-104342","1":"product","2":"type-product","3":"status-publish","4":"has-post-thumbnail","6":"product_cat-oyun-aksesuar-giyilebilir-teknoloji-elektronik-oyun-aksesuar","8":"first","9":"instock","10":"purchasable","11":"product-type-simple","12":"entry","13":"content-bg","14":"loop-entry"},"_links":{"self":[{"href":"https:\/\/www.hediyepazar.com\/index.php?rest_route=\/wp\/v2\/product\/104342","targetHints":{"allow":["GET"]}}],"collection":[{"href":"https:\/\/www.hediyepazar.com\/index.php?rest_route=\/wp\/v2\/product"}],"about":[{"href":"https:\/\/www.hediyepazar.com\/index.php?rest_route=\/wp\/v2\/types\/product"}],"replies":[{"embeddable":true,"href":"https:\/\/www.hediyepazar.com\/index.php?rest_route=%2Fwp%2Fv2%2Fcomments&post=104342"}],"wp:featuredmedia":[{"embeddable":true,"href":"https:\/\/www.hediyepazar.com\/index.php?rest_route=\/wp\/v2\/media\/104341"}],"wp:attachment":[{"href":"https:\/\/www.hediyepazar.com\/index.php?rest_route=%2Fwp%2Fv2%2Fmedia&parent=104342"}],"wp:term":[{"taxonomy":"product_brand","embeddable":true,"href":"https:\/\/www.hediyepazar.com\/index.php?rest_route=%2Fwp%2Fv2%2Fproduct_brand&post=104342"},{"taxonomy":"product_cat","embeddable":true,"href":"https:\/\/www.hediyepazar.com\/index.php?rest_route=%2Fwp%2Fv2%2Fproduct_cat&post=104342"},{"taxonomy":"product_tag","embeddable":true,"href":"https:\/\/www.hediyepazar.com\/index.php?rest_route=%2Fwp%2Fv2%2Fproduct_tag&post=104342"}],"curies":[{"name":"wp","href":"https:\/\/api.w.org\/{rel}","templated":true}]}}