{"id":104408,"date":"2026-05-04T12:21:08","date_gmt":"2026-05-04T15:21:08","guid":{"rendered":"https:\/\/www.hediyepazar.com\/?product=ezere-hava-nemlendiricili-masaustu-fan-tasinabilir-mini-klima-sogutucu-5775"},"modified":"2026-05-04T12:21:08","modified_gmt":"2026-05-04T15:21:08","slug":"ezere-hava-nemlendiricili-masaustu-fan-tasinabilir-mini-klima-sogutucu-5775","status":"publish","type":"product","link":"https:\/\/www.hediyepazar.com\/?product=ezere-hava-nemlendiricili-masaustu-fan-tasinabilir-mini-klima-sogutucu-5775","title":{"rendered":"EZERE Hava Nemlendiricili Masa\u00fcst\u00fc Fan Ta\u015f\u0131nabilir Mini Klima So\u011futucu-(5775)"},"content":{"rendered":"<p>&#8203;<\/p>\n<p><strong>EZERE Hava Nemlendiricili Masa&uuml;st&uuml; Fan Ta&#351;&#305;nabilir Mini Klima So&#287;utucu<\/strong><\/p>\n<p><strong>EZERE Hava Nemlendiricili Masa&uuml;st&uuml; Fan Ta&#351;&#305;nabilir Mini Klima So&#287;utucu<\/strong><br \/>S&uuml;rekli so&#287;uk hava &uuml;fleyerek so&#287;utma etkisi yapar<br \/>&Uuml;&ccedil; kademeli ayarlanabilir r&uuml;zgar h&#305;z&#305;<br \/>Dekoratif ve &#351;&#305;k tasar&#305;m<br \/>Hafif ve ta&#351;&#305;nabilir<br \/>Su &#351;i&#351;eleri ile kullan&#305;ma uygundur<br \/>Kullan&#305;m s&uuml;resi: 2-6 saat aras&#305;(Kademeye g&ouml;re de&#287;i&#351;mektedir)<br \/>Malzeme: ABS<br \/>&#350;arj: USB Type-C<br \/>Boyutu: 12&#215;12.5&#215;15.5cm<br \/>A&#287;&#305;rl&#305;k: 0.5kg&#8203;<\/p>\n","protected":false},"excerpt":{"rendered":"<p>&#8203; EZERE Hava Nemlendiricili Masa&uuml;st&uuml; Fan Ta&#351;&#305;nabilir Mini Klima So&#287;utucu EZERE Hava Nemlendiricili Masa&uuml;st&uuml; Fan Ta&#351;&#305;nabilir Mini Klima So&#287;utucuS&uuml;rekli so&#287;uk hava &uuml;fleyerek so&#287;utma etkisi yapar&Uuml;&ccedil; kademeli ayarlanabilir r&uuml;zgar h&#305;z&#305;Dekoratif ve &#351;&#305;k tasar&#305;mHafif ve ta&#351;&#305;nabilirSu &#351;i&#351;eleri ile kullan&#305;ma uygundurKullan&#305;m s&uuml;resi: 2-6 saat aras&#305;(Kademeye g&ouml;re de&#287;i&#351;mektedir)Malzeme: ABS&#350;arj: USB Type-CBoyutu: 12&#215;12.5&#215;15.5cmA&#287;&#305;rl&#305;k: 0.5kg&#8203;<\/p>\n","protected":false},"featured_media":104407,"comment_status":"open","ping_status":"closed","template":"","meta":{"_kad_post_transparent":"","_kad_post_title":"","_kad_post_layout":"","_kad_post_sidebar_id":"","_kad_post_content_style":"","_kad_post_vertical_padding":"","_kad_post_feature":"","_kad_post_feature_position":"","_kad_post_header":false,"_kad_post_footer":false,"_kad_post_classname":""},"product_brand":[],"product_cat":[14641],"product_tag":[],"class_list":{"0":"post-104408","1":"product","2":"type-product","3":"status-publish","4":"has-post-thumbnail","6":"product_cat-vantilator-klima-isitici-elektrikli-ev-aletleri-elektronik-vantilator-klima-isitici-elektrikli-ev-aletleri","8":"first","9":"instock","10":"purchasable","11":"product-type-simple","12":"entry","13":"content-bg","14":"loop-entry"},"_links":{"self":[{"href":"https:\/\/www.hediyepazar.com\/index.php?rest_route=\/wp\/v2\/product\/104408","targetHints":{"allow":["GET"]}}],"collection":[{"href":"https:\/\/www.hediyepazar.com\/index.php?rest_route=\/wp\/v2\/product"}],"about":[{"href":"https:\/\/www.hediyepazar.com\/index.php?rest_route=\/wp\/v2\/types\/product"}],"replies":[{"embeddable":true,"href":"https:\/\/www.hediyepazar.com\/index.php?rest_route=%2Fwp%2Fv2%2Fcomments&post=104408"}],"wp:featuredmedia":[{"embeddable":true,"href":"https:\/\/www.hediyepazar.com\/index.php?rest_route=\/wp\/v2\/media\/104407"}],"wp:attachment":[{"href":"https:\/\/www.hediyepazar.com\/index.php?rest_route=%2Fwp%2Fv2%2Fmedia&parent=104408"}],"wp:term":[{"taxonomy":"product_brand","embeddable":true,"href":"https:\/\/www.hediyepazar.com\/index.php?rest_route=%2Fwp%2Fv2%2Fproduct_brand&post=104408"},{"taxonomy":"product_cat","embeddable":true,"href":"https:\/\/www.hediyepazar.com\/index.php?rest_route=%2Fwp%2Fv2%2Fproduct_cat&post=104408"},{"taxonomy":"product_tag","embeddable":true,"href":"https:\/\/www.hediyepazar.com\/index.php?rest_route=%2Fwp%2Fv2%2Fproduct_tag&post=104408"}],"curies":[{"name":"wp","href":"https:\/\/api.w.org\/{rel}","templated":true}]}}