{"id":104438,"date":"2026-05-04T12:23:20","date_gmt":"2026-05-04T15:23:20","guid":{"rendered":"https:\/\/www.hediyepazar.com\/?product=ally-mc-ls516-masaustu-laptop-standi-5775"},"modified":"2026-05-04T12:23:20","modified_gmt":"2026-05-04T15:23:20","slug":"ally-mc-ls516-masaustu-laptop-standi-5775","status":"publish","type":"product","link":"https:\/\/www.hediyepazar.com\/?product=ally-mc-ls516-masaustu-laptop-standi-5775","title":{"rendered":"ALLY MC LS516 Masa\u00fcst\u00fc Laptop Stand\u0131-(5775)"},"content":{"rendered":"<p><strong>ALLY MC LS516 Masa&uuml;st&uuml; Laptop Stand&#305;<\/strong><br \/><img decoding=\"async\" data-cke-saved-src=\"https:\/\/cdn.myikas.com\/images\/4b0890c4-46f7-49c5-9b0d-d8f3dae632d6\/64d95d28-9af1-4de0-8915-9862682ae7a5\/image_1950.webp\" src=\"https:\/\/hepsicdn.com.tr\/static\/product_detail\/hbnet5c68b815_5015011.webp\"><br \/><img decoding=\"async\" data-cke-saved-src=\"https:\/\/cdn.myikas.com\/images\/4b0890c4-46f7-49c5-9b0d-d8f3dae632d6\/6b42d8d4-446c-4a8e-a0ec-0c12cb087045\/image_1950.webp\" src=\"https:\/\/hepsicdn.com.tr\/static\/product_detail\/hbnet5c68b815_5015012.webp\"><br \/><img decoding=\"async\" data-cke-saved-src=\"https:\/\/cdn.myikas.com\/images\/4b0890c4-46f7-49c5-9b0d-d8f3dae632d6\/b26a82e9-c3a9-47a4-8fd2-9a1f2d606b1b\/image_1950.webp\" src=\"https:\/\/hepsicdn.com.tr\/static\/product_detail\/hbnet5c68b815_5015013.webp\"><br \/><img decoding=\"async\" data-cke-saved-src=\"https:\/\/cdn.myikas.com\/images\/4b0890c4-46f7-49c5-9b0d-d8f3dae632d6\/21675877-abac-49ab-829d-10668c415cc0\/image_1950.webp\" src=\"https:\/\/hepsicdn.com.tr\/static\/product_detail\/hbnet5c68b815_5015014.webp\"><br \/><img decoding=\"async\" data-cke-saved-src=\"https:\/\/cdn.myikas.com\/images\/4b0890c4-46f7-49c5-9b0d-d8f3dae632d6\/912c54a1-aec0-4026-b448-ecfe8e28cc24\/image_1950.webp\" src=\"https:\/\/hepsicdn.com.tr\/static\/product_detail\/hbnet5c68b815_5015015.webp\"><br \/><img decoding=\"async\" data-cke-saved-src=\"https:\/\/cdn.myikas.com\/images\/4b0890c4-46f7-49c5-9b0d-d8f3dae632d6\/09f04fb8-6ce8-4d81-810b-948f155b8a78\/image_1950.webp\" src=\"https:\/\/hepsicdn.com.tr\/static\/product_detail\/hbnet5c68b815_5015016.webp\"><br \/><img decoding=\"async\" data-cke-saved-src=\"https:\/\/cdn.myikas.com\/images\/4b0890c4-46f7-49c5-9b0d-d8f3dae632d6\/58d8e955-db6c-48d7-a9d2-f6400f0ac5e7\/image_1950.webp\" src=\"https:\/\/hepsicdn.com.tr\/static\/product_detail\/hbnet5c68b815_5015017.webp\"><strong>ALLY MC LS516 Masa&uuml;st&uuml; Laptop Stand&#305;<\/strong><br \/>Y&uuml;kseklik ayar&#305;: Her zaman ve her yerde rahat bir bak&#305;&#351; a&ccedil;&#305;s&#305; ile omurga sa&#287;l&#305;&#287;&#305;n&#305;z&#305; koruman&#305;z i&ccedil;in sizin i&ccedil;in en uygun &ccedil;al&#305;&#351;ma a&ccedil;&#305;s&#305;n&#305; sunar.<br \/>Ayarlanabilir, ta&#351;&#305;nabilir ve katlanabilir tasar&#305;ma sahiptir.<br \/>Y&uuml;ksek mukavemetli al&uuml;minyum ala&#351;&#305;ml&#305; malzemeden &uuml;retilmi&#351;tir ve uzun &ouml;m&uuml;rl&uuml;d&uuml;r.<br \/>Diz&uuml;st&uuml; bilgisayar&#305;n&#305;z&#305;n kaymas&#305;n&#305; &ouml;nlemek amac&#305;yla kaymaz silikon pedler bulunmaktad&#305;r.<br \/>10kg&#8217;a kadar ta&#351;&#305;ma kapasitesi bulunur.<br \/>Malzeme: Al&uuml;minyum<br \/>Uyumluluk: 10-17,3 in&ccedil;<br \/>Ayarlanabilir y&uuml;kseklik: 5.1cm-29.9cm&#8203;<\/p>\n","protected":false},"excerpt":{"rendered":"<p>ALLY MC LS516 Masa&uuml;st&uuml; Laptop Stand&#305;ALLY MC LS516 Masa&uuml;st&uuml; Laptop Stand&#305;Y&uuml;kseklik ayar&#305;: Her zaman ve her yerde rahat bir bak&#305;&#351; a&ccedil;&#305;s&#305; ile omurga sa&#287;l&#305;&#287;&#305;n&#305;z&#305; koruman&#305;z i&ccedil;in sizin i&ccedil;in en uygun &ccedil;al&#305;&#351;ma a&ccedil;&#305;s&#305;n&#305; sunar.Ayarlanabilir, ta&#351;&#305;nabilir ve katlanabilir tasar&#305;ma sahiptir.Y&uuml;ksek mukavemetli al&uuml;minyum ala&#351;&#305;ml&#305; malzemeden &uuml;retilmi&#351;tir ve uzun &ouml;m&uuml;rl&uuml;d&uuml;r.Diz&uuml;st&uuml; bilgisayar&#305;n&#305;z&#305;n kaymas&#305;n&#305; &ouml;nlemek amac&#305;yla kaymaz silikon pedler bulunmaktad&#305;r.10kg&#8217;a kadar&#8230;<\/p>\n","protected":false},"featured_media":104437,"comment_status":"open","ping_status":"closed","template":"","meta":{"_kad_post_transparent":"","_kad_post_title":"","_kad_post_layout":"","_kad_post_sidebar_id":"","_kad_post_content_style":"","_kad_post_vertical_padding":"","_kad_post_feature":"","_kad_post_feature_position":"","_kad_post_header":false,"_kad_post_footer":false,"_kad_post_classname":""},"product_brand":[],"product_cat":[14662],"product_tag":[],"class_list":{"0":"post-104438","1":"product","2":"type-product","3":"status-publish","4":"has-post-thumbnail","6":"product_cat-laptop-standi-bilgisayar-tablet-aksesuar-bilgisayar-tablet-elektronik-laptop-standi","8":"first","9":"instock","10":"purchasable","11":"product-type-simple","12":"entry","13":"content-bg","14":"loop-entry"},"_links":{"self":[{"href":"https:\/\/www.hediyepazar.com\/index.php?rest_route=\/wp\/v2\/product\/104438","targetHints":{"allow":["GET"]}}],"collection":[{"href":"https:\/\/www.hediyepazar.com\/index.php?rest_route=\/wp\/v2\/product"}],"about":[{"href":"https:\/\/www.hediyepazar.com\/index.php?rest_route=\/wp\/v2\/types\/product"}],"replies":[{"embeddable":true,"href":"https:\/\/www.hediyepazar.com\/index.php?rest_route=%2Fwp%2Fv2%2Fcomments&post=104438"}],"wp:featuredmedia":[{"embeddable":true,"href":"https:\/\/www.hediyepazar.com\/index.php?rest_route=\/wp\/v2\/media\/104437"}],"wp:attachment":[{"href":"https:\/\/www.hediyepazar.com\/index.php?rest_route=%2Fwp%2Fv2%2Fmedia&parent=104438"}],"wp:term":[{"taxonomy":"product_brand","embeddable":true,"href":"https:\/\/www.hediyepazar.com\/index.php?rest_route=%2Fwp%2Fv2%2Fproduct_brand&post=104438"},{"taxonomy":"product_cat","embeddable":true,"href":"https:\/\/www.hediyepazar.com\/index.php?rest_route=%2Fwp%2Fv2%2Fproduct_cat&post=104438"},{"taxonomy":"product_tag","embeddable":true,"href":"https:\/\/www.hediyepazar.com\/index.php?rest_route=%2Fwp%2Fv2%2Fproduct_tag&post=104438"}],"curies":[{"name":"wp","href":"https:\/\/api.w.org\/{rel}","templated":true}]}}