{"id":104440,"date":"2026-05-04T12:24:56","date_gmt":"2026-05-04T15:24:56","guid":{"rendered":"https:\/\/www.hediyepazar.com\/?product=ally-mc-n3-2-katlanabilir-metal-masaustu-laptop-standi-5775"},"modified":"2026-05-04T12:24:56","modified_gmt":"2026-05-04T15:24:56","slug":"ally-mc-n3-2-katlanabilir-metal-masaustu-laptop-standi-5775","status":"publish","type":"product","link":"https:\/\/www.hediyepazar.com\/?product=ally-mc-n3-2-katlanabilir-metal-masaustu-laptop-standi-5775","title":{"rendered":"ALLY MC N3-2 Katlanabilir Metal Masa\u00fcst\u00fc Laptop Stand\u0131-(5775)"},"content":{"rendered":"<p><strong>ALLY MC N3-2 Katlanabilir Masa&uuml;st&uuml; Laptop Stand&#305;<\/strong><br \/><img decoding=\"async\" data-cke-saved-src=\"https:\/\/cdn.myikas.com\/images\/4b0890c4-46f7-49c5-9b0d-d8f3dae632d6\/0e6254f7-61d1-4853-a0d2-4a40a0e845e7\/image_1950.webp\" src=\"https:\/\/hepsicdn.com.tr\/static\/product_detail\/hbnet2acc518d_5015211.webp\"><br \/><img decoding=\"async\" data-cke-saved-src=\"https:\/\/cdn.myikas.com\/images\/4b0890c4-46f7-49c5-9b0d-d8f3dae632d6\/e02e1102-4736-4ec1-9acd-e623271d9e87\/image_1950.webp\" src=\"https:\/\/hepsicdn.com.tr\/static\/product_detail\/hbnet2acc518d_5015212.webp\"><\/p>\n<p><img decoding=\"async\" data-cke-saved-src=\"https:\/\/cdn.myikas.com\/images\/4b0890c4-46f7-49c5-9b0d-d8f3dae632d6\/b318dce4-0953-4cbd-b710-df36c095289d\/image_1950.webp\" src=\"https:\/\/hepsicdn.com.tr\/static\/product_detail\/hbnet2acc518d_5015213.webp\"><br \/><img decoding=\"async\" data-cke-saved-src=\"https:\/\/cdn.myikas.com\/images\/4b0890c4-46f7-49c5-9b0d-d8f3dae632d6\/04f3e710-68e5-48be-bf80-0a2650852804\/image_1950.webp\" src=\"https:\/\/hepsicdn.com.tr\/static\/product_detail\/hbnet2acc518d_5015214.webp\"><br \/><img decoding=\"async\" data-cke-saved-src=\"https:\/\/cdn.myikas.com\/images\/4b0890c4-46f7-49c5-9b0d-d8f3dae632d6\/6197c52b-2dd5-459c-a238-520d2c7d3695\/image_1950.webp\" src=\"https:\/\/hepsicdn.com.tr\/static\/product_detail\/hbnet2acc518d_5015215.webp\">&#8203;<br \/><img decoding=\"async\" data-cke-saved-src=\"https:\/\/cdn.myikas.com\/images\/4b0890c4-46f7-49c5-9b0d-d8f3dae632d6\/ac092b0e-8902-46bb-9597-7697b44207e2\/image_1950.webp\" src=\"https:\/\/hepsicdn.com.tr\/static\/product_detail\/hbnet2acc518d_5015216.webp\"><br \/><img decoding=\"async\" data-cke-saved-src=\"https:\/\/cdn.myikas.com\/images\/4b0890c4-46f7-49c5-9b0d-d8f3dae632d6\/84297b71-5888-4b93-bedb-6f357d77b03a\/image_1950.webp\" src=\"https:\/\/hepsicdn.com.tr\/static\/product_detail\/hbnet2acc518d_5015217.webp\"><br \/><img decoding=\"async\" data-cke-saved-src=\"https:\/\/cdn.myikas.com\/images\/4b0890c4-46f7-49c5-9b0d-d8f3dae632d6\/a9a0e1e9-7aa3-46f6-ae54-568681e0737e\/image_1950.webp\" src=\"https:\/\/hepsicdn.com.tr\/static\/product_detail\/hbnet2acc518d_5015218.webp\"><br \/><img decoding=\"async\" data-cke-saved-src=\"https:\/\/cdn.myikas.com\/images\/4b0890c4-46f7-49c5-9b0d-d8f3dae632d6\/1db2053b-bcce-4ba5-a4c5-dbc66a6cc562\/image_1950.webp\" src=\"https:\/\/hepsicdn.com.tr\/static\/product_detail\/hbnet2acc518d_5015219.webp\"><strong>ALLY MC N3-2 Katlanabilir Masa&uuml;st&uuml; Laptop Stand&#305;<\/strong><br \/>Alt&#305;l&#305; y&uuml;kseklik ayar&#305;: Her zaman ve her yerde rahat bir bak&#305;&#351; a&ccedil;&#305;s&#305; ile omurga sa&#287;l&#305;&#287;&#305;n&#305;z&#305; koruman&#305;z i&ccedil;in sizin i&ccedil;in en uygun &ccedil;al&#305;&#351;ma a&ccedil;&#305;s&#305;n&#305; sunar.<br \/>Ayarlanabilir, ta&#351;&#305;nabilir ve katlanabilir tasar&#305;ma sahiptir.<br \/>Y&uuml;ksek mukavemetli al&uuml;minyum ala&#351;&#305;ml&#305; malzemeden &uuml;retilmi&#351;tir ve uzun &ouml;m&uuml;rl&uuml;d&uuml;r.<br \/>Diz&uuml;st&uuml; bilgisayar&#305;n&#305;z&#305;n kaymas&#305;n&#305; &ouml;nlemek amac&#305;yla kaymaz silikon pedler bulunmaktad&#305;r.<br \/>40kg&#8217;a kadar ta&#351;&#305;ma kapasitesi bulunur.<br \/>17.6 in&ccedil;&#8217;e kadar diz&uuml;st&uuml; bilgisayarlar i&ccedil;in kullan&#305;ma uygundur.<br \/>Dengeli &#305;s&#305; da&#287;&#305;l&#305;m&#305; sa&#287;layarak cihaz&#305;n&#305;z&#305;n &ouml;mr&uuml;n&uuml; uzat&#305;r.<br \/>Malzeme: Al&uuml;minyum<\/p>\n","protected":false},"excerpt":{"rendered":"<p>ALLY MC N3-2 Katlanabilir Masa&uuml;st&uuml; Laptop Stand&#305; &#8203;ALLY MC N3-2 Katlanabilir Masa&uuml;st&uuml; Laptop Stand&#305;Alt&#305;l&#305; y&uuml;kseklik ayar&#305;: Her zaman ve her yerde rahat bir bak&#305;&#351; a&ccedil;&#305;s&#305; ile omurga sa&#287;l&#305;&#287;&#305;n&#305;z&#305; koruman&#305;z i&ccedil;in sizin i&ccedil;in en uygun &ccedil;al&#305;&#351;ma a&ccedil;&#305;s&#305;n&#305; sunar.Ayarlanabilir, ta&#351;&#305;nabilir ve katlanabilir tasar&#305;ma sahiptir.Y&uuml;ksek mukavemetli al&uuml;minyum ala&#351;&#305;ml&#305; malzemeden &uuml;retilmi&#351;tir ve uzun &ouml;m&uuml;rl&uuml;d&uuml;r.Diz&uuml;st&uuml; bilgisayar&#305;n&#305;z&#305;n kaymas&#305;n&#305; &ouml;nlemek amac&#305;yla kaymaz&#8230;<\/p>\n","protected":false},"featured_media":104439,"comment_status":"open","ping_status":"closed","template":"","meta":{"_kad_post_transparent":"","_kad_post_title":"","_kad_post_layout":"","_kad_post_sidebar_id":"","_kad_post_content_style":"","_kad_post_vertical_padding":"","_kad_post_feature":"","_kad_post_feature_position":"","_kad_post_header":false,"_kad_post_footer":false,"_kad_post_classname":""},"product_brand":[],"product_cat":[14662],"product_tag":[],"class_list":{"0":"post-104440","1":"product","2":"type-product","3":"status-publish","4":"has-post-thumbnail","6":"product_cat-laptop-standi-bilgisayar-tablet-aksesuar-bilgisayar-tablet-elektronik-laptop-standi","8":"first","9":"instock","10":"purchasable","11":"product-type-simple","12":"entry","13":"content-bg","14":"loop-entry"},"_links":{"self":[{"href":"https:\/\/www.hediyepazar.com\/index.php?rest_route=\/wp\/v2\/product\/104440","targetHints":{"allow":["GET"]}}],"collection":[{"href":"https:\/\/www.hediyepazar.com\/index.php?rest_route=\/wp\/v2\/product"}],"about":[{"href":"https:\/\/www.hediyepazar.com\/index.php?rest_route=\/wp\/v2\/types\/product"}],"replies":[{"embeddable":true,"href":"https:\/\/www.hediyepazar.com\/index.php?rest_route=%2Fwp%2Fv2%2Fcomments&post=104440"}],"wp:featuredmedia":[{"embeddable":true,"href":"https:\/\/www.hediyepazar.com\/index.php?rest_route=\/wp\/v2\/media\/104439"}],"wp:attachment":[{"href":"https:\/\/www.hediyepazar.com\/index.php?rest_route=%2Fwp%2Fv2%2Fmedia&parent=104440"}],"wp:term":[{"taxonomy":"product_brand","embeddable":true,"href":"https:\/\/www.hediyepazar.com\/index.php?rest_route=%2Fwp%2Fv2%2Fproduct_brand&post=104440"},{"taxonomy":"product_cat","embeddable":true,"href":"https:\/\/www.hediyepazar.com\/index.php?rest_route=%2Fwp%2Fv2%2Fproduct_cat&post=104440"},{"taxonomy":"product_tag","embeddable":true,"href":"https:\/\/www.hediyepazar.com\/index.php?rest_route=%2Fwp%2Fv2%2Fproduct_tag&post=104440"}],"curies":[{"name":"wp","href":"https:\/\/api.w.org\/{rel}","templated":true}]}}