{"id":104442,"date":"2026-05-04T12:25:01","date_gmt":"2026-05-04T15:25:01","guid":{"rendered":"https:\/\/www.hediyepazar.com\/?product=ally-bs585-masaustu-gece-lambasi-bluetooth-hoparlor-5775"},"modified":"2026-05-04T12:25:01","modified_gmt":"2026-05-04T15:25:01","slug":"ally-bs585-masaustu-gece-lambasi-bluetooth-hoparlor-5775","status":"publish","type":"product","link":"https:\/\/www.hediyepazar.com\/?product=ally-bs585-masaustu-gece-lambasi-bluetooth-hoparlor-5775","title":{"rendered":"ALLY BS585 Masa\u00fcst\u00fc Gece Lambas\u0131 Bluetooth Hoparl\u00f6r-(5775)"},"content":{"rendered":"<p><strong>ALLY BS585 Masa&uuml;st&uuml; Gece Lambas&#305; Bluetooth Hoparl&ouml;r<\/strong><img decoding=\"async\" data-cke-saved-src=\"https:\/\/cdn.myikas.com\/images\/4b0890c4-46f7-49c5-9b0d-d8f3dae632d6\/2d1afedc-42fb-46ed-a90f-cf3a002f8d31\/image_1950.webp\" src=\"https:\/\/cdn.myikas.com\/images\/4b0890c4-46f7-49c5-9b0d-d8f3dae632d6\/2d1afedc-42fb-46ed-a90f-cf3a002f8d31\/image_1950.webp\"\/><img decoding=\"async\" data-cke-saved-src=\"https:\/\/cdn.myikas.com\/images\/4b0890c4-46f7-49c5-9b0d-d8f3dae632d6\/61761c58-fb80-43c6-8480-d33d701359a9\/image_1950.webp\" src=\"https:\/\/hepsicdn.com.tr\/static\/product_detail\/hbnet64eedaa1_5015311.webp\"><img decoding=\"async\" data-cke-saved-src=\"https:\/\/cdn.myikas.com\/images\/4b0890c4-46f7-49c5-9b0d-d8f3dae632d6\/01898a32-0f73-4277-8493-1b64f4b50554\/image_1950.webp\" src=\"https:\/\/hepsicdn.com.tr\/static\/product_detail\/hbnet64eedaa1_5015312.webp\"><img decoding=\"async\" data-cke-saved-src=\"https:\/\/cdn.myikas.com\/images\/4b0890c4-46f7-49c5-9b0d-d8f3dae632d6\/1353d4b3-9084-4b61-b07b-400a19676ae0\/image_1950.webp\" src=\"https:\/\/hepsicdn.com.tr\/static\/product_detail\/hbnet64eedaa1_5015313.webp\"><img decoding=\"async\" data-cke-saved-src=\"https:\/\/cdn.myikas.com\/images\/4b0890c4-46f7-49c5-9b0d-d8f3dae632d6\/f8dfdb54-10c7-4ce8-9da4-3806687014c8\/image_1950.webp\" src=\"https:\/\/hepsicdn.com.tr\/static\/product_detail\/hbnet64eedaa1_5015314.webp\"><img decoding=\"async\" data-cke-saved-src=\"https:\/\/cdn.myikas.com\/images\/4b0890c4-46f7-49c5-9b0d-d8f3dae632d6\/f9970312-ea8a-4338-8e9a-65a8159ebe53\/image_1950.webp\" src=\"https:\/\/hepsicdn.com.tr\/static\/product_detail\/hbnet64eedaa1_5015315.webp\"><img decoding=\"async\" data-cke-saved-src=\"https:\/\/cdn.myikas.com\/images\/4b0890c4-46f7-49c5-9b0d-d8f3dae632d6\/a8e61b13-b241-4bce-a9cc-5a83a4e17ee3\/image_1950.webp\" src=\"https:\/\/hepsicdn.com.tr\/static\/product_detail\/hbnet64eedaa1_5015316.webp\"><img decoding=\"async\" data-cke-saved-src=\"https:\/\/cdn.myikas.com\/images\/4b0890c4-46f7-49c5-9b0d-d8f3dae632d6\/264aa957-50d2-4fa3-9949-ad7ad9ac513b\/image_1950.webp\" src=\"https:\/\/hepsicdn.com.tr\/static\/product_detail\/hbnet64eedaa1_5015317.webp\"><strong>ALLY BS585 Masa&uuml;st&uuml; Gece Lambas&#305; Bluetooth Hoparl&ouml;r<\/strong><br \/>Bluetooth 5.2 ba&#287;lat&#305;s&#305; ile m&uuml;zi&#287;in keyfini &ouml;zg&uuml;rce &ccedil;&#305;karman&#305;z i&ccedil;in tasarlanm&#305;&#351;t&#305;r.<br \/>Transparan tasar&#305;m&#305; ile yumu&#351;ak &#305;&#351;&#305;k ile evinizi g&uuml;zelle&#351;tirir.<br \/>360&deg; stereo ses deneyimi sunar.<br \/>Bluetooth s&uuml;r&uuml;m&uuml;: V5.2<br \/>Ba&#287;lant&#305;: AUX,USB,TYPE-C,Bluetooth<br \/>Hoparl&ouml;r say&#305;s&#305;: 2<br \/>&#350;arj aray&uuml;z&uuml;: tip-c<br \/>&Ccedil;&#305;k&#305;&#351; g&uuml;c&uuml;: 10W * 2<br \/>&Ccedil;alma s&uuml;resi:60% Yakla&#351;&#305;k 5 saat<br \/>&#350;arj s&uuml;resi: 2 Saat<br \/>&Uuml;r&uuml;n a&#287;&#305;rl&#305;&#287;&#305;: yakla&#351;&#305;k 550g<\/p>\n","protected":false},"excerpt":{"rendered":"<p>ALLY BS585 Masa&uuml;st&uuml; Gece Lambas&#305; Bluetooth Hoparl&ouml;rALLY BS585 Masa&uuml;st&uuml; Gece Lambas&#305; Bluetooth Hoparl&ouml;rBluetooth 5.2 ba&#287;lat&#305;s&#305; ile m&uuml;zi&#287;in keyfini &ouml;zg&uuml;rce &ccedil;&#305;karman&#305;z i&ccedil;in tasarlanm&#305;&#351;t&#305;r.Transparan tasar&#305;m&#305; ile yumu&#351;ak &#305;&#351;&#305;k ile evinizi g&uuml;zelle&#351;tirir.360&deg; stereo ses deneyimi sunar.Bluetooth s&uuml;r&uuml;m&uuml;: V5.2Ba&#287;lant&#305;: AUX,USB,TYPE-C,BluetoothHoparl&ouml;r say&#305;s&#305;: 2&#350;arj aray&uuml;z&uuml;: tip-c&Ccedil;&#305;k&#305;&#351; g&uuml;c&uuml;: 10W * 2&Ccedil;alma s&uuml;resi:60% Yakla&#351;&#305;k 5 saat&#350;arj s&uuml;resi: 2 Saat&Uuml;r&uuml;n a&#287;&#305;rl&#305;&#287;&#305;: yakla&#351;&#305;k 550g<\/p>\n","protected":false},"featured_media":104441,"comment_status":"open","ping_status":"closed","template":"","meta":{"_kad_post_transparent":"","_kad_post_title":"","_kad_post_layout":"","_kad_post_sidebar_id":"","_kad_post_content_style":"","_kad_post_vertical_padding":"","_kad_post_feature":"","_kad_post_feature_position":"","_kad_post_header":false,"_kad_post_footer":false,"_kad_post_classname":""},"product_brand":[],"product_cat":[14594],"product_tag":[],"class_list":{"0":"post-104442","1":"product","2":"type-product","3":"status-publish","4":"has-post-thumbnail","6":"product_cat-led-aydinlatmalar-aydinlatma-mobilya-ev-yasam-led-aydinlatmalar","8":"first","9":"instock","10":"purchasable","11":"product-type-simple","12":"entry","13":"content-bg","14":"loop-entry"},"_links":{"self":[{"href":"https:\/\/www.hediyepazar.com\/index.php?rest_route=\/wp\/v2\/product\/104442","targetHints":{"allow":["GET"]}}],"collection":[{"href":"https:\/\/www.hediyepazar.com\/index.php?rest_route=\/wp\/v2\/product"}],"about":[{"href":"https:\/\/www.hediyepazar.com\/index.php?rest_route=\/wp\/v2\/types\/product"}],"replies":[{"embeddable":true,"href":"https:\/\/www.hediyepazar.com\/index.php?rest_route=%2Fwp%2Fv2%2Fcomments&post=104442"}],"wp:featuredmedia":[{"embeddable":true,"href":"https:\/\/www.hediyepazar.com\/index.php?rest_route=\/wp\/v2\/media\/104441"}],"wp:attachment":[{"href":"https:\/\/www.hediyepazar.com\/index.php?rest_route=%2Fwp%2Fv2%2Fmedia&parent=104442"}],"wp:term":[{"taxonomy":"product_brand","embeddable":true,"href":"https:\/\/www.hediyepazar.com\/index.php?rest_route=%2Fwp%2Fv2%2Fproduct_brand&post=104442"},{"taxonomy":"product_cat","embeddable":true,"href":"https:\/\/www.hediyepazar.com\/index.php?rest_route=%2Fwp%2Fv2%2Fproduct_cat&post=104442"},{"taxonomy":"product_tag","embeddable":true,"href":"https:\/\/www.hediyepazar.com\/index.php?rest_route=%2Fwp%2Fv2%2Fproduct_tag&post=104442"}],"curies":[{"name":"wp","href":"https:\/\/api.w.org\/{rel}","templated":true}]}}