{"id":104446,"date":"2026-05-04T12:25:11","date_gmt":"2026-05-04T15:25:11","guid":{"rendered":"https:\/\/www.hediyepazar.com\/?product=memo-dla6-cep-telefon-sogutma-fani-radyator-sogutucu-5775"},"modified":"2026-05-04T12:25:11","modified_gmt":"2026-05-04T15:25:11","slug":"memo-dla6-cep-telefon-sogutma-fani-radyator-sogutucu-5775","status":"publish","type":"product","link":"https:\/\/www.hediyepazar.com\/?product=memo-dla6-cep-telefon-sogutma-fani-radyator-sogutucu-5775","title":{"rendered":"MEMO DLA6 Cep Telefon So\u011futma Fan\u0131 Radyat\u00f6r So\u011futucu-(5775)"},"content":{"rendered":"<p><strong>MEMO DLA6 Cep Telefon So&#287;utma Fan&#305; Radyat&ouml;r So&#287;utucu<\/strong><strong>&#8203;<\/strong><br \/><strong><\/strong><br \/><strong><\/strong><br \/><strong><\/strong><br \/><strong><\/strong><br \/><strong><\/strong><br \/><strong><\/strong><br \/><strong><\/strong><br \/><strong><\/strong>&#8203;<strong><\/strong><\/p>\n<p><strong>MEMO DLA6 Cep Telefon So&#287;utma Fan&#305; Radyat&ouml;r So&#287;utucu<\/strong><\/p>\n<p align=\"center\">Y&uuml;ksek enerjili &#305;s&#305; da&#287;&#305;l&#305;m&#305; telefonu daha serin tutar.<\/p>\n<p align=\"center\">Canl&#305; yay&#305;nda telefonun &#305;s&#305;nmas&#305;n&#305; &ouml;nler.<\/p>\n<p align=\"center\">D&uuml;&#351;&uuml;k s&#305;cakl&#305;k ve y&uuml;ksek performans sa&#287;lar.<\/p>\n<p align=\"center\"><strong>&Ouml;zellikler:<\/strong><\/p>\n<p align=\"center\">Cihaz boyutu desteklenen: 2.87 &#8211; 4.2 in&ccedil;<\/p>\n<p align=\"center\">&Uuml;r&uuml;n boyutu: 49*82*33mm<\/p>\n<p align=\"center\">Malzeme: Abs + silikon<\/p>\n","protected":false},"excerpt":{"rendered":"<p>MEMO DLA6 Cep Telefon So&#287;utma Fan&#305; Radyat&ouml;r So&#287;utucu&#8203;&#8203; MEMO DLA6 Cep Telefon So&#287;utma Fan&#305; Radyat&ouml;r So&#287;utucu Y&uuml;ksek enerjili &#305;s&#305; da&#287;&#305;l&#305;m&#305; telefonu daha serin tutar. Canl&#305; yay&#305;nda telefonun &#305;s&#305;nmas&#305;n&#305; &ouml;nler. D&uuml;&#351;&uuml;k s&#305;cakl&#305;k ve y&uuml;ksek performans sa&#287;lar. &Ouml;zellikler: Cihaz boyutu desteklenen: 2.87 &#8211; 4.2 in&ccedil; &Uuml;r&uuml;n boyutu: 49*82*33mm Malzeme: Abs + silikon<\/p>\n","protected":false},"featured_media":104445,"comment_status":"open","ping_status":"closed","template":"","meta":{"_kad_post_transparent":"","_kad_post_title":"","_kad_post_layout":"","_kad_post_sidebar_id":"","_kad_post_content_style":"","_kad_post_vertical_padding":"","_kad_post_feature":"","_kad_post_feature_position":"","_kad_post_header":false,"_kad_post_footer":false,"_kad_post_classname":""},"product_brand":[],"product_cat":[14491],"product_tag":[],"class_list":{"0":"post-104446","1":"product","2":"type-product","3":"status-publish","4":"has-post-thumbnail","6":"product_cat-oyun-aksesuar-giyilebilir-teknoloji-elektronik-oyun-aksesuar","8":"first","9":"instock","10":"purchasable","11":"product-type-simple","12":"entry","13":"content-bg","14":"loop-entry"},"_links":{"self":[{"href":"https:\/\/www.hediyepazar.com\/index.php?rest_route=\/wp\/v2\/product\/104446","targetHints":{"allow":["GET"]}}],"collection":[{"href":"https:\/\/www.hediyepazar.com\/index.php?rest_route=\/wp\/v2\/product"}],"about":[{"href":"https:\/\/www.hediyepazar.com\/index.php?rest_route=\/wp\/v2\/types\/product"}],"replies":[{"embeddable":true,"href":"https:\/\/www.hediyepazar.com\/index.php?rest_route=%2Fwp%2Fv2%2Fcomments&post=104446"}],"wp:featuredmedia":[{"embeddable":true,"href":"https:\/\/www.hediyepazar.com\/index.php?rest_route=\/wp\/v2\/media\/104445"}],"wp:attachment":[{"href":"https:\/\/www.hediyepazar.com\/index.php?rest_route=%2Fwp%2Fv2%2Fmedia&parent=104446"}],"wp:term":[{"taxonomy":"product_brand","embeddable":true,"href":"https:\/\/www.hediyepazar.com\/index.php?rest_route=%2Fwp%2Fv2%2Fproduct_brand&post=104446"},{"taxonomy":"product_cat","embeddable":true,"href":"https:\/\/www.hediyepazar.com\/index.php?rest_route=%2Fwp%2Fv2%2Fproduct_cat&post=104446"},{"taxonomy":"product_tag","embeddable":true,"href":"https:\/\/www.hediyepazar.com\/index.php?rest_route=%2Fwp%2Fv2%2Fproduct_tag&post=104446"}],"curies":[{"name":"wp","href":"https:\/\/api.w.org\/{rel}","templated":true}]}}