{"id":104450,"date":"2026-05-04T12:25:18","date_gmt":"2026-05-04T15:25:18","guid":{"rendered":"https:\/\/www.hediyepazar.com\/?product=memo-cx03-manyetik-cep-telefon-sogutma-fani-radyator-sogutucu-5775"},"modified":"2026-05-04T12:25:18","modified_gmt":"2026-05-04T15:25:18","slug":"memo-cx03-manyetik-cep-telefon-sogutma-fani-radyator-sogutucu-5775","status":"publish","type":"product","link":"https:\/\/www.hediyepazar.com\/?product=memo-cx03-manyetik-cep-telefon-sogutma-fani-radyator-sogutucu-5775","title":{"rendered":"MEMO CX03 Manyetik Cep Telefon So\u011futma Fan\u0131 Radyat\u00f6r So\u011futucu-(5775)"},"content":{"rendered":"<p><strong>MEMO CX03 Manyetik Cep Telefon So&#287;utma Fan&#305; Radyat&ouml;r So&#287;utucu<\/strong><strong><\/strong><img decoding=\"async\" data-cke-saved-src=\"https:\/\/cdn.myikas.com\/images\/4b0890c4-46f7-49c5-9b0d-d8f3dae632d6\/e1a44121-d0ab-4308-bd96-f3eebac01722\/image_1950.webp\" src=\"https:\/\/hepsicdn.com.tr\/static\/product_detail\/hbnetb8d68026_5015811.webp\"><strong><\/strong><br \/><img decoding=\"async\" data-cke-saved-src=\"https:\/\/cdn.myikas.com\/images\/4b0890c4-46f7-49c5-9b0d-d8f3dae632d6\/c285a427-5337-4956-968d-8fe29249da6f\/image_1950.webp\" src=\"https:\/\/hepsicdn.com.tr\/static\/product_detail\/hbnetb8d68026_5015812.webp\"><br \/><img decoding=\"async\" data-cke-saved-src=\"https:\/\/cdn.myikas.com\/images\/4b0890c4-46f7-49c5-9b0d-d8f3dae632d6\/9403013e-128c-4afd-bc23-8f2ef0f53054\/image_1950.webp\" src=\"https:\/\/hepsicdn.com.tr\/static\/product_detail\/hbnetb8d68026_5015813.webp\"><br \/><img decoding=\"async\" data-cke-saved-src=\"https:\/\/cdn.myikas.com\/images\/4b0890c4-46f7-49c5-9b0d-d8f3dae632d6\/18b47486-95a5-4e3e-b0cf-b0f32068d827\/image_1950.webp\" src=\"https:\/\/hepsicdn.com.tr\/static\/product_detail\/hbnetb8d68026_5015814.webp\"><br \/><img decoding=\"async\" data-cke-saved-src=\"https:\/\/cdn.myikas.com\/images\/4b0890c4-46f7-49c5-9b0d-d8f3dae632d6\/b23d9e69-5204-4dc3-8a22-afd0bdfe9290\/image_1950.webp\" src=\"https:\/\/hepsicdn.com.tr\/static\/product_detail\/hbnetb8d68026_5015815.webp\"><br \/><img decoding=\"async\" data-cke-saved-src=\"https:\/\/cdn.myikas.com\/images\/4b0890c4-46f7-49c5-9b0d-d8f3dae632d6\/23413cf3-483b-4cef-985c-6326238383f2\/image_1950.webp\" src=\"https:\/\/hepsicdn.com.tr\/static\/product_detail\/hbnetb8d68026_5015816.webp\"><br \/><img decoding=\"async\" data-cke-saved-src=\"https:\/\/cdn.myikas.com\/images\/4b0890c4-46f7-49c5-9b0d-d8f3dae632d6\/ca4ee62c-7bc0-4a96-b400-8574ca5242d2\/image_1950.webp\" src=\"https:\/\/hepsicdn.com.tr\/static\/product_detail\/hbnetb8d68026_5015817.webp\"><br \/><img decoding=\"async\" data-cke-saved-src=\"https:\/\/cdn.myikas.com\/images\/4b0890c4-46f7-49c5-9b0d-d8f3dae632d6\/cce344e4-94a4-49f4-a764-62a998241f47\/image_1950.webp\" src=\"https:\/\/hepsicdn.com.tr\/static\/product_detail\/hbnetb8d68026_5015818.webp\"><br \/><img decoding=\"async\" data-cke-saved-src=\"https:\/\/cdn.myikas.com\/images\/4b0890c4-46f7-49c5-9b0d-d8f3dae632d6\/d04fb4e0-7631-4277-9b8a-669141570275\/image_1950.webp\" src=\"https:\/\/hepsicdn.com.tr\/static\/product_detail\/hbnetb8d68026_5015819.webp\"><br \/><img decoding=\"async\" data-cke-saved-src=\"https:\/\/cdn.myikas.com\/images\/4b0890c4-46f7-49c5-9b0d-d8f3dae632d6\/e50c720f-838c-4d89-93cb-c8c117a7a941\/image_1950.webp\" src=\"https:\/\/hepsicdn.com.tr\/static\/product_detail\/hbnetb8d68026_5015820.webp\"><\/p>\n","protected":false},"excerpt":{"rendered":"<p>MEMO CX03 Manyetik Cep Telefon So&#287;utma Fan&#305; Radyat&ouml;r So&#287;utucu<\/p>\n","protected":false},"featured_media":104449,"comment_status":"open","ping_status":"closed","template":"","meta":{"_kad_post_transparent":"","_kad_post_title":"","_kad_post_layout":"","_kad_post_sidebar_id":"","_kad_post_content_style":"","_kad_post_vertical_padding":"","_kad_post_feature":"","_kad_post_feature_position":"","_kad_post_header":false,"_kad_post_footer":false,"_kad_post_classname":""},"product_brand":[],"product_cat":[14491],"product_tag":[],"class_list":{"0":"post-104450","1":"product","2":"type-product","3":"status-publish","4":"has-post-thumbnail","6":"product_cat-oyun-aksesuar-giyilebilir-teknoloji-elektronik-oyun-aksesuar","8":"first","9":"instock","10":"purchasable","11":"product-type-simple","12":"entry","13":"content-bg","14":"loop-entry"},"_links":{"self":[{"href":"https:\/\/www.hediyepazar.com\/index.php?rest_route=\/wp\/v2\/product\/104450","targetHints":{"allow":["GET"]}}],"collection":[{"href":"https:\/\/www.hediyepazar.com\/index.php?rest_route=\/wp\/v2\/product"}],"about":[{"href":"https:\/\/www.hediyepazar.com\/index.php?rest_route=\/wp\/v2\/types\/product"}],"replies":[{"embeddable":true,"href":"https:\/\/www.hediyepazar.com\/index.php?rest_route=%2Fwp%2Fv2%2Fcomments&post=104450"}],"wp:featuredmedia":[{"embeddable":true,"href":"https:\/\/www.hediyepazar.com\/index.php?rest_route=\/wp\/v2\/media\/104449"}],"wp:attachment":[{"href":"https:\/\/www.hediyepazar.com\/index.php?rest_route=%2Fwp%2Fv2%2Fmedia&parent=104450"}],"wp:term":[{"taxonomy":"product_brand","embeddable":true,"href":"https:\/\/www.hediyepazar.com\/index.php?rest_route=%2Fwp%2Fv2%2Fproduct_brand&post=104450"},{"taxonomy":"product_cat","embeddable":true,"href":"https:\/\/www.hediyepazar.com\/index.php?rest_route=%2Fwp%2Fv2%2Fproduct_cat&post=104450"},{"taxonomy":"product_tag","embeddable":true,"href":"https:\/\/www.hediyepazar.com\/index.php?rest_route=%2Fwp%2Fv2%2Fproduct_tag&post=104450"}],"curies":[{"name":"wp","href":"https:\/\/api.w.org\/{rel}","templated":true}]}}