{"id":104454,"date":"2026-05-04T12:26:02","date_gmt":"2026-05-04T15:26:02","guid":{"rendered":"https:\/\/www.hediyepazar.com\/?product=memo-dl01-telefon-sogutma-fani-radyator-sogutucu-5775"},"modified":"2026-05-04T12:26:02","modified_gmt":"2026-05-04T15:26:02","slug":"memo-dl01-telefon-sogutma-fani-radyator-sogutucu-5775","status":"publish","type":"product","link":"https:\/\/www.hediyepazar.com\/?product=memo-dl01-telefon-sogutma-fani-radyator-sogutucu-5775","title":{"rendered":"MEMO DL01 Telefon So\u011futma Fan\u0131 Radyat\u00f6r So\u011futucu-(5775)"},"content":{"rendered":"<p><strong>MEMO DL01 Telefon So&#287;utma Fan&#305; Radyat&ouml;r So&#287;utucu<\/strong><strong>&#8203;<\/strong><img decoding=\"async\" data-cke-saved-src=\"https:\/\/cdn.myikas.com\/images\/4b0890c4-46f7-49c5-9b0d-d8f3dae632d6\/8dc9fdd6-bceb-4428-b665-414d4b658838\/image_1950.webp\" src=\"https:\/\/cdn.myikas.com\/images\/4b0890c4-46f7-49c5-9b0d-d8f3dae632d6\/8dc9fdd6-bceb-4428-b665-414d4b658838\/image_1950.webp\"\/><br \/><strong><\/strong><img decoding=\"async\" data-cke-saved-src=\"https:\/\/cdn.myikas.com\/images\/4b0890c4-46f7-49c5-9b0d-d8f3dae632d6\/e4146912-87dd-4088-99e3-7265ce6660f6\/image_1950.webp\" src=\"https:\/\/hepsicdn.com.tr\/static\/product_detail\/hbnet3f43a338_5016311.webp\"><br \/><strong><\/strong><img decoding=\"async\" data-cke-saved-src=\"https:\/\/cdn.myikas.com\/images\/4b0890c4-46f7-49c5-9b0d-d8f3dae632d6\/d93dcebe-d427-4801-bd2c-e321d8a8e122\/image_1950.webp\" src=\"https:\/\/hepsicdn.com.tr\/static\/product_detail\/hbnet3f43a338_5016312.webp\"><br \/><strong><\/strong><img decoding=\"async\" data-cke-saved-src=\"https:\/\/cdn.myikas.com\/images\/4b0890c4-46f7-49c5-9b0d-d8f3dae632d6\/3d9c9b86-9d83-4339-b08f-074aa3356481\/image_1950.webp\" src=\"https:\/\/hepsicdn.com.tr\/static\/product_detail\/hbnet3f43a338_5016313.webp\"><br \/><strong><\/strong><img decoding=\"async\" data-cke-saved-src=\"https:\/\/cdn.myikas.com\/images\/4b0890c4-46f7-49c5-9b0d-d8f3dae632d6\/30f820a6-ad93-4ae2-b9c0-4175fb353fe9\/image_1950.webp\" src=\"https:\/\/hepsicdn.com.tr\/static\/product_detail\/hbnet3f43a338_5016314.webp\"><br \/><strong><\/strong><img decoding=\"async\" data-cke-saved-src=\"https:\/\/cdn.myikas.com\/images\/4b0890c4-46f7-49c5-9b0d-d8f3dae632d6\/f71d7899-53c0-4961-8e0e-2f7dfe23496d\/image_1950.webp\" src=\"https:\/\/hepsicdn.com.tr\/static\/product_detail\/hbnet3f43a338_5016315.webp\"><br \/><strong><\/strong><img decoding=\"async\" data-cke-saved-src=\"https:\/\/cdn.myikas.com\/images\/4b0890c4-46f7-49c5-9b0d-d8f3dae632d6\/b77f4a26-7d2d-42f3-9927-9258e347dc7f\/image_1950.webp\" src=\"https:\/\/hepsicdn.com.tr\/static\/product_detail\/hbnet3f43a338_5016316.webp\"><br \/><strong><\/strong><img decoding=\"async\" data-cke-saved-src=\"https:\/\/cdn.myikas.com\/images\/4b0890c4-46f7-49c5-9b0d-d8f3dae632d6\/fe0a0bd5-b453-4caa-84bc-a8d9613cbb61\/image_1950.webp\" src=\"https:\/\/hepsicdn.com.tr\/static\/product_detail\/hbnet3f43a338_5016317.webp\"><br \/><strong><\/strong><br \/><strong><\/strong><br \/><strong><\/strong><br \/><strong><\/strong>&#8203;<strong><\/strong><\/p>\n<p><strong>MEMO DL01 Telefon So&#287;utma Fan&#305; Radyat&ouml;r So&#287;utucu<\/strong><\/p>\n<p align=\"center\">So&#287;utma fan&#305; telefonu a&#351;&#305;r&#305; &#305;s&#305;nmas&#305;n&#305; &ouml;nler oynarken oyun konsolu, telefon ve pil &ouml;mr&uuml;n&uuml; uzat&#305;r.<\/p>\n<p align=\"center\">Su so&#287;utmal&#305; radyat&ouml;r: di&#287;er so&#287;utucular ile kar&#351;&#305;la&#351;t&#305;r&#305;ld&#305;&#287;&#305;nda, bu radyat&ouml;r 10 ~ 30 &deg;C daha serinlik sa&#287;lar.<\/p>\n<p align=\"center\">Silikon mat kenarlar telefonu d&uuml;&#351;me ve &ccedil;izilmeye kar&#351;&#305; &ouml;nler.<\/p>\n<p align=\"center\">1.5m USB veri kablosu ile donat&#305;lm&#305;&#351;t&#305;r.<\/p>\n<p align=\"center\"><strong>&Ouml;zellikler<\/strong>:<\/p>\n<p align=\"center\">Giri&#351; gerilim\/ak&#305;m: 5V<\/p>\n<p align=\"center\">Giri&#351; ak&#305;m&#305;: 1.5A-2A<\/p>\n<p align=\"center\">H&#305;z: 7500<\/p>\n<p align=\"center\">Malzeme: ABS<\/p>\n<p align=\"center\">Renk: siyah<\/p>\n<p align=\"center\">&#350;arj aray&uuml;z&uuml;: mikro<\/p>\n<p align=\"center\">Modeli: geni&#351;li&#287;i yakla&#351;&#305;k 65-85mm\/2.56-3.35 in&ccedil;<\/p>\n<p align=\"center\">Boyutu: yakla&#351;&#305;k 9.8*4.8*12.2cm<\/p>\n<p align=\"center\">A&#287;&#305;rl&#305;k: yakla&#351;&#305;k 135g<\/p>\n","protected":false},"excerpt":{"rendered":"<p>MEMO DL01 Telefon So&#287;utma Fan&#305; Radyat&ouml;r So&#287;utucu&#8203;&#8203; MEMO DL01 Telefon So&#287;utma Fan&#305; Radyat&ouml;r So&#287;utucu So&#287;utma fan&#305; telefonu a&#351;&#305;r&#305; &#305;s&#305;nmas&#305;n&#305; &ouml;nler oynarken oyun konsolu, telefon ve pil &ouml;mr&uuml;n&uuml; uzat&#305;r. Su so&#287;utmal&#305; radyat&ouml;r: di&#287;er so&#287;utucular ile kar&#351;&#305;la&#351;t&#305;r&#305;ld&#305;&#287;&#305;nda, bu radyat&ouml;r 10 ~ 30 &deg;C daha serinlik sa&#287;lar. Silikon mat kenarlar telefonu d&uuml;&#351;me ve &ccedil;izilmeye kar&#351;&#305; &ouml;nler. 1.5m USB&#8230;<\/p>\n","protected":false},"featured_media":104453,"comment_status":"open","ping_status":"closed","template":"","meta":{"_kad_post_transparent":"","_kad_post_title":"","_kad_post_layout":"","_kad_post_sidebar_id":"","_kad_post_content_style":"","_kad_post_vertical_padding":"","_kad_post_feature":"","_kad_post_feature_position":"","_kad_post_header":false,"_kad_post_footer":false,"_kad_post_classname":""},"product_brand":[],"product_cat":[14491],"product_tag":[],"class_list":{"0":"post-104454","1":"product","2":"type-product","3":"status-publish","4":"has-post-thumbnail","6":"product_cat-oyun-aksesuar-giyilebilir-teknoloji-elektronik-oyun-aksesuar","8":"first","9":"instock","10":"purchasable","11":"product-type-simple","12":"entry","13":"content-bg","14":"loop-entry"},"_links":{"self":[{"href":"https:\/\/www.hediyepazar.com\/index.php?rest_route=\/wp\/v2\/product\/104454","targetHints":{"allow":["GET"]}}],"collection":[{"href":"https:\/\/www.hediyepazar.com\/index.php?rest_route=\/wp\/v2\/product"}],"about":[{"href":"https:\/\/www.hediyepazar.com\/index.php?rest_route=\/wp\/v2\/types\/product"}],"replies":[{"embeddable":true,"href":"https:\/\/www.hediyepazar.com\/index.php?rest_route=%2Fwp%2Fv2%2Fcomments&post=104454"}],"wp:featuredmedia":[{"embeddable":true,"href":"https:\/\/www.hediyepazar.com\/index.php?rest_route=\/wp\/v2\/media\/104453"}],"wp:attachment":[{"href":"https:\/\/www.hediyepazar.com\/index.php?rest_route=%2Fwp%2Fv2%2Fmedia&parent=104454"}],"wp:term":[{"taxonomy":"product_brand","embeddable":true,"href":"https:\/\/www.hediyepazar.com\/index.php?rest_route=%2Fwp%2Fv2%2Fproduct_brand&post=104454"},{"taxonomy":"product_cat","embeddable":true,"href":"https:\/\/www.hediyepazar.com\/index.php?rest_route=%2Fwp%2Fv2%2Fproduct_cat&post=104454"},{"taxonomy":"product_tag","embeddable":true,"href":"https:\/\/www.hediyepazar.com\/index.php?rest_route=%2Fwp%2Fv2%2Fproduct_tag&post=104454"}],"curies":[{"name":"wp","href":"https:\/\/api.w.org\/{rel}","templated":true}]}}