{"id":104516,"date":"2026-05-04T12:32:21","date_gmt":"2026-05-04T15:32:21","guid":{"rendered":"https:\/\/www.hediyepazar.com\/?product=ally-apple-pencil-icin-tasinabilir-sarjli-kalem-kutusu-5775"},"modified":"2026-05-04T12:32:21","modified_gmt":"2026-05-04T15:32:21","slug":"ally-apple-pencil-icin-tasinabilir-sarjli-kalem-kutusu-5775","status":"publish","type":"product","link":"https:\/\/www.hediyepazar.com\/?product=ally-apple-pencil-icin-tasinabilir-sarjli-kalem-kutusu-5775","title":{"rendered":"ALLY Apple Pencil \u0130\u00e7in Ta\u015f\u0131nabilir \u015earjl\u0131 Kalem Kutusu-(5775)"},"content":{"rendered":"<p><strong>ALLY Apple Pencil &#304;&ccedil;in Ta&#351;&#305;nabilir &#350;arjl&#305; Kalem Kutusu<\/strong><img decoding=\"async\" data-cke-saved-src=\"https:\/\/cdn.myikas.com\/images\/4b0890c4-46f7-49c5-9b0d-d8f3dae632d6\/d6a17e85-45f3-40d4-920a-21034a23486f\/image_1950.webp\" src=\"https:\/\/cdn.myikas.com\/images\/4b0890c4-46f7-49c5-9b0d-d8f3dae632d6\/d6a17e85-45f3-40d4-920a-21034a23486f\/image_1950.webp\"\/><img decoding=\"async\" data-cke-saved-src=\"https:\/\/cdn.myikas.com\/images\/4b0890c4-46f7-49c5-9b0d-d8f3dae632d6\/eb1225e3-1b14-41d8-8683-26c4a23a3461\/image_1950.webp\" src=\"https:\/\/hepsicdn.com.tr\/static\/product_detail\/hbnet1ddff6d0_5020311.webp\"><img decoding=\"async\" data-cke-saved-src=\"https:\/\/cdn.myikas.com\/images\/4b0890c4-46f7-49c5-9b0d-d8f3dae632d6\/92c53711-2907-4154-999f-102d4afaa132\/image_1950.webp\" src=\"https:\/\/hepsicdn.com.tr\/static\/product_detail\/hbnet1ddff6d0_5020312.webp\"><img decoding=\"async\" data-cke-saved-src=\"https:\/\/cdn.myikas.com\/images\/4b0890c4-46f7-49c5-9b0d-d8f3dae632d6\/128b8d10-730c-4f98-89c3-a8048d60182c\/image_1950.webp\" src=\"https:\/\/hepsicdn.com.tr\/static\/product_detail\/hbnet1ddff6d0_5020313.webp\"><img decoding=\"async\" data-cke-saved-src=\"https:\/\/cdn.myikas.com\/images\/4b0890c4-46f7-49c5-9b0d-d8f3dae632d6\/144ab8de-6abd-463f-9d9e-2683b813bc35\/image_1950.webp\" src=\"https:\/\/hepsicdn.com.tr\/static\/product_detail\/hbnet1ddff6d0_5020314.webp\"><img decoding=\"async\" data-cke-saved-src=\"https:\/\/cdn.myikas.com\/images\/4b0890c4-46f7-49c5-9b0d-d8f3dae632d6\/5777e7d3-6aaa-47fb-a558-ad4eef614832\/image_1950.webp\" src=\"https:\/\/hepsicdn.com.tr\/static\/product_detail\/hbnet1ddff6d0_5020315.webp\"><img decoding=\"async\" data-cke-saved-src=\"https:\/\/cdn.myikas.com\/images\/4b0890c4-46f7-49c5-9b0d-d8f3dae632d6\/368bcbe5-ce3a-4f8c-b9aa-770312baac8f\/image_1950.webp\" src=\"https:\/\/hepsicdn.com.tr\/static\/product_detail\/hbnet1ddff6d0_5020316.webp\"><img decoding=\"async\" data-cke-saved-src=\"https:\/\/cdn.myikas.com\/images\/4b0890c4-46f7-49c5-9b0d-d8f3dae632d6\/242a5c14-9819-48bb-9124-fb139f989ffa\/image_1950.webp\" src=\"https:\/\/hepsicdn.com.tr\/static\/product_detail\/hbnet1ddff6d0_5020317.webp\"><\/p>\n<p><strong>ALLY Apple Pencil &#304;&ccedil;in Ta&#351;&#305;nabilir &#350;arjl&#305; Kalem Kutusu<\/strong><\/p>\n<p align=\"center\">G&uuml;&ccedil;l&uuml; manyetik adsorpsiyon ve kablosuz &#351;arj kombinasyonu herhangi bir zamanda &#351;arj etmenizi sa&#287;lar.<\/p>\n<p align=\"center\">1. Veya 2. Nesil kalem olsun, herhangi bir kurulum olmadan hemen kullan&#305;labilir.<\/p>\n<p align=\"center\">&#350;arj kutusu, kaleminizi darbe ve &ccedil;iziklerden koruyan ve &ccedil;izikleri, kirleri, etkileri ve di&#287;er g&uuml;nl&uuml;k hasarlar&#305; &ouml;nleyen p&uuml;r&uuml;zs&uuml;z bir silikon i&ccedil; tabaka ile y&uuml;ksek kaliteli sert dayan&#305;kl&#305; abs&#8217;den yap&#305;lm&#305;&#351;t&#305;r.<\/p>\n<p align=\"center\"><strong>&Ouml;zellikler:<\/strong><\/p>\n<p align=\"center\">Malzeme: PC + ABS<\/p>\n<p align=\"center\">Giri&#351;: DC5V1A<\/p>\n<p align=\"center\">&Ccedil;&#305;k&#305;&#351;: 1. Nesil kalem: DC5V0.2A; 2. Nesil kalem: 1.5W<\/p>\n<p align=\"center\">&#350;arj g&uuml;c&uuml;: 1W\/1.5W<\/p>\n<p align=\"center\">Verimlilik: yukar&#305;da 73% (yukar&#305;da 73%)<\/p>\n<p align=\"center\">Aray&uuml;z: tip-c<\/p>\n<p align=\"center\">Net a&#287;&#305;rl&#305;k: 71g<\/p>\n<p align=\"center\">&Uuml;r&uuml;n boyutu: 204*36*21mm<\/p>\n<p align=\"center\"><strong>Liste:<\/strong><\/p>\n<p align=\"center\">&#350;arj kutusu * 1<\/p>\n<p align=\"center\">Manuel * 1<\/p>\n<p align=\"center\">Tip-c veri kablosu * 1<\/p>\n<p><\/p>\n","protected":false},"excerpt":{"rendered":"<p>ALLY Apple Pencil &#304;&ccedil;in Ta&#351;&#305;nabilir &#350;arjl&#305; Kalem Kutusu ALLY Apple Pencil &#304;&ccedil;in Ta&#351;&#305;nabilir &#350;arjl&#305; Kalem Kutusu G&uuml;&ccedil;l&uuml; manyetik adsorpsiyon ve kablosuz &#351;arj kombinasyonu herhangi bir zamanda &#351;arj etmenizi sa&#287;lar. 1. Veya 2. Nesil kalem olsun, herhangi bir kurulum olmadan hemen kullan&#305;labilir. &#350;arj kutusu, kaleminizi darbe ve &ccedil;iziklerden koruyan ve &ccedil;izikleri, kirleri, etkileri ve di&#287;er g&uuml;nl&uuml;k&#8230;<\/p>\n","protected":false},"featured_media":104515,"comment_status":"open","ping_status":"closed","template":"","meta":{"_kad_post_transparent":"","_kad_post_title":"","_kad_post_layout":"","_kad_post_sidebar_id":"","_kad_post_content_style":"","_kad_post_vertical_padding":"","_kad_post_feature":"","_kad_post_feature_position":"","_kad_post_header":false,"_kad_post_footer":false,"_kad_post_classname":""},"product_brand":[],"product_cat":[14555],"product_tag":[],"class_list":{"0":"post-104516","1":"product","2":"type-product","3":"status-publish","4":"has-post-thumbnail","6":"product_cat-stylus-kalemler-bilgisayar-tablet-aksesuar-bilgisayar-tablet-elektronik-stylus-kalemler","8":"first","9":"instock","10":"purchasable","11":"product-type-simple","12":"entry","13":"content-bg","14":"loop-entry"},"_links":{"self":[{"href":"https:\/\/www.hediyepazar.com\/index.php?rest_route=\/wp\/v2\/product\/104516","targetHints":{"allow":["GET"]}}],"collection":[{"href":"https:\/\/www.hediyepazar.com\/index.php?rest_route=\/wp\/v2\/product"}],"about":[{"href":"https:\/\/www.hediyepazar.com\/index.php?rest_route=\/wp\/v2\/types\/product"}],"replies":[{"embeddable":true,"href":"https:\/\/www.hediyepazar.com\/index.php?rest_route=%2Fwp%2Fv2%2Fcomments&post=104516"}],"wp:featuredmedia":[{"embeddable":true,"href":"https:\/\/www.hediyepazar.com\/index.php?rest_route=\/wp\/v2\/media\/104515"}],"wp:attachment":[{"href":"https:\/\/www.hediyepazar.com\/index.php?rest_route=%2Fwp%2Fv2%2Fmedia&parent=104516"}],"wp:term":[{"taxonomy":"product_brand","embeddable":true,"href":"https:\/\/www.hediyepazar.com\/index.php?rest_route=%2Fwp%2Fv2%2Fproduct_brand&post=104516"},{"taxonomy":"product_cat","embeddable":true,"href":"https:\/\/www.hediyepazar.com\/index.php?rest_route=%2Fwp%2Fv2%2Fproduct_cat&post=104516"},{"taxonomy":"product_tag","embeddable":true,"href":"https:\/\/www.hediyepazar.com\/index.php?rest_route=%2Fwp%2Fv2%2Fproduct_tag&post=104516"}],"curies":[{"name":"wp","href":"https:\/\/api.w.org\/{rel}","templated":true}]}}