{"id":104526,"date":"2026-05-04T12:32:44","date_gmt":"2026-05-04T15:32:44","guid":{"rendered":"https:\/\/www.hediyepazar.com\/?product=ally-arac-ici-torpido-ustu-miknatisli-manyetik-telefon-tutucu-5775"},"modified":"2026-05-04T12:32:44","modified_gmt":"2026-05-04T15:32:44","slug":"ally-arac-ici-torpido-ustu-miknatisli-manyetik-telefon-tutucu-5775","status":"publish","type":"product","link":"https:\/\/www.hediyepazar.com\/?product=ally-arac-ici-torpido-ustu-miknatisli-manyetik-telefon-tutucu-5775","title":{"rendered":"ALLY Ara\u00e7 \u0130\u00e7i Torpido \u00dcst\u00fc M\u0131knat\u0131sl\u0131 Manyetik Telefon Tutucu-(5775)"},"content":{"rendered":"<p><strong><span style=\"font-size: 13px;\">ALLY Ara&ccedil; &#304;&ccedil;i Torpido &Uuml;st&uuml; M&#305;knat&#305;sl&#305; Manyetik Telefon Tutucu<\/span><\/strong><img decoding=\"async\" data-cke-saved-src=\"https:\/\/cdn.myikas.com\/images\/4b0890c4-46f7-49c5-9b0d-d8f3dae632d6\/fbff6914-fc87-4871-8fd5-76bf4d7cc4a6\/image_1950.webp\" src=\"https:\/\/hepsicdn.com.tr\/static\/product_detail\/hbnet56b20ff6_5021311.webp\"><img decoding=\"async\" data-cke-saved-src=\"https:\/\/cdn.myikas.com\/images\/4b0890c4-46f7-49c5-9b0d-d8f3dae632d6\/48fe667e-46ee-480e-a42c-269c0b20d933\/image_1950.webp\" src=\"https:\/\/hepsicdn.com.tr\/static\/product_detail\/hbnet56b20ff6_5021312.webp\"><img decoding=\"async\" data-cke-saved-src=\"https:\/\/cdn.myikas.com\/images\/4b0890c4-46f7-49c5-9b0d-d8f3dae632d6\/e0a8308f-250f-4b56-a305-234c71b2a973\/image_1950.webp\" src=\"https:\/\/hepsicdn.com.tr\/static\/product_detail\/hbnet56b20ff6_5021313.webp\"><img decoding=\"async\" data-cke-saved-src=\"https:\/\/cdn.myikas.com\/images\/4b0890c4-46f7-49c5-9b0d-d8f3dae632d6\/3faeb181-3ef6-463b-b5c0-0befd909ce6c\/image_1950.webp\" src=\"https:\/\/hepsicdn.com.tr\/static\/product_detail\/hbnet56b20ff6_5021314.webp\"><img decoding=\"async\" data-cke-saved-src=\"https:\/\/cdn.myikas.com\/images\/4b0890c4-46f7-49c5-9b0d-d8f3dae632d6\/6090421e-bbc8-4c93-9810-10ea16f7bfce\/image_1950.webp\" src=\"https:\/\/hepsicdn.com.tr\/static\/product_detail\/hbnet56b20ff6_5021315.webp\"><img decoding=\"async\" data-cke-saved-src=\"https:\/\/cdn.myikas.com\/images\/4b0890c4-46f7-49c5-9b0d-d8f3dae632d6\/bc0c06b1-9bce-464d-a7b4-287ccd9ba93e\/image_1950.webp\" src=\"https:\/\/hepsicdn.com.tr\/static\/product_detail\/hbnet56b20ff6_5021316.webp\"><\/p>\n<p><strong>ALLY Ara&ccedil; &#304;&ccedil;i Torpido &Uuml;st&uuml; M&#305;knat&#305;sl&#305; Manyetik Telefon Tutucu<\/strong><\/p>\n<p align=\"center\">Kolay g&ouml;r&uuml;nt&uuml;leme i&ccedil;in a&ccedil;&#305; ayarlanabilir.<\/p>\n<p align=\"center\">Cep Telefonu Araba Da&#287;&#305; Manyetik: Telefon araba montaj&#305;, farkl&#305; araban&#305;n g&ouml;sterge panelinde ve &Ouml;n Cam&#305;nda mevcuttur ve g&ouml;r&uuml;n&uuml;mlerinizi hi&ccedil; engellemez.<\/p>\n<p align=\"center\">Manyetik tutucu, 3 ila 6,8 in&ccedil; aras&#305;ndaki herhangi bir cep telefonunu destekler.<\/p>\n<p align=\"center\">Geni&#351; Uyumluluk: manyetik telefon tutucu ile donat&#305;lm&#305;&#351;, &ccedil;o&#287;u telefon ve GPS i&ccedil;in uygun.<\/p>\n<p align=\"center\">&#304;Phone&#8217;lar, Samsung Galaxies, Google Pixel, LG, Nokia, Sony, OnePlus, Huawei, Xiaomi, HTC ve daha fazlas&#305; dahil olmak &uuml;zere T&Uuml;M AKILLI TELEFON modellerini ba&#287;lay&#305;n. GPS ve MP3 cihazlar&#305;n&#305;z&#305; da monte edebilirsiniz.<\/p>\n<p align=\"center\">Demir par&ccedil;a telefonun arkas&#305;na yap&#305;&#351;t&#305;r&#305;labilir veya telefon k&#305;l&#305;f&#305;n&#305;n arkas&#305;na yap&#305;&#351;t&#305;r&#305;labilir.<\/p>\n<p align=\"center\"><strong>&Ouml;zellikleri:<\/strong><\/p>\n<p align=\"center\">Malzemesi: ABS<\/p>\n<p align=\"center\">Renk: Siyah<\/p>\n<p align=\"center\">M&#305;knat&#305;s boyutu: 107 x 63 x 65 mm<\/p>\n<p align=\"center\">Miktar: 1 Pc<\/p>\n<p align=\"center\">Paket i&ccedil;eri&#287;i:<\/p>\n<p align=\"center\">1 x Manyetik Vantuz Telefon Tutucu<\/p>\n","protected":false},"excerpt":{"rendered":"<p>ALLY Ara&ccedil; &#304;&ccedil;i Torpido &Uuml;st&uuml; M&#305;knat&#305;sl&#305; Manyetik Telefon Tutucu ALLY Ara&ccedil; &#304;&ccedil;i Torpido &Uuml;st&uuml; M&#305;knat&#305;sl&#305; Manyetik Telefon Tutucu Kolay g&ouml;r&uuml;nt&uuml;leme i&ccedil;in a&ccedil;&#305; ayarlanabilir. Cep Telefonu Araba Da&#287;&#305; Manyetik: Telefon araba montaj&#305;, farkl&#305; araban&#305;n g&ouml;sterge panelinde ve &Ouml;n Cam&#305;nda mevcuttur ve g&ouml;r&uuml;n&uuml;mlerinizi hi&ccedil; engellemez. Manyetik tutucu, 3 ila 6,8 in&ccedil; aras&#305;ndaki herhangi bir cep telefonunu destekler&#8230;.<\/p>\n","protected":false},"featured_media":104525,"comment_status":"open","ping_status":"closed","template":"","meta":{"_kad_post_transparent":"","_kad_post_title":"","_kad_post_layout":"","_kad_post_sidebar_id":"","_kad_post_content_style":"","_kad_post_vertical_padding":"","_kad_post_feature":"","_kad_post_feature_position":"","_kad_post_header":false,"_kad_post_footer":false,"_kad_post_classname":""},"product_brand":[],"product_cat":[14532],"product_tag":[],"class_list":{"0":"post-104526","1":"product","2":"type-product","3":"status-publish","4":"has-post-thumbnail","6":"product_cat-oto-aksesuarlari-cep-telefonu-elektronik-oto-aksesuarlari","8":"first","9":"instock","10":"purchasable","11":"product-type-simple","12":"entry","13":"content-bg","14":"loop-entry"},"_links":{"self":[{"href":"https:\/\/www.hediyepazar.com\/index.php?rest_route=\/wp\/v2\/product\/104526","targetHints":{"allow":["GET"]}}],"collection":[{"href":"https:\/\/www.hediyepazar.com\/index.php?rest_route=\/wp\/v2\/product"}],"about":[{"href":"https:\/\/www.hediyepazar.com\/index.php?rest_route=\/wp\/v2\/types\/product"}],"replies":[{"embeddable":true,"href":"https:\/\/www.hediyepazar.com\/index.php?rest_route=%2Fwp%2Fv2%2Fcomments&post=104526"}],"wp:featuredmedia":[{"embeddable":true,"href":"https:\/\/www.hediyepazar.com\/index.php?rest_route=\/wp\/v2\/media\/104525"}],"wp:attachment":[{"href":"https:\/\/www.hediyepazar.com\/index.php?rest_route=%2Fwp%2Fv2%2Fmedia&parent=104526"}],"wp:term":[{"taxonomy":"product_brand","embeddable":true,"href":"https:\/\/www.hediyepazar.com\/index.php?rest_route=%2Fwp%2Fv2%2Fproduct_brand&post=104526"},{"taxonomy":"product_cat","embeddable":true,"href":"https:\/\/www.hediyepazar.com\/index.php?rest_route=%2Fwp%2Fv2%2Fproduct_cat&post=104526"},{"taxonomy":"product_tag","embeddable":true,"href":"https:\/\/www.hediyepazar.com\/index.php?rest_route=%2Fwp%2Fv2%2Fproduct_tag&post=104526"}],"curies":[{"name":"wp","href":"https:\/\/api.w.org\/{rel}","templated":true}]}}