{"id":104554,"date":"2026-05-04T12:35:58","date_gmt":"2026-05-04T15:35:58","guid":{"rendered":"https:\/\/www.hediyepazar.com\/?product=hoco-iphone-14-golden-shield-frosted-silikon-telefon-kilifi-5775"},"modified":"2026-05-04T12:35:58","modified_gmt":"2026-05-04T15:35:58","slug":"hoco-iphone-14-golden-shield-frosted-silikon-telefon-kilifi-5775","status":"publish","type":"product","link":"https:\/\/www.hediyepazar.com\/?product=hoco-iphone-14-golden-shield-frosted-silikon-telefon-kilifi-5775","title":{"rendered":"Hoco iPhone 14 Golden Shield Frosted Silikon Telefon K\u0131l\u0131f\u0131-(5775)"},"content":{"rendered":"<p><strong>Hoco iPhone 14 Golden Shield Frosted Silikon Telefon K&#305;l&#305;f&#305;<\/strong><br \/><img decoding=\"async\" data-cke-saved-src=\"https:\/\/cdn.myikas.com\/images\/4b0890c4-46f7-49c5-9b0d-d8f3dae632d6\/7364e709-23fa-404f-a379-603c5209816e\/image_1950.webp\" src=\"https:\/\/hepsicdn.com.tr\/static\/product_detail\/hbnetf8dd2bad_5023111.webp\">&#8203;<br \/><img decoding=\"async\" data-cke-saved-src=\"https:\/\/cdn.myikas.com\/images\/4b0890c4-46f7-49c5-9b0d-d8f3dae632d6\/debbe2ce-7a08-4bb1-a04f-e83eb46573a8\/image_1950.webp\" src=\"https:\/\/hepsicdn.com.tr\/static\/product_detail\/hbnetf8dd2bad_5023112.webp\"><img decoding=\"async\" data-cke-saved-src=\"https:\/\/cdn.myikas.com\/images\/4b0890c4-46f7-49c5-9b0d-d8f3dae632d6\/c6d7bb81-9f13-4eef-bb84-0f101ddb586f\/image_1950.webp\" src=\"https:\/\/hepsicdn.com.tr\/static\/product_detail\/hbnetf8dd2bad_5023113.webp\"><img decoding=\"async\" data-cke-saved-src=\"https:\/\/cdn.myikas.com\/images\/4b0890c4-46f7-49c5-9b0d-d8f3dae632d6\/1df17694-b03d-478f-96d9-b84c027f9bb8\/image_1950.webp\" src=\"https:\/\/hepsicdn.com.tr\/static\/product_detail\/hbnetf8dd2bad_5023114.webp\"><\/p>\n<p><strong>Hoco iPhone 14 Plus Golden Shield Frosted Silikon Telefon K&#305;l&#305;f&#305;<\/strong><\/p>\n<p align=\"center\">PC+TPU+CNC buzlu metal malzeme, yumu&#351;ak ve sert kombinasyonu d&uuml;&#351;meyi daha fazla &ouml;nler.<\/p>\n<p align=\"center\">Basit, &#351;&#305;k ve ta&#351;&#305;mas&#305; kolay.<\/p>\n<p align=\"center\">A&#351;&#305;nma ve y&#305;pranmay&#305; &ouml;nlemek i&ccedil;in kamera halkas&#305; y&uuml;ksektir.<\/p>\n<p align=\"center\">Kapa&#287;&#305; &ccedil;&#305;karmadan t&uuml;m ba&#287;lant&#305; noktalar&#305;na ve d&uuml;&#287;melere kolay eri&#351;im.<\/p>\n","protected":false},"excerpt":{"rendered":"<p>Hoco iPhone 14 Golden Shield Frosted Silikon Telefon K&#305;l&#305;f&#305;&#8203; Hoco iPhone 14 Plus Golden Shield Frosted Silikon Telefon K&#305;l&#305;f&#305; PC+TPU+CNC buzlu metal malzeme, yumu&#351;ak ve sert kombinasyonu d&uuml;&#351;meyi daha fazla &ouml;nler. Basit, &#351;&#305;k ve ta&#351;&#305;mas&#305; kolay. A&#351;&#305;nma ve y&#305;pranmay&#305; &ouml;nlemek i&ccedil;in kamera halkas&#305; y&uuml;ksektir. Kapa&#287;&#305; &ccedil;&#305;karmadan t&uuml;m ba&#287;lant&#305; noktalar&#305;na ve d&uuml;&#287;melere kolay eri&#351;im.<\/p>\n","protected":false},"featured_media":104553,"comment_status":"open","ping_status":"closed","template":"","meta":{"_kad_post_transparent":"","_kad_post_title":"","_kad_post_layout":"","_kad_post_sidebar_id":"","_kad_post_content_style":"","_kad_post_vertical_padding":"","_kad_post_feature":"","_kad_post_feature_position":"","_kad_post_header":false,"_kad_post_footer":false,"_kad_post_classname":""},"product_brand":[],"product_cat":[14520],"product_tag":[],"class_list":{"0":"post-104554","1":"product","2":"type-product","3":"status-publish","4":"has-post-thumbnail","6":"product_cat-telefon-kilifi-cep-telefonu-aksesuarlari-cep-telefonu-elektronik-telefon-kilifi","8":"first","9":"instock","10":"purchasable","11":"product-type-simple","12":"entry","13":"content-bg","14":"loop-entry"},"_links":{"self":[{"href":"https:\/\/www.hediyepazar.com\/index.php?rest_route=\/wp\/v2\/product\/104554","targetHints":{"allow":["GET"]}}],"collection":[{"href":"https:\/\/www.hediyepazar.com\/index.php?rest_route=\/wp\/v2\/product"}],"about":[{"href":"https:\/\/www.hediyepazar.com\/index.php?rest_route=\/wp\/v2\/types\/product"}],"replies":[{"embeddable":true,"href":"https:\/\/www.hediyepazar.com\/index.php?rest_route=%2Fwp%2Fv2%2Fcomments&post=104554"}],"wp:featuredmedia":[{"embeddable":true,"href":"https:\/\/www.hediyepazar.com\/index.php?rest_route=\/wp\/v2\/media\/104553"}],"wp:attachment":[{"href":"https:\/\/www.hediyepazar.com\/index.php?rest_route=%2Fwp%2Fv2%2Fmedia&parent=104554"}],"wp:term":[{"taxonomy":"product_brand","embeddable":true,"href":"https:\/\/www.hediyepazar.com\/index.php?rest_route=%2Fwp%2Fv2%2Fproduct_brand&post=104554"},{"taxonomy":"product_cat","embeddable":true,"href":"https:\/\/www.hediyepazar.com\/index.php?rest_route=%2Fwp%2Fv2%2Fproduct_cat&post=104554"},{"taxonomy":"product_tag","embeddable":true,"href":"https:\/\/www.hediyepazar.com\/index.php?rest_route=%2Fwp%2Fv2%2Fproduct_tag&post=104554"}],"curies":[{"name":"wp","href":"https:\/\/api.w.org\/{rel}","templated":true}]}}