{"id":104590,"date":"2026-05-04T12:40:14","date_gmt":"2026-05-04T15:40:14","guid":{"rendered":"https:\/\/www.hediyepazar.com\/?product=ally-50-adet-tek-kullanimlik-yapismaz-airfryer-pisirme-kagidi-5775"},"modified":"2026-05-04T12:40:14","modified_gmt":"2026-05-04T15:40:14","slug":"ally-50-adet-tek-kullanimlik-yapismaz-airfryer-pisirme-kagidi-5775","status":"publish","type":"product","link":"https:\/\/www.hediyepazar.com\/?product=ally-50-adet-tek-kullanimlik-yapismaz-airfryer-pisirme-kagidi-5775","title":{"rendered":"Ally 50 Adet Tek Kullan\u0131ml\u0131k Yap\u0131\u015fmaz Airfryer Pi\u015firme Ka\u011f\u0131d\u0131-(5775)"},"content":{"rendered":"<p><strong>Ally 50 Adet Tek Kullan&#305;ml&#305;k Yap&#305;&#351;maz Airfryer Pi&#351;irme Ka&#287;&#305;d&#305;<\/strong><img decoding=\"async\" data-cke-saved-src=\"https:\/\/cdn.myikas.com\/images\/4b0890c4-46f7-49c5-9b0d-d8f3dae632d6\/0fcc082a-92cf-4a8b-91ef-623a8a62835b\/image_1950.webp\" src=\"https:\/\/hepsicdn.com.tr\/static\/product_detail\/hbnet9de580c6_5025111.webp\">&#8203;<img decoding=\"async\" data-cke-saved-src=\"https:\/\/cdn.myikas.com\/images\/4b0890c4-46f7-49c5-9b0d-d8f3dae632d6\/9ed32a1e-e6a3-4774-b2ff-70abc4c19411\/image_1950.webp\" src=\"https:\/\/hepsicdn.com.tr\/static\/product_detail\/hbnet9de580c6_5025112.webp\"><img decoding=\"async\" data-cke-saved-src=\"https:\/\/cdn.myikas.com\/images\/4b0890c4-46f7-49c5-9b0d-d8f3dae632d6\/db6d9887-16bf-4712-9b20-cea972966cf6\/image_1950.webp\" src=\"https:\/\/hepsicdn.com.tr\/static\/product_detail\/hbnet9de580c6_5025113.webp\"><img decoding=\"async\" data-cke-saved-src=\"https:\/\/cdn.myikas.com\/images\/4b0890c4-46f7-49c5-9b0d-d8f3dae632d6\/8e1aafbf-1f0b-4f04-a286-0e27195bf513\/image_1950.webp\" src=\"https:\/\/hepsicdn.com.tr\/static\/product_detail\/hbnet9de580c6_5025114.webp\"><img decoding=\"async\" data-cke-saved-src=\"https:\/\/cdn.myikas.com\/images\/4b0890c4-46f7-49c5-9b0d-d8f3dae632d6\/3d639c84-1adc-4d13-9f4e-86c89b0d1577\/image_1950.webp\" src=\"https:\/\/hepsicdn.com.tr\/static\/product_detail\/hbnet9de580c6_5025115.webp\"><img decoding=\"async\" data-cke-saved-src=\"https:\/\/cdn.myikas.com\/images\/4b0890c4-46f7-49c5-9b0d-d8f3dae632d6\/31408898-820e-482a-9561-cbd567d652d3\/image_1950.webp\" src=\"https:\/\/hepsicdn.com.tr\/static\/product_detail\/hbnet9de580c6_5025116.webp\"><img decoding=\"async\" data-cke-saved-src=\"https:\/\/cdn.myikas.com\/images\/4b0890c4-46f7-49c5-9b0d-d8f3dae632d6\/54b359d2-e114-440f-b5bd-0e11a45205d5\/image_1950.webp\" src=\"https:\/\/hepsicdn.com.tr\/static\/product_detail\/hbnet9de580c6_5025117.webp\"><\/p>\n<p><strong>Ally 50 Adet Tek Kullan&#305;ml&#305;k Yap&#305;&#351;maz Airfryer Pi&#351;irme Ka&#287;&#305;d&#305; <\/strong><\/p>\n<p align=\"center\">Air Fryer Pi&#351;irme Ka&#287;&#305;d&#305; kaliteli malzeme, toksik olmayan, kokusuz, y&uuml;ksek s&#305;cakl&#305;&#287;a dayan&#305;kl&#305;, g&#305;da maddelerine uygun, a&#287;art&#305;lmam&#305;&#351;, zehirsiz ve BPA i&ccedil;ermez.<\/p>\n<p align=\"center\">Tek Kullan&#305;ml&#305;k Hava Frit&ouml;z Ka&#287;&#305;d&#305; su ge&ccedil;irmez ve gres ge&ccedil;irmezlik ka&#287;&#305;d&#305;, hava fryer y&uuml;z&uuml;n&uuml; g&#305;da kal&#305;nt&#305;lar&#305;ndan ar&#305;nd&#305;r&#305;r, zaman ve emekten tasarruf sa&#287;lar, delikli yap&#305;s&#305; sayesinde buhar&#305; ak&#305;c&#305; bir &#351;ekilde iletir. Delikli yap&#305;s&#305; sayesinde buhar&#305; ak&#305;c&#305; bir &#351;ekilde iletir.<\/p>\n<p align=\"center\">Ya&#287; Ge&ccedil;irmez Yap&#305;&#351;maz Par&#351;&ouml;men Pi&#351;irme Ka&#287;&#305;d&#305; tek kullan&#305;mdan sonra ka&#287;&#305;t astar&#305;n&#305; at&#305;n. Art&#305;k air fryer y&uuml;z&uuml;n&uuml; temizlemeye gerek yok. Hava frit&ouml;z, mikrodalga, f&#305;r&#305;n, vapur, ocak ve benzeri i&ccedil;in uygundur.<\/p>\n<p align=\"center\">G&#305;da Pi&#351;irme Ka&#287;&#305;d&#305; &ccedil;ok ama&ccedil;l&#305; pi&#351;irme i&ccedil;in uygulanabilir, kavurma, k&#305;zartma, g&uuml;nl&uuml;k pi&#351;irme ve benzeri, ev pi&#351;irme i&ccedil;in uygun, mutfak pi&#351;irme ve benzeri, kompakt tasar&#305;m ve pratik.<\/p>\n<p align=\"center\">S&#305;cak hava frit&ouml;zleri i&ccedil;in bu ka&#287;&#305;t altl&#305;klar fazla ya&#287;&#305; emer ve g&#305;dalara yap&#305;&#351;maz, bu da frit&ouml;z&uuml;n temizlenmesini ve bak&#305;m&#305;n&#305; kolayla&#351;t&#305;r&#305;r. Kullan&#305;m&#305; kolay, hafif ve pratiktir ve her yeme&#287;in tad&#305;n&#305; etkilemeden en iyi &#351;ekilde g&ouml;r&uuml;nmesini sa&#287;lar.<\/p>\n<p align=\"center\">Y&#305;rtmaya, katlamaya, kesme veya b&uuml;k&uuml;lme gereklili&#287;i yoktur. Kullan&#305;ma haz&#305;r.<\/p>\n<p align=\"center\"><strong>Paket &#304;&ccedil;eri&#287;i:<\/strong> 50 Adet Yuvarlak Tabak Model&nbsp; Air Fryer Pi&#351;irme Ka&#287;&#305;d&#305;<\/p>\n<p align=\"center\">&Uuml;r&uuml;n Boyutu: 20 cm &Ccedil;ap<\/p>\n","protected":false},"excerpt":{"rendered":"<p>Ally 50 Adet Tek Kullan&#305;ml&#305;k Yap&#305;&#351;maz Airfryer Pi&#351;irme Ka&#287;&#305;d&#305;&#8203; Ally 50 Adet Tek Kullan&#305;ml&#305;k Yap&#305;&#351;maz Airfryer Pi&#351;irme Ka&#287;&#305;d&#305; Air Fryer Pi&#351;irme Ka&#287;&#305;d&#305; kaliteli malzeme, toksik olmayan, kokusuz, y&uuml;ksek s&#305;cakl&#305;&#287;a dayan&#305;kl&#305;, g&#305;da maddelerine uygun, a&#287;art&#305;lmam&#305;&#351;, zehirsiz ve BPA i&ccedil;ermez. Tek Kullan&#305;ml&#305;k Hava Frit&ouml;z Ka&#287;&#305;d&#305; su ge&ccedil;irmez ve gres ge&ccedil;irmezlik ka&#287;&#305;d&#305;, hava fryer y&uuml;z&uuml;n&uuml; g&#305;da kal&#305;nt&#305;lar&#305;ndan ar&#305;nd&#305;r&#305;r,&#8230;<\/p>\n","protected":false},"featured_media":104589,"comment_status":"open","ping_status":"closed","template":"","meta":{"_kad_post_transparent":"","_kad_post_title":"","_kad_post_layout":"","_kad_post_sidebar_id":"","_kad_post_content_style":"","_kad_post_vertical_padding":"","_kad_post_feature":"","_kad_post_feature_position":"","_kad_post_header":false,"_kad_post_footer":false,"_kad_post_classname":""},"product_brand":[],"product_cat":[14156],"product_tag":[],"class_list":{"0":"post-104590","1":"product","2":"type-product","3":"status-publish","4":"has-post-thumbnail","6":"product_cat-pratik-ev-esyalari-ev-gerecleri-ev-yasam-pratik-ev-esyalari-ev-gerecleri-ev-yasam","8":"first","9":"instock","10":"purchasable","11":"product-type-simple","12":"entry","13":"content-bg","14":"loop-entry"},"_links":{"self":[{"href":"https:\/\/www.hediyepazar.com\/index.php?rest_route=\/wp\/v2\/product\/104590","targetHints":{"allow":["GET"]}}],"collection":[{"href":"https:\/\/www.hediyepazar.com\/index.php?rest_route=\/wp\/v2\/product"}],"about":[{"href":"https:\/\/www.hediyepazar.com\/index.php?rest_route=\/wp\/v2\/types\/product"}],"replies":[{"embeddable":true,"href":"https:\/\/www.hediyepazar.com\/index.php?rest_route=%2Fwp%2Fv2%2Fcomments&post=104590"}],"wp:featuredmedia":[{"embeddable":true,"href":"https:\/\/www.hediyepazar.com\/index.php?rest_route=\/wp\/v2\/media\/104589"}],"wp:attachment":[{"href":"https:\/\/www.hediyepazar.com\/index.php?rest_route=%2Fwp%2Fv2%2Fmedia&parent=104590"}],"wp:term":[{"taxonomy":"product_brand","embeddable":true,"href":"https:\/\/www.hediyepazar.com\/index.php?rest_route=%2Fwp%2Fv2%2Fproduct_brand&post=104590"},{"taxonomy":"product_cat","embeddable":true,"href":"https:\/\/www.hediyepazar.com\/index.php?rest_route=%2Fwp%2Fv2%2Fproduct_cat&post=104590"},{"taxonomy":"product_tag","embeddable":true,"href":"https:\/\/www.hediyepazar.com\/index.php?rest_route=%2Fwp%2Fv2%2Fproduct_tag&post=104590"}],"curies":[{"name":"wp","href":"https:\/\/api.w.org\/{rel}","templated":true}]}}