{"id":104592,"date":"2026-05-04T12:40:20","date_gmt":"2026-05-04T15:40:20","guid":{"rendered":"https:\/\/www.hediyepazar.com\/?product=ally-2in1-ayarlanabilir-arac-ici-bardak-ve-telefon-tutucu-5775"},"modified":"2026-05-04T12:40:20","modified_gmt":"2026-05-04T15:40:20","slug":"ally-2in1-ayarlanabilir-arac-ici-bardak-ve-telefon-tutucu-5775","status":"publish","type":"product","link":"https:\/\/www.hediyepazar.com\/?product=ally-2in1-ayarlanabilir-arac-ici-bardak-ve-telefon-tutucu-5775","title":{"rendered":"Ally 2in1 Ayarlanabilir Ara\u00e7 \u0130\u00e7i Bardak ve Telefon Tutucu-(5775)"},"content":{"rendered":"<p><strong>Ally 2in1 Ayarlanabilir Ara&ccedil; &#304;&ccedil;i Bardak ve Telefon Tutucu<\/strong><img decoding=\"async\" data-cke-saved-src=\"https:\/\/cdn.myikas.com\/images\/4b0890c4-46f7-49c5-9b0d-d8f3dae632d6\/71e5f31e-40f0-48be-9658-ea8971086350\/image_1950.webp\" src=\"https:\/\/cdn.myikas.com\/images\/4b0890c4-46f7-49c5-9b0d-d8f3dae632d6\/71e5f31e-40f0-48be-9658-ea8971086350\/image_1950.webp\"\/><img decoding=\"async\" data-cke-saved-src=\"https:\/\/cdn.myikas.com\/images\/4b0890c4-46f7-49c5-9b0d-d8f3dae632d6\/738aabbf-1697-447f-af06-0374b88c565f\/image_1950.webp\" src=\"https:\/\/hepsicdn.com.tr\/static\/product_detail\/hbnet8c44567b_5025511.webp\"><img decoding=\"async\" data-cke-saved-src=\"https:\/\/cdn.myikas.com\/images\/4b0890c4-46f7-49c5-9b0d-d8f3dae632d6\/440635a9-a557-430a-ae22-aab26d238de9\/image_1950.webp\" src=\"https:\/\/hepsicdn.com.tr\/static\/product_detail\/hbnet8c44567b_5025512.webp\"><img decoding=\"async\" data-cke-saved-src=\"https:\/\/cdn.myikas.com\/images\/4b0890c4-46f7-49c5-9b0d-d8f3dae632d6\/fcf80e75-6f16-47e4-92f0-2e07b1f6a9d5\/image_1950.webp\" src=\"https:\/\/hepsicdn.com.tr\/static\/product_detail\/hbnet8c44567b_5025513.webp\"><img decoding=\"async\" data-cke-saved-src=\"https:\/\/cdn.myikas.com\/images\/4b0890c4-46f7-49c5-9b0d-d8f3dae632d6\/76e48d00-df16-4dd7-abce-3a970774e6cb\/image_1950.webp\" src=\"https:\/\/hepsicdn.com.tr\/static\/product_detail\/hbnet8c44567b_5025514.webp\"><img decoding=\"async\" data-cke-saved-src=\"https:\/\/cdn.myikas.com\/images\/4b0890c4-46f7-49c5-9b0d-d8f3dae632d6\/0b6fda0c-d437-45d9-830e-2c7d765c40d3\/image_1950.webp\" src=\"https:\/\/hepsicdn.com.tr\/static\/product_detail\/hbnet8c44567b_5025515.webp\"><img decoding=\"async\" data-cke-saved-src=\"https:\/\/cdn.myikas.com\/images\/4b0890c4-46f7-49c5-9b0d-d8f3dae632d6\/8b077960-4697-4197-8643-e302a919d105\/image_1950.webp\" src=\"https:\/\/hepsicdn.com.tr\/static\/product_detail\/hbnet8c44567b_5025516.webp\"><img decoding=\"async\" data-cke-saved-src=\"https:\/\/cdn.myikas.com\/images\/4b0890c4-46f7-49c5-9b0d-d8f3dae632d6\/27880d58-1f6b-440e-9a89-e4d580b62db1\/image_1950.webp\" src=\"https:\/\/hepsicdn.com.tr\/static\/product_detail\/hbnet8c44567b_5025517.webp\"><\/p>\n<p><strong>Ally 2in1 Ayarlanabilir Ara&ccedil; &#304;&ccedil;i Bardak ve Telefon Tutucu<\/strong><\/p>\n<p align=\"center\">Araba &ccedil;ok ama&ccedil;l&#305; bardakl&#305;k.<\/p>\n<p align=\"center\">Kulplu bardak yuvas&#305;.<\/p>\n<p align=\"center\">Uyarlanabilir elastik levha.<\/p>\n<p align=\"center\">Bardak tutucu 108mm&rsquo;den daha az bir &ccedil;apa sahip bardaklar&#305; tutabilir ve cep telefonu tutucu, 97 mm&#8217;den daha az geni&#351;li&#287;e sahip bir cep telefonu tutabilir.<\/p>\n<p align=\"center\">&Ouml;zellikler:<\/p>\n<p align=\"center\">Boyut: 155*121*161mm<\/p>\n<p align=\"center\">Malzeme: ABS, silikon<\/p>\n<p align=\"center\">A&#287;&#305;rl&#305;k: 337g<\/p>\n","protected":false},"excerpt":{"rendered":"<p>Ally 2in1 Ayarlanabilir Ara&ccedil; &#304;&ccedil;i Bardak ve Telefon Tutucu Ally 2in1 Ayarlanabilir Ara&ccedil; &#304;&ccedil;i Bardak ve Telefon Tutucu Araba &ccedil;ok ama&ccedil;l&#305; bardakl&#305;k. Kulplu bardak yuvas&#305;. Uyarlanabilir elastik levha. Bardak tutucu 108mm&rsquo;den daha az bir &ccedil;apa sahip bardaklar&#305; tutabilir ve cep telefonu tutucu, 97 mm&#8217;den daha az geni&#351;li&#287;e sahip bir cep telefonu tutabilir. &Ouml;zellikler: Boyut: 155*121*161mm&#8230;<\/p>\n","protected":false},"featured_media":104591,"comment_status":"open","ping_status":"closed","template":"","meta":{"_kad_post_transparent":"","_kad_post_title":"","_kad_post_layout":"","_kad_post_sidebar_id":"","_kad_post_content_style":"","_kad_post_vertical_padding":"","_kad_post_feature":"","_kad_post_feature_position":"","_kad_post_header":false,"_kad_post_footer":false,"_kad_post_classname":""},"product_brand":[],"product_cat":[7872],"product_tag":[],"class_list":{"0":"post-104592","1":"product","2":"type-product","3":"status-publish","4":"has-post-thumbnail","6":"product_cat-arac-ici-telefon-tutucular-oto-aksesuarlari-cep-telefonu-elektronik-arac-ici-telefon-tutucular","8":"first","9":"instock","10":"purchasable","11":"product-type-simple","12":"entry","13":"content-bg","14":"loop-entry"},"_links":{"self":[{"href":"https:\/\/www.hediyepazar.com\/index.php?rest_route=\/wp\/v2\/product\/104592","targetHints":{"allow":["GET"]}}],"collection":[{"href":"https:\/\/www.hediyepazar.com\/index.php?rest_route=\/wp\/v2\/product"}],"about":[{"href":"https:\/\/www.hediyepazar.com\/index.php?rest_route=\/wp\/v2\/types\/product"}],"replies":[{"embeddable":true,"href":"https:\/\/www.hediyepazar.com\/index.php?rest_route=%2Fwp%2Fv2%2Fcomments&post=104592"}],"wp:featuredmedia":[{"embeddable":true,"href":"https:\/\/www.hediyepazar.com\/index.php?rest_route=\/wp\/v2\/media\/104591"}],"wp:attachment":[{"href":"https:\/\/www.hediyepazar.com\/index.php?rest_route=%2Fwp%2Fv2%2Fmedia&parent=104592"}],"wp:term":[{"taxonomy":"product_brand","embeddable":true,"href":"https:\/\/www.hediyepazar.com\/index.php?rest_route=%2Fwp%2Fv2%2Fproduct_brand&post=104592"},{"taxonomy":"product_cat","embeddable":true,"href":"https:\/\/www.hediyepazar.com\/index.php?rest_route=%2Fwp%2Fv2%2Fproduct_cat&post=104592"},{"taxonomy":"product_tag","embeddable":true,"href":"https:\/\/www.hediyepazar.com\/index.php?rest_route=%2Fwp%2Fv2%2Fproduct_tag&post=104592"}],"curies":[{"name":"wp","href":"https:\/\/api.w.org\/{rel}","templated":true}]}}