{"id":104594,"date":"2026-05-04T12:40:57","date_gmt":"2026-05-04T15:40:57","guid":{"rendered":"https:\/\/www.hediyepazar.com\/?product=ally-n16-15w-magsafe-uyumlu-arac-ici-telefon-tutucu-5775"},"modified":"2026-05-04T12:40:57","modified_gmt":"2026-05-04T15:40:57","slug":"ally-n16-15w-magsafe-uyumlu-arac-ici-telefon-tutucu-5775","status":"publish","type":"product","link":"https:\/\/www.hediyepazar.com\/?product=ally-n16-15w-magsafe-uyumlu-arac-ici-telefon-tutucu-5775","title":{"rendered":"Ally N16 15W Magsafe Uyumlu Ara\u00e7 \u0130\u00e7i Telefon Tutucu-(5775)"},"content":{"rendered":"<p><strong>Ally N16 15W Magsafe Uyumlu Ara&ccedil; &#304;&ccedil;i Telefon Tutucu<\/strong><img decoding=\"async\" data-cke-saved-src=\"https:\/\/cdn.myikas.com\/images\/4b0890c4-46f7-49c5-9b0d-d8f3dae632d6\/58d7a2d3-475c-40f6-a883-202f4714c613\/image_1950.webp\" src=\"https:\/\/hepsicdn.com.tr\/static\/product_detail\/hbnet39320abe_5025611.webp\"><img decoding=\"async\" data-cke-saved-src=\"https:\/\/cdn.myikas.com\/images\/4b0890c4-46f7-49c5-9b0d-d8f3dae632d6\/2b84b78c-b20a-4c14-8b62-dd05c993823e\/image_1950.webp\" src=\"https:\/\/hepsicdn.com.tr\/static\/product_detail\/hbnet39320abe_5025612.webp\"><img decoding=\"async\" data-cke-saved-src=\"https:\/\/cdn.myikas.com\/images\/4b0890c4-46f7-49c5-9b0d-d8f3dae632d6\/e9f6eb0a-4d11-4ca6-8af4-4c88381fe8fc\/image_1950.webp\" src=\"https:\/\/hepsicdn.com.tr\/static\/product_detail\/hbnet39320abe_5025613.webp\"><img decoding=\"async\" data-cke-saved-src=\"https:\/\/cdn.myikas.com\/images\/4b0890c4-46f7-49c5-9b0d-d8f3dae632d6\/aca61586-7dbe-492f-a36a-ced5f8cc501e\/image_1950.webp\" src=\"https:\/\/hepsicdn.com.tr\/static\/product_detail\/hbnet39320abe_5025614.webp\"><img decoding=\"async\" data-cke-saved-src=\"https:\/\/cdn.myikas.com\/images\/4b0890c4-46f7-49c5-9b0d-d8f3dae632d6\/29924315-f46e-4faf-bbd4-732fa708a73a\/image_1950.webp\" src=\"https:\/\/hepsicdn.com.tr\/static\/product_detail\/hbnet39320abe_5025615.webp\"><br \/><img decoding=\"async\" data-cke-saved-src=\"https:\/\/cdn.myikas.com\/images\/4b0890c4-46f7-49c5-9b0d-d8f3dae632d6\/c0306540-3ead-4a92-8100-f03ec3fe7801\/image_1950.webp\" src=\"https:\/\/hepsicdn.com.tr\/static\/product_detail\/hbnet39320abe_5025616.webp\"><img decoding=\"async\" data-cke-saved-src=\"https:\/\/cdn.myikas.com\/images\/4b0890c4-46f7-49c5-9b0d-d8f3dae632d6\/e84e2670-cd5e-4087-bcff-a283adee032b\/image_1950.webp\" src=\"https:\/\/hepsicdn.com.tr\/static\/product_detail\/hbnet39320abe_5025617.webp\"><img decoding=\"async\" data-cke-saved-src=\"https:\/\/cdn.myikas.com\/images\/4b0890c4-46f7-49c5-9b0d-d8f3dae632d6\/f7f46d86-680e-4539-b8c8-bf0057df1abf\/image_1950.webp\" src=\"https:\/\/hepsicdn.com.tr\/static\/product_detail\/hbnet39320abe_5025618.webp\"><img decoding=\"async\" data-cke-saved-src=\"https:\/\/cdn.myikas.com\/images\/4b0890c4-46f7-49c5-9b0d-d8f3dae632d6\/86959308-be02-48a1-b8e4-14a5cd175b46\/image_1950.webp\" src=\"https:\/\/hepsicdn.com.tr\/static\/product_detail\/hbnet39320abe_5025619.webp\"><\/p>\n<p><strong>Ally N16 15W Magsafe Uyumlu Ara&ccedil; &#304;&ccedil;i Telefon Tutucu<\/strong><\/p>\n<p align=\"center\">Yerle&#351;ik m&#305;knat&#305;s telefonu emer ve &#351;arj ederken d&uuml;&#351;mez.<\/p>\n<p align=\"center\">Geni&#351; alan kaymaz silikon.<\/p>\n<p align=\"center\">Manyetik alan.<\/p>\n<p align=\"center\"><strong>&Ouml;zellikler:<\/strong><\/p>\n<p align=\"center\">Malzeme kalitesi: ABS + silikon<\/p>\n<p align=\"center\">Giri&#351; voltaj&#305;: 5V\/2A; 9V1.3A; 9V1.67A<\/p>\n<p align=\"center\">G&uuml;&ccedil; oran&#305;: 15W, 10W, 7.5W, 5W<\/p>\n<p align=\"center\">&#350;arj mesafesi: &le; 8mm<\/p>\n<p align=\"center\">&Uuml;r&uuml;n boyutu: 59*95*29mm<\/p>\n","protected":false},"excerpt":{"rendered":"<p>Ally N16 15W Magsafe Uyumlu Ara&ccedil; &#304;&ccedil;i Telefon Tutucu Ally N16 15W Magsafe Uyumlu Ara&ccedil; &#304;&ccedil;i Telefon Tutucu Yerle&#351;ik m&#305;knat&#305;s telefonu emer ve &#351;arj ederken d&uuml;&#351;mez. Geni&#351; alan kaymaz silikon. Manyetik alan. &Ouml;zellikler: Malzeme kalitesi: ABS + silikon Giri&#351; voltaj&#305;: 5V\/2A; 9V1.3A; 9V1.67A G&uuml;&ccedil; oran&#305;: 15W, 10W, 7.5W, 5W &#350;arj mesafesi: &le; 8mm &Uuml;r&uuml;n boyutu:&#8230;<\/p>\n","protected":false},"featured_media":104593,"comment_status":"open","ping_status":"closed","template":"","meta":{"_kad_post_transparent":"","_kad_post_title":"","_kad_post_layout":"","_kad_post_sidebar_id":"","_kad_post_content_style":"","_kad_post_vertical_padding":"","_kad_post_feature":"","_kad_post_feature_position":"","_kad_post_header":false,"_kad_post_footer":false,"_kad_post_classname":""},"product_brand":[],"product_cat":[14532],"product_tag":[],"class_list":{"0":"post-104594","1":"product","2":"type-product","3":"status-publish","4":"has-post-thumbnail","6":"product_cat-oto-aksesuarlari-cep-telefonu-elektronik-oto-aksesuarlari","8":"first","9":"instock","10":"purchasable","11":"product-type-simple","12":"entry","13":"content-bg","14":"loop-entry"},"_links":{"self":[{"href":"https:\/\/www.hediyepazar.com\/index.php?rest_route=\/wp\/v2\/product\/104594","targetHints":{"allow":["GET"]}}],"collection":[{"href":"https:\/\/www.hediyepazar.com\/index.php?rest_route=\/wp\/v2\/product"}],"about":[{"href":"https:\/\/www.hediyepazar.com\/index.php?rest_route=\/wp\/v2\/types\/product"}],"replies":[{"embeddable":true,"href":"https:\/\/www.hediyepazar.com\/index.php?rest_route=%2Fwp%2Fv2%2Fcomments&post=104594"}],"wp:featuredmedia":[{"embeddable":true,"href":"https:\/\/www.hediyepazar.com\/index.php?rest_route=\/wp\/v2\/media\/104593"}],"wp:attachment":[{"href":"https:\/\/www.hediyepazar.com\/index.php?rest_route=%2Fwp%2Fv2%2Fmedia&parent=104594"}],"wp:term":[{"taxonomy":"product_brand","embeddable":true,"href":"https:\/\/www.hediyepazar.com\/index.php?rest_route=%2Fwp%2Fv2%2Fproduct_brand&post=104594"},{"taxonomy":"product_cat","embeddable":true,"href":"https:\/\/www.hediyepazar.com\/index.php?rest_route=%2Fwp%2Fv2%2Fproduct_cat&post=104594"},{"taxonomy":"product_tag","embeddable":true,"href":"https:\/\/www.hediyepazar.com\/index.php?rest_route=%2Fwp%2Fv2%2Fproduct_tag&post=104594"}],"curies":[{"name":"wp","href":"https:\/\/api.w.org\/{rel}","templated":true}]}}