{"id":104604,"date":"2026-05-04T12:41:57","date_gmt":"2026-05-04T15:41:57","guid":{"rendered":"https:\/\/www.hediyepazar.com\/?product=ally-teleskopik-cift-tarafli-pratik-cam-silme-fircasi-5775"},"modified":"2026-05-04T12:41:57","modified_gmt":"2026-05-04T15:41:57","slug":"ally-teleskopik-cift-tarafli-pratik-cam-silme-fircasi-5775","status":"publish","type":"product","link":"https:\/\/www.hediyepazar.com\/?product=ally-teleskopik-cift-tarafli-pratik-cam-silme-fircasi-5775","title":{"rendered":"Ally Teleskopik \u00c7ift Tarafl\u0131 Pratik Cam Silme F\u0131r\u00e7as\u0131-(5775)"},"content":{"rendered":"<p><strong>Ally Teleskopik &Ccedil;ift Tarafl&#305; Pratik Cam Silme Aparat&#305;<\/strong><img decoding=\"async\" data-cke-saved-src=\"https:\/\/cdn.myikas.com\/images\/4b0890c4-46f7-49c5-9b0d-d8f3dae632d6\/92cc9272-dc65-46c5-8039-ac350a3a927a\/image_1950.webp\" src=\"https:\/\/cdn.myikas.com\/images\/4b0890c4-46f7-49c5-9b0d-d8f3dae632d6\/92cc9272-dc65-46c5-8039-ac350a3a927a\/image_1950.webp\"\/><img decoding=\"async\" data-cke-saved-src=\"https:\/\/cdn.myikas.com\/images\/4b0890c4-46f7-49c5-9b0d-d8f3dae632d6\/c2059617-8738-4953-90b4-2cbb8a87f2e5\/image_1950.webp\" src=\"https:\/\/hepsicdn.com.tr\/static\/product_detail\/hbnet74a69de4_5026411.webp\"><img decoding=\"async\" data-cke-saved-src=\"https:\/\/cdn.myikas.com\/images\/4b0890c4-46f7-49c5-9b0d-d8f3dae632d6\/ac581930-0912-43c6-9cfe-09c66d6ad7c5\/image_1950.webp\" src=\"https:\/\/hepsicdn.com.tr\/static\/product_detail\/hbnet74a69de4_5026412.webp\"><img decoding=\"async\" data-cke-saved-src=\"https:\/\/cdn.myikas.com\/images\/4b0890c4-46f7-49c5-9b0d-d8f3dae632d6\/0c16a939-b475-4989-8ce7-e2a8c6c374f2\/image_1950.webp\" src=\"https:\/\/hepsicdn.com.tr\/static\/product_detail\/hbnet74a69de4_5026413.webp\"><img decoding=\"async\" data-cke-saved-src=\"https:\/\/cdn.myikas.com\/images\/4b0890c4-46f7-49c5-9b0d-d8f3dae632d6\/2090e68e-3707-492e-9fae-7c022d9079ff\/image_1950.webp\" src=\"https:\/\/hepsicdn.com.tr\/static\/product_detail\/hbnet74a69de4_5026414.webp\"><img decoding=\"async\" data-cke-saved-src=\"https:\/\/cdn.myikas.com\/images\/4b0890c4-46f7-49c5-9b0d-d8f3dae632d6\/28222ab6-2f73-46fe-88f6-ea136420e27a\/image_1950.webp\" src=\"https:\/\/hepsicdn.com.tr\/static\/product_detail\/hbnet74a69de4_5026415.webp\"><img decoding=\"async\" data-cke-saved-src=\"https:\/\/cdn.myikas.com\/images\/4b0890c4-46f7-49c5-9b0d-d8f3dae632d6\/7d6ed93c-ee0c-4486-8001-0e10a22ef398\/image_1950.webp\" src=\"https:\/\/hepsicdn.com.tr\/static\/product_detail\/hbnet74a69de4_5026416.webp\"><img decoding=\"async\" data-cke-saved-src=\"https:\/\/cdn.myikas.com\/images\/4b0890c4-46f7-49c5-9b0d-d8f3dae632d6\/7fc29027-70aa-417a-b5df-da4ac71ddc03\/image_1950.webp\" src=\"https:\/\/hepsicdn.com.tr\/static\/product_detail\/hbnet74a69de4_5026417.webp\"><\/p>\n<p><strong>Ally Teleskopik &Ccedil;ift Tarafl&#305; Pratik Cam Silme Aparat&#305;<\/strong><\/p>\n<p align=\"center\">Bas ve d&ouml;nd&uuml;r.<\/p>\n<p align=\"center\">Boyutlar: 134 x 30 x 9,5cm<\/p>\n","protected":false},"excerpt":{"rendered":"<p>Ally Teleskopik &Ccedil;ift Tarafl&#305; Pratik Cam Silme Aparat&#305; Ally Teleskopik &Ccedil;ift Tarafl&#305; Pratik Cam Silme Aparat&#305; Bas ve d&ouml;nd&uuml;r. Boyutlar: 134 x 30 x 9,5cm<\/p>\n","protected":false},"featured_media":104603,"comment_status":"open","ping_status":"closed","template":"","meta":{"_kad_post_transparent":"","_kad_post_title":"","_kad_post_layout":"","_kad_post_sidebar_id":"","_kad_post_content_style":"","_kad_post_vertical_padding":"","_kad_post_feature":"","_kad_post_feature_position":"","_kad_post_header":false,"_kad_post_footer":false,"_kad_post_classname":""},"product_brand":[],"product_cat":[14467],"product_tag":[],"class_list":{"0":"post-104604","1":"product","2":"type-product","3":"status-publish","4":"has-post-thumbnail","6":"product_cat-banyo-dus-urunleri-cilt-bakimi-kozmetik-banyo-dus-urunleri-cilt-bakimi-kozmetik","8":"first","9":"instock","10":"purchasable","11":"product-type-simple","12":"entry","13":"content-bg","14":"loop-entry"},"_links":{"self":[{"href":"https:\/\/www.hediyepazar.com\/index.php?rest_route=\/wp\/v2\/product\/104604","targetHints":{"allow":["GET"]}}],"collection":[{"href":"https:\/\/www.hediyepazar.com\/index.php?rest_route=\/wp\/v2\/product"}],"about":[{"href":"https:\/\/www.hediyepazar.com\/index.php?rest_route=\/wp\/v2\/types\/product"}],"replies":[{"embeddable":true,"href":"https:\/\/www.hediyepazar.com\/index.php?rest_route=%2Fwp%2Fv2%2Fcomments&post=104604"}],"wp:featuredmedia":[{"embeddable":true,"href":"https:\/\/www.hediyepazar.com\/index.php?rest_route=\/wp\/v2\/media\/104603"}],"wp:attachment":[{"href":"https:\/\/www.hediyepazar.com\/index.php?rest_route=%2Fwp%2Fv2%2Fmedia&parent=104604"}],"wp:term":[{"taxonomy":"product_brand","embeddable":true,"href":"https:\/\/www.hediyepazar.com\/index.php?rest_route=%2Fwp%2Fv2%2Fproduct_brand&post=104604"},{"taxonomy":"product_cat","embeddable":true,"href":"https:\/\/www.hediyepazar.com\/index.php?rest_route=%2Fwp%2Fv2%2Fproduct_cat&post=104604"},{"taxonomy":"product_tag","embeddable":true,"href":"https:\/\/www.hediyepazar.com\/index.php?rest_route=%2Fwp%2Fv2%2Fproduct_tag&post=104604"}],"curies":[{"name":"wp","href":"https:\/\/api.w.org\/{rel}","templated":true}]}}