{"id":104606,"date":"2026-05-04T12:42:02","date_gmt":"2026-05-04T15:42:02","guid":{"rendered":"https:\/\/www.hediyepazar.com\/?product=ally-815b-klima-havalandirma-bolmesi-arac-ici-telefon-tutucu-5775"},"modified":"2026-05-04T12:42:02","modified_gmt":"2026-05-04T15:42:02","slug":"ally-815b-klima-havalandirma-bolmesi-arac-ici-telefon-tutucu-5775","status":"publish","type":"product","link":"https:\/\/www.hediyepazar.com\/?product=ally-815b-klima-havalandirma-bolmesi-arac-ici-telefon-tutucu-5775","title":{"rendered":"Ally 815B Klima Havaland\u0131rma B\u00f6lmesi Ara\u00e7 i\u00e7i Telefon Tutucu-(5775)"},"content":{"rendered":"<p><strong>Ally Klima Havaland&#305;rma B&ouml;lmesi Ara&ccedil; i&ccedil;i Telefon Tutucu<\/strong><img decoding=\"async\" data-cke-saved-src=\"https:\/\/cdn.myikas.com\/images\/4b0890c4-46f7-49c5-9b0d-d8f3dae632d6\/84df85f6-26fd-4a5a-8421-5e12cb02c8de\/image_1950.webp\" src=\"https:\/\/hepsicdn.com.tr\/static\/product_detail\/hbnet4fc4806b_5026611.webp\"><img decoding=\"async\" data-cke-saved-src=\"https:\/\/cdn.myikas.com\/images\/4b0890c4-46f7-49c5-9b0d-d8f3dae632d6\/88b328dd-964e-462c-8b44-e72bd802d2ce\/image_1950.webp\" src=\"https:\/\/hepsicdn.com.tr\/static\/product_detail\/hbnet4fc4806b_5026612.webp\"><img decoding=\"async\" data-cke-saved-src=\"https:\/\/cdn.myikas.com\/images\/4b0890c4-46f7-49c5-9b0d-d8f3dae632d6\/c2483cb1-23dc-47a5-abbc-656ba5a330ab\/image_1950.webp\" src=\"https:\/\/hepsicdn.com.tr\/static\/product_detail\/hbnet4fc4806b_5026613.webp\"><img decoding=\"async\" data-cke-saved-src=\"https:\/\/cdn.myikas.com\/images\/4b0890c4-46f7-49c5-9b0d-d8f3dae632d6\/da87980c-c442-4904-9fd0-a04ab1ab02f5\/image_1950.webp\" src=\"https:\/\/hepsicdn.com.tr\/static\/product_detail\/hbnet4fc4806b_5026614.webp\"><strong>Ally Klima Havaland&#305;rma B&ouml;lmesi Ara&ccedil; i&ccedil;i Telefon Tutucu<br \/><\/strong>Havaland&#305;rma &ccedil;&#305;k&#305;&#351;&#305;na sabitleyerek kullanabilirsiniz.<br \/>Herhangi bir alete ihtiya&ccedil; duymadan kolayca yerle&#351;tirebilirsiniz.<br \/>Tek elle telefonunuzu tak&#305;p &ccedil;&#305;karabilirsiniz.<br \/>Minimalist ve &#351;&#305;k tasar&#305;ma sahiptir.<br \/>S&uuml;r&uuml;c&uuml;n&uuml;n g&ouml;r&uuml;&#351;&uuml;n&uuml; engellemeyerek g&uuml;venli s&uuml;r&uuml;&#351; sa&#287;lar.<br \/>Klips i&ccedil;erisinde bulunan silikon yast&#305;klar telefonun &ccedil;izilmesini engeller.<br \/>&Ouml;zel mekanizmas&#305; sayesinde, telefon tutucu cihaz&#305;n&#305;za sessiz ve sorunsuz &#351;ekilde kenetlenir.<br \/>Kompakt boyutlar&#305; sayesinde kolayca ta&#351;&#305;nabilir.<br \/>Malzeme: PC + ABS<br \/>Uyumluluk: 4.7-6.7 in&ccedil; aral&#305;&#287;&#305;ndaki t&uuml;m telefonlar ile uyumludur.<\/p>\n","protected":false},"excerpt":{"rendered":"<p>Ally Klima Havaland&#305;rma B&ouml;lmesi Ara&ccedil; i&ccedil;i Telefon TutucuAlly Klima Havaland&#305;rma B&ouml;lmesi Ara&ccedil; i&ccedil;i Telefon TutucuHavaland&#305;rma &ccedil;&#305;k&#305;&#351;&#305;na sabitleyerek kullanabilirsiniz.Herhangi bir alete ihtiya&ccedil; duymadan kolayca yerle&#351;tirebilirsiniz.Tek elle telefonunuzu tak&#305;p &ccedil;&#305;karabilirsiniz.Minimalist ve &#351;&#305;k tasar&#305;ma sahiptir.S&uuml;r&uuml;c&uuml;n&uuml;n g&ouml;r&uuml;&#351;&uuml;n&uuml; engellemeyerek g&uuml;venli s&uuml;r&uuml;&#351; sa&#287;lar.Klips i&ccedil;erisinde bulunan silikon yast&#305;klar telefonun &ccedil;izilmesini engeller.&Ouml;zel mekanizmas&#305; sayesinde, telefon tutucu cihaz&#305;n&#305;za sessiz ve sorunsuz &#351;ekilde kenetlenir.Kompakt boyutlar&#305;&#8230;<\/p>\n","protected":false},"featured_media":104605,"comment_status":"open","ping_status":"closed","template":"","meta":{"_kad_post_transparent":"","_kad_post_title":"","_kad_post_layout":"","_kad_post_sidebar_id":"","_kad_post_content_style":"","_kad_post_vertical_padding":"","_kad_post_feature":"","_kad_post_feature_position":"","_kad_post_header":false,"_kad_post_footer":false,"_kad_post_classname":""},"product_brand":[],"product_cat":[14532],"product_tag":[],"class_list":{"0":"post-104606","1":"product","2":"type-product","3":"status-publish","4":"has-post-thumbnail","6":"product_cat-oto-aksesuarlari-cep-telefonu-elektronik-oto-aksesuarlari","8":"first","9":"instock","10":"purchasable","11":"product-type-simple","12":"entry","13":"content-bg","14":"loop-entry"},"_links":{"self":[{"href":"https:\/\/www.hediyepazar.com\/index.php?rest_route=\/wp\/v2\/product\/104606","targetHints":{"allow":["GET"]}}],"collection":[{"href":"https:\/\/www.hediyepazar.com\/index.php?rest_route=\/wp\/v2\/product"}],"about":[{"href":"https:\/\/www.hediyepazar.com\/index.php?rest_route=\/wp\/v2\/types\/product"}],"replies":[{"embeddable":true,"href":"https:\/\/www.hediyepazar.com\/index.php?rest_route=%2Fwp%2Fv2%2Fcomments&post=104606"}],"wp:featuredmedia":[{"embeddable":true,"href":"https:\/\/www.hediyepazar.com\/index.php?rest_route=\/wp\/v2\/media\/104605"}],"wp:attachment":[{"href":"https:\/\/www.hediyepazar.com\/index.php?rest_route=%2Fwp%2Fv2%2Fmedia&parent=104606"}],"wp:term":[{"taxonomy":"product_brand","embeddable":true,"href":"https:\/\/www.hediyepazar.com\/index.php?rest_route=%2Fwp%2Fv2%2Fproduct_brand&post=104606"},{"taxonomy":"product_cat","embeddable":true,"href":"https:\/\/www.hediyepazar.com\/index.php?rest_route=%2Fwp%2Fv2%2Fproduct_cat&post=104606"},{"taxonomy":"product_tag","embeddable":true,"href":"https:\/\/www.hediyepazar.com\/index.php?rest_route=%2Fwp%2Fv2%2Fproduct_tag&post=104606"}],"curies":[{"name":"wp","href":"https:\/\/api.w.org\/{rel}","templated":true}]}}