{"id":104608,"date":"2026-05-04T12:42:06","date_gmt":"2026-05-04T15:42:06","guid":{"rendered":"https:\/\/www.hediyepazar.com\/?product=ally-602b-360-donebilen-miknatisli-arac-havalandirma-telefon-tutucu-5775"},"modified":"2026-05-04T12:42:06","modified_gmt":"2026-05-04T15:42:06","slug":"ally-602b-360-donebilen-miknatisli-arac-havalandirma-telefon-tutucu-5775","status":"publish","type":"product","link":"https:\/\/www.hediyepazar.com\/?product=ally-602b-360-donebilen-miknatisli-arac-havalandirma-telefon-tutucu-5775","title":{"rendered":"Ally 602B 360 D\u00f6nebilen M\u0131knat\u0131sl\u0131 Ara\u00e7 Havaland\u0131rma Telefon Tutucu-(5775)"},"content":{"rendered":"<p><strong>Ally 360 D&ouml;nebilen M&#305;knat&#305;sl&#305; Ara&ccedil; Havaland&#305;rma Telefon Tutucu<\/strong><img decoding=\"async\" data-cke-saved-src=\"https:\/\/cdn.myikas.com\/images\/4b0890c4-46f7-49c5-9b0d-d8f3dae632d6\/8520fe59-1e22-4900-8aa6-c7317b531cae\/image_1950.webp\" src=\"https:\/\/hepsicdn.com.tr\/static\/product_detail\/hbnet7379edee_5026711.webp\"><img decoding=\"async\" data-cke-saved-src=\"https:\/\/cdn.myikas.com\/images\/4b0890c4-46f7-49c5-9b0d-d8f3dae632d6\/88a7fab4-7efa-4270-ba47-023b1af192c2\/image_1950.webp\" src=\"https:\/\/hepsicdn.com.tr\/static\/product_detail\/hbnet7379edee_5026712.webp\"><img decoding=\"async\" data-cke-saved-src=\"https:\/\/cdn.myikas.com\/images\/4b0890c4-46f7-49c5-9b0d-d8f3dae632d6\/a000d6b7-eef8-4939-8836-264fa3823578\/image_1950.webp\" src=\"https:\/\/hepsicdn.com.tr\/static\/product_detail\/hbnet7379edee_5026713.webp\"><img decoding=\"async\" data-cke-saved-src=\"https:\/\/cdn.myikas.com\/images\/4b0890c4-46f7-49c5-9b0d-d8f3dae632d6\/7463338e-ea7c-42a9-9b5a-099ac6d2f0f6\/image_1950.webp\" src=\"https:\/\/hepsicdn.com.tr\/static\/product_detail\/hbnet7379edee_5026714.webp\"><strong>Ally 360 D&ouml;nebilen M&#305;knat&#305;sl&#305; Ara&ccedil; Havaland&#305;rma Telefon Tutucu<br \/><\/strong>Arac&#305;n&#305;z&#305;n havaland&#305;rma &ccedil;&#305;k&#305;&#351;&#305;na kolayca takarak kullanmaya ba&#351;layabilirsiniz.<br \/>Tek elle kullan&#305;m i&ccedil;in idealdir.<br \/>Dayan&#305;kl&#305; ve uzun &ouml;m&uuml;rl&uuml;d&uuml;r<br \/>360&deg; d&ouml;nebilen tasar&#305;m&#305; sayesinde a&ccedil;&#305;y&#305; kendinize g&ouml;re ayarlayabilirsiniz.<br \/>G&uuml;&ccedil;l&uuml; m&#305;knat&#305;slar&#305; sayesinde cep telefonunuzu s&#305;k&#305;ca tutar.<br \/>G&uuml;&ccedil;lendirilmi&#351; m&#305;knat&#305;s, engebeli yollarda dahi telefonunuzun titremesini veya d&uuml;&#351;mesini engeller.<\/p>\n","protected":false},"excerpt":{"rendered":"<p>Ally 360 D&ouml;nebilen M&#305;knat&#305;sl&#305; Ara&ccedil; Havaland&#305;rma Telefon TutucuAlly 360 D&ouml;nebilen M&#305;knat&#305;sl&#305; Ara&ccedil; Havaland&#305;rma Telefon TutucuArac&#305;n&#305;z&#305;n havaland&#305;rma &ccedil;&#305;k&#305;&#351;&#305;na kolayca takarak kullanmaya ba&#351;layabilirsiniz.Tek elle kullan&#305;m i&ccedil;in idealdir.Dayan&#305;kl&#305; ve uzun &ouml;m&uuml;rl&uuml;d&uuml;r360&deg; d&ouml;nebilen tasar&#305;m&#305; sayesinde a&ccedil;&#305;y&#305; kendinize g&ouml;re ayarlayabilirsiniz.G&uuml;&ccedil;l&uuml; m&#305;knat&#305;slar&#305; sayesinde cep telefonunuzu s&#305;k&#305;ca tutar.G&uuml;&ccedil;lendirilmi&#351; m&#305;knat&#305;s, engebeli yollarda dahi telefonunuzun titremesini veya d&uuml;&#351;mesini engeller.<\/p>\n","protected":false},"featured_media":104607,"comment_status":"open","ping_status":"closed","template":"","meta":{"_kad_post_transparent":"","_kad_post_title":"","_kad_post_layout":"","_kad_post_sidebar_id":"","_kad_post_content_style":"","_kad_post_vertical_padding":"","_kad_post_feature":"","_kad_post_feature_position":"","_kad_post_header":false,"_kad_post_footer":false,"_kad_post_classname":""},"product_brand":[],"product_cat":[14532],"product_tag":[],"class_list":{"0":"post-104608","1":"product","2":"type-product","3":"status-publish","4":"has-post-thumbnail","6":"product_cat-oto-aksesuarlari-cep-telefonu-elektronik-oto-aksesuarlari","8":"first","9":"instock","10":"purchasable","11":"product-type-simple","12":"entry","13":"content-bg","14":"loop-entry"},"_links":{"self":[{"href":"https:\/\/www.hediyepazar.com\/index.php?rest_route=\/wp\/v2\/product\/104608","targetHints":{"allow":["GET"]}}],"collection":[{"href":"https:\/\/www.hediyepazar.com\/index.php?rest_route=\/wp\/v2\/product"}],"about":[{"href":"https:\/\/www.hediyepazar.com\/index.php?rest_route=\/wp\/v2\/types\/product"}],"replies":[{"embeddable":true,"href":"https:\/\/www.hediyepazar.com\/index.php?rest_route=%2Fwp%2Fv2%2Fcomments&post=104608"}],"wp:featuredmedia":[{"embeddable":true,"href":"https:\/\/www.hediyepazar.com\/index.php?rest_route=\/wp\/v2\/media\/104607"}],"wp:attachment":[{"href":"https:\/\/www.hediyepazar.com\/index.php?rest_route=%2Fwp%2Fv2%2Fmedia&parent=104608"}],"wp:term":[{"taxonomy":"product_brand","embeddable":true,"href":"https:\/\/www.hediyepazar.com\/index.php?rest_route=%2Fwp%2Fv2%2Fproduct_brand&post=104608"},{"taxonomy":"product_cat","embeddable":true,"href":"https:\/\/www.hediyepazar.com\/index.php?rest_route=%2Fwp%2Fv2%2Fproduct_cat&post=104608"},{"taxonomy":"product_tag","embeddable":true,"href":"https:\/\/www.hediyepazar.com\/index.php?rest_route=%2Fwp%2Fv2%2Fproduct_tag&post=104608"}],"curies":[{"name":"wp","href":"https:\/\/api.w.org\/{rel}","templated":true}]}}