{"id":104620,"date":"2026-05-04T12:43:07","date_gmt":"2026-05-04T15:43:07","guid":{"rendered":"https:\/\/www.hediyepazar.com\/?product=ally-139b-klima-havalandirma-bolmesi-arac-ici-telefon-tutucu-5775"},"modified":"2026-05-04T12:43:07","modified_gmt":"2026-05-04T15:43:07","slug":"ally-139b-klima-havalandirma-bolmesi-arac-ici-telefon-tutucu-5775","status":"publish","type":"product","link":"https:\/\/www.hediyepazar.com\/?product=ally-139b-klima-havalandirma-bolmesi-arac-ici-telefon-tutucu-5775","title":{"rendered":"Ally 139B Klima Havaland\u0131rma B\u00f6lmesi Ara\u00e7 i\u00e7i Telefon Tutucu-(5775)"},"content":{"rendered":"<p><strong>Ally Klima Havaland&#305;rma B&ouml;lmesi Ara&ccedil; i&ccedil;i Telefon Tutucu<\/strong><img decoding=\"async\" data-cke-saved-src=\"https:\/\/cdn.myikas.com\/images\/4b0890c4-46f7-49c5-9b0d-d8f3dae632d6\/ac198f24-8eea-453f-9b56-169af74e04ee\/image_1950.webp\" src=\"https:\/\/hepsicdn.com.tr\/static\/product_detail\/hbnet900407a9_5027311.webp\"><img decoding=\"async\" data-cke-saved-src=\"https:\/\/cdn.myikas.com\/images\/4b0890c4-46f7-49c5-9b0d-d8f3dae632d6\/cbdc6ea7-4b0d-466d-a8be-4c8f01b8d654\/image_1950.webp\" src=\"https:\/\/hepsicdn.com.tr\/static\/product_detail\/hbnet900407a9_5027312.webp\"><img decoding=\"async\" data-cke-saved-src=\"https:\/\/cdn.myikas.com\/images\/4b0890c4-46f7-49c5-9b0d-d8f3dae632d6\/bccffb3f-75d1-4b63-a65b-74873c035175\/image_1950.webp\" src=\"https:\/\/hepsicdn.com.tr\/static\/product_detail\/hbnet900407a9_5027313.webp\"><img decoding=\"async\" data-cke-saved-src=\"https:\/\/cdn.myikas.com\/images\/4b0890c4-46f7-49c5-9b0d-d8f3dae632d6\/48485ded-a2a5-42ce-87c0-916e11a0e718\/image_1950.webp\" src=\"https:\/\/hepsicdn.com.tr\/static\/product_detail\/hbnet900407a9_5027314.webp\"><strong>Ally 139B Klima Havaland&#305;rma B&ouml;lmesi Ara&ccedil; i&ccedil;i Telefon Tutucu<br \/><\/strong>Havaland&#305;rma &ccedil;&#305;k&#305;&#351;&#305;na sabitleyerek kullanabilirsiniz.<br \/>Herhangi bir alete ihtiya&ccedil; duymadan kolayca yerle&#351;tirebilirsiniz.<br \/>Tek elle telefonunuzu tak&#305;p &ccedil;&#305;karabilirsiniz.<br \/>Minimalist ve &#351;&#305;k tasar&#305;ma sahiptir.<br \/>S&uuml;r&uuml;c&uuml;n&uuml;n g&ouml;r&uuml;&#351;&uuml;n&uuml; engellemeyerek g&uuml;venli s&uuml;r&uuml;&#351; sa&#287;lar.<br \/>A&ccedil;&#305;s&#305; ayarlanabilir.<br \/>Kompakt boyutlar&#305; sayesinde kolayca ta&#351;&#305;nabilir.<br \/>Malzeme: ABS<br \/>Uygulanabilir y&uuml;zey: araba klima &ccedil;&#305;k&#305;&#351;&#305;<br \/>Uyumluluk: 4.5-7.0 in&ccedil; cep telefonlar ile uyumludur.<br data-cke-eol=\"1\"\/><\/p>\n","protected":false},"excerpt":{"rendered":"<p>Ally Klima Havaland&#305;rma B&ouml;lmesi Ara&ccedil; i&ccedil;i Telefon TutucuAlly 139B Klima Havaland&#305;rma B&ouml;lmesi Ara&ccedil; i&ccedil;i Telefon TutucuHavaland&#305;rma &ccedil;&#305;k&#305;&#351;&#305;na sabitleyerek kullanabilirsiniz.Herhangi bir alete ihtiya&ccedil; duymadan kolayca yerle&#351;tirebilirsiniz.Tek elle telefonunuzu tak&#305;p &ccedil;&#305;karabilirsiniz.Minimalist ve &#351;&#305;k tasar&#305;ma sahiptir.S&uuml;r&uuml;c&uuml;n&uuml;n g&ouml;r&uuml;&#351;&uuml;n&uuml; engellemeyerek g&uuml;venli s&uuml;r&uuml;&#351; sa&#287;lar.A&ccedil;&#305;s&#305; ayarlanabilir.Kompakt boyutlar&#305; sayesinde kolayca ta&#351;&#305;nabilir.Malzeme: ABSUygulanabilir y&uuml;zey: araba klima &ccedil;&#305;k&#305;&#351;&#305;Uyumluluk: 4.5-7.0 in&ccedil; cep telefonlar ile uyumludur.<\/p>\n","protected":false},"featured_media":104619,"comment_status":"open","ping_status":"closed","template":"","meta":{"_kad_post_transparent":"","_kad_post_title":"","_kad_post_layout":"","_kad_post_sidebar_id":"","_kad_post_content_style":"","_kad_post_vertical_padding":"","_kad_post_feature":"","_kad_post_feature_position":"","_kad_post_header":false,"_kad_post_footer":false,"_kad_post_classname":""},"product_brand":[],"product_cat":[14532],"product_tag":[],"class_list":{"0":"post-104620","1":"product","2":"type-product","3":"status-publish","4":"has-post-thumbnail","6":"product_cat-oto-aksesuarlari-cep-telefonu-elektronik-oto-aksesuarlari","8":"first","9":"instock","10":"purchasable","11":"product-type-simple","12":"entry","13":"content-bg","14":"loop-entry"},"_links":{"self":[{"href":"https:\/\/www.hediyepazar.com\/index.php?rest_route=\/wp\/v2\/product\/104620","targetHints":{"allow":["GET"]}}],"collection":[{"href":"https:\/\/www.hediyepazar.com\/index.php?rest_route=\/wp\/v2\/product"}],"about":[{"href":"https:\/\/www.hediyepazar.com\/index.php?rest_route=\/wp\/v2\/types\/product"}],"replies":[{"embeddable":true,"href":"https:\/\/www.hediyepazar.com\/index.php?rest_route=%2Fwp%2Fv2%2Fcomments&post=104620"}],"wp:featuredmedia":[{"embeddable":true,"href":"https:\/\/www.hediyepazar.com\/index.php?rest_route=\/wp\/v2\/media\/104619"}],"wp:attachment":[{"href":"https:\/\/www.hediyepazar.com\/index.php?rest_route=%2Fwp%2Fv2%2Fmedia&parent=104620"}],"wp:term":[{"taxonomy":"product_brand","embeddable":true,"href":"https:\/\/www.hediyepazar.com\/index.php?rest_route=%2Fwp%2Fv2%2Fproduct_brand&post=104620"},{"taxonomy":"product_cat","embeddable":true,"href":"https:\/\/www.hediyepazar.com\/index.php?rest_route=%2Fwp%2Fv2%2Fproduct_cat&post=104620"},{"taxonomy":"product_tag","embeddable":true,"href":"https:\/\/www.hediyepazar.com\/index.php?rest_route=%2Fwp%2Fv2%2Fproduct_tag&post=104620"}],"curies":[{"name":"wp","href":"https:\/\/api.w.org\/{rel}","templated":true}]}}