{"id":104624,"date":"2026-05-04T12:43:14","date_gmt":"2026-05-04T15:43:14","guid":{"rendered":"https:\/\/www.hediyepazar.com\/?product=ally-arac-ici-havalandirma-telefon-tutucu-5775"},"modified":"2026-05-04T12:43:14","modified_gmt":"2026-05-04T15:43:14","slug":"ally-arac-ici-havalandirma-telefon-tutucu-5775","status":"publish","type":"product","link":"https:\/\/www.hediyepazar.com\/?product=ally-arac-ici-havalandirma-telefon-tutucu-5775","title":{"rendered":"Ally Ara\u00e7 \u0130\u00e7i Havaland\u0131rma Telefon Tutucu-(5775)"},"content":{"rendered":"<p><strong>Ally Ara&ccedil; &#304;&ccedil;i &Ccedil;ok Fonksiyonlu 360 Derece D&ouml;nebilir Telefon Tutucu<\/strong><img decoding=\"async\" data-cke-saved-src=\"https:\/\/cdn.myikas.com\/images\/4b0890c4-46f7-49c5-9b0d-d8f3dae632d6\/0e41a650-eeec-4dcb-af00-c82c92004d89\/image_1950.webp\" src=\"https:\/\/hepsicdn.com.tr\/static\/product_detail\/hbnete20a8841_5027511.webp\"><img decoding=\"async\" data-cke-saved-src=\"https:\/\/cdn.myikas.com\/images\/4b0890c4-46f7-49c5-9b0d-d8f3dae632d6\/95f7c921-84a0-43e6-8ccf-9591a680c9cd\/image_1950.webp\" src=\"https:\/\/hepsicdn.com.tr\/static\/product_detail\/hbnete20a8841_5027512.webp\"><img decoding=\"async\" data-cke-saved-src=\"https:\/\/cdn.myikas.com\/images\/4b0890c4-46f7-49c5-9b0d-d8f3dae632d6\/e81dc474-cea1-4b99-9481-7371d35c16b0\/image_1950.webp\" src=\"https:\/\/hepsicdn.com.tr\/static\/product_detail\/hbnete20a8841_5027513.webp\"><img decoding=\"async\" data-cke-saved-src=\"https:\/\/cdn.myikas.com\/images\/4b0890c4-46f7-49c5-9b0d-d8f3dae632d6\/302296d2-7e27-4907-a170-b861f30d81a5\/image_1950.webp\" src=\"https:\/\/hepsicdn.com.tr\/static\/product_detail\/hbnete20a8841_5027514.webp\"><img decoding=\"async\" data-cke-saved-src=\"https:\/\/cdn.myikas.com\/images\/4b0890c4-46f7-49c5-9b0d-d8f3dae632d6\/247212ae-c068-4172-8c51-e9ebe1020366\/image_1950.webp\" src=\"https:\/\/hepsicdn.com.tr\/static\/product_detail\/hbnete20a8841_5027515.webp\"><img decoding=\"async\" data-cke-saved-src=\"https:\/\/cdn.myikas.com\/images\/4b0890c4-46f7-49c5-9b0d-d8f3dae632d6\/2283497a-0086-4768-b824-86eadfabc2b2\/image_1950.webp\" src=\"https:\/\/hepsicdn.com.tr\/static\/product_detail\/hbnete20a8841_5027516.webp\"><br \/><img decoding=\"async\" data-cke-saved-src=\"https:\/\/cdn.myikas.com\/images\/4b0890c4-46f7-49c5-9b0d-d8f3dae632d6\/c781fa9a-8767-44c6-914f-17a58a43ecb7\/image_1950.webp\" src=\"https:\/\/hepsicdn.com.tr\/static\/product_detail\/hbnete20a8841_5027517.webp\"><\/p>\n<p><strong>Ally Ara&ccedil; &#304;&ccedil;i Havaland&#305;rma Telefon Tutucu<\/strong><\/p>\n<p align=\"center\">Katlanabilir ve geri &ccedil;ekilebilir &ccedil;e&#351;itli formlara girebilir.<\/p>\n<p align=\"center\">Di&#351;lisiz 3 boyutlu mekanik ba&#287;lant&#305;.<\/p>\n<p align=\"center\">&Uuml;&ccedil; boyutsal kelep&ccedil;eli ba&#287;lant&#305;.<\/p>\n<p align=\"center\">Uyumluluk: 66mm-84mm<\/p>\n","protected":false},"excerpt":{"rendered":"<p>Ally Ara&ccedil; &#304;&ccedil;i &Ccedil;ok Fonksiyonlu 360 Derece D&ouml;nebilir Telefon Tutucu Ally Ara&ccedil; &#304;&ccedil;i Havaland&#305;rma Telefon Tutucu Katlanabilir ve geri &ccedil;ekilebilir &ccedil;e&#351;itli formlara girebilir. Di&#351;lisiz 3 boyutlu mekanik ba&#287;lant&#305;. &Uuml;&ccedil; boyutsal kelep&ccedil;eli ba&#287;lant&#305;. Uyumluluk: 66mm-84mm<\/p>\n","protected":false},"featured_media":104623,"comment_status":"open","ping_status":"closed","template":"","meta":{"_kad_post_transparent":"","_kad_post_title":"","_kad_post_layout":"","_kad_post_sidebar_id":"","_kad_post_content_style":"","_kad_post_vertical_padding":"","_kad_post_feature":"","_kad_post_feature_position":"","_kad_post_header":false,"_kad_post_footer":false,"_kad_post_classname":""},"product_brand":[],"product_cat":[14532],"product_tag":[],"class_list":{"0":"post-104624","1":"product","2":"type-product","3":"status-publish","4":"has-post-thumbnail","6":"product_cat-oto-aksesuarlari-cep-telefonu-elektronik-oto-aksesuarlari","8":"first","9":"instock","10":"purchasable","11":"product-type-simple","12":"entry","13":"content-bg","14":"loop-entry"},"_links":{"self":[{"href":"https:\/\/www.hediyepazar.com\/index.php?rest_route=\/wp\/v2\/product\/104624","targetHints":{"allow":["GET"]}}],"collection":[{"href":"https:\/\/www.hediyepazar.com\/index.php?rest_route=\/wp\/v2\/product"}],"about":[{"href":"https:\/\/www.hediyepazar.com\/index.php?rest_route=\/wp\/v2\/types\/product"}],"replies":[{"embeddable":true,"href":"https:\/\/www.hediyepazar.com\/index.php?rest_route=%2Fwp%2Fv2%2Fcomments&post=104624"}],"wp:featuredmedia":[{"embeddable":true,"href":"https:\/\/www.hediyepazar.com\/index.php?rest_route=\/wp\/v2\/media\/104623"}],"wp:attachment":[{"href":"https:\/\/www.hediyepazar.com\/index.php?rest_route=%2Fwp%2Fv2%2Fmedia&parent=104624"}],"wp:term":[{"taxonomy":"product_brand","embeddable":true,"href":"https:\/\/www.hediyepazar.com\/index.php?rest_route=%2Fwp%2Fv2%2Fproduct_brand&post=104624"},{"taxonomy":"product_cat","embeddable":true,"href":"https:\/\/www.hediyepazar.com\/index.php?rest_route=%2Fwp%2Fv2%2Fproduct_cat&post=104624"},{"taxonomy":"product_tag","embeddable":true,"href":"https:\/\/www.hediyepazar.com\/index.php?rest_route=%2Fwp%2Fv2%2Fproduct_tag&post=104624"}],"curies":[{"name":"wp","href":"https:\/\/api.w.org\/{rel}","templated":true}]}}