{"id":104720,"date":"2026-05-04T12:54:01","date_gmt":"2026-05-04T15:54:01","guid":{"rendered":"https:\/\/www.hediyepazar.com\/?product=ally-anti-slayt-kar-icin-universal-arac-lastik-zinciri-5775"},"modified":"2026-05-04T12:54:01","modified_gmt":"2026-05-04T15:54:01","slug":"ally-anti-slayt-kar-icin-universal-arac-lastik-zinciri-5775","status":"publish","type":"product","link":"https:\/\/www.hediyepazar.com\/?product=ally-anti-slayt-kar-icin-universal-arac-lastik-zinciri-5775","title":{"rendered":"Ally Anti-Slayt Kar \u0130\u00e7in Universal Ara\u00e7 Lastik Zinciri-(5775)"},"content":{"rendered":"<p><strong>Ally Anti-Slayt Kar &#304;&ccedil;in Universal Ara&ccedil; Lastik Zinciri<\/strong><img decoding=\"async\" data-cke-saved-src=\"https:\/\/cdn.myikas.com\/images\/4b0890c4-46f7-49c5-9b0d-d8f3dae632d6\/4e66f26c-9121-4893-a7e4-217c428926ff\/image_1950.webp\" src=\"https:\/\/hepsicdn.com.tr\/static\/product_detail\/hbnetd1dcfe61_5034111.webp\"><img decoding=\"async\" data-cke-saved-src=\"https:\/\/cdn.myikas.com\/images\/4b0890c4-46f7-49c5-9b0d-d8f3dae632d6\/397a847d-992d-4168-8c52-35b1a5888a2c\/image_1950.webp\" src=\"https:\/\/hepsicdn.com.tr\/static\/product_detail\/hbnetd1dcfe61_5034112.webp\"><img decoding=\"async\" data-cke-saved-src=\"https:\/\/cdn.myikas.com\/images\/4b0890c4-46f7-49c5-9b0d-d8f3dae632d6\/3506bb3f-4237-46c4-b229-556968faa6e0\/image_1950.webp\" src=\"https:\/\/hepsicdn.com.tr\/static\/product_detail\/hbnetd1dcfe61_5034113.webp\"><img decoding=\"async\" data-cke-saved-src=\"https:\/\/cdn.myikas.com\/images\/4b0890c4-46f7-49c5-9b0d-d8f3dae632d6\/7699ebfb-bdab-46d9-b149-36c6b66a52ba\/image_1950.webp\" src=\"https:\/\/hepsicdn.com.tr\/static\/product_detail\/hbnetd1dcfe61_5034114.webp\"><img decoding=\"async\" data-cke-saved-src=\"https:\/\/cdn.myikas.com\/images\/4b0890c4-46f7-49c5-9b0d-d8f3dae632d6\/1dcccf32-1ae2-464a-b3fe-868618e89510\/image_1950.webp\" src=\"https:\/\/hepsicdn.com.tr\/static\/product_detail\/hbnetd1dcfe61_5034115.webp\"><img decoding=\"async\" data-cke-saved-src=\"https:\/\/cdn.myikas.com\/images\/4b0890c4-46f7-49c5-9b0d-d8f3dae632d6\/7b86179e-6f70-45fa-9520-3e58e4c1b57a\/image_1950.webp\" src=\"https:\/\/hepsicdn.com.tr\/static\/product_detail\/hbnetd1dcfe61_5034116.webp\"><img decoding=\"async\" data-cke-saved-src=\"https:\/\/cdn.myikas.com\/images\/4b0890c4-46f7-49c5-9b0d-d8f3dae632d6\/af132fa4-b956-4ad0-a072-7945ac4680e0\/image_1950.webp\" src=\"https:\/\/hepsicdn.com.tr\/static\/product_detail\/hbnetd1dcfe61_5034117.webp\"><strong>Ally Anti-Slayt Kar &#304;&ccedil;in Universal Ara&ccedil; Lastik Zinciri<\/strong><br \/>Ally Lastik Zinciri, arac&#305;n&#305;z&#305;n kaygan zeminlerde kaymas&#305;n&#305; &ouml;nlemek i&ccedil;in&nbsp;tasarlanm&#305;&#351;t&#305;r.<br \/>&Ouml;zellikle karl&#305; ve buzlu yollarda, lastiklerin normal yol tutu&#351;unu sa&#287;lamas&#305; zor olabilir.<br \/>Bu durumda, Ally lastik zinciri arac&#305;n&#305;z&#305;n daha iyi yol tutu&#351;u sa&#287;lamas&#305;na yard&#305;mc&#305; olur.<br \/>Takmas&#305; olduk&ccedil;a pratiktir.<br \/>&Uuml;r&uuml;n Rengi: Sar&#305;<br \/>Tek &uuml;r&uuml;n boyutu: 95x5cm<br \/>Maeteryal: TPU<br \/>Tek &uuml;r&uuml;n a&#287;&#305;rl&#305;&#287;&#305;: 126g<br \/>Paket i&ccedil;eri&#287;inde 10 adet zincir bulunmaktad&#305;r.<\/p>\n","protected":false},"excerpt":{"rendered":"<p>Ally Anti-Slayt Kar &#304;&ccedil;in Universal Ara&ccedil; Lastik ZinciriAlly Anti-Slayt Kar &#304;&ccedil;in Universal Ara&ccedil; Lastik ZinciriAlly Lastik Zinciri, arac&#305;n&#305;z&#305;n kaygan zeminlerde kaymas&#305;n&#305; &ouml;nlemek i&ccedil;in&nbsp;tasarlanm&#305;&#351;t&#305;r.&Ouml;zellikle karl&#305; ve buzlu yollarda, lastiklerin normal yol tutu&#351;unu sa&#287;lamas&#305; zor olabilir.Bu durumda, Ally lastik zinciri arac&#305;n&#305;z&#305;n daha iyi yol tutu&#351;u sa&#287;lamas&#305;na yard&#305;mc&#305; olur.Takmas&#305; olduk&ccedil;a pratiktir.&Uuml;r&uuml;n Rengi: Sar&#305;Tek &uuml;r&uuml;n boyutu: 95x5cmMaeteryal: TPUTek &uuml;r&uuml;n&#8230;<\/p>\n","protected":false},"featured_media":104719,"comment_status":"open","ping_status":"closed","template":"","meta":{"_kad_post_transparent":"","_kad_post_title":"","_kad_post_layout":"","_kad_post_sidebar_id":"","_kad_post_content_style":"","_kad_post_vertical_padding":"","_kad_post_feature":"","_kad_post_feature_position":"","_kad_post_header":false,"_kad_post_footer":false,"_kad_post_classname":""},"product_brand":[],"product_cat":[14181],"product_tag":[],"class_list":{"0":"post-104720","1":"product","2":"type-product","3":"status-publish","4":"has-post-thumbnail","6":"product_cat-oto-aksesuarlari-oto-aksesuarlari-cep-telefonu-elektronik-oto-bakim-seti","8":"first","9":"instock","10":"purchasable","11":"product-type-simple","12":"entry","13":"content-bg","14":"loop-entry"},"_links":{"self":[{"href":"https:\/\/www.hediyepazar.com\/index.php?rest_route=\/wp\/v2\/product\/104720","targetHints":{"allow":["GET"]}}],"collection":[{"href":"https:\/\/www.hediyepazar.com\/index.php?rest_route=\/wp\/v2\/product"}],"about":[{"href":"https:\/\/www.hediyepazar.com\/index.php?rest_route=\/wp\/v2\/types\/product"}],"replies":[{"embeddable":true,"href":"https:\/\/www.hediyepazar.com\/index.php?rest_route=%2Fwp%2Fv2%2Fcomments&post=104720"}],"wp:featuredmedia":[{"embeddable":true,"href":"https:\/\/www.hediyepazar.com\/index.php?rest_route=\/wp\/v2\/media\/104719"}],"wp:attachment":[{"href":"https:\/\/www.hediyepazar.com\/index.php?rest_route=%2Fwp%2Fv2%2Fmedia&parent=104720"}],"wp:term":[{"taxonomy":"product_brand","embeddable":true,"href":"https:\/\/www.hediyepazar.com\/index.php?rest_route=%2Fwp%2Fv2%2Fproduct_brand&post=104720"},{"taxonomy":"product_cat","embeddable":true,"href":"https:\/\/www.hediyepazar.com\/index.php?rest_route=%2Fwp%2Fv2%2Fproduct_cat&post=104720"},{"taxonomy":"product_tag","embeddable":true,"href":"https:\/\/www.hediyepazar.com\/index.php?rest_route=%2Fwp%2Fv2%2Fproduct_tag&post=104720"}],"curies":[{"name":"wp","href":"https:\/\/api.w.org\/{rel}","templated":true}]}}