{"id":104744,"date":"2026-05-04T12:56:08","date_gmt":"2026-05-04T15:56:08","guid":{"rendered":"https:\/\/www.hediyepazar.com\/?product=memo-cx01-manyetik-cep-telefon-sogutma-fani-radyator-sogutucu-5775"},"modified":"2026-05-04T12:56:08","modified_gmt":"2026-05-04T15:56:08","slug":"memo-cx01-manyetik-cep-telefon-sogutma-fani-radyator-sogutucu-5775","status":"publish","type":"product","link":"https:\/\/www.hediyepazar.com\/?product=memo-cx01-manyetik-cep-telefon-sogutma-fani-radyator-sogutucu-5775","title":{"rendered":"Memo CX01 Manyetik Cep Telefon So\u011futma Fan\u0131 Radyat\u00f6r So\u011futucu-(5775)"},"content":{"rendered":"<p><strong>Memo CX01 Manyetik Cep Telefon So&#287;utma Fan&#305; Radyat&ouml;r So&#287;utucu<\/strong><img decoding=\"async\" data-cke-saved-src=\"https:\/\/cdn.myikas.com\/images\/4b0890c4-46f7-49c5-9b0d-d8f3dae632d6\/8b02c7d2-380f-4131-842b-40df7439cb31\/image_1950.webp\" src=\"https:\/\/hepsicdn.com.tr\/static\/product_detail\/hbnet46eb3b99_5035711.webp\"><img decoding=\"async\" data-cke-saved-src=\"https:\/\/cdn.myikas.com\/images\/4b0890c4-46f7-49c5-9b0d-d8f3dae632d6\/bf1ba9ce-7309-4d32-978c-f2df5b6a70f1\/image_1950.webp\" src=\"https:\/\/hepsicdn.com.tr\/static\/product_detail\/hbnet46eb3b99_5035712.webp\"><img decoding=\"async\" data-cke-saved-src=\"https:\/\/cdn.myikas.com\/images\/4b0890c4-46f7-49c5-9b0d-d8f3dae632d6\/c5732e2a-a9b8-4c7f-9f4c-7a385dcf2ec6\/image_1950.webp\" src=\"https:\/\/hepsicdn.com.tr\/static\/product_detail\/hbnet46eb3b99_5035713.webp\"><img decoding=\"async\" data-cke-saved-src=\"https:\/\/cdn.myikas.com\/images\/4b0890c4-46f7-49c5-9b0d-d8f3dae632d6\/bc5cca5c-4d97-4a74-b8f1-257ba26fa0f1\/image_1950.webp\" src=\"https:\/\/hepsicdn.com.tr\/static\/product_detail\/hbnet46eb3b99_5035714.webp\"><img decoding=\"async\" data-cke-saved-src=\"https:\/\/cdn.myikas.com\/images\/4b0890c4-46f7-49c5-9b0d-d8f3dae632d6\/bf8027c9-6b09-4b42-9b71-41d73336269d\/image_1950.webp\" src=\"https:\/\/hepsicdn.com.tr\/static\/product_detail\/hbnet46eb3b99_5035715.webp\"><img decoding=\"async\" data-cke-saved-src=\"https:\/\/cdn.myikas.com\/images\/4b0890c4-46f7-49c5-9b0d-d8f3dae632d6\/4783e79a-0ac9-4fca-9caf-76e7ddd7fa59\/image_1950.webp\" src=\"https:\/\/hepsicdn.com.tr\/static\/product_detail\/hbnet46eb3b99_5035716.webp\"><img decoding=\"async\" data-cke-saved-src=\"https:\/\/cdn.myikas.com\/images\/4b0890c4-46f7-49c5-9b0d-d8f3dae632d6\/2b58e3e6-d1fc-4203-8afc-a2feba0de6f6\/image_1950.webp\" src=\"https:\/\/hepsicdn.com.tr\/static\/product_detail\/hbnet46eb3b99_5035717.webp\">&#8203;<strong>Memo CX01 Manyetik Cep Telefon So&#287;utma Fan&#305; Radyat&ouml;r So&#287;utucu<\/strong><br \/>Memo CX01 Manyetik Cep Telefon So&#287;utma Fan&#305; Radyat&ouml;r So&#287;utucu ile oyun oynamak daha keyifli.<br \/>M&#305;knat&#305;sl&#305; tasar&#305;m&#305; ile telefonunuzun arkas&#305;na yap&#305;&#351;&#305;r.<br \/>H&#305;zl&#305; bir &#351;ekilde so&#287;utarak cihaz&#305;n&#305;za zarar vermez.<br \/>H&#305;zl&#305; fanl&#305; yap&#305;s&#305; ile kaliteli bir deneyim ya&#351;at&#305;r.<br \/>Hafif ve &#351;&#305;k tasar&#305;m&#305; ile ta&#351;&#305;mas&#305; kolayd&#305;r.<br \/>RGB &#305;&#351;&#305;kl&#305; tasar&#305;m&#305; ile ayd&#305;nlatma efektleri cihaz&#305;n&#305;za hava katar.<br \/>Telefon so&#287;utucusu 67-88mm geni&#351;li&#287;inde cihazlar&#305; destekler.<br \/>Ayn&#305; zamanda stand olarak da kullanabilirsiniz.<br \/>Paket &#304;&ccedil;eri&#287;i:<br \/>1 x Memo CX01 Manyetik Cep Telefon So&#287;utma Fan&#305; Radyat&ouml;r So&#287;utucu<br \/>1 x Type-c &#351;arj kablosu<\/p>\n","protected":false},"excerpt":{"rendered":"<p>Memo CX01 Manyetik Cep Telefon So&#287;utma Fan&#305; Radyat&ouml;r So&#287;utucu&#8203;Memo CX01 Manyetik Cep Telefon So&#287;utma Fan&#305; Radyat&ouml;r So&#287;utucuMemo CX01 Manyetik Cep Telefon So&#287;utma Fan&#305; Radyat&ouml;r So&#287;utucu ile oyun oynamak daha keyifli.M&#305;knat&#305;sl&#305; tasar&#305;m&#305; ile telefonunuzun arkas&#305;na yap&#305;&#351;&#305;r.H&#305;zl&#305; bir &#351;ekilde so&#287;utarak cihaz&#305;n&#305;za zarar vermez.H&#305;zl&#305; fanl&#305; yap&#305;s&#305; ile kaliteli bir deneyim ya&#351;at&#305;r.Hafif ve &#351;&#305;k tasar&#305;m&#305; ile ta&#351;&#305;mas&#305; kolayd&#305;r.RGB &#305;&#351;&#305;kl&#305;&#8230;<\/p>\n","protected":false},"featured_media":104743,"comment_status":"open","ping_status":"closed","template":"","meta":{"_kad_post_transparent":"","_kad_post_title":"","_kad_post_layout":"","_kad_post_sidebar_id":"","_kad_post_content_style":"","_kad_post_vertical_padding":"","_kad_post_feature":"","_kad_post_feature_position":"","_kad_post_header":false,"_kad_post_footer":false,"_kad_post_classname":""},"product_brand":[],"product_cat":[14491],"product_tag":[],"class_list":{"0":"post-104744","1":"product","2":"type-product","3":"status-publish","4":"has-post-thumbnail","6":"product_cat-oyun-aksesuar-giyilebilir-teknoloji-elektronik-oyun-aksesuar","8":"first","9":"instock","10":"purchasable","11":"product-type-simple","12":"entry","13":"content-bg","14":"loop-entry"},"_links":{"self":[{"href":"https:\/\/www.hediyepazar.com\/index.php?rest_route=\/wp\/v2\/product\/104744","targetHints":{"allow":["GET"]}}],"collection":[{"href":"https:\/\/www.hediyepazar.com\/index.php?rest_route=\/wp\/v2\/product"}],"about":[{"href":"https:\/\/www.hediyepazar.com\/index.php?rest_route=\/wp\/v2\/types\/product"}],"replies":[{"embeddable":true,"href":"https:\/\/www.hediyepazar.com\/index.php?rest_route=%2Fwp%2Fv2%2Fcomments&post=104744"}],"wp:featuredmedia":[{"embeddable":true,"href":"https:\/\/www.hediyepazar.com\/index.php?rest_route=\/wp\/v2\/media\/104743"}],"wp:attachment":[{"href":"https:\/\/www.hediyepazar.com\/index.php?rest_route=%2Fwp%2Fv2%2Fmedia&parent=104744"}],"wp:term":[{"taxonomy":"product_brand","embeddable":true,"href":"https:\/\/www.hediyepazar.com\/index.php?rest_route=%2Fwp%2Fv2%2Fproduct_brand&post=104744"},{"taxonomy":"product_cat","embeddable":true,"href":"https:\/\/www.hediyepazar.com\/index.php?rest_route=%2Fwp%2Fv2%2Fproduct_cat&post=104744"},{"taxonomy":"product_tag","embeddable":true,"href":"https:\/\/www.hediyepazar.com\/index.php?rest_route=%2Fwp%2Fv2%2Fproduct_tag&post=104744"}],"curies":[{"name":"wp","href":"https:\/\/api.w.org\/{rel}","templated":true}]}}