{"id":104796,"date":"2026-05-04T13:02:05","date_gmt":"2026-05-04T16:02:05","guid":{"rendered":"https:\/\/www.hediyepazar.com\/?product=ally-anti-kambur-cocuk-oturus-ve-durus-duzeltici-stand-5775"},"modified":"2026-05-04T13:02:05","modified_gmt":"2026-05-04T16:02:05","slug":"ally-anti-kambur-cocuk-oturus-ve-durus-duzeltici-stand-5775","status":"publish","type":"product","link":"https:\/\/www.hediyepazar.com\/?product=ally-anti-kambur-cocuk-oturus-ve-durus-duzeltici-stand-5775","title":{"rendered":"Ally Anti-Kambur \u00c7ocuk Oturu\u015f ve Duru\u015f D\u00fczeltici Stand-(5775)"},"content":{"rendered":"<p><strong>Ally Anti-Kambur &Ccedil;ocuk Oturu&#351; ve Duru&#351; D&uuml;zeltici Stand<\/strong><img decoding=\"async\" data-cke-saved-src=\"https:\/\/cdn.myikas.com\/images\/4b0890c4-46f7-49c5-9b0d-d8f3dae632d6\/e9a3ecdd-4829-49ef-9461-6de4686cf805\/image_1950.webp\" src=\"https:\/\/hepsicdn.com.tr\/static\/product_detail\/hbnetd0c16c64_5039111.webp\">&#8203;<br \/><img decoding=\"async\" data-cke-saved-src=\"https:\/\/cdn.myikas.com\/images\/4b0890c4-46f7-49c5-9b0d-d8f3dae632d6\/bed6837d-4558-4fe3-a39c-e453e3a5aca2\/image_1950.webp\" src=\"https:\/\/hepsicdn.com.tr\/static\/product_detail\/hbnetd0c16c64_5039112.webp\"><img decoding=\"async\" data-cke-saved-src=\"https:\/\/cdn.myikas.com\/images\/4b0890c4-46f7-49c5-9b0d-d8f3dae632d6\/573d64e9-6bec-418f-977a-de276a2bd3c2\/image_1950.webp\" src=\"https:\/\/hepsicdn.com.tr\/static\/product_detail\/hbnetd0c16c64_5039113.webp\"><img decoding=\"async\" data-cke-saved-src=\"https:\/\/cdn.myikas.com\/images\/4b0890c4-46f7-49c5-9b0d-d8f3dae632d6\/5b46ffa2-5c53-4422-a698-d339c88f4ce1\/image_1950.webp\" src=\"https:\/\/hepsicdn.com.tr\/static\/product_detail\/hbnetd0c16c64_5039114.webp\"><img decoding=\"async\" data-cke-saved-src=\"https:\/\/cdn.myikas.com\/images\/4b0890c4-46f7-49c5-9b0d-d8f3dae632d6\/c6d2825d-07d0-4528-b2a0-64fda653ca68\/image_1950.webp\" src=\"https:\/\/hepsicdn.com.tr\/static\/product_detail\/hbnetd0c16c64_5039115.webp\"><img decoding=\"async\" data-cke-saved-src=\"https:\/\/cdn.myikas.com\/images\/4b0890c4-46f7-49c5-9b0d-d8f3dae632d6\/aaf092dd-2292-4f07-8398-c1239ab06c03\/image_1950.webp\" src=\"https:\/\/hepsicdn.com.tr\/static\/product_detail\/hbnetd0c16c64_5039116.webp\"><\/p>\n<div><strong><span style=\"font-size: 13px;\">Ally Anti-Kambur &Ccedil;ocuk Oturu&#351; ve Duru&#351; D&uuml;zeltici Stand&nbsp;<\/span><\/strong><\/div>\n<div><span style=\"font-size: 13px;\">Ally Anti-Kambur &Ccedil;ocuk Oturu&#351; ve Duru&#351; D&uuml;zeltici Stand ile &ccedil;ocu&#287;unuz ders &ccedil;al&#305;&#351;&#305;rken art&#305;k daha rahat.<\/span><\/div>\n<div><span style=\"font-size: 13px;\">Uzun s&uuml;re masa ba&#351;&#305;nda duru&#351;unuzu sabitlemek i&ccedil;in idealdir.<\/span><\/div>\n<div><span style=\"font-size: 13px;\">Ka&#287;&#305;da bak&#305;&#351; mesafenizi ve duru&#351;unuzu bu &uuml;r&uuml;n&uuml; kullanarak sa&#287;l&#305;kl&#305; hale &ccedil;evirebilirsiniz.<\/span><\/div>\n<div><span style=\"font-size: 13px;\">Y&uuml;kseltilebilir tasar&#305;m&#305; ile boya g&ouml;re ayarlayabilirsiniz.<\/span><\/div>\n<div><span style=\"font-size: 13px;\">Yazarken, otururken, resim yaparken veya di&#287;er durumlarda kullanmak i&ccedil;in uygundur.<\/span><\/div>\n<div><span style=\"font-size: 13px;\">Hafif ve ta&#351;&#305;mas&#305; kolay tasar&#305;ma sahiptir.<\/span><\/div>\n<div><span style=\"font-size: 13px;\">Yast&#305;kl&#305; tasar&#305;m&#305; ile &ccedil;al&#305;&#351;&#305;rken kestirmek i&ccedil;in idealdir.<\/span><\/div>\n<div><span style=\"font-size: 13px;\">Ba&#351;&#305;n&#305;z&#305; masaya koydu&#287;unuzda olu&#351;an duru&#351; bozukluklar&#305;n&#305; engeller.<\/span><\/div>\n<div><span style=\"font-size: 13px;\">Konforlu bir tasar&#305;ma sahiptir.<\/span><\/div>\n<div><span style=\"font-size: 13px;\">&Uuml;r&uuml;n Boyutlar&#305;: 16cm*18cm<\/span><\/div>\n<div><span style=\"font-size: 13px;\">Malzeme : ABS * Silikon<\/span><\/div>\n<div><span style=\"font-size: 13px;\">Paket &#304;&ccedil;eri&#287;i:<\/span><\/div>\n<div><span style=\"font-size: 13px;\">1 x Ally Anti-Kambur &Ccedil;ocuk Oturu&#351; ve Duru&#351; D&uuml;zeltici Stand<\/span><\/div>\n","protected":false},"excerpt":{"rendered":"<p>Ally Anti-Kambur &Ccedil;ocuk Oturu&#351; ve Duru&#351; D&uuml;zeltici Stand&#8203; Ally Anti-Kambur &Ccedil;ocuk Oturu&#351; ve Duru&#351; D&uuml;zeltici Stand&nbsp; Ally Anti-Kambur &Ccedil;ocuk Oturu&#351; ve Duru&#351; D&uuml;zeltici Stand ile &ccedil;ocu&#287;unuz ders &ccedil;al&#305;&#351;&#305;rken art&#305;k daha rahat. Uzun s&uuml;re masa ba&#351;&#305;nda duru&#351;unuzu sabitlemek i&ccedil;in idealdir. Ka&#287;&#305;da bak&#305;&#351; mesafenizi ve duru&#351;unuzu bu &uuml;r&uuml;n&uuml; kullanarak sa&#287;l&#305;kl&#305; hale &ccedil;evirebilirsiniz. Y&uuml;kseltilebilir tasar&#305;m&#305; ile boya g&ouml;re&#8230;<\/p>\n","protected":false},"featured_media":104795,"comment_status":"open","ping_status":"closed","template":"","meta":{"_kad_post_transparent":"","_kad_post_title":"","_kad_post_layout":"","_kad_post_sidebar_id":"","_kad_post_content_style":"","_kad_post_vertical_padding":"","_kad_post_feature":"","_kad_post_feature_position":"","_kad_post_header":false,"_kad_post_footer":false,"_kad_post_classname":""},"product_brand":[],"product_cat":[14289],"product_tag":[],"class_list":{"0":"post-104796","1":"product","2":"type-product","3":"status-publish","4":"has-post-thumbnail","6":"product_cat-diger-saglik-urunleri-genel-saglik-saglik-supermarket-diger-saglik-urunleri","8":"first","9":"instock","10":"purchasable","11":"product-type-simple","12":"entry","13":"content-bg","14":"loop-entry"},"_links":{"self":[{"href":"https:\/\/www.hediyepazar.com\/index.php?rest_route=\/wp\/v2\/product\/104796","targetHints":{"allow":["GET"]}}],"collection":[{"href":"https:\/\/www.hediyepazar.com\/index.php?rest_route=\/wp\/v2\/product"}],"about":[{"href":"https:\/\/www.hediyepazar.com\/index.php?rest_route=\/wp\/v2\/types\/product"}],"replies":[{"embeddable":true,"href":"https:\/\/www.hediyepazar.com\/index.php?rest_route=%2Fwp%2Fv2%2Fcomments&post=104796"}],"wp:featuredmedia":[{"embeddable":true,"href":"https:\/\/www.hediyepazar.com\/index.php?rest_route=\/wp\/v2\/media\/104795"}],"wp:attachment":[{"href":"https:\/\/www.hediyepazar.com\/index.php?rest_route=%2Fwp%2Fv2%2Fmedia&parent=104796"}],"wp:term":[{"taxonomy":"product_brand","embeddable":true,"href":"https:\/\/www.hediyepazar.com\/index.php?rest_route=%2Fwp%2Fv2%2Fproduct_brand&post=104796"},{"taxonomy":"product_cat","embeddable":true,"href":"https:\/\/www.hediyepazar.com\/index.php?rest_route=%2Fwp%2Fv2%2Fproduct_cat&post=104796"},{"taxonomy":"product_tag","embeddable":true,"href":"https:\/\/www.hediyepazar.com\/index.php?rest_route=%2Fwp%2Fv2%2Fproduct_tag&post=104796"}],"curies":[{"name":"wp","href":"https:\/\/api.w.org\/{rel}","templated":true}]}}