{"id":104798,"date":"2026-05-04T13:02:10","date_gmt":"2026-05-04T16:02:10","guid":{"rendered":"https:\/\/www.hediyepazar.com\/?product=ally-anti-miyop-cocuk-oturus-ve-durus-duzeltici-stand-5775"},"modified":"2026-05-04T13:02:10","modified_gmt":"2026-05-04T16:02:10","slug":"ally-anti-miyop-cocuk-oturus-ve-durus-duzeltici-stand-5775","status":"publish","type":"product","link":"https:\/\/www.hediyepazar.com\/?product=ally-anti-miyop-cocuk-oturus-ve-durus-duzeltici-stand-5775","title":{"rendered":"Ally Anti-Miyop \u00c7ocuk Oturu\u015f ve Duru\u015f D\u00fczeltici Stand-(5775)"},"content":{"rendered":"<p><strong>Ally &Ccedil;ocuklar &#304;&ccedil;in T &#350;ekil Y&uuml;kseklik Ayarlanabilir Duru&#351; D&uuml;zeltici Stand<\/strong><img decoding=\"async\" data-cke-saved-src=\"https:\/\/cdn.myikas.com\/images\/4b0890c4-46f7-49c5-9b0d-d8f3dae632d6\/5d826898-7bdb-48ad-b9ef-7ce408609c79\/image_1950.webp\" src=\"https:\/\/hepsicdn.com.tr\/static\/product_detail\/hbneta6a2bf53_5039211.webp\"><img decoding=\"async\" data-cke-saved-src=\"https:\/\/cdn.myikas.com\/images\/4b0890c4-46f7-49c5-9b0d-d8f3dae632d6\/d7b7a79e-f47f-43d6-a663-0d731fa32021\/image_1950.webp\" src=\"https:\/\/hepsicdn.com.tr\/static\/product_detail\/hbneta6a2bf53_5039212.webp\"><img decoding=\"async\" data-cke-saved-src=\"https:\/\/cdn.myikas.com\/images\/4b0890c4-46f7-49c5-9b0d-d8f3dae632d6\/88973985-a9d0-4cbd-a21f-1bd79ffc01d0\/image_1950.webp\" src=\"https:\/\/hepsicdn.com.tr\/static\/product_detail\/hbneta6a2bf53_5039213.webp\"><img decoding=\"async\" data-cke-saved-src=\"https:\/\/cdn.myikas.com\/images\/4b0890c4-46f7-49c5-9b0d-d8f3dae632d6\/cb1bf050-b416-41e3-96d4-5e1d48fe6ac7\/image_1950.webp\" src=\"https:\/\/hepsicdn.com.tr\/static\/product_detail\/hbneta6a2bf53_5039214.webp\"><img decoding=\"async\" data-cke-saved-src=\"https:\/\/cdn.myikas.com\/images\/4b0890c4-46f7-49c5-9b0d-d8f3dae632d6\/c7b557e8-3bc0-485f-8b72-85b8b139a0f2\/image_1950.webp\" src=\"https:\/\/hepsicdn.com.tr\/static\/product_detail\/hbneta6a2bf53_5039215.webp\">&#8203;<img decoding=\"async\" data-cke-saved-src=\"https:\/\/cdn.myikas.com\/images\/4b0890c4-46f7-49c5-9b0d-d8f3dae632d6\/4a2aba4d-6725-4b24-998d-a5f11077102e\/image_1950.webp\" src=\"https:\/\/hepsicdn.com.tr\/static\/product_detail\/hbneta6a2bf53_5039216.webp\"><img decoding=\"async\" data-cke-saved-src=\"https:\/\/cdn.myikas.com\/images\/4b0890c4-46f7-49c5-9b0d-d8f3dae632d6\/8857b877-a58a-4735-a692-fae5e0759286\/image_1950.webp\" src=\"https:\/\/hepsicdn.com.tr\/static\/product_detail\/hbneta6a2bf53_5039217.webp\"><img decoding=\"async\" data-cke-saved-src=\"https:\/\/cdn.myikas.com\/images\/4b0890c4-46f7-49c5-9b0d-d8f3dae632d6\/e9470f9f-6ef9-4cbb-a407-d7afcc3d8657\/image_1950.webp\" src=\"https:\/\/hepsicdn.com.tr\/static\/product_detail\/hbneta6a2bf53_5039218.webp\"><img decoding=\"async\" data-cke-saved-src=\"https:\/\/cdn.myikas.com\/images\/4b0890c4-46f7-49c5-9b0d-d8f3dae632d6\/502ca36b-2581-407e-abaf-d77679d4e78b\/image_1950.webp\" src=\"https:\/\/hepsicdn.com.tr\/static\/product_detail\/hbneta6a2bf53_5039219.webp\"><\/p>\n<div><strong><span style=\"font-size: 13px;\">Ally Anti-Miyop &Ccedil;ocuk Oturu&#351; ve Duru&#351; D&uuml;zeltici Stand<\/span><\/strong><\/div>\n<div><span style=\"font-size: 13px;\">Ally Anti-Miyop &Ccedil;ocuk Oturu&#351; ve Duru&#351; D&uuml;zeltici Stand ile &ccedil;ocu&#287;unuz ders &ccedil;al&#305;&#351;&#305;rken art&#305;k daha rahat.<\/span><\/div>\n<div><span style=\"font-size: 13px;\">Uzun s&uuml;re masa ba&#351;&#305;nda duru&#351;unuzu sabitlemek i&ccedil;in idealdir.<\/span><\/div>\n<div><span style=\"font-size: 13px;\">Ka&#287;&#305;da bak&#305;&#351; mesafenizi ve duru&#351;unuzu bu &uuml;r&uuml;n&uuml; kullanarak sa&#287;l&#305;kl&#305; hale &ccedil;evirebilirsiniz.<\/span><\/div>\n<div><span style=\"font-size: 13px;\">Y&uuml;kseltilebilir tasar&#305;m&#305; ile boya g&ouml;re ayarlayabilirsiniz.<\/span><\/div>\n<div><span style=\"font-size: 13px;\">Yazarken, otururken, resim yaparken veya di&#287;er durumlarda kullanmak i&ccedil;in uygundur.<\/span><\/div>\n<div><span style=\"font-size: 13px;\">Hafif ve ta&#351;&#305;mas&#305; kolay tasar&#305;ma sahiptir.<\/span><\/div>\n<div><span style=\"font-size: 13px;\">&Uuml;r&uuml;n Boyutu: 15cm*20cm<\/span><\/div>\n<div><span style=\"font-size: 13px;\">Malzeme: ABS * Silikon<\/span><\/div>\n<div><span style=\"font-size: 13px;\">Paket &#304;&ccedil;eri&#287;i:<\/span><\/div>\n<div><span style=\"font-size: 13px;\">1 x Ally Anti-Miyop &Ccedil;ocuk Oturu&#351; ve Duru&#351; D&uuml;zeltici Stand<\/span><\/div>\n","protected":false},"excerpt":{"rendered":"<p>Ally &Ccedil;ocuklar &#304;&ccedil;in T &#350;ekil Y&uuml;kseklik Ayarlanabilir Duru&#351; D&uuml;zeltici Stand&#8203; Ally Anti-Miyop &Ccedil;ocuk Oturu&#351; ve Duru&#351; D&uuml;zeltici Stand Ally Anti-Miyop &Ccedil;ocuk Oturu&#351; ve Duru&#351; D&uuml;zeltici Stand ile &ccedil;ocu&#287;unuz ders &ccedil;al&#305;&#351;&#305;rken art&#305;k daha rahat. Uzun s&uuml;re masa ba&#351;&#305;nda duru&#351;unuzu sabitlemek i&ccedil;in idealdir. Ka&#287;&#305;da bak&#305;&#351; mesafenizi ve duru&#351;unuzu bu &uuml;r&uuml;n&uuml; kullanarak sa&#287;l&#305;kl&#305; hale &ccedil;evirebilirsiniz. Y&uuml;kseltilebilir tasar&#305;m&#305; ile&#8230;<\/p>\n","protected":false},"featured_media":104797,"comment_status":"open","ping_status":"closed","template":"","meta":{"_kad_post_transparent":"","_kad_post_title":"","_kad_post_layout":"","_kad_post_sidebar_id":"","_kad_post_content_style":"","_kad_post_vertical_padding":"","_kad_post_feature":"","_kad_post_feature_position":"","_kad_post_header":false,"_kad_post_footer":false,"_kad_post_classname":""},"product_brand":[],"product_cat":[14289],"product_tag":[],"class_list":{"0":"post-104798","1":"product","2":"type-product","3":"status-publish","4":"has-post-thumbnail","6":"product_cat-diger-saglik-urunleri-genel-saglik-saglik-supermarket-diger-saglik-urunleri","8":"first","9":"instock","10":"purchasable","11":"product-type-simple","12":"entry","13":"content-bg","14":"loop-entry"},"_links":{"self":[{"href":"https:\/\/www.hediyepazar.com\/index.php?rest_route=\/wp\/v2\/product\/104798","targetHints":{"allow":["GET"]}}],"collection":[{"href":"https:\/\/www.hediyepazar.com\/index.php?rest_route=\/wp\/v2\/product"}],"about":[{"href":"https:\/\/www.hediyepazar.com\/index.php?rest_route=\/wp\/v2\/types\/product"}],"replies":[{"embeddable":true,"href":"https:\/\/www.hediyepazar.com\/index.php?rest_route=%2Fwp%2Fv2%2Fcomments&post=104798"}],"wp:featuredmedia":[{"embeddable":true,"href":"https:\/\/www.hediyepazar.com\/index.php?rest_route=\/wp\/v2\/media\/104797"}],"wp:attachment":[{"href":"https:\/\/www.hediyepazar.com\/index.php?rest_route=%2Fwp%2Fv2%2Fmedia&parent=104798"}],"wp:term":[{"taxonomy":"product_brand","embeddable":true,"href":"https:\/\/www.hediyepazar.com\/index.php?rest_route=%2Fwp%2Fv2%2Fproduct_brand&post=104798"},{"taxonomy":"product_cat","embeddable":true,"href":"https:\/\/www.hediyepazar.com\/index.php?rest_route=%2Fwp%2Fv2%2Fproduct_cat&post=104798"},{"taxonomy":"product_tag","embeddable":true,"href":"https:\/\/www.hediyepazar.com\/index.php?rest_route=%2Fwp%2Fv2%2Fproduct_tag&post=104798"}],"curies":[{"name":"wp","href":"https:\/\/api.w.org\/{rel}","templated":true}]}}