{"id":104856,"date":"2026-05-04T13:11:06","date_gmt":"2026-05-04T16:11:06","guid":{"rendered":"https:\/\/www.hediyepazar.com\/?product=ally-t602-ayarlanabilir-katlanir-isi-havalandirmali-aluminyum-laptop-standi-5775"},"modified":"2026-05-04T13:11:06","modified_gmt":"2026-05-04T16:11:06","slug":"ally-t602-ayarlanabilir-katlanir-isi-havalandirmali-aluminyum-laptop-standi-5775","status":"publish","type":"product","link":"https:\/\/www.hediyepazar.com\/?product=ally-t602-ayarlanabilir-katlanir-isi-havalandirmali-aluminyum-laptop-standi-5775","title":{"rendered":"Ally T602 Ayarlanabilir Katlan\u0131r Is\u0131 Havaland\u0131rmal\u0131 Al\u00fcminyum Laptop Stand\u0131-(5775)"},"content":{"rendered":"<p><strong>Ally Ayarlanabilir Katlan&#305;r Is&#305; Havaland&#305;rmal&#305; Al&uuml;minyum Laptop Stand&#305;<\/strong><img decoding=\"async\" data-cke-saved-src=\"https:\/\/cdn.myikas.com\/images\/4b0890c4-46f7-49c5-9b0d-d8f3dae632d6\/f04eeb5d-1cf0-4ce3-aed3-4b613c5873b5\/image_1950.webp\" src=\"https:\/\/hepsicdn.com.tr\/static\/product_detail\/hbnetb76af453_5042911.webp\"><img decoding=\"async\" data-cke-saved-src=\"https:\/\/cdn.myikas.com\/images\/4b0890c4-46f7-49c5-9b0d-d8f3dae632d6\/5ba7de08-1d9a-46f9-8695-c31d30349586\/image_1950.webp\" src=\"https:\/\/hepsicdn.com.tr\/static\/product_detail\/hbnetb76af453_5042912.webp\"><img decoding=\"async\" data-cke-saved-src=\"https:\/\/cdn.myikas.com\/images\/4b0890c4-46f7-49c5-9b0d-d8f3dae632d6\/23e142ec-6fa3-4005-bfa8-20fda12d64f8\/image_1950.webp\" src=\"https:\/\/hepsicdn.com.tr\/static\/product_detail\/hbnetb76af453_5042913.webp\"><img decoding=\"async\" data-cke-saved-src=\"https:\/\/cdn.myikas.com\/images\/4b0890c4-46f7-49c5-9b0d-d8f3dae632d6\/10b9f0d2-ae02-463b-be7c-e7aacf9897cd\/image_1950.webp\" src=\"https:\/\/hepsicdn.com.tr\/static\/product_detail\/hbnetb76af453_5042914.webp\"><img decoding=\"async\" data-cke-saved-src=\"https:\/\/cdn.myikas.com\/images\/4b0890c4-46f7-49c5-9b0d-d8f3dae632d6\/7a3187b7-7edb-40a5-b90d-0b1aea61f2be\/image_1950.webp\" src=\"https:\/\/hepsicdn.com.tr\/static\/product_detail\/hbnetb76af453_5042915.webp\"><img decoding=\"async\" data-cke-saved-src=\"https:\/\/cdn.myikas.com\/images\/4b0890c4-46f7-49c5-9b0d-d8f3dae632d6\/ef1f2d65-cd03-48c7-953f-788fda27dbd8\/image_1950.webp\" src=\"https:\/\/hepsicdn.com.tr\/static\/product_detail\/hbnetb76af453_5042916.webp\"><img decoding=\"async\" data-cke-saved-src=\"https:\/\/cdn.myikas.com\/images\/4b0890c4-46f7-49c5-9b0d-d8f3dae632d6\/9e895b88-416d-4d43-8880-5134e4268b0d\/image_1950.webp\" src=\"https:\/\/hepsicdn.com.tr\/static\/product_detail\/hbnetb76af453_5042917.webp\"><strong>Ally Ayarlanabilir Katlan&#305;r Is&#305; Havaland&#305;rmal&#305; Al&uuml;minyum Laptop Stand&#305;<\/strong><br \/>Ayarlanabilir a&ccedil;&#305;s&#305;, boyun ve omurga a&#287;r&#305;lar&#305;na sebep olmadan konforlu &ccedil;al&#305;&#351;ma imkan&#305; sunar.<br \/>Portatif ve katlanabilir olu&#351;u ile her an yan&#305;n&#305;zda ta&#351;&#305;yabilirsiniz.<br \/>Diz&uuml;st&uuml; bilgisayarlar&#305;n&#305;z i&ccedil;in g&uuml;venle kullanabilirsiniz.<br \/>&#350;arj kablosuna engel olmayacak &#351;ekilde tasarlanm&#305;&#351;t&#305;r.<br \/>Uyumluluk: 4-17.3 in&ccedil; aras&#305; cihazlarla uyumludur.<br \/>25kg&#8217;a kadar ta&#351;&#305;ma kapasitesi bulunur.<br \/>Boyutlar: 16.5&#215;10.1x13cm<\/p>\n","protected":false},"excerpt":{"rendered":"<p>Ally Ayarlanabilir Katlan&#305;r Is&#305; Havaland&#305;rmal&#305; Al&uuml;minyum Laptop Stand&#305;Ally Ayarlanabilir Katlan&#305;r Is&#305; Havaland&#305;rmal&#305; Al&uuml;minyum Laptop Stand&#305;Ayarlanabilir a&ccedil;&#305;s&#305;, boyun ve omurga a&#287;r&#305;lar&#305;na sebep olmadan konforlu &ccedil;al&#305;&#351;ma imkan&#305; sunar.Portatif ve katlanabilir olu&#351;u ile her an yan&#305;n&#305;zda ta&#351;&#305;yabilirsiniz.Diz&uuml;st&uuml; bilgisayarlar&#305;n&#305;z i&ccedil;in g&uuml;venle kullanabilirsiniz.&#350;arj kablosuna engel olmayacak &#351;ekilde tasarlanm&#305;&#351;t&#305;r.Uyumluluk: 4-17.3 in&ccedil; aras&#305; cihazlarla uyumludur.25kg&#8217;a kadar ta&#351;&#305;ma kapasitesi bulunur.Boyutlar: 16.5&#215;10.1x13cm<\/p>\n","protected":false},"featured_media":104855,"comment_status":"open","ping_status":"closed","template":"","meta":{"_kad_post_transparent":"","_kad_post_title":"","_kad_post_layout":"","_kad_post_sidebar_id":"","_kad_post_content_style":"","_kad_post_vertical_padding":"","_kad_post_feature":"","_kad_post_feature_position":"","_kad_post_header":false,"_kad_post_footer":false,"_kad_post_classname":""},"product_brand":[],"product_cat":[14662],"product_tag":[],"class_list":{"0":"post-104856","1":"product","2":"type-product","3":"status-publish","4":"has-post-thumbnail","6":"product_cat-laptop-standi-bilgisayar-tablet-aksesuar-bilgisayar-tablet-elektronik-laptop-standi","8":"first","9":"instock","10":"purchasable","11":"product-type-simple","12":"entry","13":"content-bg","14":"loop-entry"},"_links":{"self":[{"href":"https:\/\/www.hediyepazar.com\/index.php?rest_route=\/wp\/v2\/product\/104856","targetHints":{"allow":["GET"]}}],"collection":[{"href":"https:\/\/www.hediyepazar.com\/index.php?rest_route=\/wp\/v2\/product"}],"about":[{"href":"https:\/\/www.hediyepazar.com\/index.php?rest_route=\/wp\/v2\/types\/product"}],"replies":[{"embeddable":true,"href":"https:\/\/www.hediyepazar.com\/index.php?rest_route=%2Fwp%2Fv2%2Fcomments&post=104856"}],"wp:featuredmedia":[{"embeddable":true,"href":"https:\/\/www.hediyepazar.com\/index.php?rest_route=\/wp\/v2\/media\/104855"}],"wp:attachment":[{"href":"https:\/\/www.hediyepazar.com\/index.php?rest_route=%2Fwp%2Fv2%2Fmedia&parent=104856"}],"wp:term":[{"taxonomy":"product_brand","embeddable":true,"href":"https:\/\/www.hediyepazar.com\/index.php?rest_route=%2Fwp%2Fv2%2Fproduct_brand&post=104856"},{"taxonomy":"product_cat","embeddable":true,"href":"https:\/\/www.hediyepazar.com\/index.php?rest_route=%2Fwp%2Fv2%2Fproduct_cat&post=104856"},{"taxonomy":"product_tag","embeddable":true,"href":"https:\/\/www.hediyepazar.com\/index.php?rest_route=%2Fwp%2Fv2%2Fproduct_tag&post=104856"}],"curies":[{"name":"wp","href":"https:\/\/api.w.org\/{rel}","templated":true}]}}