{"id":104860,"date":"2026-05-04T13:11:16","date_gmt":"2026-05-04T16:11:16","guid":{"rendered":"https:\/\/www.hediyepazar.com\/?product=ally-r-just-aluminyum-manyetik-masaustu-tablet-telefon-standi-5775"},"modified":"2026-05-04T13:11:16","modified_gmt":"2026-05-04T16:11:16","slug":"ally-r-just-aluminyum-manyetik-masaustu-tablet-telefon-standi-5775","status":"publish","type":"product","link":"https:\/\/www.hediyepazar.com\/?product=ally-r-just-aluminyum-manyetik-masaustu-tablet-telefon-standi-5775","title":{"rendered":"Ally R-Just Al\u00fcminyum Manyetik Masa\u00fcst\u00fc Tablet Telefon Stand\u0131-(5775)"},"content":{"rendered":"<p><strong>Ally R-Just Al&uuml;minyum Manyetik Masa&uuml;st&uuml; Cep Telefonu Stand&#305;<\/strong><br \/><strong><\/strong><strong><\/strong><img decoding=\"async\" data-cke-saved-src=\"https:\/\/cdn.myikas.com\/images\/4b0890c4-46f7-49c5-9b0d-d8f3dae632d6\/6d49e3fa-ee99-4352-8a6b-ba9d303b8857\/image_1950.webp\" src=\"https:\/\/hepsicdn.com.tr\/static\/product_detail\/hbnetfca1c6f7_5043211.webp\"><img decoding=\"async\" data-cke-saved-src=\"https:\/\/cdn.myikas.com\/images\/4b0890c4-46f7-49c5-9b0d-d8f3dae632d6\/3c20138e-4d73-4e99-8356-907c60f1c5ef\/image_1950.webp\" src=\"https:\/\/hepsicdn.com.tr\/static\/product_detail\/hbnetfca1c6f7_5043212.webp\"><img decoding=\"async\" data-cke-saved-src=\"https:\/\/cdn.myikas.com\/images\/4b0890c4-46f7-49c5-9b0d-d8f3dae632d6\/81d2d0c3-1ca1-4819-8d74-6cd4cf27e683\/image_1950.webp\" src=\"https:\/\/hepsicdn.com.tr\/static\/product_detail\/hbnetfca1c6f7_5043213.webp\"><img decoding=\"async\" data-cke-saved-src=\"https:\/\/cdn.myikas.com\/images\/4b0890c4-46f7-49c5-9b0d-d8f3dae632d6\/b143d4e2-52e0-44f7-9c04-3f11136dcd7a\/image_1950.webp\" src=\"https:\/\/hepsicdn.com.tr\/static\/product_detail\/hbnetfca1c6f7_5043214.webp\"><img decoding=\"async\" data-cke-saved-src=\"https:\/\/cdn.myikas.com\/images\/4b0890c4-46f7-49c5-9b0d-d8f3dae632d6\/1ca9f027-ff02-4a00-a39f-85061f5bd9e9\/image_1950.webp\" src=\"https:\/\/hepsicdn.com.tr\/static\/product_detail\/hbnetfca1c6f7_5043215.webp\"><img decoding=\"async\" data-cke-saved-src=\"https:\/\/cdn.myikas.com\/images\/4b0890c4-46f7-49c5-9b0d-d8f3dae632d6\/864e9a41-6f68-4f51-97e3-c74829a8ccfa\/image_1950.webp\" src=\"https:\/\/hepsicdn.com.tr\/static\/product_detail\/hbnetfca1c6f7_5043216.webp\"><\/p>\n<p><strong>Ally R-Just Al&uuml;minyum Manyetik Masa&uuml;st&uuml; Cep Telefonu Stand&#305;<\/strong><\/p>\n<p>Ally R-Just Cep Telefonu Stand&#305; g&uuml;&ccedil;l&uuml; manyetik &ccedil;ekime sahiptir.<\/p>\n<p>Tek elle kontrol sa&#287;layabilirsiniz.<\/p>\n<p>Sars&#305;lma veya d&uuml;&#351;meye kar&#351;&#305; dayan&#305;kl&#305;d&#305;r.<\/p>\n<p>Ba&#351; ve boyun a&#287;r&#305;lar&#305;ndan kurtulman&#305;za yard&#305;mc&#305; olur.<\/p>\n<p>Telefonunuzu diledi&#287;iniz a&ccedil;&#305;da kullanabilirsiniz.<\/p>\n<p>Magsafe &ouml;zelli&#287;i bulunan iPhone 14-13-12 Serileri ile uyumludur.<\/p>\n<p>Boyutlar: 190x128x118mm<\/p>\n<p><\/p>\n","protected":false},"excerpt":{"rendered":"<p>Ally R-Just Al&uuml;minyum Manyetik Masa&uuml;st&uuml; Cep Telefonu Stand&#305; Ally R-Just Al&uuml;minyum Manyetik Masa&uuml;st&uuml; Cep Telefonu Stand&#305; Ally R-Just Cep Telefonu Stand&#305; g&uuml;&ccedil;l&uuml; manyetik &ccedil;ekime sahiptir. Tek elle kontrol sa&#287;layabilirsiniz. Sars&#305;lma veya d&uuml;&#351;meye kar&#351;&#305; dayan&#305;kl&#305;d&#305;r. Ba&#351; ve boyun a&#287;r&#305;lar&#305;ndan kurtulman&#305;za yard&#305;mc&#305; olur. Telefonunuzu diledi&#287;iniz a&ccedil;&#305;da kullanabilirsiniz. Magsafe &ouml;zelli&#287;i bulunan iPhone 14-13-12 Serileri ile uyumludur. Boyutlar: 190x128x118mm<\/p>\n","protected":false},"featured_media":104859,"comment_status":"open","ping_status":"closed","template":"","meta":{"_kad_post_transparent":"","_kad_post_title":"","_kad_post_layout":"","_kad_post_sidebar_id":"","_kad_post_content_style":"","_kad_post_vertical_padding":"","_kad_post_feature":"","_kad_post_feature_position":"","_kad_post_header":false,"_kad_post_footer":false,"_kad_post_classname":""},"product_brand":[],"product_cat":[14537],"product_tag":[],"class_list":{"0":"post-104860","1":"product","2":"type-product","3":"status-publish","4":"has-post-thumbnail","6":"product_cat-selfie-cubugu-cep-telefonu-aksesuarlari-cep-telefonu-elektronik-selfie-cubugu","8":"first","9":"instock","10":"purchasable","11":"product-type-simple","12":"entry","13":"content-bg","14":"loop-entry"},"_links":{"self":[{"href":"https:\/\/www.hediyepazar.com\/index.php?rest_route=\/wp\/v2\/product\/104860","targetHints":{"allow":["GET"]}}],"collection":[{"href":"https:\/\/www.hediyepazar.com\/index.php?rest_route=\/wp\/v2\/product"}],"about":[{"href":"https:\/\/www.hediyepazar.com\/index.php?rest_route=\/wp\/v2\/types\/product"}],"replies":[{"embeddable":true,"href":"https:\/\/www.hediyepazar.com\/index.php?rest_route=%2Fwp%2Fv2%2Fcomments&post=104860"}],"wp:featuredmedia":[{"embeddable":true,"href":"https:\/\/www.hediyepazar.com\/index.php?rest_route=\/wp\/v2\/media\/104859"}],"wp:attachment":[{"href":"https:\/\/www.hediyepazar.com\/index.php?rest_route=%2Fwp%2Fv2%2Fmedia&parent=104860"}],"wp:term":[{"taxonomy":"product_brand","embeddable":true,"href":"https:\/\/www.hediyepazar.com\/index.php?rest_route=%2Fwp%2Fv2%2Fproduct_brand&post=104860"},{"taxonomy":"product_cat","embeddable":true,"href":"https:\/\/www.hediyepazar.com\/index.php?rest_route=%2Fwp%2Fv2%2Fproduct_cat&post=104860"},{"taxonomy":"product_tag","embeddable":true,"href":"https:\/\/www.hediyepazar.com\/index.php?rest_route=%2Fwp%2Fv2%2Fproduct_tag&post=104860"}],"curies":[{"name":"wp","href":"https:\/\/api.w.org\/{rel}","templated":true}]}}