{"id":104878,"date":"2026-05-04T13:15:13","date_gmt":"2026-05-04T16:15:13","guid":{"rendered":"https:\/\/www.hediyepazar.com\/?product=ally-arac-miknatisli-ayarlanabilir-manyetik-telefon-tutucu-5775"},"modified":"2026-05-04T13:15:13","modified_gmt":"2026-05-04T16:15:13","slug":"ally-arac-miknatisli-ayarlanabilir-manyetik-telefon-tutucu-5775","status":"publish","type":"product","link":"https:\/\/www.hediyepazar.com\/?product=ally-arac-miknatisli-ayarlanabilir-manyetik-telefon-tutucu-5775","title":{"rendered":"Ally Ara\u00e7 M\u0131knat\u0131sl\u0131 Ayarlanabilir Manyetik Telefon Tutucu-(5775)"},"content":{"rendered":"<p><strong style=\"text-align: -webkit-center;\">Ally Ara&ccedil; Dikiz Aynas&#305; Ayarlanabilir Manyetik Telefon Tutucu<\/strong><img decoding=\"async\" data-cke-saved-src=\"https:\/\/cdn.myikas.com\/images\/4b0890c4-46f7-49c5-9b0d-d8f3dae632d6\/66691cb8-c11a-4b72-9707-dd7587ecb81c\/image_1950.webp\" src=\"https:\/\/hepsicdn.com.tr\/static\/product_detail\/hbnetf9456395_5044611.webp\"><img decoding=\"async\" data-cke-saved-src=\"https:\/\/cdn.myikas.com\/images\/4b0890c4-46f7-49c5-9b0d-d8f3dae632d6\/40b3e7d1-3565-45d2-93a3-cfc1623ee87e\/image_1950.webp\" src=\"https:\/\/hepsicdn.com.tr\/static\/product_detail\/hbnetf9456395_5044612.webp\"><img decoding=\"async\" data-cke-saved-src=\"https:\/\/cdn.myikas.com\/images\/4b0890c4-46f7-49c5-9b0d-d8f3dae632d6\/d1fb0b1a-0927-461e-ba2c-33d02b8b6933\/image_1950.webp\" src=\"https:\/\/hepsicdn.com.tr\/static\/product_detail\/hbnetf9456395_5044613.webp\"><img decoding=\"async\" data-cke-saved-src=\"https:\/\/cdn.myikas.com\/images\/4b0890c4-46f7-49c5-9b0d-d8f3dae632d6\/9dbd8d6d-64d4-4c52-80a6-23af0179d5c7\/image_1950.webp\" src=\"https:\/\/hepsicdn.com.tr\/static\/product_detail\/hbnetf9456395_5044614.webp\"><img decoding=\"async\" data-cke-saved-src=\"https:\/\/cdn.myikas.com\/images\/4b0890c4-46f7-49c5-9b0d-d8f3dae632d6\/04738376-3ba0-497d-aa3a-e5402613d200\/image_1950.webp\" src=\"https:\/\/hepsicdn.com.tr\/static\/product_detail\/hbnetf9456395_5044615.webp\"><strong style=\"text-align: -webkit-center;\">&#8203;<\/strong><strong>Ally Ara&ccedil; Dikiz Aynas&#305; Ayarlanabilir Manyetik Telefon Tutucu<\/strong><span style=\"text-align: -webkit-center;\">Ara&ccedil; dikiz aynas&#305;na&nbsp;sabitleyerek kullanabilirsiniz.<\/span><br style=\"text-align: -webkit-center;\"\/><span style=\"text-align: -webkit-center;\">Herhangi bir alete ihtiya&ccedil; duymadan kolayca yerle&#351;tirebilirsiniz.<\/span><br style=\"text-align: -webkit-center;\"\/><span style=\"text-align: -webkit-center;\">Tek hamle ile telefonunuzu alabilirsiniz<\/span><br style=\"text-align: -webkit-center;\"\/><span style=\"text-align: -webkit-center;\">Minimalist ve &#351;&#305;k tasar&#305;ma sahiptir.<\/span><br style=\"text-align: -webkit-center;\"\/><span style=\"text-align: -webkit-center;\">S&uuml;r&uuml;c&uuml;n&uuml;n g&ouml;r&uuml;&#351;&uuml;n&uuml; engellemeyerek g&uuml;venli s&uuml;r&uuml;&#351; sa&#287;lar.<\/span><br style=\"text-align: -webkit-center;\"\/><span style=\"text-align: -webkit-center;\">A&ccedil;&#305;s&#305; ayarlanabilir.<\/span><br style=\"text-align: -webkit-center;\"\/><span style=\"text-align: -webkit-center;\">Kompakt boyutlar&#305; sayesinde kolayca ta&#351;&#305;nabilir.<\/span><br style=\"text-align: -webkit-center;\"\/><span style=\"text-align: -webkit-center;\">Malzeme: ABS<\/span><br style=\"text-align: -webkit-center;\"\/><span style=\"text-align: -webkit-center;\">Uygulanabilir y&uuml;zey: araba dikiz aynas&#305;<\/span><\/p>\n","protected":false},"excerpt":{"rendered":"<p>Ally Ara&ccedil; Dikiz Aynas&#305; Ayarlanabilir Manyetik Telefon Tutucu&#8203;Ally Ara&ccedil; Dikiz Aynas&#305; Ayarlanabilir Manyetik Telefon TutucuAra&ccedil; dikiz aynas&#305;na&nbsp;sabitleyerek kullanabilirsiniz.Herhangi bir alete ihtiya&ccedil; duymadan kolayca yerle&#351;tirebilirsiniz.Tek hamle ile telefonunuzu alabilirsinizMinimalist ve &#351;&#305;k tasar&#305;ma sahiptir.S&uuml;r&uuml;c&uuml;n&uuml;n g&ouml;r&uuml;&#351;&uuml;n&uuml; engellemeyerek g&uuml;venli s&uuml;r&uuml;&#351; sa&#287;lar.A&ccedil;&#305;s&#305; ayarlanabilir.Kompakt boyutlar&#305; sayesinde kolayca ta&#351;&#305;nabilir.Malzeme: ABSUygulanabilir y&uuml;zey: araba dikiz aynas&#305;<\/p>\n","protected":false},"featured_media":104877,"comment_status":"open","ping_status":"closed","template":"","meta":{"_kad_post_transparent":"","_kad_post_title":"","_kad_post_layout":"","_kad_post_sidebar_id":"","_kad_post_content_style":"","_kad_post_vertical_padding":"","_kad_post_feature":"","_kad_post_feature_position":"","_kad_post_header":false,"_kad_post_footer":false,"_kad_post_classname":""},"product_brand":[],"product_cat":[7878],"product_tag":[],"class_list":{"0":"post-104878","1":"product","2":"type-product","3":"status-publish","4":"has-post-thumbnail","6":"product_cat-oto-aksesuarlari-oto-aksesuarlari-cep-telefonu-elektronik-arac-disi-aksesuar","8":"first","9":"instock","10":"purchasable","11":"product-type-simple","12":"entry","13":"content-bg","14":"loop-entry"},"_links":{"self":[{"href":"https:\/\/www.hediyepazar.com\/index.php?rest_route=\/wp\/v2\/product\/104878","targetHints":{"allow":["GET"]}}],"collection":[{"href":"https:\/\/www.hediyepazar.com\/index.php?rest_route=\/wp\/v2\/product"}],"about":[{"href":"https:\/\/www.hediyepazar.com\/index.php?rest_route=\/wp\/v2\/types\/product"}],"replies":[{"embeddable":true,"href":"https:\/\/www.hediyepazar.com\/index.php?rest_route=%2Fwp%2Fv2%2Fcomments&post=104878"}],"wp:featuredmedia":[{"embeddable":true,"href":"https:\/\/www.hediyepazar.com\/index.php?rest_route=\/wp\/v2\/media\/104877"}],"wp:attachment":[{"href":"https:\/\/www.hediyepazar.com\/index.php?rest_route=%2Fwp%2Fv2%2Fmedia&parent=104878"}],"wp:term":[{"taxonomy":"product_brand","embeddable":true,"href":"https:\/\/www.hediyepazar.com\/index.php?rest_route=%2Fwp%2Fv2%2Fproduct_brand&post=104878"},{"taxonomy":"product_cat","embeddable":true,"href":"https:\/\/www.hediyepazar.com\/index.php?rest_route=%2Fwp%2Fv2%2Fproduct_cat&post=104878"},{"taxonomy":"product_tag","embeddable":true,"href":"https:\/\/www.hediyepazar.com\/index.php?rest_route=%2Fwp%2Fv2%2Fproduct_tag&post=104878"}],"curies":[{"name":"wp","href":"https:\/\/api.w.org\/{rel}","templated":true}]}}