{"id":105168,"date":"2026-05-04T13:47:15","date_gmt":"2026-05-04T16:47:15","guid":{"rendered":"https:\/\/www.hediyepazar.com\/?product=ally-yuksek-basincli-arac-oto-yikama-temizleme-spreyi-kopurtucu-5775"},"modified":"2026-05-04T13:47:15","modified_gmt":"2026-05-04T16:47:15","slug":"ally-yuksek-basincli-arac-oto-yikama-temizleme-spreyi-kopurtucu-5775","status":"publish","type":"product","link":"https:\/\/www.hediyepazar.com\/?product=ally-yuksek-basincli-arac-oto-yikama-temizleme-spreyi-kopurtucu-5775","title":{"rendered":"Ally Y\u00fcksek Bas\u0131n\u00e7l\u0131 Ara\u00e7 Oto Y\u0131kama Temizleme Spreyi K\u00f6p\u00fcrt\u00fcc\u00fc-(5775)"},"content":{"rendered":"<p><strong>Ally Y&uuml;ksek Bas&#305;n&ccedil;l&#305; Ara&ccedil; Oto Y&#305;kama Temizleme Spreyi K&ouml;p&uuml;rt&uuml;c&uuml;<\/strong><br \/>&#8203;<strong>Ally Y&uuml;ksek Bas&#305;n&ccedil;l&#305; Ara&ccedil; Oto Y&#305;kama Temizleme Spreyi K&ouml;p&uuml;rt&uuml;c&uuml;<\/strong><br \/>Y&uuml;ksek bas&#305;n&ccedil;l&#305; k&ouml;p&uuml;rt&uuml;c&uuml; ile arac&#305;n&#305;z&#305; dakikalar i&ccedil;inde zahmetsizce temizleyebilirsiniz.<br \/>Dayan&#305;kl&#305; HDPE malzemeden &uuml;retilmi&#351;tir.<br \/>Al&uuml;minyum oksit &ccedil;ekme &ccedil;ubu&#287;u sayesinde sizi yormadan bas&#305;n&ccedil; yarat&#305;r.<br \/>Geni&#351; p&uuml;sk&uuml;rtme a&ccedil;&#305;s&#305; sayesinde zamandan tasarruf etmenizi sa&#287;lar.<br \/>Otomatik modu ektinle&#351;tirmek i&ccedil;in kilit anahtar&#305;n&#305; kilitlemeniz yeterlidir.<br \/>Kapasite: 1.5 Litre<br \/>Boyut: 13*13*29cm<br \/>Malzeme: HDPE<br \/>A&#287;&#305;rl&#305;k: 205g<br data-cke-eol=\"1\"\/><\/p>\n","protected":false},"excerpt":{"rendered":"<p>Ally Y&uuml;ksek Bas&#305;n&ccedil;l&#305; Ara&ccedil; Oto Y&#305;kama Temizleme Spreyi K&ouml;p&uuml;rt&uuml;c&uuml;&#8203;Ally Y&uuml;ksek Bas&#305;n&ccedil;l&#305; Ara&ccedil; Oto Y&#305;kama Temizleme Spreyi K&ouml;p&uuml;rt&uuml;c&uuml;Y&uuml;ksek bas&#305;n&ccedil;l&#305; k&ouml;p&uuml;rt&uuml;c&uuml; ile arac&#305;n&#305;z&#305; dakikalar i&ccedil;inde zahmetsizce temizleyebilirsiniz.Dayan&#305;kl&#305; HDPE malzemeden &uuml;retilmi&#351;tir.Al&uuml;minyum oksit &ccedil;ekme &ccedil;ubu&#287;u sayesinde sizi yormadan bas&#305;n&ccedil; yarat&#305;r.Geni&#351; p&uuml;sk&uuml;rtme a&ccedil;&#305;s&#305; sayesinde zamandan tasarruf etmenizi sa&#287;lar.Otomatik modu ektinle&#351;tirmek i&ccedil;in kilit anahtar&#305;n&#305; kilitlemeniz yeterlidir.Kapasite: 1.5 LitreBoyut: 13*13*29cmMalzeme: HDPEA&#287;&#305;rl&#305;k: 205g<\/p>\n","protected":false},"featured_media":105167,"comment_status":"open","ping_status":"closed","template":"","meta":{"_kad_post_transparent":"","_kad_post_title":"","_kad_post_layout":"","_kad_post_sidebar_id":"","_kad_post_content_style":"","_kad_post_vertical_padding":"","_kad_post_feature":"","_kad_post_feature_position":"","_kad_post_header":false,"_kad_post_footer":false,"_kad_post_classname":""},"product_brand":[],"product_cat":[14181],"product_tag":[],"class_list":{"0":"post-105168","1":"product","2":"type-product","3":"status-publish","4":"has-post-thumbnail","6":"product_cat-oto-aksesuarlari-oto-aksesuarlari-cep-telefonu-elektronik-oto-bakim-seti","8":"first","9":"instock","10":"purchasable","11":"product-type-simple","12":"entry","13":"content-bg","14":"loop-entry"},"_links":{"self":[{"href":"https:\/\/www.hediyepazar.com\/index.php?rest_route=\/wp\/v2\/product\/105168","targetHints":{"allow":["GET"]}}],"collection":[{"href":"https:\/\/www.hediyepazar.com\/index.php?rest_route=\/wp\/v2\/product"}],"about":[{"href":"https:\/\/www.hediyepazar.com\/index.php?rest_route=\/wp\/v2\/types\/product"}],"replies":[{"embeddable":true,"href":"https:\/\/www.hediyepazar.com\/index.php?rest_route=%2Fwp%2Fv2%2Fcomments&post=105168"}],"wp:featuredmedia":[{"embeddable":true,"href":"https:\/\/www.hediyepazar.com\/index.php?rest_route=\/wp\/v2\/media\/105167"}],"wp:attachment":[{"href":"https:\/\/www.hediyepazar.com\/index.php?rest_route=%2Fwp%2Fv2%2Fmedia&parent=105168"}],"wp:term":[{"taxonomy":"product_brand","embeddable":true,"href":"https:\/\/www.hediyepazar.com\/index.php?rest_route=%2Fwp%2Fv2%2Fproduct_brand&post=105168"},{"taxonomy":"product_cat","embeddable":true,"href":"https:\/\/www.hediyepazar.com\/index.php?rest_route=%2Fwp%2Fv2%2Fproduct_cat&post=105168"},{"taxonomy":"product_tag","embeddable":true,"href":"https:\/\/www.hediyepazar.com\/index.php?rest_route=%2Fwp%2Fv2%2Fproduct_tag&post=105168"}],"curies":[{"name":"wp","href":"https:\/\/api.w.org\/{rel}","templated":true}]}}