{"id":105186,"date":"2026-05-04T13:50:07","date_gmt":"2026-05-04T16:50:07","guid":{"rendered":"https:\/\/www.hediyepazar.com\/?product=ally-mc-ls515-yukseklik-ayarli-dizustu-laptop-notebook-standi-5775"},"modified":"2026-05-04T13:50:07","modified_gmt":"2026-05-04T16:50:07","slug":"ally-mc-ls515-yukseklik-ayarli-dizustu-laptop-notebook-standi-5775","status":"publish","type":"product","link":"https:\/\/www.hediyepazar.com\/?product=ally-mc-ls515-yukseklik-ayarli-dizustu-laptop-notebook-standi-5775","title":{"rendered":"ALLY MC LS515 Y\u00fckseklik Ayarl\u0131 Diz\u00fcst\u00fc Laptop Notebook Stand\u0131-(5775)"},"content":{"rendered":"<p>&#8203;<\/p>\n<p><strong>ALLY MC 515 Y&uuml;kseklik Ayarl&#305; Diz&uuml;st&uuml; Laptop Notebook Stand&#305;<\/strong><br \/><img decoding=\"async\" data-cke-saved-src=\"https:\/\/cdn.myikas.com\/images\/4b0890c4-46f7-49c5-9b0d-d8f3dae632d6\/138812b8-5ccc-46c6-9ec1-780b0841cb75\/image_1950.webp\" src=\"https:\/\/hepsicdn.com.tr\/static\/product_detail\/hbnetdf7dbaae_5065711.webp\"><br \/><img decoding=\"async\" data-cke-saved-src=\"https:\/\/cdn.myikas.com\/images\/4b0890c4-46f7-49c5-9b0d-d8f3dae632d6\/8d1428b2-0304-45bb-bf3e-acdb8cb80128\/image_1950.webp\" src=\"https:\/\/hepsicdn.com.tr\/static\/product_detail\/hbnetdf7dbaae_5065712.webp\"><br \/><img decoding=\"async\" data-cke-saved-src=\"https:\/\/cdn.myikas.com\/images\/4b0890c4-46f7-49c5-9b0d-d8f3dae632d6\/57320ed5-280d-40cd-8b15-ac826f069b57\/image_1950.webp\" src=\"https:\/\/hepsicdn.com.tr\/static\/product_detail\/hbnetdf7dbaae_5065713.webp\"><br \/><img decoding=\"async\" data-cke-saved-src=\"https:\/\/cdn.myikas.com\/images\/4b0890c4-46f7-49c5-9b0d-d8f3dae632d6\/bd8bd05e-4a62-4139-a5c1-29692b04a923\/image_1950.webp\" src=\"https:\/\/hepsicdn.com.tr\/static\/product_detail\/hbnetdf7dbaae_5065714.webp\"><br \/><img decoding=\"async\" data-cke-saved-src=\"https:\/\/cdn.myikas.com\/images\/4b0890c4-46f7-49c5-9b0d-d8f3dae632d6\/06d53751-09a5-4ac6-9e19-cfc85f5122c1\/image_1950.webp\" src=\"https:\/\/hepsicdn.com.tr\/static\/product_detail\/hbnetdf7dbaae_5065715.webp\"><br \/><img decoding=\"async\" data-cke-saved-src=\"https:\/\/cdn.myikas.com\/images\/4b0890c4-46f7-49c5-9b0d-d8f3dae632d6\/26f61a78-3036-4792-8c2d-aa57a2dc34a5\/image_1950.webp\" src=\"https:\/\/hepsicdn.com.tr\/static\/product_detail\/hbnetdf7dbaae_5065716.webp\"><br \/><img decoding=\"async\" data-cke-saved-src=\"https:\/\/cdn.myikas.com\/images\/4b0890c4-46f7-49c5-9b0d-d8f3dae632d6\/efc0d301-b4fb-4c43-bb6b-64646a8ea478\/image_1950.webp\" src=\"https:\/\/hepsicdn.com.tr\/static\/product_detail\/hbnetdf7dbaae_5065717.webp\"><br \/><img decoding=\"async\" data-cke-saved-src=\"https:\/\/cdn.myikas.com\/images\/4b0890c4-46f7-49c5-9b0d-d8f3dae632d6\/734ecc75-39b3-4291-9f67-5fa2c824f107\/image_1950.webp\" src=\"https:\/\/hepsicdn.com.tr\/static\/product_detail\/hbnetdf7dbaae_5065718.webp\">&#8203;<br \/><strong>&#8203;ALLY MC 515 Y&uuml;kseklik Ayarl&#305; Diz&uuml;st&uuml; Laptop Notebook Stand&#305;<\/strong><br \/>Omurga sa&#287;l&#305;&#287;&#305;n&#305;z&#305; koruman&#305;z i&ccedil;in sizin i&ccedil;in en uygun &ccedil;al&#305;&#351;ma a&ccedil;&#305;s&#305;n&#305; sunar.<br \/>Katlanabilir portatif tasar&#305;ma sahiptir.<br \/>Kaymaz silikon bantlar sayesinde diz&uuml;st&uuml; bilgisayar&#305;n&#305;z&#305; g&uuml;venli &#351;ekilde kullanabilirsiniz.<br \/>G&uuml;&ccedil;l&uuml; aluminyum ala&#351;&#305;m malzemeden yap&#305;lm&#305;&#351;t&#305;r. Bu sayede uzun &ouml;m&uuml;rl&uuml; ve dayan&#305;kl&#305;d&#305;r.<br \/>Kademeli y&uuml;kseklik ayar&#305; ile sizin i&ccedil;in en uygun a&ccedil;&#305;y&#305; ayarlayabilirsiniz.<br \/>Maksimum y&uuml;kseklik<br \/>Ta&#351;&#305;nabilir ve katlanabilir tasar&#305;ma sahiptir.<br \/>Dengeli &#305;s&#305; da&#287;&#305;l&#305;m&#305; sa&#287;layarak cihaz&#305;n&#305;z&#305;n &ouml;mr&uuml;n&uuml; uzat&#305;r.<br \/>Boyutlar: 21*19.8*26cm<\/p>\n","protected":false},"excerpt":{"rendered":"<p>&#8203; ALLY MC 515 Y&uuml;kseklik Ayarl&#305; Diz&uuml;st&uuml; Laptop Notebook Stand&#305;&#8203;&#8203;ALLY MC 515 Y&uuml;kseklik Ayarl&#305; Diz&uuml;st&uuml; Laptop Notebook Stand&#305;Omurga sa&#287;l&#305;&#287;&#305;n&#305;z&#305; koruman&#305;z i&ccedil;in sizin i&ccedil;in en uygun &ccedil;al&#305;&#351;ma a&ccedil;&#305;s&#305;n&#305; sunar.Katlanabilir portatif tasar&#305;ma sahiptir.Kaymaz silikon bantlar sayesinde diz&uuml;st&uuml; bilgisayar&#305;n&#305;z&#305; g&uuml;venli &#351;ekilde kullanabilirsiniz.G&uuml;&ccedil;l&uuml; aluminyum ala&#351;&#305;m malzemeden yap&#305;lm&#305;&#351;t&#305;r. Bu sayede uzun &ouml;m&uuml;rl&uuml; ve dayan&#305;kl&#305;d&#305;r.Kademeli y&uuml;kseklik ayar&#305; ile sizin i&ccedil;in en&#8230;<\/p>\n","protected":false},"featured_media":105185,"comment_status":"open","ping_status":"closed","template":"","meta":{"_kad_post_transparent":"","_kad_post_title":"","_kad_post_layout":"","_kad_post_sidebar_id":"","_kad_post_content_style":"","_kad_post_vertical_padding":"","_kad_post_feature":"","_kad_post_feature_position":"","_kad_post_header":false,"_kad_post_footer":false,"_kad_post_classname":""},"product_brand":[],"product_cat":[14481],"product_tag":[],"class_list":{"0":"post-105186","1":"product","2":"type-product","3":"status-publish","4":"has-post-thumbnail","6":"product_cat-bilgisayar-tablet-aksesuar-bilgisayar-tablet-elektronik-bilgisayar-tablet-aksesuar-bilgisayar-tablet-elektronik","8":"first","9":"instock","10":"purchasable","11":"product-type-simple","12":"entry","13":"content-bg","14":"loop-entry"},"_links":{"self":[{"href":"https:\/\/www.hediyepazar.com\/index.php?rest_route=\/wp\/v2\/product\/105186","targetHints":{"allow":["GET"]}}],"collection":[{"href":"https:\/\/www.hediyepazar.com\/index.php?rest_route=\/wp\/v2\/product"}],"about":[{"href":"https:\/\/www.hediyepazar.com\/index.php?rest_route=\/wp\/v2\/types\/product"}],"replies":[{"embeddable":true,"href":"https:\/\/www.hediyepazar.com\/index.php?rest_route=%2Fwp%2Fv2%2Fcomments&post=105186"}],"wp:featuredmedia":[{"embeddable":true,"href":"https:\/\/www.hediyepazar.com\/index.php?rest_route=\/wp\/v2\/media\/105185"}],"wp:attachment":[{"href":"https:\/\/www.hediyepazar.com\/index.php?rest_route=%2Fwp%2Fv2%2Fmedia&parent=105186"}],"wp:term":[{"taxonomy":"product_brand","embeddable":true,"href":"https:\/\/www.hediyepazar.com\/index.php?rest_route=%2Fwp%2Fv2%2Fproduct_brand&post=105186"},{"taxonomy":"product_cat","embeddable":true,"href":"https:\/\/www.hediyepazar.com\/index.php?rest_route=%2Fwp%2Fv2%2Fproduct_cat&post=105186"},{"taxonomy":"product_tag","embeddable":true,"href":"https:\/\/www.hediyepazar.com\/index.php?rest_route=%2Fwp%2Fv2%2Fproduct_tag&post=105186"}],"curies":[{"name":"wp","href":"https:\/\/api.w.org\/{rel}","templated":true}]}}