{"id":105232,"date":"2026-05-04T13:57:00","date_gmt":"2026-05-04T16:57:00","guid":{"rendered":"https:\/\/www.hediyepazar.com\/?product=xiaomi-m365-scooter-icin-kaucuk-titresim-sarsinti-onleyici-damper-5775"},"modified":"2026-05-04T13:57:00","modified_gmt":"2026-05-04T16:57:00","slug":"xiaomi-m365-scooter-icin-kaucuk-titresim-sarsinti-onleyici-damper-5775","status":"publish","type":"product","link":"https:\/\/www.hediyepazar.com\/?product=xiaomi-m365-scooter-icin-kaucuk-titresim-sarsinti-onleyici-damper-5775","title":{"rendered":"Xiaomi M365 Scooter i\u00e7in Kau\u00e7uk Titre\u015fim Sars\u0131nt\u0131 \u00d6nleyici Damper-(5775)"},"content":{"rendered":"<p><strong>Xiaomi M365 Scooter i&ccedil;in Kau&ccedil;uk Titre&#351;im Sars&#305;nt&#305; &Ouml;nleyici Damper<\/strong><img decoding=\"async\" data-cke-saved-src=\"https:\/\/cdn.myikas.com\/images\/4b0890c4-46f7-49c5-9b0d-d8f3dae632d6\/63940492-a854-4b0f-93f2-c31be129e6fc\/image_1950.webp\" src=\"https:\/\/hepsicdn.com.tr\/static\/product_detail\/hbnet0eebb487_5070011.webp\"><img decoding=\"async\" data-cke-saved-src=\"https:\/\/cdn.myikas.com\/images\/4b0890c4-46f7-49c5-9b0d-d8f3dae632d6\/da7816ea-0835-444a-82d1-9083511368eb\/image_1950.webp\" src=\"https:\/\/hepsicdn.com.tr\/static\/product_detail\/hbnet0eebb487_5070012.webp\"><img decoding=\"async\" data-cke-saved-src=\"https:\/\/cdn.myikas.com\/images\/4b0890c4-46f7-49c5-9b0d-d8f3dae632d6\/870cfe0c-5ca3-48f1-9ff3-bc7a9da8bf12\/image_1950.webp\" src=\"https:\/\/hepsicdn.com.tr\/static\/product_detail\/hbnet0eebb487_5070013.webp\"><img decoding=\"async\" data-cke-saved-src=\"https:\/\/cdn.myikas.com\/images\/4b0890c4-46f7-49c5-9b0d-d8f3dae632d6\/fce64de3-c450-4398-b3ab-a693f00b0c27\/image_1950.webp\" src=\"https:\/\/hepsicdn.com.tr\/static\/product_detail\/hbnet0eebb487_5070014.webp\"><img decoding=\"async\" data-cke-saved-src=\"https:\/\/cdn.myikas.com\/images\/4b0890c4-46f7-49c5-9b0d-d8f3dae632d6\/c28155c7-01e9-4e23-afa6-c3a9046d2ad7\/image_1950.webp\" src=\"https:\/\/hepsicdn.com.tr\/static\/product_detail\/hbnet0eebb487_5070015.webp\"><img decoding=\"async\" data-cke-saved-src=\"https:\/\/cdn.myikas.com\/images\/4b0890c4-46f7-49c5-9b0d-d8f3dae632d6\/9a6971a4-5453-4a55-8785-f9dd71e41f1e\/image_1950.webp\" src=\"https:\/\/hepsicdn.com.tr\/static\/product_detail\/hbnet0eebb487_5070016.webp\"><\/p>\n<div><strong><span style=\"font-size: 13px;\">Xiaomi M365 Scooter i&ccedil;in Kau&ccedil;uk Titre&#351;im Sars&#305;nt&#305; &Ouml;nleyici Damper<\/span><\/strong><\/div>\n<div><span style=\"font-size: 13px;\">Scooter titre&#351;imini minimize eden kau&ccedil;uk tasar&#305;m ile tan&#305;&#351;maya ne dersiniz?<\/span><\/div>\n<div><span style=\"font-size: 13px;\">Titre&#351;imi &ouml;nleyerek g&uuml;venli ve konforlu s&uuml;r&uuml;&#351; sa&#287;lar.<\/span><\/div>\n<div><span style=\"font-size: 13px;\">Bozuk yollarda ba&#287;lant&#305; noktas&#305;ndaki bo&#351;luk y&uuml;z&uuml;nden olu&#351;an titre&#351;imleri engeller.&nbsp;&nbsp;<\/span><\/div>\n<div><span style=\"font-size: 13px;\">3&#8217;&uuml; set 0.6mm, 0.8mm ve 1.2mm olmak &uuml;zere farkl&#305; kal&#305;nl&#305;klara sahiptir.<\/span><\/div>\n<div><span style=\"font-size: 13px;\">Dayan&#305;kl&#305; ve uzun &ouml;m&uuml;rl&uuml; kau&ccedil;uk materyal kullan&#305;lm&#305;&#351;t&#305;r.<\/span><\/div>\n<div><span style=\"font-size: 13px;\">Malzeme: Kau&ccedil;uk<\/span><\/div>\n<div><span style=\"font-size: 13px;\">Boyut: 52x21x6mm<\/span><\/div>\n<div><span style=\"font-size: 13px;\">Net a&#287;&#305;rl&#305;k: 10g<\/span><\/div>\n<div><\/div>\n<div><span style=\"font-size: 13px;\">Uyumluluk: Xiaomi M365 Scooter<\/span><\/div>\n<p><\/p>\n","protected":false},"excerpt":{"rendered":"<p>Xiaomi M365 Scooter i&ccedil;in Kau&ccedil;uk Titre&#351;im Sars&#305;nt&#305; &Ouml;nleyici Damper Xiaomi M365 Scooter i&ccedil;in Kau&ccedil;uk Titre&#351;im Sars&#305;nt&#305; &Ouml;nleyici Damper Scooter titre&#351;imini minimize eden kau&ccedil;uk tasar&#305;m ile tan&#305;&#351;maya ne dersiniz? Titre&#351;imi &ouml;nleyerek g&uuml;venli ve konforlu s&uuml;r&uuml;&#351; sa&#287;lar. Bozuk yollarda ba&#287;lant&#305; noktas&#305;ndaki bo&#351;luk y&uuml;z&uuml;nden olu&#351;an titre&#351;imleri engeller.&nbsp;&nbsp; 3&#8217;&uuml; set 0.6mm, 0.8mm ve 1.2mm olmak &uuml;zere farkl&#305; kal&#305;nl&#305;klara sahiptir&#8230;.<\/p>\n","protected":false},"featured_media":105231,"comment_status":"open","ping_status":"closed","template":"","meta":{"_kad_post_transparent":"","_kad_post_title":"","_kad_post_layout":"","_kad_post_sidebar_id":"","_kad_post_content_style":"","_kad_post_vertical_padding":"","_kad_post_feature":"","_kad_post_feature_position":"","_kad_post_header":false,"_kad_post_footer":false,"_kad_post_classname":""},"product_brand":[],"product_cat":[7878],"product_tag":[],"class_list":{"0":"post-105232","1":"product","2":"type-product","3":"status-publish","4":"has-post-thumbnail","6":"product_cat-oto-aksesuarlari-oto-aksesuarlari-cep-telefonu-elektronik-arac-disi-aksesuar","8":"first","9":"instock","10":"purchasable","11":"product-type-simple","12":"entry","13":"content-bg","14":"loop-entry"},"_links":{"self":[{"href":"https:\/\/www.hediyepazar.com\/index.php?rest_route=\/wp\/v2\/product\/105232","targetHints":{"allow":["GET"]}}],"collection":[{"href":"https:\/\/www.hediyepazar.com\/index.php?rest_route=\/wp\/v2\/product"}],"about":[{"href":"https:\/\/www.hediyepazar.com\/index.php?rest_route=\/wp\/v2\/types\/product"}],"replies":[{"embeddable":true,"href":"https:\/\/www.hediyepazar.com\/index.php?rest_route=%2Fwp%2Fv2%2Fcomments&post=105232"}],"wp:featuredmedia":[{"embeddable":true,"href":"https:\/\/www.hediyepazar.com\/index.php?rest_route=\/wp\/v2\/media\/105231"}],"wp:attachment":[{"href":"https:\/\/www.hediyepazar.com\/index.php?rest_route=%2Fwp%2Fv2%2Fmedia&parent=105232"}],"wp:term":[{"taxonomy":"product_brand","embeddable":true,"href":"https:\/\/www.hediyepazar.com\/index.php?rest_route=%2Fwp%2Fv2%2Fproduct_brand&post=105232"},{"taxonomy":"product_cat","embeddable":true,"href":"https:\/\/www.hediyepazar.com\/index.php?rest_route=%2Fwp%2Fv2%2Fproduct_cat&post=105232"},{"taxonomy":"product_tag","embeddable":true,"href":"https:\/\/www.hediyepazar.com\/index.php?rest_route=%2Fwp%2Fv2%2Fproduct_tag&post=105232"}],"curies":[{"name":"wp","href":"https:\/\/api.w.org\/{rel}","templated":true}]}}