{"id":105348,"date":"2026-05-04T14:11:22","date_gmt":"2026-05-04T17:11:22","guid":{"rendered":"https:\/\/www.hediyepazar.com\/?product=ally-metal-masa-ustu-standli-miknatisli-tablet-telefon-tutucu-5775"},"modified":"2026-05-04T14:11:22","modified_gmt":"2026-05-04T17:11:22","slug":"ally-metal-masa-ustu-standli-miknatisli-tablet-telefon-tutucu-5775","status":"publish","type":"product","link":"https:\/\/www.hediyepazar.com\/?product=ally-metal-masa-ustu-standli-miknatisli-tablet-telefon-tutucu-5775","title":{"rendered":"ALLY Metal Masa \u00dcst\u00fc Standl\u0131 M\u0131knat\u0131sl\u0131 Tablet Telefon Tutucu-(5775)"},"content":{"rendered":"<p><strong>ALLY Metal Masa &Uuml;st&uuml; Standl&#305; M&#305;knat&#305;sl&#305; Tablet Telefon Tutucu<\/strong><\/p>\n<p><img decoding=\"async\" data-cke-saved-src=\"https:\/\/cdn.myikas.com\/images\/4b0890c4-46f7-49c5-9b0d-d8f3dae632d6\/38b9c92e-f9bf-43a8-8f08-e34393d3edd9\/image_1950.webp\" src=\"https:\/\/hepsicdn.com.tr\/static\/product_detail\/hbnetbefb3912_5076811.webp\"><\/p>\n<p><img decoding=\"async\" data-cke-saved-src=\"https:\/\/cdn.myikas.com\/images\/4b0890c4-46f7-49c5-9b0d-d8f3dae632d6\/58ba0ff8-8598-428e-beff-80fe1d66f0c3\/image_1950.webp\" src=\"https:\/\/hepsicdn.com.tr\/static\/product_detail\/hbnetbefb3912_5076812.webp\"><\/p>\n<p><img decoding=\"async\" data-cke-saved-src=\"https:\/\/cdn.myikas.com\/images\/4b0890c4-46f7-49c5-9b0d-d8f3dae632d6\/bfc1eddb-7978-4783-9ec4-dd58efc5f0b8\/image_1950.webp\" src=\"https:\/\/hepsicdn.com.tr\/static\/product_detail\/hbnetbefb3912_5076813.webp\"><\/p>\n<p><img decoding=\"async\" data-cke-saved-src=\"https:\/\/cdn.myikas.com\/images\/4b0890c4-46f7-49c5-9b0d-d8f3dae632d6\/54331739-d97d-4381-8623-712a83b9aaf9\/image_1950.webp\" src=\"https:\/\/hepsicdn.com.tr\/static\/product_detail\/hbnetbefb3912_5076814.webp\"><\/p>\n<p><img decoding=\"async\" data-cke-saved-src=\"https:\/\/cdn.myikas.com\/images\/4b0890c4-46f7-49c5-9b0d-d8f3dae632d6\/234baf82-7fa7-4d9e-a4dd-3ce7c363620f\/image_1950.webp\" src=\"https:\/\/hepsicdn.com.tr\/static\/product_detail\/hbnetbefb3912_5076815.webp\"><\/p>\n<p><img decoding=\"async\" data-cke-saved-src=\"https:\/\/cdn.myikas.com\/images\/4b0890c4-46f7-49c5-9b0d-d8f3dae632d6\/1bcffdc9-62f2-4760-b523-985939de20ee\/image_1950.webp\" src=\"https:\/\/hepsicdn.com.tr\/static\/product_detail\/hbnetbefb3912_5076816.webp\"><\/p>\n<p><img decoding=\"async\" data-cke-saved-src=\"https:\/\/cdn.myikas.com\/images\/4b0890c4-46f7-49c5-9b0d-d8f3dae632d6\/c1763bb6-a808-4110-9ccb-b3b951dcfcb7\/image_1950.webp\" src=\"https:\/\/hepsicdn.com.tr\/static\/product_detail\/hbnetbefb3912_5076817.webp\"><\/p>\n<p><img decoding=\"async\" data-cke-saved-src=\"https:\/\/cdn.myikas.com\/images\/4b0890c4-46f7-49c5-9b0d-d8f3dae632d6\/d3fbe241-b319-4d38-8494-b9c460e41ca5\/image_1950.webp\" src=\"https:\/\/hepsicdn.com.tr\/static\/product_detail\/hbnetbefb3912_5076818.webp\"><\/p>\n<div><strong><span style=\"font-size: 13px;\">ALLY Metal Masa &Uuml;st&uuml; Standl&#305; M&#305;knat&#305;sl&#305; Tablet Telefon Tutucu<\/span><\/strong><\/div>\n<div><span style=\"font-size: 13px;\">ALLY Metal Masa &Uuml;st&uuml; Standl&#305; M&#305;knat&#305;sl&#305; Tablet Telefon Tutucu 360&deg; ayarlanabilir tasar&#305;m&#305; sayesinde olduk&ccedil;a kullan&#305;&#351;l&#305;d&#305;r.<\/span><\/div>\n<div><span style=\"font-size: 13px;\">G&uuml;&ccedil;l&uuml; m&#305;knat&#305;sl&#305; dizayn&#305; ile kolay kullan&#305;m sunar.<\/span><\/div>\n<div><span style=\"font-size: 13px;\">Tek elle kontrol edilebilen ba&#351;l&#305;&#287;&#305; ile tabletinizi veya telefonunuzu istedi&#287;iniz y&ouml;ne &ccedil;evirin.<\/span><\/div>\n<div><span style=\"font-size: 13px;\">Tabletinizi monit&ouml;r gibi kullanman&#305;za olanak sa&#287;lar.<\/span><\/div>\n<div><span style=\"font-size: 13px;\">Sars&#305;lma veya d&uuml;&#351;me yapmaz.<\/span><\/div>\n<div><span style=\"font-size: 13px;\">Ba&#351; ve boyun a&#287;r&#305;lar&#305;ndan kurtulman&#305;za yard&#305;mc&#305; olur.<\/span><\/div>\n<div><span style=\"font-size: 13px;\">Tabletinizi diledi&#287;iniz a&ccedil;&#305;da kullanabilirsiniz.<\/span><\/div>\n<div><span style=\"font-size: 13px;\">Uzunluk: 16 cm<\/span><\/div>\n<div><span style=\"font-size: 13px;\">Uyumluluk: 12.9 in&ccedil;&#8217;e kadar olan t&uuml;m tablet ve telefonlarla uyumludur.<\/span><\/div>\n","protected":false},"excerpt":{"rendered":"<p>ALLY Metal Masa &Uuml;st&uuml; Standl&#305; M&#305;knat&#305;sl&#305; Tablet Telefon Tutucu ALLY Metal Masa &Uuml;st&uuml; Standl&#305; M&#305;knat&#305;sl&#305; Tablet Telefon Tutucu ALLY Metal Masa &Uuml;st&uuml; Standl&#305; M&#305;knat&#305;sl&#305; Tablet Telefon Tutucu 360&deg; ayarlanabilir tasar&#305;m&#305; sayesinde olduk&ccedil;a kullan&#305;&#351;l&#305;d&#305;r. G&uuml;&ccedil;l&uuml; m&#305;knat&#305;sl&#305; dizayn&#305; ile kolay kullan&#305;m sunar. Tek elle kontrol edilebilen ba&#351;l&#305;&#287;&#305; ile tabletinizi veya telefonunuzu istedi&#287;iniz y&ouml;ne &ccedil;evirin. Tabletinizi monit&ouml;r gibi&#8230;<\/p>\n","protected":false},"featured_media":105347,"comment_status":"open","ping_status":"closed","template":"","meta":{"_kad_post_transparent":"","_kad_post_title":"","_kad_post_layout":"","_kad_post_sidebar_id":"","_kad_post_content_style":"","_kad_post_vertical_padding":"","_kad_post_feature":"","_kad_post_feature_position":"","_kad_post_header":false,"_kad_post_footer":false,"_kad_post_classname":""},"product_brand":[],"product_cat":[14646],"product_tag":[],"class_list":{"0":"post-105348","1":"product","2":"type-product","3":"status-publish","4":"has-post-thumbnail","6":"product_cat-tablet-standi-bilgisayar-tablet-aksesuar-bilgisayar-tablet-elektronik-tablet-standi","8":"first","9":"instock","10":"purchasable","11":"product-type-simple","12":"entry","13":"content-bg","14":"loop-entry"},"_links":{"self":[{"href":"https:\/\/www.hediyepazar.com\/index.php?rest_route=\/wp\/v2\/product\/105348","targetHints":{"allow":["GET"]}}],"collection":[{"href":"https:\/\/www.hediyepazar.com\/index.php?rest_route=\/wp\/v2\/product"}],"about":[{"href":"https:\/\/www.hediyepazar.com\/index.php?rest_route=\/wp\/v2\/types\/product"}],"replies":[{"embeddable":true,"href":"https:\/\/www.hediyepazar.com\/index.php?rest_route=%2Fwp%2Fv2%2Fcomments&post=105348"}],"wp:featuredmedia":[{"embeddable":true,"href":"https:\/\/www.hediyepazar.com\/index.php?rest_route=\/wp\/v2\/media\/105347"}],"wp:attachment":[{"href":"https:\/\/www.hediyepazar.com\/index.php?rest_route=%2Fwp%2Fv2%2Fmedia&parent=105348"}],"wp:term":[{"taxonomy":"product_brand","embeddable":true,"href":"https:\/\/www.hediyepazar.com\/index.php?rest_route=%2Fwp%2Fv2%2Fproduct_brand&post=105348"},{"taxonomy":"product_cat","embeddable":true,"href":"https:\/\/www.hediyepazar.com\/index.php?rest_route=%2Fwp%2Fv2%2Fproduct_cat&post=105348"},{"taxonomy":"product_tag","embeddable":true,"href":"https:\/\/www.hediyepazar.com\/index.php?rest_route=%2Fwp%2Fv2%2Fproduct_tag&post=105348"}],"curies":[{"name":"wp","href":"https:\/\/api.w.org\/{rel}","templated":true}]}}