{"id":105432,"date":"2026-05-04T14:21:11","date_gmt":"2026-05-04T17:21:11","guid":{"rendered":"https:\/\/www.hediyepazar.com\/?product=ally-portatif-arac-direksiyon-icecek-tutucu-bilgisayar-masasi-5775"},"modified":"2026-05-04T14:21:11","modified_gmt":"2026-05-04T17:21:11","slug":"ally-portatif-arac-direksiyon-icecek-tutucu-bilgisayar-masasi-5775","status":"publish","type":"product","link":"https:\/\/www.hediyepazar.com\/?product=ally-portatif-arac-direksiyon-icecek-tutucu-bilgisayar-masasi-5775","title":{"rendered":"ALLY Portatif Ara\u00e7 Direksiyon \u0130\u00e7ecek Tutucu Bilgisayar Masas\u0131-(5775)"},"content":{"rendered":"<p><strong><span style=\"font-size: 13px;\">ALLY Portatif Ara&ccedil; Direksiyon &#304;&ccedil;ecek Tutucu Bilgisayar Masas&#305;<\/span><\/strong><\/p>\n<p><img decoding=\"async\" data-cke-saved-src=\"https:\/\/cdn.myikas.com\/images\/4b0890c4-46f7-49c5-9b0d-d8f3dae632d6\/b6af3af8-95d4-46df-94ce-69841b7f304c\/image_1950.webp\" src=\"https:\/\/hepsicdn.com.tr\/static\/product_detail\/hbnet96e10020_5082911.webp\"><\/p>\n<p><img decoding=\"async\" data-cke-saved-src=\"https:\/\/cdn.myikas.com\/images\/4b0890c4-46f7-49c5-9b0d-d8f3dae632d6\/7eaad7c6-2da6-439b-a282-0b61b5bf1f1c\/image_1950.webp\" src=\"https:\/\/hepsicdn.com.tr\/static\/product_detail\/hbnet96e10020_5082912.webp\"><\/p>\n<p><img decoding=\"async\" data-cke-saved-src=\"https:\/\/cdn.myikas.com\/images\/4b0890c4-46f7-49c5-9b0d-d8f3dae632d6\/680e7285-997c-471b-be60-6e370b80fcae\/image_1950.webp\" src=\"https:\/\/hepsicdn.com.tr\/static\/product_detail\/hbnet96e10020_5082913.webp\"><\/p>\n<p><img decoding=\"async\" data-cke-saved-src=\"https:\/\/cdn.myikas.com\/images\/4b0890c4-46f7-49c5-9b0d-d8f3dae632d6\/88c725ea-307c-4b3f-8f47-e0d913c2dcb6\/image_1950.webp\" src=\"https:\/\/hepsicdn.com.tr\/static\/product_detail\/hbnet96e10020_5082914.webp\"><\/p>\n<p><img decoding=\"async\" data-cke-saved-src=\"https:\/\/cdn.myikas.com\/images\/4b0890c4-46f7-49c5-9b0d-d8f3dae632d6\/e98773e8-8647-42af-bf39-23d0f87b3fca\/image_1950.webp\" src=\"https:\/\/hepsicdn.com.tr\/static\/product_detail\/hbnet96e10020_5082915.webp\"><\/p>\n<p><img decoding=\"async\" data-cke-saved-src=\"https:\/\/cdn.myikas.com\/images\/4b0890c4-46f7-49c5-9b0d-d8f3dae632d6\/e4bfb697-ef3e-45e7-96f7-b98645e9fee1\/image_1950.webp\" src=\"https:\/\/hepsicdn.com.tr\/static\/product_detail\/hbnet96e10020_5082916.webp\"><\/p>\n<p><strong>ALLY Portatif Ara&ccedil; Direksiyon &#304;&ccedil;ecek Tutucu Bilgisayar Masas&#305;<\/strong><br \/>Pratik ve &ccedil;ok fonksiyonlu ara&ccedil; masas&#305; ile yolculuklar&#305;n&#305;z daha konforlu!<br \/>Direksiyonunuza saniyeler i&ccedil;inde sabitleyerek konforlu ara&ccedil; masas&#305;na sahip olabilirsiniz.<br \/>&#304;ster yeme&#287;inizi yiyin ister kahvenizi yudumlay&#305;n.<br \/>ALLY seyahat masas&#305; ile arac&#305;n&#305;z&#305; daha konforlu hale getirmek bu kadar kolayd&#305;r.<br \/>&Uuml;r&uuml;n boyutu: 425*285*25mm<br \/>&Uuml;r&uuml;n malzemesi: ABS<\/p>\n","protected":false},"excerpt":{"rendered":"<p>ALLY Portatif Ara&ccedil; Direksiyon &#304;&ccedil;ecek Tutucu Bilgisayar Masas&#305; ALLY Portatif Ara&ccedil; Direksiyon &#304;&ccedil;ecek Tutucu Bilgisayar Masas&#305;Pratik ve &ccedil;ok fonksiyonlu ara&ccedil; masas&#305; ile yolculuklar&#305;n&#305;z daha konforlu!Direksiyonunuza saniyeler i&ccedil;inde sabitleyerek konforlu ara&ccedil; masas&#305;na sahip olabilirsiniz.&#304;ster yeme&#287;inizi yiyin ister kahvenizi yudumlay&#305;n.ALLY seyahat masas&#305; ile arac&#305;n&#305;z&#305; daha konforlu hale getirmek bu kadar kolayd&#305;r.&Uuml;r&uuml;n boyutu: 425*285*25mm&Uuml;r&uuml;n malzemesi: ABS<\/p>\n","protected":false},"featured_media":105431,"comment_status":"open","ping_status":"closed","template":"","meta":{"_kad_post_transparent":"","_kad_post_title":"","_kad_post_layout":"","_kad_post_sidebar_id":"","_kad_post_content_style":"","_kad_post_vertical_padding":"","_kad_post_feature":"","_kad_post_feature_position":"","_kad_post_header":false,"_kad_post_footer":false,"_kad_post_classname":""},"product_brand":[],"product_cat":[14505],"product_tag":[],"class_list":{"0":"post-105432","1":"product","2":"type-product","3":"status-publish","4":"has-post-thumbnail","6":"product_cat-oto-aksesuarlari-oto-aksesuarlari-cep-telefonu-elektronik-torpido-aksesuarlari","8":"first","9":"instock","10":"purchasable","11":"product-type-simple","12":"entry","13":"content-bg","14":"loop-entry"},"_links":{"self":[{"href":"https:\/\/www.hediyepazar.com\/index.php?rest_route=\/wp\/v2\/product\/105432","targetHints":{"allow":["GET"]}}],"collection":[{"href":"https:\/\/www.hediyepazar.com\/index.php?rest_route=\/wp\/v2\/product"}],"about":[{"href":"https:\/\/www.hediyepazar.com\/index.php?rest_route=\/wp\/v2\/types\/product"}],"replies":[{"embeddable":true,"href":"https:\/\/www.hediyepazar.com\/index.php?rest_route=%2Fwp%2Fv2%2Fcomments&post=105432"}],"wp:featuredmedia":[{"embeddable":true,"href":"https:\/\/www.hediyepazar.com\/index.php?rest_route=\/wp\/v2\/media\/105431"}],"wp:attachment":[{"href":"https:\/\/www.hediyepazar.com\/index.php?rest_route=%2Fwp%2Fv2%2Fmedia&parent=105432"}],"wp:term":[{"taxonomy":"product_brand","embeddable":true,"href":"https:\/\/www.hediyepazar.com\/index.php?rest_route=%2Fwp%2Fv2%2Fproduct_brand&post=105432"},{"taxonomy":"product_cat","embeddable":true,"href":"https:\/\/www.hediyepazar.com\/index.php?rest_route=%2Fwp%2Fv2%2Fproduct_cat&post=105432"},{"taxonomy":"product_tag","embeddable":true,"href":"https:\/\/www.hediyepazar.com\/index.php?rest_route=%2Fwp%2Fv2%2Fproduct_tag&post=105432"}],"curies":[{"name":"wp","href":"https:\/\/api.w.org\/{rel}","templated":true}]}}