{"id":105438,"date":"2026-05-04T14:21:58","date_gmt":"2026-05-04T17:21:58","guid":{"rendered":"https:\/\/www.hediyepazar.com\/?product=ally-w15l-mini-torpido-uzeri-arac-ici-telefon-tutucu-5775"},"modified":"2026-05-04T14:21:58","modified_gmt":"2026-05-04T17:21:58","slug":"ally-w15l-mini-torpido-uzeri-arac-ici-telefon-tutucu-5775","status":"publish","type":"product","link":"https:\/\/www.hediyepazar.com\/?product=ally-w15l-mini-torpido-uzeri-arac-ici-telefon-tutucu-5775","title":{"rendered":"ALLY W15L Mini Torpido \u00dczeri Ara\u00e7 \u0130\u00e7i Telefon Tutucu-(5775)"},"content":{"rendered":"<p><strong>ALLY W15L Mini Torpido &Uuml;zeri Ara&ccedil; &#304;&ccedil;i Telefon Tutucu<\/strong><img decoding=\"async\" data-cke-saved-src=\"https:\/\/cdn.myikas.com\/images\/4b0890c4-46f7-49c5-9b0d-d8f3dae632d6\/7f71892d-29f4-45ec-856b-7600a8179a9e\/image_1950.webp\" src=\"https:\/\/hepsicdn.com.tr\/static\/product_detail\/hbnetf06bdf5d_5083211.webp\"><img decoding=\"async\" data-cke-saved-src=\"https:\/\/cdn.myikas.com\/images\/4b0890c4-46f7-49c5-9b0d-d8f3dae632d6\/67bc2705-7c49-4b2c-89ef-51254edf8c6c\/image_1950.webp\" src=\"https:\/\/hepsicdn.com.tr\/static\/product_detail\/hbnetf06bdf5d_5083212.webp\"><img decoding=\"async\" data-cke-saved-src=\"https:\/\/cdn.myikas.com\/images\/4b0890c4-46f7-49c5-9b0d-d8f3dae632d6\/76e25a6b-0306-4b7c-8d49-a9933f458da2\/image_1950.webp\" src=\"https:\/\/hepsicdn.com.tr\/static\/product_detail\/hbnetf06bdf5d_5083213.webp\"><img decoding=\"async\" data-cke-saved-src=\"https:\/\/cdn.myikas.com\/images\/4b0890c4-46f7-49c5-9b0d-d8f3dae632d6\/8c48ff9b-174f-43b3-9afb-69a1aaf339ca\/image_1950.webp\" src=\"https:\/\/hepsicdn.com.tr\/static\/product_detail\/hbnetf06bdf5d_5083214.webp\"><img decoding=\"async\" data-cke-saved-src=\"https:\/\/cdn.myikas.com\/images\/4b0890c4-46f7-49c5-9b0d-d8f3dae632d6\/7b202485-9740-42cf-945b-f2092373e784\/image_1950.webp\" src=\"https:\/\/hepsicdn.com.tr\/static\/product_detail\/hbnetf06bdf5d_5083215.webp\"><strong>ALLY W15L Mini Torpido &Uuml;zeri Ara&ccedil; &#304;&ccedil;i Telefon Tutucu<\/strong><\/p>\n<div>Manyetik levha ile g&uuml;&ccedil;lendirilmi&#351; tasar&#305;m&#305; sayesinde cihaz&#305;n&#305;z daima g&uuml;vende!<br \/>Dayan&#305;kl&#305; ABS materyalden &uuml;retilmi&#351;tir.<br \/>360&deg; d&ouml;nebilen tasar&#305;m&#305; sayesinde cihaz&#305;n&#305;z&#305; diledi&#287;iniz &#351;ekilde konumland&#305;rabilirsiniz.<br \/>Torpido &uuml;zeri kullan&#305;ma uygun &#351;ekilde &uuml;retilmi&#351;tir.<br \/>Saniyeler i&ccedil;inde kolayca sabitleyebilirsiniz.<br \/>Mini ve zarif g&ouml;r&uuml;n&uuml;m&uuml;yle arac&#305;n&#305;zla b&uuml;t&uuml;nle&#351;ir.<br \/>Engebeli yollarda bile telefonunuzu s&#305;k&#305;ca kavrayan g&uuml;&ccedil;l&uuml; tutu&#351;a sahiptir.<br \/>6.7in&ccedil;&#8217;e kadar cihazlarla uyumludur.<\/div>\n","protected":false},"excerpt":{"rendered":"<p>ALLY W15L Mini Torpido &Uuml;zeri Ara&ccedil; &#304;&ccedil;i Telefon TutucuALLY W15L Mini Torpido &Uuml;zeri Ara&ccedil; &#304;&ccedil;i Telefon Tutucu Manyetik levha ile g&uuml;&ccedil;lendirilmi&#351; tasar&#305;m&#305; sayesinde cihaz&#305;n&#305;z daima g&uuml;vende!Dayan&#305;kl&#305; ABS materyalden &uuml;retilmi&#351;tir.360&deg; d&ouml;nebilen tasar&#305;m&#305; sayesinde cihaz&#305;n&#305;z&#305; diledi&#287;iniz &#351;ekilde konumland&#305;rabilirsiniz.Torpido &uuml;zeri kullan&#305;ma uygun &#351;ekilde &uuml;retilmi&#351;tir.Saniyeler i&ccedil;inde kolayca sabitleyebilirsiniz.Mini ve zarif g&ouml;r&uuml;n&uuml;m&uuml;yle arac&#305;n&#305;zla b&uuml;t&uuml;nle&#351;ir.Engebeli yollarda bile telefonunuzu s&#305;k&#305;ca kavrayan g&uuml;&ccedil;l&uuml;&#8230;<\/p>\n","protected":false},"featured_media":105437,"comment_status":"open","ping_status":"closed","template":"","meta":{"_kad_post_transparent":"","_kad_post_title":"","_kad_post_layout":"","_kad_post_sidebar_id":"","_kad_post_content_style":"","_kad_post_vertical_padding":"","_kad_post_feature":"","_kad_post_feature_position":"","_kad_post_header":false,"_kad_post_footer":false,"_kad_post_classname":""},"product_brand":[],"product_cat":[14532],"product_tag":[],"class_list":{"0":"post-105438","1":"product","2":"type-product","3":"status-publish","4":"has-post-thumbnail","6":"product_cat-oto-aksesuarlari-cep-telefonu-elektronik-oto-aksesuarlari","8":"first","9":"instock","10":"purchasable","11":"product-type-simple","12":"entry","13":"content-bg","14":"loop-entry"},"_links":{"self":[{"href":"https:\/\/www.hediyepazar.com\/index.php?rest_route=\/wp\/v2\/product\/105438","targetHints":{"allow":["GET"]}}],"collection":[{"href":"https:\/\/www.hediyepazar.com\/index.php?rest_route=\/wp\/v2\/product"}],"about":[{"href":"https:\/\/www.hediyepazar.com\/index.php?rest_route=\/wp\/v2\/types\/product"}],"replies":[{"embeddable":true,"href":"https:\/\/www.hediyepazar.com\/index.php?rest_route=%2Fwp%2Fv2%2Fcomments&post=105438"}],"wp:featuredmedia":[{"embeddable":true,"href":"https:\/\/www.hediyepazar.com\/index.php?rest_route=\/wp\/v2\/media\/105437"}],"wp:attachment":[{"href":"https:\/\/www.hediyepazar.com\/index.php?rest_route=%2Fwp%2Fv2%2Fmedia&parent=105438"}],"wp:term":[{"taxonomy":"product_brand","embeddable":true,"href":"https:\/\/www.hediyepazar.com\/index.php?rest_route=%2Fwp%2Fv2%2Fproduct_brand&post=105438"},{"taxonomy":"product_cat","embeddable":true,"href":"https:\/\/www.hediyepazar.com\/index.php?rest_route=%2Fwp%2Fv2%2Fproduct_cat&post=105438"},{"taxonomy":"product_tag","embeddable":true,"href":"https:\/\/www.hediyepazar.com\/index.php?rest_route=%2Fwp%2Fv2%2Fproduct_tag&post=105438"}],"curies":[{"name":"wp","href":"https:\/\/api.w.org\/{rel}","templated":true}]}}