{"id":105476,"date":"2026-05-04T14:26:14","date_gmt":"2026-05-04T17:26:14","guid":{"rendered":"https:\/\/www.hediyepazar.com\/?product=iphone-13-6-1inc-kamera-korumali-premium-silikon-kilif-5775"},"modified":"2026-05-04T14:26:14","modified_gmt":"2026-05-04T17:26:14","slug":"iphone-13-6-1inc-kamera-korumali-premium-silikon-kilif-5775","status":"publish","type":"product","link":"https:\/\/www.hediyepazar.com\/?product=iphone-13-6-1inc-kamera-korumali-premium-silikon-kilif-5775","title":{"rendered":"iPhone 13 6.1in\u00e7 Kamera Korumal\u0131 Premium Silikon K\u0131l\u0131f-(5775)"},"content":{"rendered":"<p><strong>iPhone 13 6.1in&ccedil; Kamera Korumal&#305; Premium Silikon K&#305;l&#305;f<\/strong><img decoding=\"async\" data-cke-saved-src=\"https:\/\/cdn.myikas.com\/images\/4b0890c4-46f7-49c5-9b0d-d8f3dae632d6\/790f7e70-5a25-4750-b189-f4e3abfef6e9\/image_1950.webp\" src=\"https:\/\/hepsicdn.com.tr\/static\/product_detail\/hbnet82e77d8d_5085511.webp\"><img decoding=\"async\" data-cke-saved-src=\"https:\/\/cdn.myikas.com\/images\/4b0890c4-46f7-49c5-9b0d-d8f3dae632d6\/ca1c8b5a-6e92-41b0-81fd-54a8f1a43599\/image_1950.webp\" src=\"https:\/\/hepsicdn.com.tr\/static\/product_detail\/hbnet82e77d8d_5085512.webp\"><img decoding=\"async\" data-cke-saved-src=\"https:\/\/cdn.myikas.com\/images\/4b0890c4-46f7-49c5-9b0d-d8f3dae632d6\/9f72e68e-b05a-4793-9165-2c3b7ad6baf8\/image_1950.webp\" src=\"https:\/\/hepsicdn.com.tr\/static\/product_detail\/hbnet82e77d8d_5085513.webp\"><img decoding=\"async\" data-cke-saved-src=\"https:\/\/cdn.myikas.com\/images\/4b0890c4-46f7-49c5-9b0d-d8f3dae632d6\/107e89bc-c45e-4806-b6e5-dbc15576bd24\/image_1950.webp\" src=\"https:\/\/hepsicdn.com.tr\/static\/product_detail\/hbnet82e77d8d_5085514.webp\"><img decoding=\"async\" data-cke-saved-src=\"https:\/\/cdn.myikas.com\/images\/4b0890c4-46f7-49c5-9b0d-d8f3dae632d6\/ef99d70d-27e7-4bcb-928f-7d461f4cec62\/image_1950.webp\" src=\"https:\/\/hepsicdn.com.tr\/static\/product_detail\/hbnet82e77d8d_5085515.webp\"><img decoding=\"async\" data-cke-saved-src=\"https:\/\/cdn.myikas.com\/images\/4b0890c4-46f7-49c5-9b0d-d8f3dae632d6\/5ede1448-f4f7-4de5-89ed-1872e1cd7317\/image_1950.webp\" src=\"https:\/\/hepsicdn.com.tr\/static\/product_detail\/hbnet82e77d8d_5085516.webp\">&#8203;<strong>iPhone 13 6.1in&ccedil; Kamera Korumal&#305; Premium Silikon K&#305;l&#305;f<\/strong><\/p>\n<div>Polikarbonat TPU materyalden &uuml;retilmi&#351;tir.<br \/>&#350;&#305;k ve g&ouml;z al&#305;c&#305; tasar&#305;ma sahip k&#305;l&#305;f, g&ouml;ze hitap ederken telefonunuzu da &ccedil;izilmelere kar&#351;&#305; korur.<br \/>Dayan&#305;kl&#305; ve &ccedil;izilme kar&#351;&#305;t&#305; malzemeden yap&#305;lm&#305;&#351;t&#305;r.&nbsp;<br \/>Dokulu y&uuml;zeyi, el terlemesini &ouml;nler ve parmak izi b&#305;rakmaz.<br \/>Tu&#351;lara kolay eri&#351;imi sa&#287;lamak amac&#305;yla incelikli bir i&#351;&ccedil;ili&#287;e sahiptir.<br \/>Lens korumas&#305;, telefonunuzun kameras&#305;n&#305; k&#305;r&#305;lmaya, &ccedil;izilmeye ve &ccedil;atlamaya kar&#351;&#305; korur.<br \/>Uyumluluk:&nbsp;<strong style=\"text-align: -webkit-center;\">iPhone 13 6.1in&ccedil;<\/strong><\/div>\n<p><\/p>\n","protected":false},"excerpt":{"rendered":"<p>iPhone 13 6.1in&ccedil; Kamera Korumal&#305; Premium Silikon K&#305;l&#305;f&#8203;iPhone 13 6.1in&ccedil; Kamera Korumal&#305; Premium Silikon K&#305;l&#305;f Polikarbonat TPU materyalden &uuml;retilmi&#351;tir.&#350;&#305;k ve g&ouml;z al&#305;c&#305; tasar&#305;ma sahip k&#305;l&#305;f, g&ouml;ze hitap ederken telefonunuzu da &ccedil;izilmelere kar&#351;&#305; korur.Dayan&#305;kl&#305; ve &ccedil;izilme kar&#351;&#305;t&#305; malzemeden yap&#305;lm&#305;&#351;t&#305;r.&nbsp;Dokulu y&uuml;zeyi, el terlemesini &ouml;nler ve parmak izi b&#305;rakmaz.Tu&#351;lara kolay eri&#351;imi sa&#287;lamak amac&#305;yla incelikli bir i&#351;&ccedil;ili&#287;e sahiptir.Lens korumas&#305;,&#8230;<\/p>\n","protected":false},"featured_media":105475,"comment_status":"open","ping_status":"closed","template":"","meta":{"_kad_post_transparent":"","_kad_post_title":"","_kad_post_layout":"","_kad_post_sidebar_id":"","_kad_post_content_style":"","_kad_post_vertical_padding":"","_kad_post_feature":"","_kad_post_feature_position":"","_kad_post_header":false,"_kad_post_footer":false,"_kad_post_classname":""},"product_brand":[],"product_cat":[14520],"product_tag":[],"class_list":{"0":"post-105476","1":"product","2":"type-product","3":"status-publish","4":"has-post-thumbnail","6":"product_cat-telefon-kilifi-cep-telefonu-aksesuarlari-cep-telefonu-elektronik-telefon-kilifi","8":"first","9":"instock","10":"purchasable","11":"product-type-simple","12":"entry","13":"content-bg","14":"loop-entry"},"_links":{"self":[{"href":"https:\/\/www.hediyepazar.com\/index.php?rest_route=\/wp\/v2\/product\/105476","targetHints":{"allow":["GET"]}}],"collection":[{"href":"https:\/\/www.hediyepazar.com\/index.php?rest_route=\/wp\/v2\/product"}],"about":[{"href":"https:\/\/www.hediyepazar.com\/index.php?rest_route=\/wp\/v2\/types\/product"}],"replies":[{"embeddable":true,"href":"https:\/\/www.hediyepazar.com\/index.php?rest_route=%2Fwp%2Fv2%2Fcomments&post=105476"}],"wp:featuredmedia":[{"embeddable":true,"href":"https:\/\/www.hediyepazar.com\/index.php?rest_route=\/wp\/v2\/media\/105475"}],"wp:attachment":[{"href":"https:\/\/www.hediyepazar.com\/index.php?rest_route=%2Fwp%2Fv2%2Fmedia&parent=105476"}],"wp:term":[{"taxonomy":"product_brand","embeddable":true,"href":"https:\/\/www.hediyepazar.com\/index.php?rest_route=%2Fwp%2Fv2%2Fproduct_brand&post=105476"},{"taxonomy":"product_cat","embeddable":true,"href":"https:\/\/www.hediyepazar.com\/index.php?rest_route=%2Fwp%2Fv2%2Fproduct_cat&post=105476"},{"taxonomy":"product_tag","embeddable":true,"href":"https:\/\/www.hediyepazar.com\/index.php?rest_route=%2Fwp%2Fv2%2Fproduct_tag&post=105476"}],"curies":[{"name":"wp","href":"https:\/\/api.w.org\/{rel}","templated":true}]}}