{"id":105486,"date":"2026-05-04T14:27:11","date_gmt":"2026-05-04T17:27:11","guid":{"rendered":"https:\/\/www.hediyepazar.com\/?product=iphone-12-6-1inc-kamera-korumali-premium-silikon-kilif-5775"},"modified":"2026-05-04T14:27:11","modified_gmt":"2026-05-04T17:27:11","slug":"iphone-12-6-1inc-kamera-korumali-premium-silikon-kilif-5775","status":"publish","type":"product","link":"https:\/\/www.hediyepazar.com\/?product=iphone-12-6-1inc-kamera-korumali-premium-silikon-kilif-5775","title":{"rendered":"iPhone 12 6.1in\u00e7 Kamera Korumal\u0131 Premium Silikon K\u0131l\u0131f-(5775)"},"content":{"rendered":"<p><strong>iPhone 12 6.1in&ccedil; Kamera Korumal&#305; Premium Silikon K&#305;l&#305;f<\/strong><img decoding=\"async\" data-cke-saved-src=\"https:\/\/cdn.myikas.com\/images\/4b0890c4-46f7-49c5-9b0d-d8f3dae632d6\/cd1c6f55-6235-4d77-a3a4-846b2189c727\/image_1950.webp\" src=\"https:\/\/hepsicdn.com.tr\/static\/product_detail\/hbnet1be62fcb_5086011.webp\">&#8203;<img decoding=\"async\" data-cke-saved-src=\"https:\/\/cdn.myikas.com\/images\/4b0890c4-46f7-49c5-9b0d-d8f3dae632d6\/c4ea00c8-3e64-4c2a-8154-08dc500d606a\/image_1950.webp\" src=\"https:\/\/hepsicdn.com.tr\/static\/product_detail\/hbnet1be62fcb_5086012.webp\"><img decoding=\"async\" data-cke-saved-src=\"https:\/\/cdn.myikas.com\/images\/4b0890c4-46f7-49c5-9b0d-d8f3dae632d6\/a2feceed-2a45-4a6b-9245-0e468257da0b\/image_1950.webp\" src=\"https:\/\/hepsicdn.com.tr\/static\/product_detail\/hbnet1be62fcb_5086013.webp\"><img decoding=\"async\" data-cke-saved-src=\"https:\/\/cdn.myikas.com\/images\/4b0890c4-46f7-49c5-9b0d-d8f3dae632d6\/13a558d3-455d-46c5-8dd3-4a06b5ee1c37\/image_1950.webp\" src=\"https:\/\/hepsicdn.com.tr\/static\/product_detail\/hbnet1be62fcb_5086014.webp\"><img decoding=\"async\" data-cke-saved-src=\"https:\/\/cdn.myikas.com\/images\/4b0890c4-46f7-49c5-9b0d-d8f3dae632d6\/a031d428-203f-4cdc-9118-f4667d2f666b\/image_1950.webp\" src=\"https:\/\/hepsicdn.com.tr\/static\/product_detail\/hbnet1be62fcb_5086015.webp\"><img decoding=\"async\" data-cke-saved-src=\"https:\/\/cdn.myikas.com\/images\/4b0890c4-46f7-49c5-9b0d-d8f3dae632d6\/a2feceed-2a45-4a6b-9245-0e468257da0b\/image_1950.webp\" src=\"https:\/\/hepsicdn.com.tr\/static\/product_detail\/hbnet1be62fcb_5086013.webp\"><img decoding=\"async\" data-cke-saved-src=\"https:\/\/cdn.myikas.com\/images\/4b0890c4-46f7-49c5-9b0d-d8f3dae632d6\/4960fe7b-de4a-4cdb-ac76-93a643678d2a\/image_1950.webp\" src=\"https:\/\/hepsicdn.com.tr\/static\/product_detail\/hbnet1be62fcb_5086017.webp\"><strong>iPhone 12 6.1in&ccedil; Kamera Korumal&#305; Premium Silikon K&#305;l&#305;f<\/strong>Polikarbonat TPU materyalden &uuml;retilmi&#351;tir.<br \/>&#350;&#305;k ve g&ouml;z al&#305;c&#305; tasar&#305;ma sahip k&#305;l&#305;f, g&ouml;ze hitap ederken telefonunuzu da &ccedil;izilmelere kar&#351;&#305; korur.<br \/>Dayan&#305;kl&#305; ve &ccedil;izilme kar&#351;&#305;t&#305; malzemeden yap&#305;lm&#305;&#351;t&#305;r.&nbsp;<br \/>Renkli &ccedil;er&ccedil;eve detay&#305;na sahiptir.<br \/>Dokulu y&uuml;zeyi, el terlemesini &ouml;nler ve parmak izi b&#305;rakmaz.<br \/>Tu&#351;lara kolay eri&#351;imi sa&#287;lamak amac&#305;yla incelikli bir i&#351;&ccedil;ili&#287;e sahiptir.<br \/>Lens korumas&#305;, telefonunuzun kameras&#305;n&#305; k&#305;r&#305;lmaya, &ccedil;izilmeye ve &ccedil;atlamaya kar&#351;&#305; korur.<br \/>Uyumluluk:<strong style=\"text-align: -webkit-center;\">iPhone 12 6.1in&ccedil;&nbsp;<\/strong><\/p>\n","protected":false},"excerpt":{"rendered":"<p>iPhone 12 6.1in&ccedil; Kamera Korumal&#305; Premium Silikon K&#305;l&#305;f&#8203;iPhone 12 6.1in&ccedil; Kamera Korumal&#305; Premium Silikon K&#305;l&#305;fPolikarbonat TPU materyalden &uuml;retilmi&#351;tir.&#350;&#305;k ve g&ouml;z al&#305;c&#305; tasar&#305;ma sahip k&#305;l&#305;f, g&ouml;ze hitap ederken telefonunuzu da &ccedil;izilmelere kar&#351;&#305; korur.Dayan&#305;kl&#305; ve &ccedil;izilme kar&#351;&#305;t&#305; malzemeden yap&#305;lm&#305;&#351;t&#305;r.&nbsp;Renkli &ccedil;er&ccedil;eve detay&#305;na sahiptir.Dokulu y&uuml;zeyi, el terlemesini &ouml;nler ve parmak izi b&#305;rakmaz.Tu&#351;lara kolay eri&#351;imi sa&#287;lamak amac&#305;yla incelikli bir i&#351;&ccedil;ili&#287;e&#8230;<\/p>\n","protected":false},"featured_media":105485,"comment_status":"open","ping_status":"closed","template":"","meta":{"_kad_post_transparent":"","_kad_post_title":"","_kad_post_layout":"","_kad_post_sidebar_id":"","_kad_post_content_style":"","_kad_post_vertical_padding":"","_kad_post_feature":"","_kad_post_feature_position":"","_kad_post_header":false,"_kad_post_footer":false,"_kad_post_classname":""},"product_brand":[],"product_cat":[14520],"product_tag":[],"class_list":{"0":"post-105486","1":"product","2":"type-product","3":"status-publish","4":"has-post-thumbnail","6":"product_cat-telefon-kilifi-cep-telefonu-aksesuarlari-cep-telefonu-elektronik-telefon-kilifi","8":"first","9":"instock","10":"purchasable","11":"product-type-simple","12":"entry","13":"content-bg","14":"loop-entry"},"_links":{"self":[{"href":"https:\/\/www.hediyepazar.com\/index.php?rest_route=\/wp\/v2\/product\/105486","targetHints":{"allow":["GET"]}}],"collection":[{"href":"https:\/\/www.hediyepazar.com\/index.php?rest_route=\/wp\/v2\/product"}],"about":[{"href":"https:\/\/www.hediyepazar.com\/index.php?rest_route=\/wp\/v2\/types\/product"}],"replies":[{"embeddable":true,"href":"https:\/\/www.hediyepazar.com\/index.php?rest_route=%2Fwp%2Fv2%2Fcomments&post=105486"}],"wp:featuredmedia":[{"embeddable":true,"href":"https:\/\/www.hediyepazar.com\/index.php?rest_route=\/wp\/v2\/media\/105485"}],"wp:attachment":[{"href":"https:\/\/www.hediyepazar.com\/index.php?rest_route=%2Fwp%2Fv2%2Fmedia&parent=105486"}],"wp:term":[{"taxonomy":"product_brand","embeddable":true,"href":"https:\/\/www.hediyepazar.com\/index.php?rest_route=%2Fwp%2Fv2%2Fproduct_brand&post=105486"},{"taxonomy":"product_cat","embeddable":true,"href":"https:\/\/www.hediyepazar.com\/index.php?rest_route=%2Fwp%2Fv2%2Fproduct_cat&post=105486"},{"taxonomy":"product_tag","embeddable":true,"href":"https:\/\/www.hediyepazar.com\/index.php?rest_route=%2Fwp%2Fv2%2Fproduct_tag&post=105486"}],"curies":[{"name":"wp","href":"https:\/\/api.w.org\/{rel}","templated":true}]}}