{"id":105594,"date":"2026-05-04T14:41:23","date_gmt":"2026-05-04T17:41:23","guid":{"rendered":"https:\/\/www.hediyepazar.com\/?product=iphone-x-icin-ic-ufak-parcalar-20-parca-set-5775"},"modified":"2026-05-04T14:41:23","modified_gmt":"2026-05-04T17:41:23","slug":"iphone-x-icin-ic-ufak-parcalar-20-parca-set-5775","status":"publish","type":"product","link":"https:\/\/www.hediyepazar.com\/?product=iphone-x-icin-ic-ufak-parcalar-20-parca-set-5775","title":{"rendered":"iPhone X i\u00e7in \u0130\u00e7 Ufak Par\u00e7alar 20 Par\u00e7a Set-(5775)"},"content":{"rendered":"<p><strong>Marka<\/strong>: Apple\u200b<\/p>\n<p><strong>Model:&nbsp;<\/strong>iPhone X<\/p>\n<p><strong>&Uuml;r&uuml;n A&ccedil;\u0131klamas\u0131:<\/strong><\/p>\n<p>iPhone X i&ccedil;in \u0130&ccedil; Ufak Par&ccedil;alar 20 Par&ccedil;a Set<\/p>\n","protected":false},"excerpt":{"rendered":"<p>Marka: Apple\u200b Model:&nbsp;iPhone X &Uuml;r&uuml;n A&ccedil;\u0131klamas\u0131: iPhone X i&ccedil;in \u0130&ccedil; Ufak Par&ccedil;alar 20 Par&ccedil;a Set<\/p>\n","protected":false},"featured_media":105593,"comment_status":"open","ping_status":"closed","template":"","meta":{"_kad_post_transparent":"","_kad_post_title":"","_kad_post_layout":"","_kad_post_sidebar_id":"","_kad_post_content_style":"","_kad_post_vertical_padding":"","_kad_post_feature":"","_kad_post_feature_position":"","_kad_post_header":false,"_kad_post_footer":false,"_kad_post_classname":""},"product_brand":[],"product_cat":[14691],"product_tag":[],"class_list":{"0":"post-105594","1":"product","2":"type-product","3":"status-publish","4":"has-post-thumbnail","6":"product_cat-konnektorler-cep-telefonu-yedek-parcalari-cep-telefonu-elektronik-konnektorler","8":"first","9":"instock","10":"purchasable","11":"product-type-simple","12":"entry","13":"content-bg","14":"loop-entry"},"_links":{"self":[{"href":"https:\/\/www.hediyepazar.com\/index.php?rest_route=\/wp\/v2\/product\/105594","targetHints":{"allow":["GET"]}}],"collection":[{"href":"https:\/\/www.hediyepazar.com\/index.php?rest_route=\/wp\/v2\/product"}],"about":[{"href":"https:\/\/www.hediyepazar.com\/index.php?rest_route=\/wp\/v2\/types\/product"}],"replies":[{"embeddable":true,"href":"https:\/\/www.hediyepazar.com\/index.php?rest_route=%2Fwp%2Fv2%2Fcomments&post=105594"}],"wp:featuredmedia":[{"embeddable":true,"href":"https:\/\/www.hediyepazar.com\/index.php?rest_route=\/wp\/v2\/media\/105593"}],"wp:attachment":[{"href":"https:\/\/www.hediyepazar.com\/index.php?rest_route=%2Fwp%2Fv2%2Fmedia&parent=105594"}],"wp:term":[{"taxonomy":"product_brand","embeddable":true,"href":"https:\/\/www.hediyepazar.com\/index.php?rest_route=%2Fwp%2Fv2%2Fproduct_brand&post=105594"},{"taxonomy":"product_cat","embeddable":true,"href":"https:\/\/www.hediyepazar.com\/index.php?rest_route=%2Fwp%2Fv2%2Fproduct_cat&post=105594"},{"taxonomy":"product_tag","embeddable":true,"href":"https:\/\/www.hediyepazar.com\/index.php?rest_route=%2Fwp%2Fv2%2Fproduct_tag&post=105594"}],"curies":[{"name":"wp","href":"https:\/\/api.w.org\/{rel}","templated":true}]}}