{"id":105632,"date":"2026-05-04T14:50:01","date_gmt":"2026-05-04T17:50:01","guid":{"rendered":"https:\/\/www.hediyepazar.com\/?product=ally-iphone-11-kamera-koruyucu-lens-diamond-tas-islemeli-5775"},"modified":"2026-05-04T14:50:01","modified_gmt":"2026-05-04T17:50:01","slug":"ally-iphone-11-kamera-koruyucu-lens-diamond-tas-islemeli-5775","status":"publish","type":"product","link":"https:\/\/www.hediyepazar.com\/?product=ally-iphone-11-kamera-koruyucu-lens-diamond-tas-islemeli-5775","title":{"rendered":"ALLY \u0130Phone 11 Kamera Koruyucu Lens Diamond Ta\u015f \u0130\u015flemeli-(5775)"},"content":{"rendered":"<p><strong>ALLY &#304;Phone 11&nbsp;Kamera Koruyucu Lens Diamond Ta&#351; &#304;&#351;lemeli<\/strong><\/p>\n<p><img decoding=\"async\" data-cke-saved-src=\"https:\/\/cdn.myikas.com\/images\/4b0890c4-46f7-49c5-9b0d-d8f3dae632d6\/c2578db1-fb1b-45ee-ab75-fdf3d9a17648\/image_1950.webp\" src=\"https:\/\/hepsicdn.com.tr\/static\/product_detail\/hbnet04a2c071_5098611.webp\"><\/p>\n<p><img decoding=\"async\" data-cke-saved-src=\"https:\/\/cdn.myikas.com\/images\/4b0890c4-46f7-49c5-9b0d-d8f3dae632d6\/6aa1282a-e439-4fd6-b3e3-d344dc5dfc0e\/image_1950.webp\" src=\"https:\/\/hepsicdn.com.tr\/static\/product_detail\/hbnet04a2c071_5098612.webp\"><\/p>\n<p><img decoding=\"async\" data-cke-saved-src=\"https:\/\/cdn.myikas.com\/images\/4b0890c4-46f7-49c5-9b0d-d8f3dae632d6\/a68dbf82-37aa-49fd-821c-332d28361287\/image_1950.webp\" src=\"https:\/\/hepsicdn.com.tr\/static\/product_detail\/hbnet04a2c071_5098613.webp\"><\/p>\n<p><img decoding=\"async\" data-cke-saved-src=\"https:\/\/cdn.myikas.com\/images\/4b0890c4-46f7-49c5-9b0d-d8f3dae632d6\/bc84054f-6b7c-49db-a3ea-36417d50fddf\/image_1950.webp\" src=\"https:\/\/hepsicdn.com.tr\/static\/product_detail\/hbnet04a2c071_5098614.webp\"><\/p>\n<p><img decoding=\"async\" data-cke-saved-src=\"https:\/\/cdn.myikas.com\/images\/4b0890c4-46f7-49c5-9b0d-d8f3dae632d6\/159178de-1b0f-48e7-af43-32eced2863c8\/image_1950.webp\" src=\"https:\/\/hepsicdn.com.tr\/static\/product_detail\/hbnet04a2c071_5098615.webp\">&#8203;<\/p>\n<p><strong>ALLY &#304;Phone 11 Kamera Koruyucu Lens Diamond Ta&#351; &#304;&#351;lemeli<\/strong><br \/>Diamond Ta&#351; &#304;&#351;lemeli Kamera Lens Koruyucu ile kamera lensinizi korurken ayn&#305; zamanda &#351;&#305;k bir g&ouml;r&uuml;n&uuml;m kazand&#305;r&#305;r.<br \/>Cihaz kameran&#305;z&#305;n &ccedil;evresini kaplayarak benzersiz koruma sa&#287;lar.<br \/>Cihaz&#305;n&#305;zla tam uyumludur.<br \/>Saniyeler i&ccedil;inde yap&#305;&#351;t&#305;rarak kullanmaya ba&#351;layabilirsiniz.<br \/>Renk alternatifleri sayesinde cihaz&#305;n&#305;za uygun rengi tercih edebilirsiniz.&nbsp;<br \/>&#304;z b&#305;rakmaz ve leke tutmaz.<br \/>Kamera lens b&ouml;l&uuml;m&uuml; a&ccedil;&#305;k olarak tasarlanm&#305;&#351;t&#305;r.<br \/>Bu sayede &ccedil;&ouml;z&uuml;n&uuml;rl&uuml;k kayb&#305; olmadan HD &ccedil;ekimler yapmaya devam edebilirsiniz.<br \/>Uyumluluk: iPhone 11<\/p>\n<p><\/p>\n","protected":false},"excerpt":{"rendered":"<p>ALLY &#304;Phone 11&nbsp;Kamera Koruyucu Lens Diamond Ta&#351; &#304;&#351;lemeli &#8203; ALLY &#304;Phone 11 Kamera Koruyucu Lens Diamond Ta&#351; &#304;&#351;lemeliDiamond Ta&#351; &#304;&#351;lemeli Kamera Lens Koruyucu ile kamera lensinizi korurken ayn&#305; zamanda &#351;&#305;k bir g&ouml;r&uuml;n&uuml;m kazand&#305;r&#305;r.Cihaz kameran&#305;z&#305;n &ccedil;evresini kaplayarak benzersiz koruma sa&#287;lar.Cihaz&#305;n&#305;zla tam uyumludur.Saniyeler i&ccedil;inde yap&#305;&#351;t&#305;rarak kullanmaya ba&#351;layabilirsiniz.Renk alternatifleri sayesinde cihaz&#305;n&#305;za uygun rengi tercih edebilirsiniz.&nbsp;&#304;z b&#305;rakmaz ve leke&#8230;<\/p>\n","protected":false},"featured_media":105631,"comment_status":"open","ping_status":"closed","template":"","meta":{"_kad_post_transparent":"","_kad_post_title":"","_kad_post_layout":"","_kad_post_sidebar_id":"","_kad_post_content_style":"","_kad_post_vertical_padding":"","_kad_post_feature":"","_kad_post_feature_position":"","_kad_post_header":false,"_kad_post_footer":false,"_kad_post_classname":""},"product_brand":[],"product_cat":[14515],"product_tag":[],"class_list":{"0":"post-105632","1":"product","2":"type-product","3":"status-publish","4":"has-post-thumbnail","6":"product_cat-ekran-koruyucu-cep-telefonu-aksesuarlari-cep-telefonu-elektronik-ekran-koruyucu","8":"first","9":"instock","10":"purchasable","11":"product-type-simple","12":"entry","13":"content-bg","14":"loop-entry"},"_links":{"self":[{"href":"https:\/\/www.hediyepazar.com\/index.php?rest_route=\/wp\/v2\/product\/105632","targetHints":{"allow":["GET"]}}],"collection":[{"href":"https:\/\/www.hediyepazar.com\/index.php?rest_route=\/wp\/v2\/product"}],"about":[{"href":"https:\/\/www.hediyepazar.com\/index.php?rest_route=\/wp\/v2\/types\/product"}],"replies":[{"embeddable":true,"href":"https:\/\/www.hediyepazar.com\/index.php?rest_route=%2Fwp%2Fv2%2Fcomments&post=105632"}],"wp:featuredmedia":[{"embeddable":true,"href":"https:\/\/www.hediyepazar.com\/index.php?rest_route=\/wp\/v2\/media\/105631"}],"wp:attachment":[{"href":"https:\/\/www.hediyepazar.com\/index.php?rest_route=%2Fwp%2Fv2%2Fmedia&parent=105632"}],"wp:term":[{"taxonomy":"product_brand","embeddable":true,"href":"https:\/\/www.hediyepazar.com\/index.php?rest_route=%2Fwp%2Fv2%2Fproduct_brand&post=105632"},{"taxonomy":"product_cat","embeddable":true,"href":"https:\/\/www.hediyepazar.com\/index.php?rest_route=%2Fwp%2Fv2%2Fproduct_cat&post=105632"},{"taxonomy":"product_tag","embeddable":true,"href":"https:\/\/www.hediyepazar.com\/index.php?rest_route=%2Fwp%2Fv2%2Fproduct_tag&post=105632"}],"curies":[{"name":"wp","href":"https:\/\/api.w.org\/{rel}","templated":true}]}}