{"id":105698,"date":"2026-05-04T15:02:02","date_gmt":"2026-05-04T18:02:02","guid":{"rendered":"https:\/\/www.hediyepazar.com\/?product=ally-66bt-kulakustu-bluetooth-5-0-kablosuz-kulaklik-macarons-5775"},"modified":"2026-05-04T15:02:02","modified_gmt":"2026-05-04T18:02:02","slug":"ally-66bt-kulakustu-bluetooth-5-0-kablosuz-kulaklik-macarons-5775","status":"publish","type":"product","link":"https:\/\/www.hediyepazar.com\/?product=ally-66bt-kulakustu-bluetooth-5-0-kablosuz-kulaklik-macarons-5775","title":{"rendered":"ALLY 66BT Kulak\u00fcst\u00fc Bluetooth 5.0 Kablosuz Kulakl\u0131k Macarons-(5775)"},"content":{"rendered":"<p><strong>ALLY 66BT Kulak&uuml;st&uuml; Bluetooth 5.0 Kablosuz Kulakl&#305;k Macarons<\/strong><\/p>\n<p><img decoding=\"async\" data-cke-saved-src=\"https:\/\/cdn.myikas.com\/images\/4b0890c4-46f7-49c5-9b0d-d8f3dae632d6\/8383c3ae-6e24-4d10-8891-c399f063a4db\/image_1950.webp\" src=\"https:\/\/hepsicdn.com.tr\/static\/product_detail\/hbnetd91d40b6_5105411.webp\"><\/p>\n<p><img decoding=\"async\" data-cke-saved-src=\"https:\/\/cdn.myikas.com\/images\/4b0890c4-46f7-49c5-9b0d-d8f3dae632d6\/9cb52d07-cf5d-4fbd-9c75-837f10ac3909\/image_1950.webp\" src=\"https:\/\/hepsicdn.com.tr\/static\/product_detail\/hbnetd91d40b6_5105412.webp\"><\/p>\n<p><img decoding=\"async\" data-cke-saved-src=\"https:\/\/cdn.myikas.com\/images\/4b0890c4-46f7-49c5-9b0d-d8f3dae632d6\/fccbef72-fc6d-4920-b8a5-1af3132af5eb\/image_1950.webp\" src=\"https:\/\/hepsicdn.com.tr\/static\/product_detail\/hbnetd91d40b6_5105413.webp\"><\/p>\n<p><img decoding=\"async\" data-cke-saved-src=\"https:\/\/cdn.myikas.com\/images\/4b0890c4-46f7-49c5-9b0d-d8f3dae632d6\/3794f322-3764-48ae-9774-09980be80fdf\/image_1950.webp\" src=\"https:\/\/hepsicdn.com.tr\/static\/product_detail\/hbnetd91d40b6_5105414.webp\"><\/p>\n<p><img decoding=\"async\" data-cke-saved-src=\"https:\/\/cdn.myikas.com\/images\/4b0890c4-46f7-49c5-9b0d-d8f3dae632d6\/15778251-f608-4746-a34c-4cf11a39cc6e\/image_1950.webp\" src=\"https:\/\/hepsicdn.com.tr\/static\/product_detail\/hbnetd91d40b6_5105415.webp\"><\/p>\n<p><\/p>\n<p><strong>ALLY 66BT Kulak&uuml;st&uuml; Bluetooth 5.0 Kablosuz Kulakl&#305;k Macarons<\/strong><br \/>ALLY 66BT bluetooth kulakl&#305;k ile tarz&#305;n&#305;z&#305; tamamlarken ayn&#305; zamanda keyifli m&uuml;zik deneyimi ya&#351;amaya haz&#305;r m&#305;s&#305;n&#305;z?<br \/>Bluetooth 5.0 versiyona sahiptir, bu sayede h&#305;zl&#305; e&#351;le&#351;me ve gecikme olmadan ses iletimi sa&#287;lar.<br \/>Kullan&#305;&#351;l&#305;, konforlu ve ayarlanabilir tasar&#305;ma sahiptir.<br \/>Katlanabilir &ouml;zelli&#287;i ile &ccedil;antan&#305;zda az yer kaplar ve rahatl&#305;kla her yere ta&#351;&#305;yabilirsiniz.<br \/>Wireless, TF card, AUX kablo giri&#351;leri mevcuttur.&nbsp;<br \/>Bleutooth Etki Mesafasi: 10 metre<br \/>Empedans: 32 ohm<br \/>A&#287;&#305;rl&#305;k: 155gr<br \/>Frekans aral&#305;&#287;&#305;: 120z-20000Hz<br \/>&#350;arj s&uuml;resi: 3 saat<br \/>&Ccedil;alma s&uuml;resi: 10 saat<br \/>Aray&uuml;z: Micro Usb<br data-cke-eol=\"1\"\/><\/p>\n","protected":false},"excerpt":{"rendered":"<p>ALLY 66BT Kulak&uuml;st&uuml; Bluetooth 5.0 Kablosuz Kulakl&#305;k Macarons ALLY 66BT Kulak&uuml;st&uuml; Bluetooth 5.0 Kablosuz Kulakl&#305;k MacaronsALLY 66BT bluetooth kulakl&#305;k ile tarz&#305;n&#305;z&#305; tamamlarken ayn&#305; zamanda keyifli m&uuml;zik deneyimi ya&#351;amaya haz&#305;r m&#305;s&#305;n&#305;z?Bluetooth 5.0 versiyona sahiptir, bu sayede h&#305;zl&#305; e&#351;le&#351;me ve gecikme olmadan ses iletimi sa&#287;lar.Kullan&#305;&#351;l&#305;, konforlu ve ayarlanabilir tasar&#305;ma sahiptir.Katlanabilir &ouml;zelli&#287;i ile &ccedil;antan&#305;zda az yer kaplar ve&#8230;<\/p>\n","protected":false},"featured_media":105697,"comment_status":"open","ping_status":"closed","template":"","meta":{"_kad_post_transparent":"","_kad_post_title":"","_kad_post_layout":"","_kad_post_sidebar_id":"","_kad_post_content_style":"","_kad_post_vertical_padding":"","_kad_post_feature":"","_kad_post_feature_position":"","_kad_post_header":false,"_kad_post_footer":false,"_kad_post_classname":""},"product_brand":[],"product_cat":[14632],"product_tag":[],"class_list":{"0":"post-105698","1":"product","2":"type-product","3":"status-publish","4":"has-post-thumbnail","6":"product_cat-bluetooth-kulaklik-kulaklik-elektronik-bluetooth-kulaklik-kulaklik-elektronik","8":"first","9":"instock","10":"purchasable","11":"product-type-simple","12":"entry","13":"content-bg","14":"loop-entry"},"_links":{"self":[{"href":"https:\/\/www.hediyepazar.com\/index.php?rest_route=\/wp\/v2\/product\/105698","targetHints":{"allow":["GET"]}}],"collection":[{"href":"https:\/\/www.hediyepazar.com\/index.php?rest_route=\/wp\/v2\/product"}],"about":[{"href":"https:\/\/www.hediyepazar.com\/index.php?rest_route=\/wp\/v2\/types\/product"}],"replies":[{"embeddable":true,"href":"https:\/\/www.hediyepazar.com\/index.php?rest_route=%2Fwp%2Fv2%2Fcomments&post=105698"}],"wp:featuredmedia":[{"embeddable":true,"href":"https:\/\/www.hediyepazar.com\/index.php?rest_route=\/wp\/v2\/media\/105697"}],"wp:attachment":[{"href":"https:\/\/www.hediyepazar.com\/index.php?rest_route=%2Fwp%2Fv2%2Fmedia&parent=105698"}],"wp:term":[{"taxonomy":"product_brand","embeddable":true,"href":"https:\/\/www.hediyepazar.com\/index.php?rest_route=%2Fwp%2Fv2%2Fproduct_brand&post=105698"},{"taxonomy":"product_cat","embeddable":true,"href":"https:\/\/www.hediyepazar.com\/index.php?rest_route=%2Fwp%2Fv2%2Fproduct_cat&post=105698"},{"taxonomy":"product_tag","embeddable":true,"href":"https:\/\/www.hediyepazar.com\/index.php?rest_route=%2Fwp%2Fv2%2Fproduct_tag&post=105698"}],"curies":[{"name":"wp","href":"https:\/\/api.w.org\/{rel}","templated":true}]}}