{"id":105718,"date":"2026-05-04T15:03:57","date_gmt":"2026-05-04T18:03:57","guid":{"rendered":"https:\/\/www.hediyepazar.com\/?product=memo-dl02-telefonu-sogutma-fani-radyator-iphone-kablo-ile-5775"},"modified":"2026-05-04T15:03:57","modified_gmt":"2026-05-04T18:03:57","slug":"memo-dl02-telefonu-sogutma-fani-radyator-iphone-kablo-ile-5775","status":"publish","type":"product","link":"https:\/\/www.hediyepazar.com\/?product=memo-dl02-telefonu-sogutma-fani-radyator-iphone-kablo-ile-5775","title":{"rendered":"MEMO DL02 Telefonu So\u011futma Fan\u0131 Radyat\u00f6r (\u0130Phone Kablo \u0130le)-(5775)"},"content":{"rendered":"<p><strong><span style=\"font-size: 13px;\">MEMO DL02&nbsp; Telefonu So&#287;utma Fan&#305; Radyat&ouml;r (&#304;Phone Kablo &#304;le)<\/span><\/strong><\/p>\n<p><img decoding=\"async\" data-cke-saved-src=\"https:\/\/cdn.myikas.com\/images\/4b0890c4-46f7-49c5-9b0d-d8f3dae632d6\/0180c137-ee18-43db-9053-e0884171825a\/image_1950.webp\" src=\"https:\/\/hepsicdn.com.tr\/static\/product_detail\/hbnet70d66ed5_5108011.webp\"><\/p>\n<p><img decoding=\"async\" data-cke-saved-src=\"https:\/\/cdn.myikas.com\/images\/4b0890c4-46f7-49c5-9b0d-d8f3dae632d6\/309a73b3-e48a-4334-9ccb-08b8c44066f0\/image_1950.webp\" src=\"https:\/\/hepsicdn.com.tr\/static\/product_detail\/hbnet70d66ed5_5108012.webp\"><\/p>\n<p><img decoding=\"async\" data-cke-saved-src=\"https:\/\/cdn.myikas.com\/images\/4b0890c4-46f7-49c5-9b0d-d8f3dae632d6\/e78f501c-839e-4f3f-9e84-622a12e6cb85\/image_1950.webp\" src=\"https:\/\/hepsicdn.com.tr\/static\/product_detail\/hbnet70d66ed5_5108013.webp\"><\/p>\n<p><img decoding=\"async\" data-cke-saved-src=\"https:\/\/cdn.myikas.com\/images\/4b0890c4-46f7-49c5-9b0d-d8f3dae632d6\/f8092350-e0c5-4152-82ec-be53e644ac58\/image_1950.webp\" src=\"https:\/\/hepsicdn.com.tr\/static\/product_detail\/hbnet70d66ed5_5108014.webp\"><\/p>\n<p><img decoding=\"async\" data-cke-saved-src=\"https:\/\/cdn.myikas.com\/images\/4b0890c4-46f7-49c5-9b0d-d8f3dae632d6\/11b332ab-8cf5-4d8e-b595-0f2c650bacf1\/image_1950.webp\" src=\"https:\/\/hepsicdn.com.tr\/static\/product_detail\/hbnet70d66ed5_5108015.webp\"><\/p>\n<p><img decoding=\"async\" data-cke-saved-src=\"https:\/\/cdn.myikas.com\/images\/4b0890c4-46f7-49c5-9b0d-d8f3dae632d6\/326a00dd-ddc6-42a3-9f47-d6259ff73954\/image_1950.webp\" src=\"https:\/\/hepsicdn.com.tr\/static\/product_detail\/hbnet70d66ed5_5108016.webp\"><\/p>\n<p><img decoding=\"async\" data-cke-saved-src=\"https:\/\/cdn.myikas.com\/images\/4b0890c4-46f7-49c5-9b0d-d8f3dae632d6\/b2d837c8-dd1a-40ae-b34c-21d0b504ca67\/image_1950.webp\" src=\"https:\/\/hepsicdn.com.tr\/static\/product_detail\/hbnet70d66ed5_5108017.webp\"><\/p>\n<div><span style=\"font-size: 13px;\">MEMO DL02 Telefonu So&#287;utma Fan&#305; Radyat&ouml;r (&#304;Phone Kablo &#304;le)<\/span><\/div>\n<div><span style=\"font-size: 13px;\">Telefonunuz &ccedil;ok &#305;s&#305;n&#305;yorsa, h&#305;zl&#305; pil hasar&#305;na neden olabilir ve cihaz&#305;n&#305;z&#305;n &ouml;mr&uuml;n&uuml; k&#305;saltabilir.<\/span><\/div>\n<div><span style=\"font-size: 13px;\">Dahili 7500 rpm DC motor sessiz &ccedil;al&#305;&#351;ma prensibine sahiptir.<\/span><\/div>\n<div><span style=\"font-size: 13px;\">Geni&#351;li&#287;i 67-90mm aral&#305;&#287;&#305;ndaki t&uuml;m telefonlar ile uyumludur.<\/span><\/div>\n<div><span style=\"font-size: 13px;\">Telefonunuzu so&#287;utman&#305;n yan&#305; s&#305;ra,&nbsp; cihaz&#305;n&#305;z&#305;n &ouml;mr&uuml;n&uuml; uzatmak i&ccedil;in ideal bir &uuml;r&uuml;nd&uuml;r.<\/span><\/div>\n<div><span style=\"font-size: 13px;\">So&#287;utma radyat&ouml;r&uuml; g&uuml;&ccedil;l&uuml;d&uuml;r.<\/span><\/div>\n<div><span style=\"font-size: 13px;\">Hafif ve kullan&#305;&#351;l&#305;d&#305;r.<\/span><\/div>\n<div><span style=\"font-size: 13px;\">Malzeme: ABS<\/span><\/div>\n<div><span style=\"font-size: 13px;\">&#350;arj y&ouml;ntemi: USB<\/span><\/div>\n<div><span style=\"font-size: 13px;\">Giri&#351; voltaj&#305;: 5V<\/span><\/div>\n<div><span style=\"font-size: 13px;\">Giri&#351; ak&#305;m&#305;: 3A<\/span><\/div>\n<div><span style=\"font-size: 13px;\">Adapt&ouml;r voltaj&#305; ve ak&#305;m&#305;: 5V 2A<\/span><\/div>\n<div><span style=\"font-size: 13px;\">Model: geni&#351;lik 65-87mm<\/span><\/div>\n<div><span style=\"font-size: 13px;\">Boyutu: 80*64*34mm<\/span><\/div>\n<div><span style=\"font-size: 13px;\">Aray&uuml;z: Lightning<\/span><\/div>\n<div><span style=\"font-size: 13px;\">&#350;arj kablosu: Type-C USB 1.5 Metre<\/span><\/div>\n<div><span style=\"font-size: 13px;\">A&#287;&#305;rl&#305;k: 140g\/4.9oz<\/span><\/div>\n<div><\/div>\n<div><span style=\"font-size: 13px;\">Paket i&ccedil;eri&#287;i:<\/span><\/div>\n<div><span style=\"font-size: 13px;\">1*MEMO DL02 Telefonu So&#287;utma Fan&#305;<\/span><\/div>\n<div><span style=\"font-size: 13px;\">1*1.5m Type-C &#350;arj Kablosu<\/span><\/div>\n<div><span style=\"font-size: 13px;\">1*Lightning Adapt&ouml;r Kablosu<\/span><\/div>\n<p><\/p>\n","protected":false},"excerpt":{"rendered":"<p>MEMO DL02&nbsp; Telefonu So&#287;utma Fan&#305; Radyat&ouml;r (&#304;Phone Kablo &#304;le) MEMO DL02 Telefonu So&#287;utma Fan&#305; Radyat&ouml;r (&#304;Phone Kablo &#304;le) Telefonunuz &ccedil;ok &#305;s&#305;n&#305;yorsa, h&#305;zl&#305; pil hasar&#305;na neden olabilir ve cihaz&#305;n&#305;z&#305;n &ouml;mr&uuml;n&uuml; k&#305;saltabilir. Dahili 7500 rpm DC motor sessiz &ccedil;al&#305;&#351;ma prensibine sahiptir. Geni&#351;li&#287;i 67-90mm aral&#305;&#287;&#305;ndaki t&uuml;m telefonlar ile uyumludur. Telefonunuzu so&#287;utman&#305;n yan&#305; s&#305;ra,&nbsp; cihaz&#305;n&#305;z&#305;n &ouml;mr&uuml;n&uuml; uzatmak i&ccedil;in ideal&#8230;<\/p>\n","protected":false},"featured_media":105717,"comment_status":"open","ping_status":"closed","template":"","meta":{"_kad_post_transparent":"","_kad_post_title":"","_kad_post_layout":"","_kad_post_sidebar_id":"","_kad_post_content_style":"","_kad_post_vertical_padding":"","_kad_post_feature":"","_kad_post_feature_position":"","_kad_post_header":false,"_kad_post_footer":false,"_kad_post_classname":""},"product_brand":[],"product_cat":[14491],"product_tag":[],"class_list":{"0":"post-105718","1":"product","2":"type-product","3":"status-publish","4":"has-post-thumbnail","6":"product_cat-oyun-aksesuar-giyilebilir-teknoloji-elektronik-oyun-aksesuar","8":"first","9":"instock","10":"purchasable","11":"product-type-simple","12":"entry","13":"content-bg","14":"loop-entry"},"_links":{"self":[{"href":"https:\/\/www.hediyepazar.com\/index.php?rest_route=\/wp\/v2\/product\/105718","targetHints":{"allow":["GET"]}}],"collection":[{"href":"https:\/\/www.hediyepazar.com\/index.php?rest_route=\/wp\/v2\/product"}],"about":[{"href":"https:\/\/www.hediyepazar.com\/index.php?rest_route=\/wp\/v2\/types\/product"}],"replies":[{"embeddable":true,"href":"https:\/\/www.hediyepazar.com\/index.php?rest_route=%2Fwp%2Fv2%2Fcomments&post=105718"}],"wp:featuredmedia":[{"embeddable":true,"href":"https:\/\/www.hediyepazar.com\/index.php?rest_route=\/wp\/v2\/media\/105717"}],"wp:attachment":[{"href":"https:\/\/www.hediyepazar.com\/index.php?rest_route=%2Fwp%2Fv2%2Fmedia&parent=105718"}],"wp:term":[{"taxonomy":"product_brand","embeddable":true,"href":"https:\/\/www.hediyepazar.com\/index.php?rest_route=%2Fwp%2Fv2%2Fproduct_brand&post=105718"},{"taxonomy":"product_cat","embeddable":true,"href":"https:\/\/www.hediyepazar.com\/index.php?rest_route=%2Fwp%2Fv2%2Fproduct_cat&post=105718"},{"taxonomy":"product_tag","embeddable":true,"href":"https:\/\/www.hediyepazar.com\/index.php?rest_route=%2Fwp%2Fv2%2Fproduct_tag&post=105718"}],"curies":[{"name":"wp","href":"https:\/\/api.w.org\/{rel}","templated":true}]}}