{"id":105812,"date":"2026-05-04T15:14:15","date_gmt":"2026-05-04T18:14:15","guid":{"rendered":"https:\/\/www.hediyepazar.com\/?product=ally-iphone-12-6-1-askili-koruyucu-silikon-kilif-5775"},"modified":"2026-05-04T15:14:15","modified_gmt":"2026-05-04T18:14:15","slug":"ally-iphone-12-6-1-askili-koruyucu-silikon-kilif-5775","status":"publish","type":"product","link":"https:\/\/www.hediyepazar.com\/?product=ally-iphone-12-6-1-askili-koruyucu-silikon-kilif-5775","title":{"rendered":"ALLY iPhone 12 6.1 Ask\u0131l\u0131 Koruyucu Silikon K\u0131l\u0131f-(5775)"},"content":{"rendered":"<p><strong>ALLY iPhone 12 6.1 Ask&#305;l&#305; Koruyucu Silikon K&#305;l&#305;f<\/strong><\/p>\n<p><img decoding=\"async\" data-cke-saved-src=\"https:\/\/cdn.myikas.com\/images\/4b0890c4-46f7-49c5-9b0d-d8f3dae632d6\/fbb54167-f779-435e-ba18-a9d9e7060f0d\/image_1950.webp\" src=\"https:\/\/hepsicdn.com.tr\/static\/product_detail\/hbnet6f4caecf_5116111.webp\"><\/p>\n<p><img decoding=\"async\" data-cke-saved-src=\"https:\/\/cdn.myikas.com\/images\/4b0890c4-46f7-49c5-9b0d-d8f3dae632d6\/d8cfe210-6d25-4c36-9ccc-14e30d17063b\/image_1950.webp\" src=\"https:\/\/hepsicdn.com.tr\/static\/product_detail\/hbnet6f4caecf_5116112.webp\"><\/p>\n<p><img decoding=\"async\" data-cke-saved-src=\"https:\/\/cdn.myikas.com\/images\/4b0890c4-46f7-49c5-9b0d-d8f3dae632d6\/cf59eeac-3c30-4546-98ec-eabaeae8b680\/image_1950.webp\" src=\"https:\/\/hepsicdn.com.tr\/static\/product_detail\/hbnet6f4caecf_5116113.webp\"><\/p>\n<p><img decoding=\"async\" data-cke-saved-src=\"https:\/\/cdn.myikas.com\/images\/4b0890c4-46f7-49c5-9b0d-d8f3dae632d6\/5b7192c2-9ef9-4f79-a190-e3c37e5cf455\/image_1950.webp\" src=\"https:\/\/hepsicdn.com.tr\/static\/product_detail\/hbnet6f4caecf_5116114.webp\"><\/p>\n<p><img decoding=\"async\" data-cke-saved-src=\"https:\/\/cdn.myikas.com\/images\/4b0890c4-46f7-49c5-9b0d-d8f3dae632d6\/f44d2fdb-d440-4119-acc9-12aab53df723\/image_1950.webp\" src=\"https:\/\/hepsicdn.com.tr\/static\/product_detail\/hbnet6f4caecf_5116115.webp\"><\/p>\n<p><img decoding=\"async\" data-cke-saved-src=\"https:\/\/cdn.myikas.com\/images\/4b0890c4-46f7-49c5-9b0d-d8f3dae632d6\/b18ce043-b69f-4cbc-88ea-18609c2a72e7\/image_1950.webp\" src=\"https:\/\/hepsicdn.com.tr\/static\/product_detail\/hbnet6f4caecf_5116116.webp\"><\/p>\n<p><strong>ALLY iPhone 12 6.1 Ask&#305;l&#305; Koruyucu Silikon K&#305;l&#305;f<\/strong><br \/>Ayarlanabilir boyun ask&#305;s&#305; sayesinde telefonunuz hem g&uuml;vende hem her an elinizin alt&#305;nda!<br \/>Renkli, &#351;&#305;k ve kullan&#305;&#351;l&#305; tasar&#305;m&#305;yla size harika bir hava katar.<br \/>Telefonunuzu k&#305;r&#305;lmaya, &ccedil;izilmeye ve &ccedil;atlamaya kar&#351;&#305; korur.<br \/>Buzlu &#351;effaf arka y&uuml;zey sayesinde telefonunuzun &#351;&#305;kl&#305;&#287;&#305;n&#305; gizlemeden &ccedil;evresel risklere kar&#351;&#305; korur.<br \/>Parmak izine, kire, lekelenmeye kar&#351;&#305; diren&ccedil;lidir.<br \/>Telefonunuzu fit &#351;ekilde sarar.<br \/>Fonksiyon tu&#351;lar&#305;na eri&#351;im kolayl&#305;&#287;&#305; sunar.<br \/>Uyumluluk: iPhone 12 6.1<\/p>\n","protected":false},"excerpt":{"rendered":"<p>ALLY iPhone 12 6.1 Ask&#305;l&#305; Koruyucu Silikon K&#305;l&#305;f ALLY iPhone 12 6.1 Ask&#305;l&#305; Koruyucu Silikon K&#305;l&#305;fAyarlanabilir boyun ask&#305;s&#305; sayesinde telefonunuz hem g&uuml;vende hem her an elinizin alt&#305;nda!Renkli, &#351;&#305;k ve kullan&#305;&#351;l&#305; tasar&#305;m&#305;yla size harika bir hava katar.Telefonunuzu k&#305;r&#305;lmaya, &ccedil;izilmeye ve &ccedil;atlamaya kar&#351;&#305; korur.Buzlu &#351;effaf arka y&uuml;zey sayesinde telefonunuzun &#351;&#305;kl&#305;&#287;&#305;n&#305; gizlemeden &ccedil;evresel risklere kar&#351;&#305; korur.Parmak izine, kire,&#8230;<\/p>\n","protected":false},"featured_media":105811,"comment_status":"open","ping_status":"closed","template":"","meta":{"_kad_post_transparent":"","_kad_post_title":"","_kad_post_layout":"","_kad_post_sidebar_id":"","_kad_post_content_style":"","_kad_post_vertical_padding":"","_kad_post_feature":"","_kad_post_feature_position":"","_kad_post_header":false,"_kad_post_footer":false,"_kad_post_classname":""},"product_brand":[],"product_cat":[14520],"product_tag":[],"class_list":{"0":"post-105812","1":"product","2":"type-product","3":"status-publish","4":"has-post-thumbnail","6":"product_cat-telefon-kilifi-cep-telefonu-aksesuarlari-cep-telefonu-elektronik-telefon-kilifi","8":"first","9":"instock","10":"purchasable","11":"product-type-simple","12":"entry","13":"content-bg","14":"loop-entry"},"_links":{"self":[{"href":"https:\/\/www.hediyepazar.com\/index.php?rest_route=\/wp\/v2\/product\/105812","targetHints":{"allow":["GET"]}}],"collection":[{"href":"https:\/\/www.hediyepazar.com\/index.php?rest_route=\/wp\/v2\/product"}],"about":[{"href":"https:\/\/www.hediyepazar.com\/index.php?rest_route=\/wp\/v2\/types\/product"}],"replies":[{"embeddable":true,"href":"https:\/\/www.hediyepazar.com\/index.php?rest_route=%2Fwp%2Fv2%2Fcomments&post=105812"}],"wp:featuredmedia":[{"embeddable":true,"href":"https:\/\/www.hediyepazar.com\/index.php?rest_route=\/wp\/v2\/media\/105811"}],"wp:attachment":[{"href":"https:\/\/www.hediyepazar.com\/index.php?rest_route=%2Fwp%2Fv2%2Fmedia&parent=105812"}],"wp:term":[{"taxonomy":"product_brand","embeddable":true,"href":"https:\/\/www.hediyepazar.com\/index.php?rest_route=%2Fwp%2Fv2%2Fproduct_brand&post=105812"},{"taxonomy":"product_cat","embeddable":true,"href":"https:\/\/www.hediyepazar.com\/index.php?rest_route=%2Fwp%2Fv2%2Fproduct_cat&post=105812"},{"taxonomy":"product_tag","embeddable":true,"href":"https:\/\/www.hediyepazar.com\/index.php?rest_route=%2Fwp%2Fv2%2Fproduct_tag&post=105812"}],"curies":[{"name":"wp","href":"https:\/\/api.w.org\/{rel}","templated":true}]}}