{"id":105838,"date":"2026-05-04T15:17:13","date_gmt":"2026-05-04T18:17:13","guid":{"rendered":"https:\/\/www.hediyepazar.com\/?product=ally-airpods-max-icin-cizilme-onleyici-koruyucu-silikon-kilif-5775"},"modified":"2026-05-04T15:17:13","modified_gmt":"2026-05-04T18:17:13","slug":"ally-airpods-max-icin-cizilme-onleyici-koruyucu-silikon-kilif-5775","status":"publish","type":"product","link":"https:\/\/www.hediyepazar.com\/?product=ally-airpods-max-icin-cizilme-onleyici-koruyucu-silikon-kilif-5775","title":{"rendered":"ALLY AirPods Max \u0130\u00e7in \u00c7izilme \u00d6nleyici Koruyucu Silikon K\u0131l\u0131f-(5775)"},"content":{"rendered":"<p><iframe allow=\"accelerometer; autoplay; clipboard-write; encrypted-media; gyroscope; picture-in-picture\" allowfullscreen=\"\" frameborder=\"0\" height=\"315\" src=\"https:\/\/www.youtube.com\/embed\/anmjZgy4EE4\" title=\"YouTube video player\" width=\"560\"><\/iframe><\/p>\n<p><strong>ALLY AirPods Max &#304;&ccedil;in &Ccedil;izilme &Ouml;nleyici Koruyucu Silikon K&#305;l&#305;f<\/strong><\/p>\n<p><img decoding=\"async\" data-cke-saved-src=\"https:\/\/cdn.myikas.com\/images\/4b0890c4-46f7-49c5-9b0d-d8f3dae632d6\/01851767-6878-462c-9d4e-c97a39be6dea\/image_1950.webp\" src=\"https:\/\/hepsicdn.com.tr\/static\/product_detail\/hbnet2ead562e_5119111.webp\"><\/p>\n<p><img decoding=\"async\" data-cke-saved-src=\"https:\/\/cdn.myikas.com\/images\/4b0890c4-46f7-49c5-9b0d-d8f3dae632d6\/8979550f-33e2-4589-b17e-b718cf83416c\/image_1950.webp\" src=\"https:\/\/hepsicdn.com.tr\/static\/product_detail\/hbnet2ead562e_5119112.webp\"><\/p>\n<p><img decoding=\"async\" data-cke-saved-src=\"https:\/\/cdn.myikas.com\/images\/4b0890c4-46f7-49c5-9b0d-d8f3dae632d6\/56b53c40-8cef-4b8b-9fcb-15ac093ff68b\/image_1950.webp\" src=\"https:\/\/hepsicdn.com.tr\/static\/product_detail\/hbnet2ead562e_5119113.webp\"><\/p>\n<p><img decoding=\"async\" data-cke-saved-src=\"https:\/\/cdn.myikas.com\/images\/4b0890c4-46f7-49c5-9b0d-d8f3dae632d6\/f35755fd-730f-4dff-92d0-21b187e80100\/image_1950.webp\" src=\"https:\/\/hepsicdn.com.tr\/static\/product_detail\/hbnet2ead562e_5119114.webp\"><\/p>\n<p><img decoding=\"async\" data-cke-saved-src=\"https:\/\/cdn.myikas.com\/images\/4b0890c4-46f7-49c5-9b0d-d8f3dae632d6\/0532d49d-a1f5-4806-9e06-35c8da51a537\/image_1950.webp\" src=\"https:\/\/hepsicdn.com.tr\/static\/product_detail\/hbnet2ead562e_5119115.webp\"><\/p>\n<p><img decoding=\"async\" data-cke-saved-src=\"https:\/\/cdn.myikas.com\/images\/4b0890c4-46f7-49c5-9b0d-d8f3dae632d6\/6ce69e63-98ba-40fb-8c93-c91ee137e3d7\/image_1950.webp\" src=\"https:\/\/hepsicdn.com.tr\/static\/product_detail\/hbnet2ead562e_5119116.webp\"><\/p>\n<p><img decoding=\"async\" data-cke-saved-src=\"https:\/\/cdn.myikas.com\/images\/4b0890c4-46f7-49c5-9b0d-d8f3dae632d6\/2f9123f1-5784-4e7e-a1b1-d938d6af3619\/image_1950.webp\" src=\"https:\/\/hepsicdn.com.tr\/static\/product_detail\/hbnet2ead562e_5119117.webp\"><\/p>\n<p><img decoding=\"async\" data-cke-saved-src=\"https:\/\/cdn.myikas.com\/images\/4b0890c4-46f7-49c5-9b0d-d8f3dae632d6\/b069bedb-033d-4a6a-a1af-4552ccc8b98c\/image_1950.webp\" src=\"https:\/\/hepsicdn.com.tr\/static\/product_detail\/hbnet2ead562e_5119118.webp\"><\/p>\n<p helvetica=\"\" style=\"box-sizing: border-box; margin: 0px 0px 10px; font-size: 11px; color: rgb(73, 83, 94); text-align: center; font-family: \"><strong>ALLY AirPods Max &#304;&ccedil;in &Ccedil;izilme &Ouml;nleyici Koruyucu Silikon K&#305;l&#305;f<\/strong><\/p>\n<p helvetica=\"\" style=\"box-sizing: border-box; margin: 0px 0px 10px; font-size: 11px; color: rgb(73, 83, 94); text-align: center; font-family: \"><strong><span style=\"box-sizing: border-box; font-weight: 700;\">&#304;yi i&#351;&ccedil;ili&#287;e sahip olan silikon k&#305;l&#305;f cihaz&#305; sadece korumakla kalmaz, zarif tasar&#305;m&#305; sayesinde de daha g&uuml;zel bir g&ouml;r&uuml;n&uuml;m kazand&#305;r&#305;r.<\/span><\/strong><\/p>\n<p helvetica=\"\" style=\"box-sizing: border-box; margin: 0px 0px 10px; font-size: 11px; color: rgb(73, 83, 94); text-align: center; font-family: \"><strong><span style=\"box-sizing: border-box; font-weight: 700;\">Harika kal&#305;p kesimi ve esnekli&#287;i sayesinde cihaza m&uuml;kemmel uyar.<\/span><\/strong><\/p>\n<p helvetica=\"\" style=\"box-sizing: border-box; margin: 0px 0px 10px; font-size: 11px; color: rgb(73, 83, 94); text-align: center; font-family: \"><strong><span style=\"box-sizing: border-box; font-weight: 700;\">Kolayca tak&#305;l&#305;p &ccedil;&#305;kart&#305;labilir.<\/span><\/strong><\/p>\n<p helvetica=\"\" style=\"box-sizing: border-box; margin: 0px 0px 10px; font-size: 11px; color: rgb(73, 83, 94); text-align: center; font-family: \"><strong><span style=\"box-sizing: border-box; font-weight: 700;\">Not: Kulakl&#305;k dahil de&#287;ildir.<\/span><\/strong><\/p>\n","protected":false},"excerpt":{"rendered":"<p>ALLY AirPods Max &#304;&ccedil;in &Ccedil;izilme &Ouml;nleyici Koruyucu Silikon K&#305;l&#305;f ALLY AirPods Max &#304;&ccedil;in &Ccedil;izilme &Ouml;nleyici Koruyucu Silikon K&#305;l&#305;f &#304;yi i&#351;&ccedil;ili&#287;e sahip olan silikon k&#305;l&#305;f cihaz&#305; sadece korumakla kalmaz, zarif tasar&#305;m&#305; sayesinde de daha g&uuml;zel bir g&ouml;r&uuml;n&uuml;m kazand&#305;r&#305;r. Harika kal&#305;p kesimi ve esnekli&#287;i sayesinde cihaza m&uuml;kemmel uyar. Kolayca tak&#305;l&#305;p &ccedil;&#305;kart&#305;labilir. Not: Kulakl&#305;k dahil de&#287;ildir.<\/p>\n","protected":false},"featured_media":105837,"comment_status":"open","ping_status":"closed","template":"","meta":{"_kad_post_transparent":"","_kad_post_title":"","_kad_post_layout":"","_kad_post_sidebar_id":"","_kad_post_content_style":"","_kad_post_vertical_padding":"","_kad_post_feature":"","_kad_post_feature_position":"","_kad_post_header":false,"_kad_post_footer":false,"_kad_post_classname":""},"product_brand":[],"product_cat":[14565],"product_tag":[],"class_list":{"0":"post-105838","1":"product","2":"type-product","3":"status-publish","4":"has-post-thumbnail","6":"product_cat-airpods-aksesuarlar-giyilebilir-teknoloji-elektronik-airpods-aksesuarlar","8":"first","9":"instock","10":"purchasable","11":"product-type-simple","12":"entry","13":"content-bg","14":"loop-entry"},"_links":{"self":[{"href":"https:\/\/www.hediyepazar.com\/index.php?rest_route=\/wp\/v2\/product\/105838","targetHints":{"allow":["GET"]}}],"collection":[{"href":"https:\/\/www.hediyepazar.com\/index.php?rest_route=\/wp\/v2\/product"}],"about":[{"href":"https:\/\/www.hediyepazar.com\/index.php?rest_route=\/wp\/v2\/types\/product"}],"replies":[{"embeddable":true,"href":"https:\/\/www.hediyepazar.com\/index.php?rest_route=%2Fwp%2Fv2%2Fcomments&post=105838"}],"wp:featuredmedia":[{"embeddable":true,"href":"https:\/\/www.hediyepazar.com\/index.php?rest_route=\/wp\/v2\/media\/105837"}],"wp:attachment":[{"href":"https:\/\/www.hediyepazar.com\/index.php?rest_route=%2Fwp%2Fv2%2Fmedia&parent=105838"}],"wp:term":[{"taxonomy":"product_brand","embeddable":true,"href":"https:\/\/www.hediyepazar.com\/index.php?rest_route=%2Fwp%2Fv2%2Fproduct_brand&post=105838"},{"taxonomy":"product_cat","embeddable":true,"href":"https:\/\/www.hediyepazar.com\/index.php?rest_route=%2Fwp%2Fv2%2Fproduct_cat&post=105838"},{"taxonomy":"product_tag","embeddable":true,"href":"https:\/\/www.hediyepazar.com\/index.php?rest_route=%2Fwp%2Fv2%2Fproduct_tag&post=105838"}],"curies":[{"name":"wp","href":"https:\/\/api.w.org\/{rel}","templated":true}]}}