{"id":105880,"date":"2026-05-04T15:22:16","date_gmt":"2026-05-04T18:22:16","guid":{"rendered":"https:\/\/www.hediyepazar.com\/?product=ally-usb-c-to-dp-4k-donusturucu-adaptor-60hz-5775"},"modified":"2026-05-04T15:22:16","modified_gmt":"2026-05-04T18:22:16","slug":"ally-usb-c-to-dp-4k-donusturucu-adaptor-60hz-5775","status":"publish","type":"product","link":"https:\/\/www.hediyepazar.com\/?product=ally-usb-c-to-dp-4k-donusturucu-adaptor-60hz-5775","title":{"rendered":"ALLY USB-C to DP 4K D\u00f6n\u00fc\u015ft\u00fcr\u00fcc\u00fc Adapt\u00f6r 60Hz-(5775)"},"content":{"rendered":"<p><strong>ALLY USB-C to DP 4K D&ouml;n&uuml;&#351;t&uuml;r&uuml;c&uuml; Adapt&ouml;r 60Hz<\/strong><\/p>\n<p><img decoding=\"async\" data-cke-saved-src=\"https:\/\/cdn.myikas.com\/images\/4b0890c4-46f7-49c5-9b0d-d8f3dae632d6\/2636d64f-6d4c-4be0-aec0-299b86521f9f\/image_1950.webp\" src=\"https:\/\/hepsicdn.com.tr\/static\/product_detail\/hbnete6ddcade_5122411.webp\"><\/p>\n<p><img decoding=\"async\" data-cke-saved-src=\"https:\/\/cdn.myikas.com\/images\/4b0890c4-46f7-49c5-9b0d-d8f3dae632d6\/0a69dd3b-6c89-48b8-93aa-3dd9d42d88ac\/image_1950.webp\" src=\"https:\/\/hepsicdn.com.tr\/static\/product_detail\/hbnete6ddcade_5122412.webp\"><\/p>\n<p><img decoding=\"async\" data-cke-saved-src=\"https:\/\/cdn.myikas.com\/images\/4b0890c4-46f7-49c5-9b0d-d8f3dae632d6\/93a25d61-e2ce-434c-9c8a-cbb1a4fdddd5\/image_1950.webp\" src=\"https:\/\/hepsicdn.com.tr\/static\/product_detail\/hbnete6ddcade_5122413.webp\"><\/p>\n<p><img decoding=\"async\" data-cke-saved-src=\"https:\/\/cdn.myikas.com\/images\/4b0890c4-46f7-49c5-9b0d-d8f3dae632d6\/ac81c60e-d2dc-48af-abac-3e4680b21028\/image_1950.webp\" src=\"https:\/\/hepsicdn.com.tr\/static\/product_detail\/hbnete6ddcade_5122414.webp\"><\/p>\n<p><strong>ALLY USB-C to DP 4K D&ouml;n&uuml;&#351;t&uuml;r&uuml;c&uuml; Adapt&ouml;r 60Hz<\/strong><br \/>Type-C aray&uuml;z&uuml; DP aray&uuml;ze &ccedil;evirir.<br \/>Dayan&#305;kl&#305; ve minimalist tasar&#305;ma sahiptir.<br \/>4K@60Hz ultra h&#305;zl&#305; aktar&#305;m sa&#287;lar.<br \/>Uyumluluk: Type-C aray&uuml;ze sahip t&uuml;m cihazlarla uyumludur.<\/p>\n<p><\/p>\n<p><\/p>\n","protected":false},"excerpt":{"rendered":"<p>ALLY USB-C to DP 4K D&ouml;n&uuml;&#351;t&uuml;r&uuml;c&uuml; Adapt&ouml;r 60Hz ALLY USB-C to DP 4K D&ouml;n&uuml;&#351;t&uuml;r&uuml;c&uuml; Adapt&ouml;r 60HzType-C aray&uuml;z&uuml; DP aray&uuml;ze &ccedil;evirir.Dayan&#305;kl&#305; ve minimalist tasar&#305;ma sahiptir.4K@60Hz ultra h&#305;zl&#305; aktar&#305;m sa&#287;lar.Uyumluluk: Type-C aray&uuml;ze sahip t&uuml;m cihazlarla uyumludur.<\/p>\n","protected":false},"featured_media":105879,"comment_status":"open","ping_status":"closed","template":"","meta":{"_kad_post_transparent":"","_kad_post_title":"","_kad_post_layout":"","_kad_post_sidebar_id":"","_kad_post_content_style":"","_kad_post_vertical_padding":"","_kad_post_feature":"","_kad_post_feature_position":"","_kad_post_header":false,"_kad_post_footer":false,"_kad_post_classname":""},"product_brand":[],"product_cat":[14459],"product_tag":[],"class_list":{"0":"post-105880","1":"product","2":"type-product","3":"status-publish","4":"has-post-thumbnail","6":"product_cat-cevirici-donusturucu-cep-telefonu-aksesuarlari-cep-telefonu-elektronik-cevirici-donusturucu","8":"first","9":"instock","10":"purchasable","11":"product-type-simple","12":"entry","13":"content-bg","14":"loop-entry"},"_links":{"self":[{"href":"https:\/\/www.hediyepazar.com\/index.php?rest_route=\/wp\/v2\/product\/105880","targetHints":{"allow":["GET"]}}],"collection":[{"href":"https:\/\/www.hediyepazar.com\/index.php?rest_route=\/wp\/v2\/product"}],"about":[{"href":"https:\/\/www.hediyepazar.com\/index.php?rest_route=\/wp\/v2\/types\/product"}],"replies":[{"embeddable":true,"href":"https:\/\/www.hediyepazar.com\/index.php?rest_route=%2Fwp%2Fv2%2Fcomments&post=105880"}],"wp:featuredmedia":[{"embeddable":true,"href":"https:\/\/www.hediyepazar.com\/index.php?rest_route=\/wp\/v2\/media\/105879"}],"wp:attachment":[{"href":"https:\/\/www.hediyepazar.com\/index.php?rest_route=%2Fwp%2Fv2%2Fmedia&parent=105880"}],"wp:term":[{"taxonomy":"product_brand","embeddable":true,"href":"https:\/\/www.hediyepazar.com\/index.php?rest_route=%2Fwp%2Fv2%2Fproduct_brand&post=105880"},{"taxonomy":"product_cat","embeddable":true,"href":"https:\/\/www.hediyepazar.com\/index.php?rest_route=%2Fwp%2Fv2%2Fproduct_cat&post=105880"},{"taxonomy":"product_tag","embeddable":true,"href":"https:\/\/www.hediyepazar.com\/index.php?rest_route=%2Fwp%2Fv2%2Fproduct_tag&post=105880"}],"curies":[{"name":"wp","href":"https:\/\/api.w.org\/{rel}","templated":true}]}}