{"id":105884,"date":"2026-05-04T15:23:03","date_gmt":"2026-05-04T18:23:03","guid":{"rendered":"https:\/\/www.hediyepazar.com\/?product=ally-yaka-askili-wireless-kablosuz-aux-bluetooth-adaptor-5775"},"modified":"2026-05-04T15:23:03","modified_gmt":"2026-05-04T18:23:03","slug":"ally-yaka-askili-wireless-kablosuz-aux-bluetooth-adaptor-5775","status":"publish","type":"product","link":"https:\/\/www.hediyepazar.com\/?product=ally-yaka-askili-wireless-kablosuz-aux-bluetooth-adaptor-5775","title":{"rendered":"ALLY Yaka Ask\u0131l\u0131 Wireless Kablosuz Aux Bluetooth Adapt\u00f6r-(5775)"},"content":{"rendered":"<p>ALLY Yaka Ask&#305;l&#305; Wireless Kablosuz Bluetooth Adapt&ouml;r<\/p>\n<p><img decoding=\"async\" alt=\"\" data-cke-saved-src=\"https:\/\/cdn.myikas.com\/images\/4b0890c4-46f7-49c5-9b0d-d8f3dae632d6\/56c0299f-2216-4255-8815-3933b5701bbd\/image_1950.webp\" src=\"https:\/\/cdn.myikas.com\/images\/4b0890c4-46f7-49c5-9b0d-d8f3dae632d6\/56c0299f-2216-4255-8815-3933b5701bbd\/image_1950.webp\"\/><\/p>\n<p><img decoding=\"async\" data-cke-saved-src=\"https:\/\/cdn.myikas.com\/images\/4b0890c4-46f7-49c5-9b0d-d8f3dae632d6\/e83826d2-7fa4-4c86-8c5c-acbac4ae1761\/image_1950.webp\" src=\"https:\/\/hepsicdn.com.tr\/static\/product_detail\/hbnet89437357_5122611.webp\"><\/p>\n<p><img decoding=\"async\" data-cke-saved-src=\"https:\/\/cdn.myikas.com\/images\/4b0890c4-46f7-49c5-9b0d-d8f3dae632d6\/4a175312-2306-4bc2-ae15-63e667a0592c\/image_1950.webp\" src=\"https:\/\/hepsicdn.com.tr\/static\/product_detail\/hbnet89437357_5122612.webp\"><\/p>\n<p><img decoding=\"async\" data-cke-saved-src=\"https:\/\/cdn.myikas.com\/images\/4b0890c4-46f7-49c5-9b0d-d8f3dae632d6\/cda8f4a8-abd9-4f16-8ca9-c648948c7906\/image_1950.webp\" src=\"https:\/\/hepsicdn.com.tr\/static\/product_detail\/hbnet89437357_5122613.webp\"><\/p>\n<p><img decoding=\"async\" data-cke-saved-src=\"https:\/\/cdn.myikas.com\/images\/4b0890c4-46f7-49c5-9b0d-d8f3dae632d6\/a6267592-36ef-431e-92e1-80432ddc8b68\/image_1950.webp\" src=\"https:\/\/hepsicdn.com.tr\/static\/product_detail\/hbnet89437357_5122614.webp\"><\/p>\n<p><img decoding=\"async\" data-cke-saved-src=\"https:\/\/cdn.myikas.com\/images\/4b0890c4-46f7-49c5-9b0d-d8f3dae632d6\/69c58bce-fae7-41bc-b9f2-0d9d38063892\/image_1950.webp\" src=\"https:\/\/hepsicdn.com.tr\/static\/product_detail\/hbnet89437357_5122615.webp\"><\/p>\n<p><img decoding=\"async\" data-cke-saved-src=\"https:\/\/cdn.myikas.com\/images\/4b0890c4-46f7-49c5-9b0d-d8f3dae632d6\/f60c7822-c315-4d78-b6c7-e01b2ad99120\/image_1950.webp\" src=\"https:\/\/hepsicdn.com.tr\/static\/product_detail\/hbnet89437357_5122616.webp\"><\/p>\n<p><img decoding=\"async\" data-cke-saved-src=\"https:\/\/cdn.myikas.com\/images\/4b0890c4-46f7-49c5-9b0d-d8f3dae632d6\/0689a3a7-dea0-4b5c-b972-8d363574a5bb\/image_1950.webp\" src=\"https:\/\/hepsicdn.com.tr\/static\/product_detail\/hbnet89437357_5122617.webp\"><\/p>\n<\/p>\n<\/p>\n<\/p>\n<\/p>\n<p><strong>ALLY Yaka Ask&#305;l&#305; Wireless Kablosuz Bluetooth Adapt&ouml;r<\/strong><br \/>Yaka aparat&#305; sayesinde diledi&#287;iniz yere sabitleyebilirsiniz.<br \/>3.5mm aray&uuml;ze sahip kulakl&#305;&#287;&#305;n&#305;z&#305; bluetooth kulakl&#305;&#287;a &ccedil;evirmeye haz&#305;r m&#305;s&#305;n&#305;z?<br \/>17mm mini tasar&#305;ma sahiptir.<br \/>Kolay e&#351;le&#351;tirme &ouml;zelli&#287;i bulunur.<br \/>Bluetooth &ouml;zelli&#287;e sahip t&uuml;m cihazlarla uyumludur.<br \/>Bluetooth 5.0<br \/>Frekans aral&#305;&#287;&#305;: 20Hz-20kHz<br \/>Pil kapasitesi: 110mAh<\/p>\n","protected":false},"excerpt":{"rendered":"<p>ALLY Yaka Ask&#305;l&#305; Wireless Kablosuz Bluetooth Adapt&ouml;r ALLY Yaka Ask&#305;l&#305; Wireless Kablosuz Bluetooth Adapt&ouml;rYaka aparat&#305; sayesinde diledi&#287;iniz yere sabitleyebilirsiniz.3.5mm aray&uuml;ze sahip kulakl&#305;&#287;&#305;n&#305;z&#305; bluetooth kulakl&#305;&#287;a &ccedil;evirmeye haz&#305;r m&#305;s&#305;n&#305;z?17mm mini tasar&#305;ma sahiptir.Kolay e&#351;le&#351;tirme &ouml;zelli&#287;i bulunur.Bluetooth &ouml;zelli&#287;e sahip t&uuml;m cihazlarla uyumludur.Bluetooth 5.0Frekans aral&#305;&#287;&#305;: 20Hz-20kHzPil kapasitesi: 110mAh<\/p>\n","protected":false},"featured_media":105883,"comment_status":"open","ping_status":"closed","template":"","meta":{"_kad_post_transparent":"","_kad_post_title":"","_kad_post_layout":"","_kad_post_sidebar_id":"","_kad_post_content_style":"","_kad_post_vertical_padding":"","_kad_post_feature":"","_kad_post_feature_position":"","_kad_post_header":false,"_kad_post_footer":false,"_kad_post_classname":""},"product_brand":[],"product_cat":[14481],"product_tag":[],"class_list":{"0":"post-105884","1":"product","2":"type-product","3":"status-publish","4":"has-post-thumbnail","6":"product_cat-bilgisayar-tablet-aksesuar-bilgisayar-tablet-elektronik-bilgisayar-tablet-aksesuar-bilgisayar-tablet-elektronik","8":"first","9":"instock","10":"purchasable","11":"product-type-simple","12":"entry","13":"content-bg","14":"loop-entry"},"_links":{"self":[{"href":"https:\/\/www.hediyepazar.com\/index.php?rest_route=\/wp\/v2\/product\/105884","targetHints":{"allow":["GET"]}}],"collection":[{"href":"https:\/\/www.hediyepazar.com\/index.php?rest_route=\/wp\/v2\/product"}],"about":[{"href":"https:\/\/www.hediyepazar.com\/index.php?rest_route=\/wp\/v2\/types\/product"}],"replies":[{"embeddable":true,"href":"https:\/\/www.hediyepazar.com\/index.php?rest_route=%2Fwp%2Fv2%2Fcomments&post=105884"}],"wp:featuredmedia":[{"embeddable":true,"href":"https:\/\/www.hediyepazar.com\/index.php?rest_route=\/wp\/v2\/media\/105883"}],"wp:attachment":[{"href":"https:\/\/www.hediyepazar.com\/index.php?rest_route=%2Fwp%2Fv2%2Fmedia&parent=105884"}],"wp:term":[{"taxonomy":"product_brand","embeddable":true,"href":"https:\/\/www.hediyepazar.com\/index.php?rest_route=%2Fwp%2Fv2%2Fproduct_brand&post=105884"},{"taxonomy":"product_cat","embeddable":true,"href":"https:\/\/www.hediyepazar.com\/index.php?rest_route=%2Fwp%2Fv2%2Fproduct_cat&post=105884"},{"taxonomy":"product_tag","embeddable":true,"href":"https:\/\/www.hediyepazar.com\/index.php?rest_route=%2Fwp%2Fv2%2Fproduct_tag&post=105884"}],"curies":[{"name":"wp","href":"https:\/\/api.w.org\/{rel}","templated":true}]}}