{"id":105888,"date":"2026-05-04T15:23:12","date_gmt":"2026-05-04T18:23:12","guid":{"rendered":"https:\/\/www.hediyepazar.com\/?product=ally-ayarlanabilir-cimbiz-paslanmaz-celik-duz-uclu-cimbiz-5775"},"modified":"2026-05-04T15:23:12","modified_gmt":"2026-05-04T18:23:12","slug":"ally-ayarlanabilir-cimbiz-paslanmaz-celik-duz-uclu-cimbiz-5775","status":"publish","type":"product","link":"https:\/\/www.hediyepazar.com\/?product=ally-ayarlanabilir-cimbiz-paslanmaz-celik-duz-uclu-cimbiz-5775","title":{"rendered":"ALLY Ayarlanabilir C\u0131mb\u0131z Paslanmaz \u00c7elik D\u00fcz U\u00e7lu C\u0131mb\u0131z-(5775)"},"content":{"rendered":"<p>ALLY Ayarlanabilir C&#305;mb&#305;z Paslanmaz &Ccedil;elik D&uuml;z U&ccedil;lu C&#305;mb&#305;z<\/p>\n<p><img decoding=\"async\" data-cke-saved-src=\"https:\/\/cdn.myikas.com\/images\/4b0890c4-46f7-49c5-9b0d-d8f3dae632d6\/8190a0bb-7fc7-4971-836b-7672030bbbb4\/image_1950.webp\" src=\"https:\/\/hepsicdn.com.tr\/static\/product_detail\/hbnet44670bb6_5122811.webp\"><\/p>\n<p><img decoding=\"async\" data-cke-saved-src=\"https:\/\/cdn.myikas.com\/images\/4b0890c4-46f7-49c5-9b0d-d8f3dae632d6\/260107d1-8112-4b4f-a01f-fd72ebfc07a3\/image_1950.webp\" src=\"https:\/\/hepsicdn.com.tr\/static\/product_detail\/hbnet44670bb6_5122812.webp\"><\/p>\n<p><img decoding=\"async\" data-cke-saved-src=\"https:\/\/cdn.myikas.com\/images\/4b0890c4-46f7-49c5-9b0d-d8f3dae632d6\/a8450766-0a3b-4a70-8714-e50fd7265c4a\/image_1950.webp\" src=\"https:\/\/hepsicdn.com.tr\/static\/product_detail\/hbnet44670bb6_5122813.webp\"><\/p>\n<p><img decoding=\"async\" data-cke-saved-src=\"https:\/\/cdn.myikas.com\/images\/4b0890c4-46f7-49c5-9b0d-d8f3dae632d6\/40eb8c22-3f8f-43c6-a557-674107743189\/image_1950.webp\" src=\"https:\/\/hepsicdn.com.tr\/static\/product_detail\/hbnet44670bb6_5122814.webp\"><\/p>\n<p><img decoding=\"async\" data-cke-saved-src=\"https:\/\/cdn.myikas.com\/images\/4b0890c4-46f7-49c5-9b0d-d8f3dae632d6\/ad6674c1-6f12-485c-b0ac-3fe0da21ea93\/image_1950.webp\" src=\"https:\/\/hepsicdn.com.tr\/static\/product_detail\/hbnet44670bb6_5122815.webp\"><\/p>\n<p><img decoding=\"async\" data-cke-saved-src=\"https:\/\/cdn.myikas.com\/images\/4b0890c4-46f7-49c5-9b0d-d8f3dae632d6\/8fd2005f-157f-46ac-bc69-f73623621bf2\/image_1950.webp\" src=\"https:\/\/hepsicdn.com.tr\/static\/product_detail\/hbnet44670bb6_5122816.webp\"><\/p>\n<p><img decoding=\"async\" data-cke-saved-src=\"https:\/\/cdn.myikas.com\/images\/4b0890c4-46f7-49c5-9b0d-d8f3dae632d6\/e41c0c3c-6b44-46d5-9a34-a7ec5895a62a\/image_1950.webp\" src=\"https:\/\/hepsicdn.com.tr\/static\/product_detail\/hbnet44670bb6_5122817.webp\"><\/p>\n<p><strong><\/strong><img decoding=\"async\" data-cke-saved-src=\"https:\/\/cdn.myikas.com\/images\/4b0890c4-46f7-49c5-9b0d-d8f3dae632d6\/520b42db-cbd3-47c1-938a-4f24e36fa7cf\/image_1950.webp\" src=\"https:\/\/hepsicdn.com.tr\/static\/product_detail\/hbnet44670bb6_5122818.webp\"><strong><\/strong><\/p>\n<p><img decoding=\"async\" data-cke-saved-src=\"https:\/\/cdn.myikas.com\/images\/4b0890c4-46f7-49c5-9b0d-d8f3dae632d6\/d0030539-6c0a-46da-8db3-4465ebe271e2\/image_1950.webp\" src=\"https:\/\/hepsicdn.com.tr\/static\/product_detail\/hbnet44670bb6_5122819.webp\"><\/p>\n<p><strong>ALLY Ayarlanabilir C&#305;mb&#305;z Paslanmaz &Ccedil;elik D&uuml;z U&ccedil;lu C&#305;mb&#305;z<\/strong><br \/>Elektronik bile&#351;enler, vida, tak&#305; vb. mini materyali rahat&ccedil;a tutabilmeniz i&ccedil;in tasarlanm&#305;&#351;t&#305;r.<br \/>G&uuml;venli kullan&#305;m i&ccedil;in ayarlanabilir kilit sistemine sahiptir.<br \/>Paslanmaz &ccedil;elikten &uuml;retilmi&#351;tir.<br \/>Boyutu: 16.5cm<br \/>Renk: G&uuml;m&uuml;&#351;<\/p>\n","protected":false},"excerpt":{"rendered":"<p>ALLY Ayarlanabilir C&#305;mb&#305;z Paslanmaz &Ccedil;elik D&uuml;z U&ccedil;lu C&#305;mb&#305;z ALLY Ayarlanabilir C&#305;mb&#305;z Paslanmaz &Ccedil;elik D&uuml;z U&ccedil;lu C&#305;mb&#305;zElektronik bile&#351;enler, vida, tak&#305; vb. mini materyali rahat&ccedil;a tutabilmeniz i&ccedil;in tasarlanm&#305;&#351;t&#305;r.G&uuml;venli kullan&#305;m i&ccedil;in ayarlanabilir kilit sistemine sahiptir.Paslanmaz &ccedil;elikten &uuml;retilmi&#351;tir.Boyutu: 16.5cmRenk: G&uuml;m&uuml;&#351;<\/p>\n","protected":false},"featured_media":105887,"comment_status":"open","ping_status":"closed","template":"","meta":{"_kad_post_transparent":"","_kad_post_title":"","_kad_post_layout":"","_kad_post_sidebar_id":"","_kad_post_content_style":"","_kad_post_vertical_padding":"","_kad_post_feature":"","_kad_post_feature_position":"","_kad_post_header":false,"_kad_post_footer":false,"_kad_post_classname":""},"product_brand":[],"product_cat":[14277],"product_tag":[],"class_list":{"0":"post-105888","1":"product","2":"type-product","3":"status-publish","4":"has-post-thumbnail","6":"product_cat-cimbiz-epilasyon-tiras-kozmetik-cimbiz-epilasyon-tiras-kozmetik","8":"first","9":"instock","10":"purchasable","11":"product-type-simple","12":"entry","13":"content-bg","14":"loop-entry"},"_links":{"self":[{"href":"https:\/\/www.hediyepazar.com\/index.php?rest_route=\/wp\/v2\/product\/105888","targetHints":{"allow":["GET"]}}],"collection":[{"href":"https:\/\/www.hediyepazar.com\/index.php?rest_route=\/wp\/v2\/product"}],"about":[{"href":"https:\/\/www.hediyepazar.com\/index.php?rest_route=\/wp\/v2\/types\/product"}],"replies":[{"embeddable":true,"href":"https:\/\/www.hediyepazar.com\/index.php?rest_route=%2Fwp%2Fv2%2Fcomments&post=105888"}],"wp:featuredmedia":[{"embeddable":true,"href":"https:\/\/www.hediyepazar.com\/index.php?rest_route=\/wp\/v2\/media\/105887"}],"wp:attachment":[{"href":"https:\/\/www.hediyepazar.com\/index.php?rest_route=%2Fwp%2Fv2%2Fmedia&parent=105888"}],"wp:term":[{"taxonomy":"product_brand","embeddable":true,"href":"https:\/\/www.hediyepazar.com\/index.php?rest_route=%2Fwp%2Fv2%2Fproduct_brand&post=105888"},{"taxonomy":"product_cat","embeddable":true,"href":"https:\/\/www.hediyepazar.com\/index.php?rest_route=%2Fwp%2Fv2%2Fproduct_cat&post=105888"},{"taxonomy":"product_tag","embeddable":true,"href":"https:\/\/www.hediyepazar.com\/index.php?rest_route=%2Fwp%2Fv2%2Fproduct_tag&post=105888"}],"curies":[{"name":"wp","href":"https:\/\/api.w.org\/{rel}","templated":true}]}}