{"id":105906,"date":"2026-05-04T15:25:08","date_gmt":"2026-05-04T18:25:08","guid":{"rendered":"https:\/\/www.hediyepazar.com\/?product=ally-apple-pencil-2-icin-koruyucu-kaymaz-silikon-kilif-5775"},"modified":"2026-05-04T15:25:08","modified_gmt":"2026-05-04T18:25:08","slug":"ally-apple-pencil-2-icin-koruyucu-kaymaz-silikon-kilif-5775","status":"publish","type":"product","link":"https:\/\/www.hediyepazar.com\/?product=ally-apple-pencil-2-icin-koruyucu-kaymaz-silikon-kilif-5775","title":{"rendered":"Ally Apple Pencil 2 \u0130\u00e7in Koruyucu Kaymaz Silikon K\u0131l\u0131f-(5775)"},"content":{"rendered":"<p><iframe allow=\"accelerometer; autoplay; clipboard-write; encrypted-media; gyroscope; picture-in-picture\" allowfullscreen=\"\" frameborder=\"0\" height=\"315\" src=\"https:\/\/www.youtube.com\/embed\/QaVYMK8Xvok\" title=\"YouTube video player\" width=\"560\"><\/iframe><\/p>\n<p><strong>Ally Apple Pencil 2 &#304;&ccedil;in Koruyucu Kaymaz Silikon K&#305;l&#305;f<\/strong><\/p>\n<p><img decoding=\"async\" alt=\"\" data-cke-saved-src=\"https:\/\/cdn.myikas.com\/images\/4b0890c4-46f7-49c5-9b0d-d8f3dae632d6\/9d1f39a2-242c-4b22-aa11-3cc7b90d9f7d\/image_1950.webp\" src=\"https:\/\/cdn.myikas.com\/images\/4b0890c4-46f7-49c5-9b0d-d8f3dae632d6\/9d1f39a2-242c-4b22-aa11-3cc7b90d9f7d\/image_1950.webp\"\/><\/p>\n<p><img decoding=\"async\" data-cke-saved-src=\"https:\/\/cdn.myikas.com\/images\/4b0890c4-46f7-49c5-9b0d-d8f3dae632d6\/84c0d39a-9f50-4357-a6e3-356da4df6f62\/image_1950.webp\" src=\"https:\/\/hepsicdn.com.tr\/static\/product_detail\/hbneta0a4a549_5123911.webp\"><\/p>\n<p><img decoding=\"async\" data-cke-saved-src=\"https:\/\/cdn.myikas.com\/images\/4b0890c4-46f7-49c5-9b0d-d8f3dae632d6\/432c5503-2209-4533-bf62-83a19a087825\/image_1950.webp\" src=\"https:\/\/hepsicdn.com.tr\/static\/product_detail\/hbneta0a4a549_5123912.webp\"><\/p>\n<p><img decoding=\"async\" data-cke-saved-src=\"https:\/\/cdn.myikas.com\/images\/4b0890c4-46f7-49c5-9b0d-d8f3dae632d6\/78f71b4f-3aeb-4f39-85fa-268a6717eb90\/image_1950.webp\" src=\"https:\/\/hepsicdn.com.tr\/static\/product_detail\/hbneta0a4a549_5123913.webp\"><\/p>\n<p><img decoding=\"async\" data-cke-saved-src=\"https:\/\/cdn.myikas.com\/images\/4b0890c4-46f7-49c5-9b0d-d8f3dae632d6\/18429377-1dc8-4b7e-b2bc-a566b83c9240\/image_1950.webp\" src=\"https:\/\/hepsicdn.com.tr\/static\/product_detail\/hbneta0a4a549_5123914.webp\"><\/p>\n<p><img decoding=\"async\" data-cke-saved-src=\"https:\/\/cdn.myikas.com\/images\/4b0890c4-46f7-49c5-9b0d-d8f3dae632d6\/cd8344c0-06f2-43f5-9427-55129380eea5\/image_1950.webp\" src=\"https:\/\/hepsicdn.com.tr\/static\/product_detail\/hbneta0a4a549_5123915.webp\"><\/p>\n<p><img decoding=\"async\" data-cke-saved-src=\"https:\/\/cdn.myikas.com\/images\/4b0890c4-46f7-49c5-9b0d-d8f3dae632d6\/6ddcbaac-dafe-431f-aa08-f57b4009f31f\/image_1950.webp\" src=\"https:\/\/hepsicdn.com.tr\/static\/product_detail\/hbneta0a4a549_5123916.webp\"><\/p>\n<p><img decoding=\"async\" data-cke-saved-src=\"https:\/\/cdn.myikas.com\/images\/4b0890c4-46f7-49c5-9b0d-d8f3dae632d6\/29066bd7-8fb6-4467-9168-9e558486f79a\/image_1950.webp\" src=\"https:\/\/hepsicdn.com.tr\/static\/product_detail\/hbneta0a4a549_5123917.webp\"><\/p>\n<\/p>\n<\/p>\n<p><strong>Ally Apple Pencil 2 &#304;&ccedil;in Koruyucu Kaymaz Silikon K&#305;l&#305;f<\/strong><br \/>Ally silikon k&#305;l&#305;f ile d&uuml;&#351;meye ve darbeye kar&#351;&#305; Apple Pencil koruma alt&#305;ndad&#305;r.<br \/>Su ge&ccedil;irmez ve y&#305;kanabilir tasar&#305;ma sahiptir.<br \/>Renk alternatifleriyle ba&#351;ka bir g&ouml;r&uuml;n&uuml;m kazand&#305;r&#305;r.<br \/>Kaymaz tasar&#305;m&#305; ile kullan&#305;m kolayl&#305;&#287;&#305; sunar.<br \/>Uyumluluk: Apple Pencil 2<\/p>\n<p><\/p>\n","protected":false},"excerpt":{"rendered":"<p>Ally Apple Pencil 2 &#304;&ccedil;in Koruyucu Kaymaz Silikon K&#305;l&#305;f Ally Apple Pencil 2 &#304;&ccedil;in Koruyucu Kaymaz Silikon K&#305;l&#305;fAlly silikon k&#305;l&#305;f ile d&uuml;&#351;meye ve darbeye kar&#351;&#305; Apple Pencil koruma alt&#305;ndad&#305;r.Su ge&ccedil;irmez ve y&#305;kanabilir tasar&#305;ma sahiptir.Renk alternatifleriyle ba&#351;ka bir g&ouml;r&uuml;n&uuml;m kazand&#305;r&#305;r.Kaymaz tasar&#305;m&#305; ile kullan&#305;m kolayl&#305;&#287;&#305; sunar.Uyumluluk: Apple Pencil 2<\/p>\n","protected":false},"featured_media":105905,"comment_status":"open","ping_status":"closed","template":"","meta":{"_kad_post_transparent":"","_kad_post_title":"","_kad_post_layout":"","_kad_post_sidebar_id":"","_kad_post_content_style":"","_kad_post_vertical_padding":"","_kad_post_feature":"","_kad_post_feature_position":"","_kad_post_header":false,"_kad_post_footer":false,"_kad_post_classname":""},"product_brand":[],"product_cat":[14666],"product_tag":[],"class_list":{"0":"post-105906","1":"product","2":"type-product","3":"status-publish","4":"has-post-thumbnail","6":"product_cat-apple-pencil-kalem-aksesuar-giyilebilir-teknoloji-elektronik-apple-pencil-kalem-aksesuar","8":"first","9":"instock","10":"purchasable","11":"product-type-simple","12":"entry","13":"content-bg","14":"loop-entry"},"_links":{"self":[{"href":"https:\/\/www.hediyepazar.com\/index.php?rest_route=\/wp\/v2\/product\/105906","targetHints":{"allow":["GET"]}}],"collection":[{"href":"https:\/\/www.hediyepazar.com\/index.php?rest_route=\/wp\/v2\/product"}],"about":[{"href":"https:\/\/www.hediyepazar.com\/index.php?rest_route=\/wp\/v2\/types\/product"}],"replies":[{"embeddable":true,"href":"https:\/\/www.hediyepazar.com\/index.php?rest_route=%2Fwp%2Fv2%2Fcomments&post=105906"}],"wp:featuredmedia":[{"embeddable":true,"href":"https:\/\/www.hediyepazar.com\/index.php?rest_route=\/wp\/v2\/media\/105905"}],"wp:attachment":[{"href":"https:\/\/www.hediyepazar.com\/index.php?rest_route=%2Fwp%2Fv2%2Fmedia&parent=105906"}],"wp:term":[{"taxonomy":"product_brand","embeddable":true,"href":"https:\/\/www.hediyepazar.com\/index.php?rest_route=%2Fwp%2Fv2%2Fproduct_brand&post=105906"},{"taxonomy":"product_cat","embeddable":true,"href":"https:\/\/www.hediyepazar.com\/index.php?rest_route=%2Fwp%2Fv2%2Fproduct_cat&post=105906"},{"taxonomy":"product_tag","embeddable":true,"href":"https:\/\/www.hediyepazar.com\/index.php?rest_route=%2Fwp%2Fv2%2Fproduct_tag&post=105906"}],"curies":[{"name":"wp","href":"https:\/\/api.w.org\/{rel}","templated":true}]}}