{"id":105916,"date":"2026-05-04T15:26:04","date_gmt":"2026-05-04T18:26:04","guid":{"rendered":"https:\/\/www.hediyepazar.com\/?product=ally-yukseklik-ayarli-dizustu-laptop-tablet-standi-telefon-tutucu-5775"},"modified":"2026-05-04T15:26:04","modified_gmt":"2026-05-04T18:26:04","slug":"ally-yukseklik-ayarli-dizustu-laptop-tablet-standi-telefon-tutucu-5775","status":"publish","type":"product","link":"https:\/\/www.hediyepazar.com\/?product=ally-yukseklik-ayarli-dizustu-laptop-tablet-standi-telefon-tutucu-5775","title":{"rendered":"ALLY Y\u00fckseklik Ayarl\u0131 Diz\u00fcst\u00fc Laptop-Tablet Stand\u0131 Telefon Tutucu-(5775)"},"content":{"rendered":"<p><strong>ALLY Y&uuml;kseklik Ayarl&#305; Diz&uuml;st&uuml; Laptop-Tablet Stand&#305; Telefon Tutucu<\/strong><\/p>\n<p><img decoding=\"async\" data-cke-saved-src=\"https:\/\/cdn.myikas.com\/images\/4b0890c4-46f7-49c5-9b0d-d8f3dae632d6\/a19a1e3d-ab19-4caf-bd7d-725de1f379c9\/image_1950.webp\" src=\"https:\/\/hepsicdn.com.tr\/static\/product_detail\/hbneta9992395_5124511.webp\"><\/p>\n<p><img decoding=\"async\" data-cke-saved-src=\"https:\/\/cdn.myikas.com\/images\/4b0890c4-46f7-49c5-9b0d-d8f3dae632d6\/12e193d6-4ddf-4c0b-b879-c8cbb15c78ed\/image_1950.webp\" src=\"https:\/\/hepsicdn.com.tr\/static\/product_detail\/hbneta9992395_5124512.webp\"><\/p>\n<p><img decoding=\"async\" data-cke-saved-src=\"https:\/\/cdn.myikas.com\/images\/4b0890c4-46f7-49c5-9b0d-d8f3dae632d6\/e895fad4-d5f6-4e4c-8006-082ed816ab51\/image_1950.webp\" src=\"https:\/\/hepsicdn.com.tr\/static\/product_detail\/hbneta9992395_5124513.webp\"><\/p>\n<p><img decoding=\"async\" data-cke-saved-src=\"https:\/\/cdn.myikas.com\/images\/4b0890c4-46f7-49c5-9b0d-d8f3dae632d6\/8ca9fcb5-91e7-4670-aaaf-7d06821c41c8\/image_1950.webp\" src=\"https:\/\/hepsicdn.com.tr\/static\/product_detail\/hbneta9992395_5124514.webp\"><\/p>\n<p><img decoding=\"async\" data-cke-saved-src=\"https:\/\/cdn.myikas.com\/images\/4b0890c4-46f7-49c5-9b0d-d8f3dae632d6\/116842fc-490e-498d-bf69-5d94fad94396\/image_1950.webp\" src=\"https:\/\/hepsicdn.com.tr\/static\/product_detail\/hbneta9992395_5124515.webp\"><\/p>\n<p><img decoding=\"async\" data-cke-saved-src=\"https:\/\/cdn.myikas.com\/images\/4b0890c4-46f7-49c5-9b0d-d8f3dae632d6\/26daf632-1458-4975-bb9c-e3cd5048e712\/image_1950.webp\" src=\"https:\/\/hepsicdn.com.tr\/static\/product_detail\/hbneta9992395_5124516.webp\"><\/p>\n<p><img decoding=\"async\" data-cke-saved-src=\"https:\/\/cdn.myikas.com\/images\/4b0890c4-46f7-49c5-9b0d-d8f3dae632d6\/1e24ad09-bdac-42fb-a62a-700bef1981c7\/image_1950.webp\" src=\"https:\/\/hepsicdn.com.tr\/static\/product_detail\/hbneta9992395_5124517.webp\"><\/p>\n<p><strong>ALLY Y&uuml;kseklik Ayarl&#305; Diz&uuml;st&uuml; Laptop-Tablet Stand&#305; Telefon Tutucu<\/strong><br \/>Telefon tutucu aparat&#305; ister sa&#287; tarafta ister sol tarafta kullanabilirsiniz.<br \/>Stand y&uuml;ksekli&#287;i ve a&ccedil;&#305;s&#305; di&#287;edi&#287;iniz &#351;ekilde ayarlanabilir.<br \/>&#350;&#305;k tasar&#305;m&#305;yla g&ouml;z al&#305;c&#305;d&#305;r.<br \/>360&deg; d&ouml;nd&uuml;r&uuml;lebilir.<br \/>Stand, telefonunuzu yatay ve dikey pozisyonda kullanman&#305;za imkan verir.<br \/>Katland&#305;&#287;&#305;nda 2.3mm geni&#351;li&#287;e sahiptir.<\/p>\n<p><\/p>\n<p><\/p>\n","protected":false},"excerpt":{"rendered":"<p>ALLY Y&uuml;kseklik Ayarl&#305; Diz&uuml;st&uuml; Laptop-Tablet Stand&#305; Telefon Tutucu ALLY Y&uuml;kseklik Ayarl&#305; Diz&uuml;st&uuml; Laptop-Tablet Stand&#305; Telefon TutucuTelefon tutucu aparat&#305; ister sa&#287; tarafta ister sol tarafta kullanabilirsiniz.Stand y&uuml;ksekli&#287;i ve a&ccedil;&#305;s&#305; di&#287;edi&#287;iniz &#351;ekilde ayarlanabilir.&#350;&#305;k tasar&#305;m&#305;yla g&ouml;z al&#305;c&#305;d&#305;r.360&deg; d&ouml;nd&uuml;r&uuml;lebilir.Stand, telefonunuzu yatay ve dikey pozisyonda kullanman&#305;za imkan verir.Katland&#305;&#287;&#305;nda 2.3mm geni&#351;li&#287;e sahiptir.<\/p>\n","protected":false},"featured_media":105915,"comment_status":"open","ping_status":"closed","template":"","meta":{"_kad_post_transparent":"","_kad_post_title":"","_kad_post_layout":"","_kad_post_sidebar_id":"","_kad_post_content_style":"","_kad_post_vertical_padding":"","_kad_post_feature":"","_kad_post_feature_position":"","_kad_post_header":false,"_kad_post_footer":false,"_kad_post_classname":""},"product_brand":[],"product_cat":[14662],"product_tag":[],"class_list":{"0":"post-105916","1":"product","2":"type-product","3":"status-publish","4":"has-post-thumbnail","6":"product_cat-laptop-standi-bilgisayar-tablet-aksesuar-bilgisayar-tablet-elektronik-laptop-standi","8":"first","9":"instock","10":"purchasable","11":"product-type-simple","12":"entry","13":"content-bg","14":"loop-entry"},"_links":{"self":[{"href":"https:\/\/www.hediyepazar.com\/index.php?rest_route=\/wp\/v2\/product\/105916","targetHints":{"allow":["GET"]}}],"collection":[{"href":"https:\/\/www.hediyepazar.com\/index.php?rest_route=\/wp\/v2\/product"}],"about":[{"href":"https:\/\/www.hediyepazar.com\/index.php?rest_route=\/wp\/v2\/types\/product"}],"replies":[{"embeddable":true,"href":"https:\/\/www.hediyepazar.com\/index.php?rest_route=%2Fwp%2Fv2%2Fcomments&post=105916"}],"wp:featuredmedia":[{"embeddable":true,"href":"https:\/\/www.hediyepazar.com\/index.php?rest_route=\/wp\/v2\/media\/105915"}],"wp:attachment":[{"href":"https:\/\/www.hediyepazar.com\/index.php?rest_route=%2Fwp%2Fv2%2Fmedia&parent=105916"}],"wp:term":[{"taxonomy":"product_brand","embeddable":true,"href":"https:\/\/www.hediyepazar.com\/index.php?rest_route=%2Fwp%2Fv2%2Fproduct_brand&post=105916"},{"taxonomy":"product_cat","embeddable":true,"href":"https:\/\/www.hediyepazar.com\/index.php?rest_route=%2Fwp%2Fv2%2Fproduct_cat&post=105916"},{"taxonomy":"product_tag","embeddable":true,"href":"https:\/\/www.hediyepazar.com\/index.php?rest_route=%2Fwp%2Fv2%2Fproduct_tag&post=105916"}],"curies":[{"name":"wp","href":"https:\/\/api.w.org\/{rel}","templated":true}]}}