{"id":105918,"date":"2026-05-04T15:26:09","date_gmt":"2026-05-04T18:26:09","guid":{"rendered":"https:\/\/www.hediyepazar.com\/?product=ally-cute-masaustu-telefon-tablet-tutucu-stand-uzatilabilir-hareketli-5775"},"modified":"2026-05-04T15:26:09","modified_gmt":"2026-05-04T18:26:09","slug":"ally-cute-masaustu-telefon-tablet-tutucu-stand-uzatilabilir-hareketli-5775","status":"publish","type":"product","link":"https:\/\/www.hediyepazar.com\/?product=ally-cute-masaustu-telefon-tablet-tutucu-stand-uzatilabilir-hareketli-5775","title":{"rendered":"ALLY Cute Masa\u00fcst\u00fc Telefon Tablet Tutucu Stand Uzat\u0131labilir Hareketli-(5775)"},"content":{"rendered":"<p><iframe allow=\"accelerometer; autoplay; clipboard-write; encrypted-media; gyroscope; picture-in-picture\" allowfullscreen=\"\" frameborder=\"0\" height=\"315\" src=\"https:\/\/www.youtube.com\/embed\/OwaZcEvcwqg\" width=\"560\"><\/iframe><\/p>\n<p><strong>ALLY Cute Masa&uuml;st&uuml; Telefon Tablet Tutucu Stand Uzat&#305;labilir Hareketli<\/strong><\/p>\n<p><img decoding=\"async\" alt=\"\" data-cke-saved-src=\"https:\/\/cdn.myikas.com\/images\/4b0890c4-46f7-49c5-9b0d-d8f3dae632d6\/f200c6a1-61b8-48aa-8f27-def6ed6df395\/image_1950.webp\" src=\"https:\/\/cdn.myikas.com\/images\/4b0890c4-46f7-49c5-9b0d-d8f3dae632d6\/f200c6a1-61b8-48aa-8f27-def6ed6df395\/image_1950.webp\"\/><\/p>\n<p><img decoding=\"async\" data-cke-saved-src=\"https:\/\/cdn.myikas.com\/images\/4b0890c4-46f7-49c5-9b0d-d8f3dae632d6\/31d7b202-5998-41ea-bf43-1b4341e67a44\/image_1950.webp\" src=\"https:\/\/hepsicdn.com.tr\/static\/product_detail\/hbnet80199396_5124711.webp\"><\/p>\n<p><img decoding=\"async\" data-cke-saved-src=\"https:\/\/cdn.myikas.com\/images\/4b0890c4-46f7-49c5-9b0d-d8f3dae632d6\/fd32eb12-6919-47bc-94ca-8af5f0ac01cd\/image_1950.webp\" src=\"https:\/\/hepsicdn.com.tr\/static\/product_detail\/hbnet80199396_5124712.webp\"><\/p>\n<p><img decoding=\"async\" data-cke-saved-src=\"https:\/\/cdn.myikas.com\/images\/4b0890c4-46f7-49c5-9b0d-d8f3dae632d6\/426b5f32-9d5e-4b8f-ad83-1baf3542dd65\/image_1950.webp\" src=\"https:\/\/hepsicdn.com.tr\/static\/product_detail\/hbnet80199396_5124713.webp\"><\/p>\n<p><img decoding=\"async\" data-cke-saved-src=\"https:\/\/cdn.myikas.com\/images\/4b0890c4-46f7-49c5-9b0d-d8f3dae632d6\/62e487fe-e9b8-41c3-921f-bdf74c27fe20\/image_1950.webp\" src=\"https:\/\/hepsicdn.com.tr\/static\/product_detail\/hbnet80199396_5124714.webp\"><\/p>\n<p><img decoding=\"async\" data-cke-saved-src=\"https:\/\/cdn.myikas.com\/images\/4b0890c4-46f7-49c5-9b0d-d8f3dae632d6\/0cb0ab2e-4cff-419d-95da-c83f23308f9b\/image_1950.webp\" src=\"https:\/\/hepsicdn.com.tr\/static\/product_detail\/hbnet80199396_5124715.webp\"><\/p>\n<p><img decoding=\"async\" data-cke-saved-src=\"https:\/\/cdn.myikas.com\/images\/4b0890c4-46f7-49c5-9b0d-d8f3dae632d6\/70921065-f33e-4fd4-951f-85f492b43c7c\/image_1950.webp\" src=\"https:\/\/hepsicdn.com.tr\/static\/product_detail\/hbnet80199396_5124716.webp\"><\/p>\n<p><img decoding=\"async\" data-cke-saved-src=\"https:\/\/cdn.myikas.com\/images\/4b0890c4-46f7-49c5-9b0d-d8f3dae632d6\/fca9afcd-5cba-4419-ab87-987900bfbf0f\/image_1950.webp\" src=\"https:\/\/hepsicdn.com.tr\/static\/product_detail\/hbnet80199396_5124717.webp\"><\/p>\n<\/p>\n<\/p>\n<\/p>\n<\/p>\n<p><strong>ALLY Cute Masa&uuml;st&uuml; Telefon Tablet Tutucu Stand Uzat&#305;labilir Hareketli<\/strong><br \/>Tav&#351;an tasar&#305;ml&#305; sevimli stand ile odan&#305;za harika bir hava kat&#305;n!<br \/>Mini ve dayan&#305;kl&#305; tasar&#305;ma sahiptir.<br \/>Kaymaz taban&#305;yla g&uuml;venlidir.<br \/>Y&uuml;ksekli&#287;i ve a&ccedil;&#305;s&#305; diled&#287;iniz &#351;ekilde ayarlanabilir.<br \/>Malzeme: al&uuml;minyum ala&#351;&#305;m\/plastik<br \/>A&#287;&#305;rl&#305;k: 183g<br \/>Renk: Pembe\/Beyaz<br \/>T&uuml;m cep telefonlar&#305; ve tabletler ile kullan&#305;ma uygundur.<\/p>\n","protected":false},"excerpt":{"rendered":"<p>ALLY Cute Masa&uuml;st&uuml; Telefon Tablet Tutucu Stand Uzat&#305;labilir Hareketli ALLY Cute Masa&uuml;st&uuml; Telefon Tablet Tutucu Stand Uzat&#305;labilir HareketliTav&#351;an tasar&#305;ml&#305; sevimli stand ile odan&#305;za harika bir hava kat&#305;n!Mini ve dayan&#305;kl&#305; tasar&#305;ma sahiptir.Kaymaz taban&#305;yla g&uuml;venlidir.Y&uuml;ksekli&#287;i ve a&ccedil;&#305;s&#305; diled&#287;iniz &#351;ekilde ayarlanabilir.Malzeme: al&uuml;minyum ala&#351;&#305;m\/plastikA&#287;&#305;rl&#305;k: 183gRenk: Pembe\/BeyazT&uuml;m cep telefonlar&#305; ve tabletler ile kullan&#305;ma uygundur.<\/p>\n","protected":false},"featured_media":105917,"comment_status":"open","ping_status":"closed","template":"","meta":{"_kad_post_transparent":"","_kad_post_title":"","_kad_post_layout":"","_kad_post_sidebar_id":"","_kad_post_content_style":"","_kad_post_vertical_padding":"","_kad_post_feature":"","_kad_post_feature_position":"","_kad_post_header":false,"_kad_post_footer":false,"_kad_post_classname":""},"product_brand":[],"product_cat":[14646],"product_tag":[],"class_list":{"0":"post-105918","1":"product","2":"type-product","3":"status-publish","4":"has-post-thumbnail","6":"product_cat-tablet-standi-bilgisayar-tablet-aksesuar-bilgisayar-tablet-elektronik-tablet-standi","8":"first","9":"instock","10":"purchasable","11":"product-type-simple","12":"entry","13":"content-bg","14":"loop-entry"},"_links":{"self":[{"href":"https:\/\/www.hediyepazar.com\/index.php?rest_route=\/wp\/v2\/product\/105918","targetHints":{"allow":["GET"]}}],"collection":[{"href":"https:\/\/www.hediyepazar.com\/index.php?rest_route=\/wp\/v2\/product"}],"about":[{"href":"https:\/\/www.hediyepazar.com\/index.php?rest_route=\/wp\/v2\/types\/product"}],"replies":[{"embeddable":true,"href":"https:\/\/www.hediyepazar.com\/index.php?rest_route=%2Fwp%2Fv2%2Fcomments&post=105918"}],"wp:featuredmedia":[{"embeddable":true,"href":"https:\/\/www.hediyepazar.com\/index.php?rest_route=\/wp\/v2\/media\/105917"}],"wp:attachment":[{"href":"https:\/\/www.hediyepazar.com\/index.php?rest_route=%2Fwp%2Fv2%2Fmedia&parent=105918"}],"wp:term":[{"taxonomy":"product_brand","embeddable":true,"href":"https:\/\/www.hediyepazar.com\/index.php?rest_route=%2Fwp%2Fv2%2Fproduct_brand&post=105918"},{"taxonomy":"product_cat","embeddable":true,"href":"https:\/\/www.hediyepazar.com\/index.php?rest_route=%2Fwp%2Fv2%2Fproduct_cat&post=105918"},{"taxonomy":"product_tag","embeddable":true,"href":"https:\/\/www.hediyepazar.com\/index.php?rest_route=%2Fwp%2Fv2%2Fproduct_tag&post=105918"}],"curies":[{"name":"wp","href":"https:\/\/api.w.org\/{rel}","templated":true}]}}