{"id":105924,"date":"2026-05-04T15:27:55","date_gmt":"2026-05-04T18:27:55","guid":{"rendered":"https:\/\/www.hediyepazar.com\/?product=ally-manyetik-miknatisli-stand-tipi-telefon-arac-tutucu-5775"},"modified":"2026-05-04T15:27:55","modified_gmt":"2026-05-04T18:27:55","slug":"ally-manyetik-miknatisli-stand-tipi-telefon-arac-tutucu-5775","status":"publish","type":"product","link":"https:\/\/www.hediyepazar.com\/?product=ally-manyetik-miknatisli-stand-tipi-telefon-arac-tutucu-5775","title":{"rendered":"ALLY Manyetik M\u0131knat\u0131sl\u0131 Stand Tipi Telefon Ara\u00e7 Tutucu-(5775)"},"content":{"rendered":"<p><strong>ALLY Manyetik M&#305;knat&#305;sl&#305; Stand Tipi Telefon Ara&ccedil; Tutucu<\/strong><\/p>\n<p><img decoding=\"async\" data-cke-saved-src=\"https:\/\/cdn.myikas.com\/images\/4b0890c4-46f7-49c5-9b0d-d8f3dae632d6\/2a778e23-d028-4cd5-9961-917ed7f5693c\/image_1950.webp\" src=\"https:\/\/hepsicdn.com.tr\/static\/product_detail\/hbneta90c4779_5125211.webp\"><\/p>\n<p><img decoding=\"async\" data-cke-saved-src=\"https:\/\/cdn.myikas.com\/images\/4b0890c4-46f7-49c5-9b0d-d8f3dae632d6\/536d0b86-f719-443c-ac47-f5ee76085394\/image_1950.webp\" src=\"https:\/\/hepsicdn.com.tr\/static\/product_detail\/hbneta90c4779_5125212.webp\"><\/p>\n<p><img decoding=\"async\" data-cke-saved-src=\"https:\/\/cdn.myikas.com\/images\/4b0890c4-46f7-49c5-9b0d-d8f3dae632d6\/dfbc513b-37db-4bba-b7be-c96ad3cd0dfe\/image_1950.webp\" src=\"https:\/\/hepsicdn.com.tr\/static\/product_detail\/hbneta90c4779_5125213.webp\"><\/p>\n<p><img decoding=\"async\" data-cke-saved-src=\"https:\/\/cdn.myikas.com\/images\/4b0890c4-46f7-49c5-9b0d-d8f3dae632d6\/13ced48b-2416-4ccb-a110-85d8b84265e4\/image_1950.webp\" src=\"https:\/\/hepsicdn.com.tr\/static\/product_detail\/hbneta90c4779_5125214.webp\"><\/p>\n<p><img decoding=\"async\" data-cke-saved-src=\"https:\/\/cdn.myikas.com\/images\/4b0890c4-46f7-49c5-9b0d-d8f3dae632d6\/8a912f7d-a66a-4a01-a328-abb7522f198c\/image_1950.webp\" src=\"https:\/\/hepsicdn.com.tr\/static\/product_detail\/hbneta90c4779_5125215.webp\"><\/p>\n<p><img decoding=\"async\" data-cke-saved-src=\"https:\/\/cdn.myikas.com\/images\/4b0890c4-46f7-49c5-9b0d-d8f3dae632d6\/1de26047-0744-4efc-b94e-3e1956f46919\/image_1950.webp\" src=\"https:\/\/hepsicdn.com.tr\/static\/product_detail\/hbneta90c4779_5125216.webp\"><\/p>\n<p><strong>ALLY Manyetik M&#305;knat&#305;sl&#305; Stand Tipi Telefon Ara&ccedil; Tutucu<\/strong><br \/>360&deg; d&ouml;nebilen tasar&#305;m&#305;yla diledi&#287;iniz a&ccedil;&#305;da kullan&#305;m imkan&#305; sunar.<br \/>Kuvvetli manyetik &ccedil;ekime sahiptir.<br \/>Engebeli yollarda bile g&uuml;venli tutu&#351; sa&#287;lar.<br \/>Dayan&#305;kl&#305; metal malzemeden &uuml;retilmi&#351;tir.<br \/>G&ouml;r&uuml;&#351; alan&#305;n&#305;z&#305; k&#305;s&#305;tlamayacak &#351;ekilde tasarlanm&#305;&#351;t&#305;r.<br \/>Malzeme: ala&#351;&#305;m + silikon<br \/>A&#287;&#305;rl&#305;k: 79.50g<\/p>\n<p>Paket i&ccedil;eri&#287;i:<br \/>1 * Telefon Tutucu<br \/>2 * Manyetik Levha<\/p>\n<p><\/p>\n","protected":false},"excerpt":{"rendered":"<p>ALLY Manyetik M&#305;knat&#305;sl&#305; Stand Tipi Telefon Ara&ccedil; Tutucu ALLY Manyetik M&#305;knat&#305;sl&#305; Stand Tipi Telefon Ara&ccedil; Tutucu360&deg; d&ouml;nebilen tasar&#305;m&#305;yla diledi&#287;iniz a&ccedil;&#305;da kullan&#305;m imkan&#305; sunar.Kuvvetli manyetik &ccedil;ekime sahiptir.Engebeli yollarda bile g&uuml;venli tutu&#351; sa&#287;lar.Dayan&#305;kl&#305; metal malzemeden &uuml;retilmi&#351;tir.G&ouml;r&uuml;&#351; alan&#305;n&#305;z&#305; k&#305;s&#305;tlamayacak &#351;ekilde tasarlanm&#305;&#351;t&#305;r.Malzeme: ala&#351;&#305;m + silikonA&#287;&#305;rl&#305;k: 79.50g Paket i&ccedil;eri&#287;i:1 * Telefon Tutucu2 * Manyetik Levha<\/p>\n","protected":false},"featured_media":105923,"comment_status":"open","ping_status":"closed","template":"","meta":{"_kad_post_transparent":"","_kad_post_title":"","_kad_post_layout":"","_kad_post_sidebar_id":"","_kad_post_content_style":"","_kad_post_vertical_padding":"","_kad_post_feature":"","_kad_post_feature_position":"","_kad_post_header":false,"_kad_post_footer":false,"_kad_post_classname":""},"product_brand":[],"product_cat":[14532],"product_tag":[],"class_list":{"0":"post-105924","1":"product","2":"type-product","3":"status-publish","4":"has-post-thumbnail","6":"product_cat-oto-aksesuarlari-cep-telefonu-elektronik-oto-aksesuarlari","8":"first","9":"instock","10":"purchasable","11":"product-type-simple","12":"entry","13":"content-bg","14":"loop-entry"},"_links":{"self":[{"href":"https:\/\/www.hediyepazar.com\/index.php?rest_route=\/wp\/v2\/product\/105924","targetHints":{"allow":["GET"]}}],"collection":[{"href":"https:\/\/www.hediyepazar.com\/index.php?rest_route=\/wp\/v2\/product"}],"about":[{"href":"https:\/\/www.hediyepazar.com\/index.php?rest_route=\/wp\/v2\/types\/product"}],"replies":[{"embeddable":true,"href":"https:\/\/www.hediyepazar.com\/index.php?rest_route=%2Fwp%2Fv2%2Fcomments&post=105924"}],"wp:featuredmedia":[{"embeddable":true,"href":"https:\/\/www.hediyepazar.com\/index.php?rest_route=\/wp\/v2\/media\/105923"}],"wp:attachment":[{"href":"https:\/\/www.hediyepazar.com\/index.php?rest_route=%2Fwp%2Fv2%2Fmedia&parent=105924"}],"wp:term":[{"taxonomy":"product_brand","embeddable":true,"href":"https:\/\/www.hediyepazar.com\/index.php?rest_route=%2Fwp%2Fv2%2Fproduct_brand&post=105924"},{"taxonomy":"product_cat","embeddable":true,"href":"https:\/\/www.hediyepazar.com\/index.php?rest_route=%2Fwp%2Fv2%2Fproduct_cat&post=105924"},{"taxonomy":"product_tag","embeddable":true,"href":"https:\/\/www.hediyepazar.com\/index.php?rest_route=%2Fwp%2Fv2%2Fproduct_tag&post=105924"}],"curies":[{"name":"wp","href":"https:\/\/api.w.org\/{rel}","templated":true}]}}